{"id":639,"date":"2026-02-03T05:25:41","date_gmt":"2026-02-03T05:25:41","guid":{"rendered":"https:\/\/www.fenxifiber.com\/?post_type=product&#038;p=639"},"modified":"2026-02-04T00:57:12","modified_gmt":"2026-02-04T00:57:12","slug":"pigtail-de-fibra-optica-de-12-nucleos-om3-fc-upc","status":"publish","type":"product","link":"https:\/\/www.fenxifiber.com\/es\/product\/12-core-om3-fc-upc-fiber-pigtail\/","title":{"rendered":"Pigtail de fibra OM3 FC\/UPC de 12 hilos"},"content":{"rendered":"<h2 data-start=\"748\" data-end=\"781\">Caracter\u00edsticas y ventajas principales<\/h2>\n<ul data-start=\"783\" data-end=\"1913\">\n<li data-start=\"783\" data-end=\"1029\">\n<p data-start=\"785\" data-end=\"1029\"><strong data-start=\"785\" data-end=\"819\">Alta estabilidad y repetibilidad<\/strong> \u2013 Fabricado con materiales avanzados y procesos de producci\u00f3n autom\u00e1ticos para garantizar la precisi\u00f3n dimensional, la resistencia ambiental y la estabilidad del rendimiento a largo plazo.<\/p>\n<\/li>\n<li data-start=\"1030\" data-end=\"1292\">\n<p data-start=\"1032\" data-end=\"1292\"><strong data-start=\"1032\" data-end=\"1073\">Baja p\u00e9rdida de inserci\u00f3n y alta p\u00e9rdida de retorno<\/strong> \u2013 Los casquillos cer\u00e1micos FC\/UPC de alta calidad y el pulido preciso proporcionan una baja p\u00e9rdida de inserci\u00f3n y una excelente p\u00e9rdida de retorno, lo que reduce los reflejos de la se\u00f1al y mantiene una alta calidad de enlace.<\/p>\n<\/li>\n<li data-start=\"1293\" data-end=\"1523\">\n<p data-start=\"1295\" data-end=\"1523\"><strong data-start=\"1295\" data-end=\"1332\">N\u00facleo de fibra y conectividad precisos<\/strong> \u2013 Utiliza fibra multimodo OM3 de 50\/125 \u00b5m optimizada para <strong data-start=\"1384\" data-end=\"1424\">Redes de 10 Gigabit y velocidades superiores<\/strong>, lo que proporciona un mayor ancho de banda en comparaci\u00f3n con la fibra multimodo tradicional.<\/p>\n<\/li>\n<li data-start=\"1524\" data-end=\"1770\">\n<p data-start=\"1526\" data-end=\"1770\"><strong data-start=\"1526\" data-end=\"1561\">Construcci\u00f3n duradera y flexible<\/strong> El dise\u00f1o de paquete con amortiguaci\u00f3n ajustada permite un f\u00e1cil pelado, una organizaci\u00f3n en abanico y una terminaci\u00f3n segura de los empalmes dentro de los bastidores de distribuci\u00f3n, los paneles de conexi\u00f3n o los gabinetes de telecomunicaciones.<\/p>\n<\/li>\n<li data-start=\"1771\" data-end=\"1913\">\n<p data-start=\"1773\" data-end=\"1913\"><strong data-start=\"1773\" data-end=\"1806\">Codificado por colores y f\u00e1cil de instalar<\/strong> \u2013 La cubierta del cable multimodo Aqua y la identificaci\u00f3n de las fibras por colores simplifican la instalaci\u00f3n y la gesti\u00f3n sobre el terreno.<\/p>\n<\/li>\n<\/ul>\n<hr data-start=\"1915\" data-end=\"1918\" \/>\n<h2 data-start=\"1920\" data-end=\"1951\">Especificaciones t\u00e9cnicas<\/h2>\n<div class=\"TyagGW_tableContainer\">\n<div class=\"group TyagGW_tableWrapper flex flex-col-reverse w-fit\" tabindex=\"-1\">\n<table class=\"w-fit min-w-(--thread-content-width)\" data-start=\"1953\" data-end=\"2803\">\n<thead data-start=\"1953\" data-end=\"1990\">\n<tr data-start=\"1953\" data-end=\"1990\">\n<th class=\"\" data-start=\"1953\" data-end=\"1969\" data-col-size=\"sm\"><strong data-start=\"1955\" data-end=\"1968\">Par\u00e1metro<\/strong><\/th>\n<th class=\"\" data-start=\"1969\" data-end=\"1990\" data-col-size=\"md\"><strong data-start=\"1971\" data-end=\"1988\">Especificaci\u00f3n<\/strong><\/th>\n<\/tr>\n<\/thead>\n<tbody data-start=\"2029\" data-end=\"2803\">\n<tr data-start=\"2029\" data-end=\"2073\">\n<td data-start=\"2029\" data-end=\"2048\" data-col-size=\"sm\"><strong data-start=\"2031\" data-end=\"2047\">Nombre del producto<\/strong><\/td>\n<td data-start=\"2048\" data-end=\"2073\" data-col-size=\"md\">Pigtail de fibra de 12 hilos<\/td>\n<\/tr>\n<tr data-start=\"2074\" data-end=\"2120\">\n<td data-start=\"2074\" data-end=\"2091\" data-col-size=\"sm\"><strong data-start=\"2076\" data-end=\"2090\">Tipo de fibra<\/strong><\/td>\n<td data-start=\"2091\" data-end=\"2120\" data-col-size=\"md\">OM3 multimodo (50\/125 \u00b5m)<\/td>\n<\/tr>\n<tr data-start=\"2121\" data-end=\"2152\">\n<td data-start=\"2121\" data-end=\"2142\" data-col-size=\"sm\"><strong data-start=\"2123\" data-end=\"2141\">Tipo de conector<\/strong><\/td>\n<td data-start=\"2142\" data-end=\"2152\" data-col-size=\"md\">FC\/UPC<\/td>\n<\/tr>\n<tr data-start=\"2153\" data-end=\"2254\">\n<td data-start=\"2153\" data-end=\"2184\" data-col-size=\"sm\"><strong data-start=\"2155\" data-end=\"2183\">P\u00e9rdida de inserci\u00f3n (t\u00edpica)<\/strong><\/td>\n<td data-start=\"2184\" data-end=\"2254\" data-col-size=\"md\">\u2264 0,2 \u2013 0,3 dB por conector<\/td>\n<\/tr>\n<tr data-start=\"2255\" data-end=\"2334\">\n<td data-start=\"2255\" data-end=\"2273\" data-col-size=\"sm\"><strong data-start=\"2257\" data-end=\"2272\">P\u00e9rdida de retorno<\/strong><\/td>\n<td data-start=\"2273\" data-end=\"2334\" data-col-size=\"md\">\u2265 35 dB (multimodo)<\/td>\n<\/tr>\n<tr data-start=\"2335\" data-end=\"2422\">\n<td data-start=\"2335\" data-end=\"2368\" data-col-size=\"sm\"><strong data-start=\"2337\" data-end=\"2367\">Durabilidad (ciclos de apareamiento)<\/strong><\/td>\n<td data-start=\"2368\" data-end=\"2422\" data-col-size=\"md\">\u2265 1000 veces<\/td>\n<\/tr>\n<tr data-start=\"2423\" data-end=\"2493\">\n<td data-start=\"2423\" data-end=\"2443\" data-col-size=\"sm\"><strong data-start=\"2425\" data-end=\"2442\">Repetibilidad<\/strong><\/td>\n<td data-start=\"2443\" data-end=\"2493\" data-col-size=\"md\">\u2264 0,1 dB<\/td>\n<\/tr>\n<tr data-start=\"2494\" data-end=\"2598\">\n<td data-start=\"2494\" data-end=\"2521\" data-col-size=\"sm\"><strong data-start=\"2496\" data-end=\"2520\">Longitud de onda operativa<\/strong><\/td>\n<td data-start=\"2521\" data-end=\"2598\" data-col-size=\"md\">850 nm, 1300 nm (t\u00edpico para OM3)<\/td>\n<\/tr>\n<tr data-start=\"2599\" data-end=\"2654\">\n<td data-start=\"2599\" data-end=\"2621\" data-col-size=\"sm\"><strong data-start=\"2601\" data-end=\"2620\">Material de la chaqueta<\/strong><\/td>\n<td data-start=\"2621\" data-end=\"2654\" data-col-size=\"md\">LSZH (bajo nivel de humo y sin hal\u00f3genos)<\/td>\n<\/tr>\n<tr data-start=\"2655\" data-end=\"2711\">\n<td data-start=\"2655\" data-end=\"2676\" data-col-size=\"sm\"><strong data-start=\"2657\" data-end=\"2675\">Di\u00e1metro del cable<\/strong><\/td>\n<td data-start=\"2676\" data-end=\"2711\" data-col-size=\"md\">Normalmente, 0,9 mm con revestimiento ajustado.<\/td>\n<\/tr>\n<tr data-start=\"2712\" data-end=\"2803\">\n<td data-start=\"2712\" data-end=\"2740\" data-col-size=\"sm\"><strong data-start=\"2714\" data-end=\"2739\">Temperatura de funcionamiento<\/strong><\/td>\n<td data-start=\"2740\" data-end=\"2803\" data-col-size=\"md\">De \u221240 \u00b0C a +75\/80 \u00b0C<\/td>\n<\/tr>\n<\/tbody>\n<\/table>\n<\/div>\n<\/div>\n<hr data-start=\"2805\" data-end=\"2808\" \/>\n<h2 data-start=\"2810\" data-end=\"2829\">Solicitudes<\/h2>\n<ul data-start=\"2831\" data-end=\"3082\">\n<li data-start=\"2831\" data-end=\"2892\">\n<p data-start=\"2833\" data-end=\"2892\">Interconexiones de centros de datos y distribuci\u00f3n de red troncal de fibra \u00f3ptica<\/p>\n<\/li>\n<li data-start=\"2893\" data-end=\"2936\">\n<p data-start=\"2895\" data-end=\"2936\">Redes LAN\/WAN y redes \u00f3pticas empresariales<\/p>\n<\/li>\n<li data-start=\"2937\" data-end=\"2976\">\n<p data-start=\"2939\" data-end=\"2976\">Instalaciones de telecomunicaciones y FTTH\/FTTx<\/p>\n<\/li>\n<li data-start=\"2977\" data-end=\"3033\">\n<p data-start=\"2979\" data-end=\"3033\">Paneles de conexi\u00f3n, armarios para fibra \u00f3ptica y armarios para telecomunicaciones.<\/p>\n<\/li>\n<li data-start=\"3034\" data-end=\"3082\">\n<p data-start=\"3036\" data-end=\"3082\">Sistemas \u00f3pticos de empalme y distribuci\u00f3n para interiores<\/p>\n<\/li>\n<\/ul>\n<hr data-start=\"3084\" data-end=\"3087\" \/>\n<h2 data-start=\"3089\" data-end=\"3112\">Preguntas y respuestas profesionales<\/h2>\n<p data-start=\"3114\" data-end=\"3431\"><strong data-start=\"3114\" data-end=\"3159\">P1: \u00bfQu\u00e9 significa la designaci\u00f3n \u201cOM3\u201d?<\/strong><br data-start=\"3159\" data-end=\"3162\" \/><strong data-start=\"3162\" data-end=\"3168\">A:<\/strong> OM3 significa <strong data-start=\"3184\" data-end=\"3207\">\u00d3ptico multimodo 3<\/strong>, un tipo de fibra multimodo optimizada para l\u00e1ser dise\u00f1ada para la transferencia de datos a alta velocidad (por ejemplo, 10 Gbps y superior). Tiene un tama\u00f1o de n\u00facleo de 50\/125 \u00b5m y una cubierta de color aguamarina para facilitar su identificaci\u00f3n.<\/p>\n<p data-start=\"3433\" data-end=\"3768\"><strong data-start=\"3433\" data-end=\"3484\">P2: \u00bfPor qu\u00e9 elegir conectores FC\/UPC para un pigtail?<\/strong><br data-start=\"3484\" data-end=\"3487\" \/><strong data-start=\"3487\" data-end=\"3493\">A:<\/strong> <strong data-start=\"3494\" data-end=\"3515\">Conectores FC\/UPC<\/strong> Ofrecen una excelente durabilidad mec\u00e1nica y un rendimiento \u00f3ptico estable con un dise\u00f1o de acoplamiento roscado. El pulido Ultra-Physical Contact (UPC) reduce la reflexi\u00f3n trasera y mejora la p\u00e9rdida de retorno en sistemas multimodo.<\/p>\n<p data-start=\"3770\" data-end=\"4093\"><strong data-start=\"3770\" data-end=\"3828\">P3: \u00bfPara qu\u00e9 entornos son adecuados estos pigtails?<\/strong><br data-start=\"3828\" data-end=\"3831\" \/><strong data-start=\"3831\" data-end=\"3837\">A:<\/strong> Estas coletas son ideales para entornos interiores en telecomunicaciones, centros de datos, edificios de oficinas y bastidores de distribuci\u00f3n de redes. El <strong data-start=\"3967\" data-end=\"3982\">Cubierta LSZH<\/strong> garantiza la seguridad y el cumplimiento de las normas de instalaciones con baja emisi\u00f3n de humo y resistentes al fuego.<\/p>\n<p data-start=\"4095\" data-end=\"4408\"><strong data-start=\"4095\" data-end=\"4146\">P4: \u00bfC\u00f3mo afecta la p\u00e9rdida de inserci\u00f3n al rendimiento?<\/strong><br data-start=\"4146\" data-end=\"4149\" \/><strong data-start=\"4149\" data-end=\"4155\">A:<\/strong> Una menor p\u00e9rdida de inserci\u00f3n significa que se pierde menos potencia de se\u00f1al en el punto de conexi\u00f3n, lo que permite una transmisi\u00f3n de datos m\u00e1s eficiente, algo fundamental en las redes \u00f3pticas de alta velocidad. Los valores t\u00edpicos para estos conectores son \u2264 0,3 dB.<\/p>","protected":false},"excerpt":{"rendered":"<p>En <strong data-start=\"313\" data-end=\"348\">FC\/UPC-12 n\u00facleos-OM3 Pigtail de fibra \u00f3ptica<\/strong> es un pigtail de fibra \u00f3ptica multimodo de primera calidad dise\u00f1ado para redes \u00f3pticas fiables y de alta velocidad y aplicaciones de conectividad precisa. Dise\u00f1ado con una cubierta LSZH resistente pero ligera y conectores FC\/UPC de alta precisi\u00f3n, este pigtail de 12 fibras ofrece <strong data-start=\"612\" data-end=\"672\">rendimiento constante, bajas p\u00e9rdidas y estabilidad superior<\/strong> en sistemas de comunicaci\u00f3n exigentes.<\/p>","protected":false},"featured_media":640,"comment_status":"open","ping_status":"closed","template":"","meta":[],"product_brand":[],"product_cat":[43],"product_tag":[],"class_list":{"0":"post-639","1":"product","2":"type-product","3":"status-publish","4":"has-post-thumbnail","6":"product_cat-12-core-fiber-pigtail","8":"first","9":"instock","10":"shipping-taxable","11":"product-type-simple"},"_links":{"self":[{"href":"https:\/\/www.fenxifiber.com\/es\/wp-json\/wp\/v2\/product\/639","targetHints":{"allow":["GET"]}}],"collection":[{"href":"https:\/\/www.fenxifiber.com\/es\/wp-json\/wp\/v2\/product"}],"about":[{"href":"https:\/\/www.fenxifiber.com\/es\/wp-json\/wp\/v2\/types\/product"}],"replies":[{"embeddable":true,"href":"https:\/\/www.fenxifiber.com\/es\/wp-json\/wp\/v2\/comments?post=639"}],"wp:featuredmedia":[{"embeddable":true,"href":"https:\/\/www.fenxifiber.com\/es\/wp-json\/wp\/v2\/media\/640"}],"wp:attachment":[{"href":"https:\/\/www.fenxifiber.com\/es\/wp-json\/wp\/v2\/media?parent=639"}],"wp:term":[{"taxonomy":"product_brand","embeddable":true,"href":"https:\/\/www.fenxifiber.com\/es\/wp-json\/wp\/v2\/product_brand?post=639"},{"taxonomy":"product_cat","embeddable":true,"href":"https:\/\/www.fenxifiber.com\/es\/wp-json\/wp\/v2\/product_cat?post=639"},{"taxonomy":"product_tag","embeddable":true,"href":"https:\/\/www.fenxifiber.com\/es\/wp-json\/wp\/v2\/product_tag?post=639"}],"curies":[{"name":"wp","href":"https:\/\/api.w.org\/{rel}","templated":true}]}}