{"id":641,"date":"2026-02-03T05:28:33","date_gmt":"2026-02-03T05:28:33","guid":{"rendered":"https:\/\/www.fenxifiber.com\/?post_type=product&#038;p=641"},"modified":"2026-02-04T00:58:59","modified_gmt":"2026-02-04T00:58:59","slug":"lc-upc-12-nucleos-om3-fibra-pigtail","status":"publish","type":"product","link":"https:\/\/www.fenxifiber.com\/es\/product\/lc-upc-12core-om3-fiber-pigtail\/","title":{"rendered":"Pigtail de fibra LC\/UPC-12 n\u00facleos-OM3: conectividad de red de alta densidad"},"content":{"rendered":"<h2 data-start=\"639\" data-end=\"673\">\ud83d\udd0d <strong data-start=\"646\" data-end=\"673\">Caracter\u00edsticas y ventajas principales<\/strong><\/h2>\n<ul data-start=\"675\" data-end=\"1209\">\n<li data-start=\"675\" data-end=\"784\">\n<p data-start=\"677\" data-end=\"784\"><strong data-start=\"677\" data-end=\"701\">Conector LC compacto<\/strong> para instalaciones de alta densidad, ideal para centros de datos modernos y paneles de conexi\u00f3n.<\/p>\n<\/li>\n<li data-start=\"785\" data-end=\"892\">\n<p data-start=\"787\" data-end=\"892\"><strong data-start=\"787\" data-end=\"828\">Baja p\u00e9rdida de inserci\u00f3n y alta p\u00e9rdida de retorno<\/strong> Garantizar una transmisi\u00f3n eficiente de la se\u00f1al con un m\u00ednimo de reflejos.<\/p>\n<\/li>\n<li data-start=\"893\" data-end=\"1010\">\n<p data-start=\"895\" data-end=\"1010\"><strong data-start=\"895\" data-end=\"931\">Fibra multimodo OM3 de alta calidad<\/strong> admite un gran ancho de banda y est\u00e1 optimizado para aplicaciones de 10 Gbps y superiores.<\/p>\n<\/li>\n<li data-start=\"1011\" data-end=\"1114\">\n<p data-start=\"1013\" data-end=\"1114\"><strong data-start=\"1013\" data-end=\"1052\">Construcci\u00f3n estable y repetibilidad<\/strong> gracias a la producci\u00f3n autom\u00e1tica y a los estrictos controles de calidad.<\/p>\n<\/li>\n<li data-start=\"1115\" data-end=\"1209\">\n<p data-start=\"1117\" data-end=\"1209\"><strong data-start=\"1117\" data-end=\"1141\">Dise\u00f1o f\u00e1cil de usar<\/strong> con chaqueta Aqua OM3 para facilitar la identificaci\u00f3n y organizar el enrutamiento.<\/p>\n<\/li>\n<\/ul>\n<hr data-start=\"1211\" data-end=\"1214\" \/>\n<h2 data-start=\"1216\" data-end=\"1267\">\ud83d\udcca <strong data-start=\"1222\" data-end=\"1267\">Especificaciones t\u00e9cnicas LC\/UPC-12 n\u00facleos-OM3<\/strong><\/h2>\n<div class=\"TyagGW_tableContainer\">\n<div class=\"group TyagGW_tableWrapper flex flex-col-reverse w-fit\" tabindex=\"-1\">\n<table class=\"w-fit min-w-(--thread-content-width)\" data-start=\"1269\" data-end=\"1715\">\n<thead data-start=\"1269\" data-end=\"1306\">\n<tr data-start=\"1269\" data-end=\"1306\">\n<th class=\"\" data-start=\"1269\" data-end=\"1285\" data-col-size=\"sm\"><strong data-start=\"1271\" data-end=\"1284\">Par\u00e1metro<\/strong><\/th>\n<th class=\"\" data-start=\"1285\" data-end=\"1306\" data-col-size=\"sm\"><strong data-start=\"1287\" data-end=\"1304\">Especificaci\u00f3n<\/strong><\/th>\n<\/tr>\n<\/thead>\n<tbody data-start=\"1345\" data-end=\"1715\">\n<tr data-start=\"1345\" data-end=\"1392\">\n<td data-start=\"1345\" data-end=\"1360\" data-col-size=\"sm\">Nombre del producto<\/td>\n<td data-start=\"1360\" data-end=\"1392\" data-col-size=\"sm\">Pigtail de fibra \u00f3ptica LC\/UPC de 12 n\u00facleos<\/td>\n<\/tr>\n<tr data-start=\"1393\" data-end=\"1435\">\n<td data-start=\"1393\" data-end=\"1406\" data-col-size=\"sm\">Tipo de fibra<\/td>\n<td data-start=\"1406\" data-end=\"1435\" data-col-size=\"sm\">Multimodo OM3 (50\/125 \u00b5m)<\/td>\n<\/tr>\n<tr data-start=\"1436\" data-end=\"1463\">\n<td data-start=\"1436\" data-end=\"1453\" data-col-size=\"sm\">Tipo de conector<\/td>\n<td data-start=\"1453\" data-end=\"1463\" data-col-size=\"sm\">LC\/UPC<\/td>\n<\/tr>\n<tr data-start=\"1464\" data-end=\"1499\">\n<td data-start=\"1464\" data-end=\"1481\" data-col-size=\"sm\">P\u00e9rdida de inserci\u00f3n<\/td>\n<td data-start=\"1481\" data-end=\"1499\" data-col-size=\"sm\">\u2264 0,2 \u2013 0,3 dB<\/td>\n<\/tr>\n<tr data-start=\"1500\" data-end=\"1525\">\n<td data-start=\"1500\" data-end=\"1514\" data-col-size=\"sm\">P\u00e9rdida de retorno<\/td>\n<td data-start=\"1514\" data-end=\"1525\" data-col-size=\"sm\">\u2265 35 dB<\/td>\n<\/tr>\n<tr data-start=\"1526\" data-end=\"1563\">\n<td data-start=\"1526\" data-end=\"1539\" data-col-size=\"sm\">Durabilidad<\/td>\n<td data-start=\"1539\" data-end=\"1563\" data-col-size=\"sm\">\u2265 1000 ciclos de apareamiento<\/td>\n<\/tr>\n<tr data-start=\"1564\" data-end=\"1607\">\n<td data-start=\"1564\" data-end=\"1587\" data-col-size=\"sm\">Longitud de onda operativa<\/td>\n<td data-start=\"1587\" data-end=\"1607\" data-col-size=\"sm\">850 nm y 1300 nm<\/td>\n<\/tr>\n<tr data-start=\"1608\" data-end=\"1634\">\n<td data-start=\"1608\" data-end=\"1626\" data-col-size=\"sm\">Material de la chaqueta<\/td>\n<td data-start=\"1626\" data-end=\"1634\" data-col-size=\"sm\">LSZH<\/td>\n<\/tr>\n<tr data-start=\"1635\" data-end=\"1677\">\n<td data-start=\"1635\" data-end=\"1652\" data-col-size=\"sm\">Di\u00e1metro del cable<\/td>\n<td data-start=\"1652\" data-end=\"1677\" data-col-size=\"sm\">0,9 mm con revestimiento ajustado<\/td>\n<\/tr>\n<tr data-start=\"1678\" data-end=\"1715\">\n<td data-start=\"1678\" data-end=\"1695\" data-col-size=\"sm\">Temperatura de funcionamiento<\/td>\n<td data-start=\"1695\" data-end=\"1715\" data-col-size=\"sm\">De \u221240 \u00b0C a +80 \u00b0C<\/td>\n<\/tr>\n<\/tbody>\n<\/table>\n<\/div>\n<\/div>","protected":false},"excerpt":{"rendered":"<p data-start=\"224\" data-end=\"637\">En <strong data-start=\"228\" data-end=\"263\">Pigtail de fibra LC\/UPC-12 n\u00facleos-OM3<\/strong> es un conjunto de fibra \u00f3ptica multimodo de alto rendimiento dise\u00f1ado para redes de comunicaci\u00f3n de alta velocidad que requieren una conectividad compacta y confiable. Equipado con conectores LC\/UPC de precisi\u00f3n y fibra multimodo OM3, este pigtail ofrece <strong data-start=\"495\" data-end=\"551\">baja p\u00e9rdida, alta estabilidad y repetibilidad superior<\/strong> en centros de datos, redes empresariales, salas de telecomunicaciones y bastidores de distribuci\u00f3n \u00f3ptica.<\/p>\n<h3 data-start=\"639\" data-end=\"673\"><\/h3>","protected":false},"featured_media":642,"comment_status":"open","ping_status":"closed","template":"","meta":[],"product_brand":[],"product_cat":[43],"product_tag":[],"class_list":{"0":"post-641","1":"product","2":"type-product","3":"status-publish","4":"has-post-thumbnail","6":"product_cat-12-core-fiber-pigtail","8":"first","9":"instock","10":"shipping-taxable","11":"product-type-simple"},"_links":{"self":[{"href":"https:\/\/www.fenxifiber.com\/es\/wp-json\/wp\/v2\/product\/641","targetHints":{"allow":["GET"]}}],"collection":[{"href":"https:\/\/www.fenxifiber.com\/es\/wp-json\/wp\/v2\/product"}],"about":[{"href":"https:\/\/www.fenxifiber.com\/es\/wp-json\/wp\/v2\/types\/product"}],"replies":[{"embeddable":true,"href":"https:\/\/www.fenxifiber.com\/es\/wp-json\/wp\/v2\/comments?post=641"}],"wp:featuredmedia":[{"embeddable":true,"href":"https:\/\/www.fenxifiber.com\/es\/wp-json\/wp\/v2\/media\/642"}],"wp:attachment":[{"href":"https:\/\/www.fenxifiber.com\/es\/wp-json\/wp\/v2\/media?parent=641"}],"wp:term":[{"taxonomy":"product_brand","embeddable":true,"href":"https:\/\/www.fenxifiber.com\/es\/wp-json\/wp\/v2\/product_brand?post=641"},{"taxonomy":"product_cat","embeddable":true,"href":"https:\/\/www.fenxifiber.com\/es\/wp-json\/wp\/v2\/product_cat?post=641"},{"taxonomy":"product_tag","embeddable":true,"href":"https:\/\/www.fenxifiber.com\/es\/wp-json\/wp\/v2\/product_tag?post=641"}],"curies":[{"name":"wp","href":"https:\/\/api.w.org\/{rel}","templated":true}]}}