{"id":643,"date":"2026-02-03T05:32:11","date_gmt":"2026-02-03T05:32:11","guid":{"rendered":"https:\/\/www.fenxifiber.com\/?post_type=product&#038;p=643"},"modified":"2026-02-04T00:59:40","modified_gmt":"2026-02-04T00:59:40","slug":"st-upc-12-nucleos-om3-fibra-pigtail","status":"publish","type":"product","link":"https:\/\/www.fenxifiber.com\/es\/product\/st-upc-12core-om3-fiber-pigtail\/","title":{"rendered":"Pigtail de fibra ST\/UPC-12 n\u00facleos-OM3: conectividad robusta en el campo"},"content":{"rendered":"<h2 data-start=\"2082\" data-end=\"2116\">\ud83d\udd0d <strong data-start=\"2089\" data-end=\"2116\">Caracter\u00edsticas y ventajas principales<\/strong><\/h2>\n<ul data-start=\"2118\" data-end=\"2551\">\n<li data-start=\"2118\" data-end=\"2206\">\n<p data-start=\"2120\" data-end=\"2206\"><strong data-start=\"2120\" data-end=\"2140\">Conector ST\/UPC<\/strong> con cierre de bayoneta permite una instalaci\u00f3n r\u00e1pida y f\u00e1cil.<\/p>\n<\/li>\n<li data-start=\"2207\" data-end=\"2308\">\n<p data-start=\"2209\" data-end=\"2308\"><strong data-start=\"2209\" data-end=\"2244\">Conector pulido de alta calidad<\/strong> garantiza una baja p\u00e9rdida de inserci\u00f3n y un excelente rendimiento \u00f3ptico.<\/p>\n<\/li>\n<li data-start=\"2309\" data-end=\"2392\">\n<p data-start=\"2311\" data-end=\"2392\"><strong data-start=\"2311\" data-end=\"2334\">Fibra multimodo OM3<\/strong> ofrece un gran ancho de banda en distancias cortas y medias.<\/p>\n<\/li>\n<li data-start=\"2393\" data-end=\"2468\">\n<p data-start=\"2395\" data-end=\"2468\"><strong data-start=\"2395\" data-end=\"2426\">Chaqueta resistente y flexible<\/strong> con material LSZH para mayor seguridad.<\/p>\n<\/li>\n<li data-start=\"2469\" data-end=\"2551\">\n<p data-start=\"2471\" data-end=\"2551\"><strong data-start=\"2471\" data-end=\"2489\">Dise\u00f1o de 12 n\u00facleos<\/strong> admite transmisi\u00f3n paralela y conectividad de alta densidad.<\/p>\n<\/li>\n<\/ul>\n<hr data-start=\"2553\" data-end=\"2556\" \/>\n<h2 data-start=\"2558\" data-end=\"2609\">\ud83d\udcca <strong data-start=\"2564\" data-end=\"2609\">Especificaciones t\u00e9cnicas del ST\/UPC-12 n\u00facleos-OM3<\/strong><\/h2>\n<div class=\"TyagGW_tableContainer\">\n<div class=\"group TyagGW_tableWrapper flex flex-col-reverse w-fit\" tabindex=\"-1\">\n<table class=\"w-fit min-w-(--thread-content-width)\" data-start=\"2611\" data-end=\"3051\">\n<thead data-start=\"2611\" data-end=\"2648\">\n<tr data-start=\"2611\" data-end=\"2648\">\n<th class=\"\" data-start=\"2611\" data-end=\"2627\" data-col-size=\"sm\"><strong data-start=\"2613\" data-end=\"2626\">Par\u00e1metro<\/strong><\/th>\n<th class=\"\" data-start=\"2627\" data-end=\"2648\" data-col-size=\"sm\"><strong data-start=\"2629\" data-end=\"2646\">Especificaci\u00f3n<\/strong><\/th>\n<\/tr>\n<\/thead>\n<tbody data-start=\"2687\" data-end=\"3051\">\n<tr data-start=\"2687\" data-end=\"2734\">\n<td data-start=\"2687\" data-end=\"2702\" data-col-size=\"sm\">Nombre del producto<\/td>\n<td data-start=\"2702\" data-end=\"2734\" data-col-size=\"sm\">Pigtail de fibra \u00f3ptica ST\/UPC de 12 n\u00facleos<\/td>\n<\/tr>\n<tr data-start=\"2735\" data-end=\"2777\">\n<td data-start=\"2735\" data-end=\"2748\" data-col-size=\"sm\">Tipo de fibra<\/td>\n<td data-start=\"2748\" data-end=\"2777\" data-col-size=\"sm\">Multimodo OM3 (50\/125 \u00b5m)<\/td>\n<\/tr>\n<tr data-start=\"2778\" data-end=\"2805\">\n<td data-start=\"2778\" data-end=\"2795\" data-col-size=\"sm\">Tipo de conector<\/td>\n<td data-start=\"2795\" data-end=\"2805\" data-col-size=\"sm\">ST\/UPC<\/td>\n<\/tr>\n<tr data-start=\"2806\" data-end=\"2835\">\n<td data-start=\"2806\" data-end=\"2823\" data-col-size=\"sm\">P\u00e9rdida de inserci\u00f3n<\/td>\n<td data-start=\"2823\" data-end=\"2835\" data-col-size=\"sm\">\u2264 0,3 dB<\/td>\n<\/tr>\n<tr data-start=\"2836\" data-end=\"2861\">\n<td data-start=\"2836\" data-end=\"2850\" data-col-size=\"sm\">P\u00e9rdida de retorno<\/td>\n<td data-start=\"2850\" data-end=\"2861\" data-col-size=\"sm\">\u2265 30 dB<\/td>\n<\/tr>\n<tr data-start=\"2862\" data-end=\"2899\">\n<td data-start=\"2862\" data-end=\"2875\" data-col-size=\"sm\">Durabilidad<\/td>\n<td data-start=\"2875\" data-end=\"2899\" data-col-size=\"sm\">\u2265 1000 ciclos de apareamiento<\/td>\n<\/tr>\n<tr data-start=\"2900\" data-end=\"2943\">\n<td data-start=\"2900\" data-end=\"2923\" data-col-size=\"sm\">Longitud de onda operativa<\/td>\n<td data-start=\"2923\" data-end=\"2943\" data-col-size=\"sm\">850 nm y 1300 nm<\/td>\n<\/tr>\n<tr data-start=\"2944\" data-end=\"2970\">\n<td data-start=\"2944\" data-end=\"2962\" data-col-size=\"sm\">Material de la chaqueta<\/td>\n<td data-start=\"2962\" data-end=\"2970\" data-col-size=\"sm\">LSZH<\/td>\n<\/tr>\n<tr data-start=\"2971\" data-end=\"3013\">\n<td data-start=\"2971\" data-end=\"2988\" data-col-size=\"sm\">Di\u00e1metro del cable<\/td>\n<td data-start=\"2988\" data-end=\"3013\" data-col-size=\"sm\">0,9 mm con revestimiento ajustado<\/td>\n<\/tr>\n<tr data-start=\"3014\" data-end=\"3051\">\n<td data-start=\"3014\" data-end=\"3031\" data-col-size=\"sm\">Temperatura de funcionamiento<\/td>\n<td data-start=\"3031\" data-end=\"3051\" data-col-size=\"sm\">De \u221240 \u00b0C a +80 \u00b0C<\/td>\n<\/tr>\n<\/tbody>\n<\/table>\n<\/div>\n<\/div>\n<hr data-start=\"3053\" data-end=\"3056\" \/>\n<h2 data-start=\"3058\" data-end=\"3091\">\ud83d\udccc <strong data-start=\"3064\" data-end=\"3091\">Preguntas y respuestas profesionales comunes<\/strong><\/h2>\n<p data-start=\"3093\" data-end=\"3324\"><strong data-start=\"3093\" data-end=\"3152\">P1: \u00bfCu\u00e1l es la diferencia entre los conectores LC y ST?<\/strong><br data-start=\"3152\" data-end=\"3155\" \/><strong data-start=\"3155\" data-end=\"3161\">A:<\/strong> Los conectores LC son m\u00e1s peque\u00f1os y cuentan con un cierre de pestillo para <strong data-start=\"3211\" data-end=\"3234\">paneles de alta densidad<\/strong>, mientras que los conectores ST utilizan un <strong data-start=\"3262\" data-end=\"3284\">cerrojo giratorio de bayoneta<\/strong> Ideal para cableado heredado o industrial.<\/p>\n<p data-start=\"3326\" data-end=\"3532\"><strong data-start=\"3326\" data-end=\"3385\">P2: \u00bfPor qu\u00e9 elegir OM3 multimodo en lugar de OM1\/OM2 para los pigtails?<\/strong><br data-start=\"3385\" data-end=\"3388\" \/><strong data-start=\"3388\" data-end=\"3394\">A:<\/strong> OM3 est\u00e1 optimizado para <strong data-start=\"3416\" data-end=\"3444\">transmisi\u00f3n por l\u00e1ser<\/strong>, que admite velocidades m\u00e1s altas y distancias m\u00e1s largas (por ejemplo, m\u00e1s de 10 Gbps), con un mejor ancho de banda.<\/p>\n<p data-start=\"3534\" data-end=\"3709\"><strong data-start=\"3534\" data-end=\"3561\">P3: \u00bfQu\u00e9 significa UPC?<\/strong><br data-start=\"3561\" data-end=\"3564\" \/><strong data-start=\"3564\" data-end=\"3570\">A:<\/strong> UPC significa <strong data-start=\"3586\" data-end=\"3611\">F\u00edsica Ultra-Contacto<\/strong> pulido: reduce la reflexi\u00f3n trasera y mejora la p\u00e9rdida de retorno para un rendimiento \u00f3ptico m\u00e1s estable.<\/p>\n<p data-start=\"3711\" data-end=\"3939\"><strong data-start=\"3711\" data-end=\"3755\">P4: \u00bfSe pueden utilizar estos pigtails en exteriores?<\/strong><br data-start=\"3755\" data-end=\"3758\" \/><strong data-start=\"3758\" data-end=\"3764\">A:<\/strong> Estas versiones espec\u00edficas suelen ser para <strong data-start=\"3807\" data-end=\"3849\">recintos interiores o exteriores protegidos<\/strong> (Cubiertas LSZH). Para uso en exteriores, se recomiendan variantes de cable blindado o aptas para exteriores.<\/p>","protected":false},"excerpt":{"rendered":"<p data-start=\"1792\" data-end=\"2080\">En <strong data-start=\"1796\" data-end=\"1831\">ST\/UPC-12 n\u00facleos-OM3 Pigtail de fibra<\/strong> combina los conectores tradicionales de bloqueo tipo bayoneta ST con la moderna fibra multimodo OM3. Dise\u00f1ado para instalaciones en las que la facilidad de uso y la fiabilidad de la conexi\u00f3n son esenciales, este pigtail es ideal para cableado estructurado, campus y redes industriales.<\/p>","protected":false},"featured_media":644,"comment_status":"open","ping_status":"closed","template":"","meta":[],"product_brand":[],"product_cat":[43],"product_tag":[],"class_list":{"0":"post-643","1":"product","2":"type-product","3":"status-publish","4":"has-post-thumbnail","6":"product_cat-12-core-fiber-pigtail","8":"first","9":"instock","10":"shipping-taxable","11":"product-type-simple"},"_links":{"self":[{"href":"https:\/\/www.fenxifiber.com\/es\/wp-json\/wp\/v2\/product\/643","targetHints":{"allow":["GET"]}}],"collection":[{"href":"https:\/\/www.fenxifiber.com\/es\/wp-json\/wp\/v2\/product"}],"about":[{"href":"https:\/\/www.fenxifiber.com\/es\/wp-json\/wp\/v2\/types\/product"}],"replies":[{"embeddable":true,"href":"https:\/\/www.fenxifiber.com\/es\/wp-json\/wp\/v2\/comments?post=643"}],"wp:featuredmedia":[{"embeddable":true,"href":"https:\/\/www.fenxifiber.com\/es\/wp-json\/wp\/v2\/media\/644"}],"wp:attachment":[{"href":"https:\/\/www.fenxifiber.com\/es\/wp-json\/wp\/v2\/media?parent=643"}],"wp:term":[{"taxonomy":"product_brand","embeddable":true,"href":"https:\/\/www.fenxifiber.com\/es\/wp-json\/wp\/v2\/product_brand?post=643"},{"taxonomy":"product_cat","embeddable":true,"href":"https:\/\/www.fenxifiber.com\/es\/wp-json\/wp\/v2\/product_cat?post=643"},{"taxonomy":"product_tag","embeddable":true,"href":"https:\/\/www.fenxifiber.com\/es\/wp-json\/wp\/v2\/product_tag?post=643"}],"curies":[{"name":"wp","href":"https:\/\/api.w.org\/{rel}","templated":true}]}}