{"id":653,"date":"2026-02-03T05:49:41","date_gmt":"2026-02-03T05:49:41","guid":{"rendered":"https:\/\/www.fenxifiber.com\/?post_type=product&#038;p=653"},"modified":"2026-02-04T01:21:32","modified_gmt":"2026-02-04T01:21:32","slug":"fc-upc-fc-upc-50-125-dx","status":"publish","type":"product","link":"https:\/\/www.fenxifiber.com\/es\/product\/fc-upc-fc-upc-50-125-dx\/","title":{"rendered":"Cable de conexi\u00f3n de fibra \u00f3ptica multimodo FC\/UPC\u2013FC\/UPC-50\/125-DX"},"content":{"rendered":"<h3 data-start=\"775\" data-end=\"825\"><strong data-start=\"779\" data-end=\"825\">Dise\u00f1ado para enlaces \u00f3pticos limpios y estables<\/strong><\/h3>\n<p data-start=\"827\" data-end=\"1143\">A diferencia de los conectores push-pull, los conectores FC utilizan un <strong data-start=\"876\" data-end=\"907\">acoplamiento de tornillo de precisi\u00f3n<\/strong>, lo que evita los micromovimientos que pueden causar fluctuaciones en la se\u00f1al. Cuando se combina con <strong data-start=\"991\" data-end=\"1033\">Pulido UPC (Ultra Physical Contact)<\/strong>, los extremos de la fibra forman un contacto f\u00edsico firme y suave que minimiza la reflexi\u00f3n trasera y la p\u00e9rdida de inserci\u00f3n.<\/p>\n<p data-start=\"1145\" data-end=\"1290\">El resultado es un cable de conexi\u00f3n de fibra que ofrece <strong data-start=\"1192\" data-end=\"1226\">rendimiento \u00f3ptico constante<\/strong> incluso en entornos con ruido el\u00e9ctrico o actividad mec\u00e1nica.<\/p>\n<hr data-start=\"1292\" data-end=\"1295\" \/>\n<h3 data-start=\"1297\" data-end=\"1333\"><strong data-start=\"1301\" data-end=\"1333\">Especificaciones t\u00e9cnicas clave<\/strong><\/h3>\n<div class=\"TyagGW_tableContainer\">\n<div class=\"group TyagGW_tableWrapper flex flex-col-reverse w-fit\" tabindex=\"-1\">\n<table class=\"w-fit min-w-(--thread-content-width)\" data-start=\"1335\" data-end=\"1859\">\n<thead data-start=\"1335\" data-end=\"1374\">\n<tr data-start=\"1335\" data-end=\"1374\">\n<th class=\"\" data-start=\"1335\" data-end=\"1347\" data-col-size=\"sm\">Par\u00e1metro<\/th>\n<th class=\"\" data-start=\"1347\" data-end=\"1374\" data-col-size=\"sm\">FC\/UPC\u2013FC\/UPC-50\/125-DX<\/th>\n<\/tr>\n<\/thead>\n<tbody data-start=\"1403\" data-end=\"1859\">\n<tr data-start=\"1403\" data-end=\"1439\">\n<td data-start=\"1403\" data-end=\"1416\" data-col-size=\"sm\">Tipo de fibra<\/td>\n<td data-col-size=\"sm\" data-start=\"1416\" data-end=\"1439\">Multimodo 50\/125 \u03bcm<\/td>\n<\/tr>\n<tr data-start=\"1440\" data-end=\"1477\">\n<td data-start=\"1440\" data-end=\"1453\" data-col-size=\"sm\">Modo Fibra<\/td>\n<td data-col-size=\"sm\" data-start=\"1453\" data-end=\"1477\">Compatible con OM2 \/ OM3<\/td>\n<\/tr>\n<tr data-start=\"1478\" data-end=\"1509\">\n<td data-start=\"1478\" data-end=\"1494\" data-col-size=\"sm\">Configuraci\u00f3n<\/td>\n<td data-col-size=\"sm\" data-start=\"1494\" data-end=\"1509\">D\u00faplex (DX)<\/td>\n<\/tr>\n<tr data-start=\"1510\" data-end=\"1536\">\n<td data-start=\"1510\" data-end=\"1524\" data-col-size=\"sm\">Conector A<\/td>\n<td data-col-size=\"sm\" data-start=\"1524\" data-end=\"1536\">FC \/ UPC<\/td>\n<\/tr>\n<tr data-start=\"1537\" data-end=\"1563\">\n<td data-start=\"1537\" data-end=\"1551\" data-col-size=\"sm\">Conector B<\/td>\n<td data-col-size=\"sm\" data-start=\"1551\" data-end=\"1563\">FC \/ UPC<\/td>\n<\/tr>\n<tr data-start=\"1564\" data-end=\"1607\">\n<td data-start=\"1564\" data-end=\"1587\" data-col-size=\"sm\">Longitud de onda operativa<\/td>\n<td data-start=\"1587\" data-end=\"1607\" data-col-size=\"sm\">850 nm \/ 1300 nm<\/td>\n<\/tr>\n<tr data-start=\"1608\" data-end=\"1638\">\n<td data-start=\"1608\" data-end=\"1625\" data-col-size=\"sm\">P\u00e9rdida de inserci\u00f3n<\/td>\n<td data-col-size=\"sm\" data-start=\"1625\" data-end=\"1638\">\u2264 0,30 dB<\/td>\n<\/tr>\n<tr data-start=\"1639\" data-end=\"1670\">\n<td data-start=\"1639\" data-end=\"1653\" data-col-size=\"sm\">P\u00e9rdida de retorno<\/td>\n<td data-col-size=\"sm\" data-start=\"1653\" data-end=\"1670\">\u2265 30 dB (UPC)<\/td>\n<\/tr>\n<tr data-start=\"1671\" data-end=\"1701\">\n<td data-start=\"1671\" data-end=\"1686\" data-col-size=\"sm\">Cubierta del cable<\/td>\n<td data-col-size=\"sm\" data-start=\"1686\" data-end=\"1701\">LSZH o PVC<\/td>\n<\/tr>\n<tr data-start=\"1702\" data-end=\"1732\">\n<td data-start=\"1702\" data-end=\"1721\" data-col-size=\"sm\">Resistencia a la tracci\u00f3n<\/td>\n<td data-col-size=\"sm\" data-start=\"1721\" data-end=\"1732\">\u2265 200 N<\/td>\n<\/tr>\n<tr data-start=\"1733\" data-end=\"1771\">\n<td data-start=\"1733\" data-end=\"1746\" data-col-size=\"sm\">Durabilidad<\/td>\n<td data-col-size=\"sm\" data-start=\"1746\" data-end=\"1771\">\u2265 1000 ciclos de apareamiento<\/td>\n<\/tr>\n<tr data-start=\"1772\" data-end=\"1816\">\n<td data-start=\"1772\" data-end=\"1796\" data-col-size=\"sm\">Temperatura de funcionamiento<\/td>\n<td data-col-size=\"sm\" data-start=\"1796\" data-end=\"1816\">De -10 \u00b0C a +70 \u00b0C<\/td>\n<\/tr>\n<tr data-start=\"1817\" data-end=\"1859\">\n<td data-start=\"1817\" data-end=\"1830\" data-col-size=\"sm\">Conformidad<\/td>\n<td data-col-size=\"sm\" data-start=\"1830\" data-end=\"1859\">IEC, TIA-568, RoHS, REACH<\/td>\n<\/tr>\n<\/tbody>\n<\/table>\n<\/div>\n<\/div>\n<hr data-start=\"1861\" data-end=\"1864\" \/>\n<h3 data-start=\"1866\" data-end=\"1906\"><strong data-start=\"1870\" data-end=\"1906\">C\u00f3mo funciona en redes reales<\/strong><\/h3>\n<p data-start=\"1908\" data-end=\"1977\">En <strong data-start=\"1911\" data-end=\"1921\">850 nm<\/strong>, La fibra multimodo de 50\/125 \u03bcm admite velocidades de datos tales como:<\/p>\n<ul data-start=\"1979\" data-end=\"2066\">\n<li data-start=\"1979\" data-end=\"2017\">\n<p data-start=\"1981\" data-end=\"2017\"><strong data-start=\"1981\" data-end=\"2015\">Ethernet 10G hasta 300 m (OM3)<\/strong><\/p>\n<\/li>\n<li data-start=\"2018\" data-end=\"2066\">\n<p data-start=\"2020\" data-end=\"2066\"><strong data-start=\"2020\" data-end=\"2066\">\u00d3ptica paralela de 40G\/100G hasta 100-150 m<\/strong><\/p>\n<\/li>\n<\/ul>\n<p data-start=\"2068\" data-end=\"2116\">Esto hace que el cable FC\/UPC-FC\/UPC-DX sea ideal para:<\/p>\n<ul data-start=\"2118\" data-end=\"2255\">\n<li data-start=\"2118\" data-end=\"2146\">\n<p data-start=\"2120\" data-end=\"2146\"><strong data-start=\"2120\" data-end=\"2146\">Equipo de prueba \u00f3ptica<\/strong><\/p>\n<\/li>\n<li data-start=\"2147\" data-end=\"2172\">\n<p data-start=\"2149\" data-end=\"2172\"><strong data-start=\"2149\" data-end=\"2172\">Ethernet industrial<\/strong><\/p>\n<\/li>\n<li data-start=\"2173\" data-end=\"2194\">\n<p data-start=\"2175\" data-end=\"2194\"><strong data-start=\"2175\" data-end=\"2194\">Redes de campus<\/strong><\/p>\n<\/li>\n<li data-start=\"2195\" data-end=\"2223\">\n<p data-start=\"2197\" data-end=\"2223\"><strong data-start=\"2197\" data-end=\"2223\">Sistemas de telecomunicaciones heredados<\/strong><\/p>\n<\/li>\n<li data-start=\"2224\" data-end=\"2255\">\n<p data-start=\"2226\" data-end=\"2255\"><strong data-start=\"2226\" data-end=\"2255\">Cuadros de distribuci\u00f3n de fibra<\/strong><\/p>\n<\/li>\n<\/ul>\n<hr data-start=\"2257\" data-end=\"2260\" \/>\n<h3 data-start=\"2262\" data-end=\"2309\"><strong data-start=\"2266\" data-end=\"2309\">Dise\u00f1ado para ofrecer fiabilidad y repetibilidad<\/strong><\/h3>\n<p data-start=\"2311\" data-end=\"2473\">Todos los cables de conexi\u00f3n est\u00e1n terminados y pulidos de f\u00e1brica con <strong data-start=\"2368\" data-end=\"2403\">casquillos cer\u00e1micos de alta precisi\u00f3n<\/strong> y se somete a <strong data-start=\"2418\" data-end=\"2442\">Prueba \u00f3ptica 100%<\/strong> antes del env\u00edo. Esto garantiza:<\/p>\n<ul data-start=\"2475\" data-end=\"2615\">\n<li data-start=\"2475\" data-end=\"2508\">\n<p data-start=\"2477\" data-end=\"2508\">Alineaci\u00f3n precisa del n\u00facleo de la fibra<\/p>\n<\/li>\n<li data-start=\"2509\" data-end=\"2552\">\n<p data-start=\"2511\" data-end=\"2552\">Baja p\u00e9rdida de inserci\u00f3n en ambos canales<\/p>\n<\/li>\n<li data-start=\"2553\" data-end=\"2615\">\n<p data-start=\"2555\" data-end=\"2615\">Rendimiento constante en sistemas cr\u00edticos o de alta densidad.<\/p>\n<\/li>\n<\/ul>\n<p data-start=\"2617\" data-end=\"2731\">La opci\u00f3n de cubierta LSZH tambi\u00e9n es compatible con <strong data-start=\"2654\" data-end=\"2689\">requisitos modernos de seguridad contra incendios<\/strong> en centros de datos y edificios comerciales.<\/p>\n<hr data-start=\"2733\" data-end=\"2736\" \/>\n<h2 data-start=\"2738\" data-end=\"2761\"><strong data-start=\"2741\" data-end=\"2761\">Preguntas y respuestas profesionales<\/strong><\/h2>\n<p data-start=\"2763\" data-end=\"2975\"><strong data-start=\"2763\" data-end=\"2814\">P1: \u00bfQu\u00e9 significa \u201c50\/125\u201d en este cable de conexi\u00f3n?<\/strong><br data-start=\"2814\" data-end=\"2817\" \/>Se refiere al tama\u00f1o del n\u00facleo y del revestimiento de la fibra. <strong data-start=\"2865\" data-end=\"2899\">N\u00facleo de 50 \u03bcm y revestimiento de 125 \u03bcm<\/strong>, el est\u00e1ndar para fibra multimodo utilizado en entornos LAN y centros de datos.<\/p>\n<p data-start=\"2977\" data-end=\"3169\"><strong data-start=\"2977\" data-end=\"3027\">P2: \u00bfPor qu\u00e9 utilizar conectores FC en lugar de LC o SC?<\/strong><br data-start=\"3027\" data-end=\"3030\" \/>Los conectores FC proporcionan <strong data-start=\"3052\" data-end=\"3072\">bloqueo roscado<\/strong>, que impide el movimiento y es ideal para <strong data-start=\"3115\" data-end=\"3168\">conexiones sensibles a las vibraciones o equipos de prueba<\/strong>.<\/p>\n<p data-start=\"3171\" data-end=\"3312\"><strong data-start=\"3171\" data-end=\"3219\">P3: \u00bfEste cable es adecuado para redes de 10G?<\/strong><br data-start=\"3219\" data-end=\"3222\" \/>S\u00ed. Con fibra OM3 de 50\/125, es compatible con <strong data-start=\"3268\" data-end=\"3311\">Ethernet 10G hasta 300 metros a 850 nm<\/strong>.<\/p>\n<p data-start=\"3314\" data-end=\"3517\"><strong data-start=\"3314\" data-end=\"3364\">P4: \u00bfSe puede utilizar en entornos industriales?<\/strong><br data-start=\"3364\" data-end=\"3367\" \/>Por supuesto. El dise\u00f1o atornillable FC ofrece una excelente resistencia a las vibraciones, lo que lo hace muy adecuado para <strong data-start=\"3470\" data-end=\"3516\">plantas de f\u00e1brica, laboratorios y gabinetes exteriores<\/strong>.<\/p>","protected":false},"excerpt":{"rendered":"<p data-start=\"65\" data-end=\"499\">En <strong data-start=\"69\" data-end=\"96\">FC\/UPC\u2013FC\/UPC-50\/125-DX<\/strong> es un producto de precisi\u00f3n <strong data-start=\"118\" data-end=\"154\">cable de conexi\u00f3n de fibra \u00f3ptica multimodo<\/strong> Dise\u00f1ado para conexiones \u00f3pticas estables y de baja p\u00e9rdida en salas de telecomunicaciones, laboratorios, redes industriales y sistemas troncales heredados que a\u00fan dependen de <strong data-start=\"305\" data-end=\"331\">Conectores roscados FC<\/strong>.<br data-start=\"332\" data-end=\"335\" \/>Uso <strong data-start=\"341\" data-end=\"370\">Fibra multimodo de 50\/125 \u03bcm<\/strong>, este cable de conexi\u00f3n d\u00faplex (DX) ofrece una transmisi\u00f3n fiable de corto a medio alcance para <strong data-start=\"460\" data-end=\"482\">850 nm y 1300 nm<\/strong> sistemas \u00f3pticos.<\/p>\n<p data-start=\"501\" data-end=\"768\">Los conectores FC son ampliamente reconocidos por su <strong data-start=\"547\" data-end=\"606\">Excelente resistencia a las vibraciones y estabilidad mec\u00e1nica.<\/strong>, lo que hace que este modelo sea especialmente adecuado para <strong data-start=\"650\" data-end=\"728\">instrumentos de prueba, bastidores de distribuci\u00f3n \u00f3ptica y entornos industriales<\/strong> donde se requiere un bloqueo seguro de la fibra.<\/p>","protected":false},"featured_media":655,"comment_status":"open","ping_status":"closed","template":"","meta":[],"product_brand":[],"product_cat":[44],"product_tag":[],"class_list":{"0":"post-653","1":"product","2":"type-product","3":"status-publish","4":"has-post-thumbnail","6":"product_cat-multimode-fiber-optic-patch-cord","8":"first","9":"instock","10":"shipping-taxable","11":"product-type-simple"},"_links":{"self":[{"href":"https:\/\/www.fenxifiber.com\/es\/wp-json\/wp\/v2\/product\/653","targetHints":{"allow":["GET"]}}],"collection":[{"href":"https:\/\/www.fenxifiber.com\/es\/wp-json\/wp\/v2\/product"}],"about":[{"href":"https:\/\/www.fenxifiber.com\/es\/wp-json\/wp\/v2\/types\/product"}],"replies":[{"embeddable":true,"href":"https:\/\/www.fenxifiber.com\/es\/wp-json\/wp\/v2\/comments?post=653"}],"wp:featuredmedia":[{"embeddable":true,"href":"https:\/\/www.fenxifiber.com\/es\/wp-json\/wp\/v2\/media\/655"}],"wp:attachment":[{"href":"https:\/\/www.fenxifiber.com\/es\/wp-json\/wp\/v2\/media?parent=653"}],"wp:term":[{"taxonomy":"product_brand","embeddable":true,"href":"https:\/\/www.fenxifiber.com\/es\/wp-json\/wp\/v2\/product_brand?post=653"},{"taxonomy":"product_cat","embeddable":true,"href":"https:\/\/www.fenxifiber.com\/es\/wp-json\/wp\/v2\/product_cat?post=653"},{"taxonomy":"product_tag","embeddable":true,"href":"https:\/\/www.fenxifiber.com\/es\/wp-json\/wp\/v2\/product_tag?post=653"}],"curies":[{"name":"wp","href":"https:\/\/api.w.org\/{rel}","templated":true}]}}