{"id":656,"date":"2026-02-03T05:55:05","date_gmt":"2026-02-03T05:55:05","guid":{"rendered":"https:\/\/www.fenxifiber.com\/?post_type=product&#038;p=656"},"modified":"2026-02-04T01:22:27","modified_gmt":"2026-02-04T01:22:27","slug":"fc-upc-lc-upc-50-125-dx","status":"publish","type":"product","link":"https:\/\/www.fenxifiber.com\/es\/product\/fc-upc-lc-upc-50-125-dx\/","title":{"rendered":"Cable de conexi\u00f3n de fibra \u00f3ptica multimodo FC\/UPC\u2013LC\/UPC-50\/125-DX"},"content":{"rendered":"<h3 data-start=\"620\" data-end=\"671\"><strong data-start=\"624\" data-end=\"671\">Un puente inteligente entre dos mundos de conectores<\/strong><\/h3>\n<p data-start=\"673\" data-end=\"938\">Muchos equipos de pruebas \u00f3pticas, OTDR y dispositivos de telecomunicaciones heredados siguen utilizando <strong data-start=\"741\" data-end=\"753\">Puertos FC<\/strong>, mientras que los conmutadores, paneles de conexi\u00f3n y transceptores modernos se basan en <strong data-start=\"817\" data-end=\"834\">Interfaces LC<\/strong>. Este cable permite una integraci\u00f3n perfecta entre ambos, sin adaptadores y sin inestabilidad en la se\u00f1al.<\/p>\n<p data-start=\"940\" data-end=\"1142\">En <strong data-start=\"944\" data-end=\"970\">Extremos pulidos UPC<\/strong> asegurar un contacto f\u00edsico estrecho entre las fibras, manteniendo <strong data-start=\"1025\" data-end=\"1077\">Baja p\u00e9rdida de inserci\u00f3n y reflexiones bajo control.<\/strong>, lo cual es fundamental para la transmisi\u00f3n y prueba precisas de la se\u00f1al.<\/p>\n<hr data-start=\"1144\" data-end=\"1147\" \/>\n<h3 data-start=\"1149\" data-end=\"1192\"><strong data-start=\"1153\" data-end=\"1192\">Descripci\u00f3n general del rendimiento y la construcci\u00f3n<\/strong><\/h3>\n<div class=\"TyagGW_tableContainer\">\n<div class=\"group TyagGW_tableWrapper flex flex-col-reverse w-fit\" tabindex=\"-1\">\n<table class=\"w-fit min-w-(--thread-content-width)\" data-start=\"1194\" data-end=\"1705\">\n<thead data-start=\"1194\" data-end=\"1233\">\n<tr data-start=\"1194\" data-end=\"1233\">\n<th class=\"\" data-start=\"1194\" data-end=\"1206\" data-col-size=\"sm\">Par\u00e1metro<\/th>\n<th class=\"\" data-start=\"1206\" data-end=\"1233\" data-col-size=\"sm\">FC\/UPC\u2013LC\/UPC-50\/125-DX<\/th>\n<\/tr>\n<\/thead>\n<tbody data-start=\"1262\" data-end=\"1705\">\n<tr data-start=\"1262\" data-end=\"1298\">\n<td data-start=\"1262\" data-end=\"1275\" data-col-size=\"sm\">Tipo de fibra<\/td>\n<td data-col-size=\"sm\" data-start=\"1275\" data-end=\"1298\">Multimodo 50\/125 \u03bcm<\/td>\n<\/tr>\n<tr data-start=\"1299\" data-end=\"1330\">\n<td data-start=\"1299\" data-end=\"1306\" data-col-size=\"sm\">Modo<\/td>\n<td data-start=\"1306\" data-end=\"1330\" data-col-size=\"sm\">Compatible con OM2 \/ OM3<\/td>\n<\/tr>\n<tr data-start=\"1331\" data-end=\"1362\">\n<td data-start=\"1331\" data-end=\"1347\" data-col-size=\"sm\">Configuraci\u00f3n<\/td>\n<td data-start=\"1347\" data-end=\"1362\" data-col-size=\"sm\">D\u00faplex (DX)<\/td>\n<\/tr>\n<tr data-start=\"1363\" data-end=\"1389\">\n<td data-start=\"1363\" data-end=\"1377\" data-col-size=\"sm\">Conector A<\/td>\n<td data-start=\"1377\" data-end=\"1389\" data-col-size=\"sm\">FC \/ UPC<\/td>\n<\/tr>\n<tr data-start=\"1390\" data-end=\"1416\">\n<td data-start=\"1390\" data-end=\"1404\" data-col-size=\"sm\">Conector B<\/td>\n<td data-start=\"1404\" data-end=\"1416\" data-col-size=\"sm\">LC \/ UPC<\/td>\n<\/tr>\n<tr data-start=\"1417\" data-end=\"1460\">\n<td data-start=\"1417\" data-end=\"1440\" data-col-size=\"sm\">Longitud de onda operativa<\/td>\n<td data-start=\"1440\" data-end=\"1460\" data-col-size=\"sm\">850 nm \/ 1300 nm<\/td>\n<\/tr>\n<tr data-start=\"1461\" data-end=\"1491\">\n<td data-start=\"1461\" data-end=\"1478\" data-col-size=\"sm\">P\u00e9rdida de inserci\u00f3n<\/td>\n<td data-col-size=\"sm\" data-start=\"1478\" data-end=\"1491\">\u2264 0,30 dB<\/td>\n<\/tr>\n<tr data-start=\"1492\" data-end=\"1517\">\n<td data-start=\"1492\" data-end=\"1506\" data-col-size=\"sm\">P\u00e9rdida de retorno<\/td>\n<td data-col-size=\"sm\" data-start=\"1506\" data-end=\"1517\">\u2265 30 dB<\/td>\n<\/tr>\n<tr data-start=\"1518\" data-end=\"1548\">\n<td data-start=\"1518\" data-end=\"1533\" data-col-size=\"sm\">Cubierta del cable<\/td>\n<td data-col-size=\"sm\" data-start=\"1533\" data-end=\"1548\">LSZH o PVC<\/td>\n<\/tr>\n<tr data-start=\"1549\" data-end=\"1579\">\n<td data-start=\"1549\" data-end=\"1568\" data-col-size=\"sm\">Resistencia a la tracci\u00f3n<\/td>\n<td data-col-size=\"sm\" data-start=\"1568\" data-end=\"1579\">\u2265 200 N<\/td>\n<\/tr>\n<tr data-start=\"1580\" data-end=\"1618\">\n<td data-start=\"1580\" data-end=\"1600\" data-col-size=\"sm\">Durabilidad del acoplamiento<\/td>\n<td data-col-size=\"sm\" data-start=\"1600\" data-end=\"1618\">\u2265 1000 ciclos<\/td>\n<\/tr>\n<tr data-start=\"1619\" data-end=\"1663\">\n<td data-start=\"1619\" data-end=\"1643\" data-col-size=\"sm\">Temperatura de funcionamiento<\/td>\n<td data-col-size=\"sm\" data-start=\"1643\" data-end=\"1663\">De -10 \u00b0C a +70 \u00b0C<\/td>\n<\/tr>\n<tr data-start=\"1664\" data-end=\"1705\">\n<td data-start=\"1664\" data-end=\"1676\" data-col-size=\"sm\">Normas<\/td>\n<td data-col-size=\"sm\" data-start=\"1676\" data-end=\"1705\">IEC, TIA-568, RoHS, REACH<\/td>\n<\/tr>\n<\/tbody>\n<\/table>\n<\/div>\n<\/div>\n<hr data-start=\"1707\" data-end=\"1710\" \/>\n<h3 data-start=\"1712\" data-end=\"1751\"><strong data-start=\"1716\" data-end=\"1751\">Qu\u00e9 puede esperar en el uso real<\/strong><\/h3>\n<p data-start=\"1753\" data-end=\"1803\">En <strong data-start=\"1756\" data-end=\"1766\">850 nm<\/strong>, La fibra multimodo de 50\/125 \u00b5m admite:<\/p>\n<ul data-start=\"1805\" data-end=\"1896\">\n<li data-start=\"1805\" data-end=\"1841\">\n<p data-start=\"1807\" data-end=\"1841\"><strong data-start=\"1807\" data-end=\"1841\">Ethernet 10G hasta 300 m (OM3)<\/strong><\/p>\n<\/li>\n<li data-start=\"1842\" data-end=\"1896\">\n<p data-start=\"1844\" data-end=\"1896\"><strong data-start=\"1844\" data-end=\"1874\">40G \/ 100G hasta 100-150 m<\/strong> utilizando \u00f3ptica paralela<\/p>\n<\/li>\n<\/ul>\n<p data-start=\"1898\" data-end=\"1956\">Esto hace que el cable d\u00faplex FC a LC sea ideal para:<\/p>\n<ul data-start=\"1958\" data-end=\"2126\">\n<li data-start=\"1958\" data-end=\"2002\">\n<p data-start=\"1960\" data-end=\"2002\"><strong data-start=\"1960\" data-end=\"2002\">Equipos \u00f3pticos de prueba y medici\u00f3n<\/strong><\/p>\n<\/li>\n<li data-start=\"2003\" data-end=\"2029\">\n<p data-start=\"2005\" data-end=\"2029\"><strong data-start=\"2005\" data-end=\"2029\">Parches para centros de datos<\/strong><\/p>\n<\/li>\n<li data-start=\"2030\" data-end=\"2060\">\n<p data-start=\"2032\" data-end=\"2060\"><strong data-start=\"2032\" data-end=\"2060\">Redes troncales LAN empresariales<\/strong><\/p>\n<\/li>\n<li data-start=\"2061\" data-end=\"2086\">\n<p data-start=\"2063\" data-end=\"2086\"><strong data-start=\"2063\" data-end=\"2086\">Ethernet industrial<\/strong><\/p>\n<\/li>\n<li data-start=\"2087\" data-end=\"2126\">\n<p data-start=\"2089\" data-end=\"2126\"><strong data-start=\"2089\" data-end=\"2126\">Redes de telecomunicaciones y de acceso metropolitano<\/strong><\/p>\n<\/li>\n<\/ul>\n<hr data-start=\"2128\" data-end=\"2131\" \/>\n<h3 data-start=\"2133\" data-end=\"2166\"><strong data-start=\"2137\" data-end=\"2166\">Precisi\u00f3n en la que puede confiar<\/strong><\/h3>\n<p data-start=\"2168\" data-end=\"2459\">Cada cable de conexi\u00f3n FC\/UPC\u2013LC\/UPC-DX se ensambla utilizando <strong data-start=\"2220\" data-end=\"2251\">casquillos cer\u00e1micos de alta calidad<\/strong>, n\u00facleos alineados con l\u00e1ser y procesos de pulido e inspecci\u00f3n totalmente automatizados. Cada cable es <strong data-start=\"2345\" data-end=\"2370\">100% probado \u00f3pticamente<\/strong> antes de la entrega para garantizar una p\u00e9rdida constante y un rendimiento estable en ambos canales de fibra.<\/p>\n<p data-start=\"2461\" data-end=\"2579\">El resultado es un puente de fibra que se comporta igual el primer d\u00eda y despu\u00e9s de a\u00f1os de enchufarlo, desenchufarlo y cambiarlo de lugar.<\/p>\n<hr data-start=\"2581\" data-end=\"2584\" \/>\n<h2 data-start=\"2586\" data-end=\"2609\"><strong data-start=\"2589\" data-end=\"2609\">Preguntas y respuestas profesionales<\/strong><\/h2>\n<p data-start=\"2611\" data-end=\"2822\"><strong data-start=\"2611\" data-end=\"2661\">P1: \u00bfPor qu\u00e9 mezclar conectores FC y LC en un mismo cable?<\/strong><br data-start=\"2661\" data-end=\"2664\" \/>Permite <strong data-start=\"2674\" data-end=\"2733\">conexi\u00f3n directa entre equipos heredados o de prueba (FC)<\/strong> y <strong data-start=\"2738\" data-end=\"2778\">interruptores modernos o paneles de conexi\u00f3n (LC)<\/strong> sin adaptadores que introduzcan p\u00e9rdidas adicionales.<\/p>\n<p data-start=\"2824\" data-end=\"3006\"><strong data-start=\"2824\" data-end=\"2879\">P2: \u00bfEste cable es adecuado para redes de alta velocidad?<\/strong><br data-start=\"2879\" data-end=\"2882\" \/>S\u00ed. Con fibra OM3 de 50\/125, es compatible con <strong data-start=\"2928\" data-end=\"2950\">10G, 40G y 100G<\/strong> aplicaciones multimodo dentro de los l\u00edmites de distancia est\u00e1ndar.<\/p>\n<p data-start=\"3008\" data-end=\"3186\"><strong data-start=\"3008\" data-end=\"3053\">P3: \u00bfCu\u00e1l es la ventaja del pulido UPC?<\/strong><br data-start=\"3053\" data-end=\"3056\" \/>UPC proporciona un <strong data-start=\"3071\" data-end=\"3098\">contacto f\u00edsico suave<\/strong> entre las fibras, lo que reduce la p\u00e9rdida de inserci\u00f3n y mantiene la p\u00e9rdida de retorno en un nivel estable. <strong data-start=\"3175\" data-end=\"3185\">\u226530 dB<\/strong>.<\/p>\n<p data-start=\"3188\" data-end=\"3368\"><strong data-start=\"3188\" data-end=\"3227\">P4: \u00bfSe puede utilizar en centros de datos?<\/strong><br data-start=\"3227\" data-end=\"3230\" \/>Por supuesto. El extremo LC se adapta a paneles y conmutadores de alta densidad, mientras que el extremo FC se conecta f\u00e1cilmente a <strong data-start=\"3328\" data-end=\"3367\">conjuntos de pruebas, ODF o equipos antiguos<\/strong>.<\/p>","protected":false},"excerpt":{"rendered":"<p data-start=\"65\" data-end=\"445\">En <strong data-start=\"69\" data-end=\"96\">FC\/UPC\u2013LC\/UPC-50\/125-DX<\/strong> es un <strong data-start=\"102\" data-end=\"139\">cable de conexi\u00f3n de fibra multimodo d\u00faplex<\/strong> dise\u00f1ado para conectar <strong data-start=\"160\" data-end=\"189\">Puertos FC de grado instrumental<\/strong> con <strong data-start=\"195\" data-end=\"225\">interfaces LC de alta densidad<\/strong> en las redes modernas. Combina el <strong data-start=\"262\" data-end=\"312\">Estabilidad mec\u00e1nica de los conectores roscados FC<\/strong> con el <strong data-start=\"322\" data-end=\"349\">huella compacta de LC<\/strong>, lo que lo hace ideal para laboratorios, centros de datos, salas de telecomunicaciones y sistemas \u00f3pticos industriales.<\/p>\n<p data-start=\"447\" data-end=\"613\">Construido sobre <strong data-start=\"456\" data-end=\"485\">Fibra multimodo de 50\/125 \u00b5m<\/strong>, este cable es compatible con los dispositivos m\u00e1s utilizados en la actualidad. <strong data-start=\"532\" data-end=\"554\">850 nm y 1300 nm<\/strong> longitudes de onda \u00f3pticas para transmisi\u00f3n de corto y medio alcance.<\/p>","protected":false},"featured_media":657,"comment_status":"open","ping_status":"closed","template":"","meta":[],"product_brand":[],"product_cat":[44],"product_tag":[],"class_list":{"0":"post-656","1":"product","2":"type-product","3":"status-publish","4":"has-post-thumbnail","6":"product_cat-multimode-fiber-optic-patch-cord","8":"first","9":"instock","10":"shipping-taxable","11":"product-type-simple"},"_links":{"self":[{"href":"https:\/\/www.fenxifiber.com\/es\/wp-json\/wp\/v2\/product\/656","targetHints":{"allow":["GET"]}}],"collection":[{"href":"https:\/\/www.fenxifiber.com\/es\/wp-json\/wp\/v2\/product"}],"about":[{"href":"https:\/\/www.fenxifiber.com\/es\/wp-json\/wp\/v2\/types\/product"}],"replies":[{"embeddable":true,"href":"https:\/\/www.fenxifiber.com\/es\/wp-json\/wp\/v2\/comments?post=656"}],"wp:featuredmedia":[{"embeddable":true,"href":"https:\/\/www.fenxifiber.com\/es\/wp-json\/wp\/v2\/media\/657"}],"wp:attachment":[{"href":"https:\/\/www.fenxifiber.com\/es\/wp-json\/wp\/v2\/media?parent=656"}],"wp:term":[{"taxonomy":"product_brand","embeddable":true,"href":"https:\/\/www.fenxifiber.com\/es\/wp-json\/wp\/v2\/product_brand?post=656"},{"taxonomy":"product_cat","embeddable":true,"href":"https:\/\/www.fenxifiber.com\/es\/wp-json\/wp\/v2\/product_cat?post=656"},{"taxonomy":"product_tag","embeddable":true,"href":"https:\/\/www.fenxifiber.com\/es\/wp-json\/wp\/v2\/product_tag?post=656"}],"curies":[{"name":"wp","href":"https:\/\/api.w.org\/{rel}","templated":true}]}}