{"id":669,"date":"2026-02-03T06:14:03","date_gmt":"2026-02-03T06:14:03","guid":{"rendered":"https:\/\/www.fenxifiber.com\/?post_type=product&#038;p=669"},"modified":"2026-02-04T01:28:19","modified_gmt":"2026-02-04T01:28:19","slug":"st-upc-sc-upc-62-5-125-dx","status":"publish","type":"product","link":"https:\/\/www.fenxifiber.com\/es\/product\/st-upc-sc-upc-62-5-125-dx\/","title":{"rendered":"Cable de conexi\u00f3n de fibra \u00f3ptica multimodo ST\/UPC\u2013SC\/UPC-62,5\/125-DX"},"content":{"rendered":"<p data-start=\"465\" data-end=\"593\">Este dise\u00f1o h\u00edbrido de conector permite que los enlaces antiguos con terminaci\u00f3n ST se integren perfectamente en sistemas de distribuci\u00f3n SC m\u00e1s estructurados.<\/p>\n<hr data-start=\"595\" data-end=\"598\" \/>\n<h3 data-start=\"600\" data-end=\"649\"><strong data-start=\"604\" data-end=\"649\">Dise\u00f1ado para entornos con conectores mixtos<\/strong><\/h3>\n<p data-start=\"651\" data-end=\"920\">Los conectores ST se utilizan ampliamente en <strong data-start=\"684\" data-end=\"731\">salidas de fibra \u00f3ptica antiguas e instalaciones de campo<\/strong>, mientras que los conectores SC predominan en <strong data-start=\"765\" data-end=\"801\">paneles de fibra y bastidores para equipos<\/strong>. Este cable de conexi\u00f3n act\u00faa como un pr\u00e1ctico puente entre ambos, sin necesidad de adaptadores que introduzcan p\u00e9rdidas o inestabilidad adicionales.<\/p>\n<p data-start=\"922\" data-end=\"1076\">En <strong data-start=\"926\" data-end=\"952\">Extremos pulidos con UPC<\/strong> Garantizar un contacto f\u00edsico firme, manteniendo bajos los reflejos y limpias las se\u00f1ales tanto para la transmisi\u00f3n de datos como para la monitorizaci\u00f3n \u00f3ptica.<\/p>\n<hr data-start=\"1078\" data-end=\"1081\" \/>\n<h3 data-start=\"1083\" data-end=\"1109\"><strong data-start=\"1087\" data-end=\"1109\">Descripci\u00f3n t\u00e9cnica general<\/strong><\/h3>\n<div class=\"TyagGW_tableContainer\">\n<div class=\"group TyagGW_tableWrapper flex flex-col-reverse w-fit\" tabindex=\"-1\">\n<table class=\"w-fit min-w-(--thread-content-width)\" data-start=\"1111\" data-end=\"1578\">\n<thead data-start=\"1111\" data-end=\"1152\">\n<tr data-start=\"1111\" data-end=\"1152\">\n<th class=\"\" data-start=\"1111\" data-end=\"1123\" data-col-size=\"sm\">Par\u00e1metro<\/th>\n<th class=\"\" data-start=\"1123\" data-end=\"1152\" data-col-size=\"sm\">ST\/UPC\u2013SC\/UPC-62.5\/125-DX<\/th>\n<\/tr>\n<\/thead>\n<tbody data-start=\"1181\" data-end=\"1578\">\n<tr data-start=\"1181\" data-end=\"1225\">\n<td data-start=\"1181\" data-end=\"1194\" data-col-size=\"sm\">Tipo de fibra<\/td>\n<td data-start=\"1194\" data-end=\"1225\" data-col-size=\"sm\">Multimodo 62,5\/125 \u03bcm (OM1)<\/td>\n<\/tr>\n<tr data-start=\"1226\" data-end=\"1257\">\n<td data-start=\"1226\" data-end=\"1242\" data-col-size=\"sm\">Configuraci\u00f3n<\/td>\n<td data-start=\"1242\" data-end=\"1257\" data-col-size=\"sm\">D\u00faplex (DX)<\/td>\n<\/tr>\n<tr data-start=\"1258\" data-end=\"1284\">\n<td data-start=\"1258\" data-end=\"1272\" data-col-size=\"sm\">Conector A<\/td>\n<td data-start=\"1272\" data-end=\"1284\" data-col-size=\"sm\">ST \/ UPC<\/td>\n<\/tr>\n<tr data-start=\"1285\" data-end=\"1311\">\n<td data-start=\"1285\" data-end=\"1299\" data-col-size=\"sm\">Conector B<\/td>\n<td data-start=\"1299\" data-end=\"1311\" data-col-size=\"sm\">SC \/ UPC<\/td>\n<\/tr>\n<tr data-start=\"1312\" data-end=\"1355\">\n<td data-start=\"1312\" data-end=\"1335\" data-col-size=\"sm\">Longitud de onda operativa<\/td>\n<td data-start=\"1335\" data-end=\"1355\" data-col-size=\"sm\">850 nm \/ 1300 nm<\/td>\n<\/tr>\n<tr data-start=\"1356\" data-end=\"1386\">\n<td data-start=\"1356\" data-end=\"1373\" data-col-size=\"sm\">P\u00e9rdida de inserci\u00f3n<\/td>\n<td data-start=\"1373\" data-end=\"1386\" data-col-size=\"sm\">\u2264 0,30 dB<\/td>\n<\/tr>\n<tr data-start=\"1387\" data-end=\"1412\">\n<td data-start=\"1387\" data-end=\"1401\" data-col-size=\"sm\">P\u00e9rdida de retorno<\/td>\n<td data-start=\"1401\" data-end=\"1412\" data-col-size=\"sm\">\u2265 30 dB<\/td>\n<\/tr>\n<tr data-start=\"1413\" data-end=\"1460\">\n<td data-start=\"1413\" data-end=\"1433\" data-col-size=\"sm\">Velocidad de datos t\u00edpica<\/td>\n<td data-start=\"1433\" data-end=\"1460\" data-col-size=\"sm\">Ethernet 1G hasta 275 m<\/td>\n<\/tr>\n<tr data-start=\"1461\" data-end=\"1491\">\n<td data-start=\"1461\" data-end=\"1476\" data-col-size=\"sm\">Cubierta del cable<\/td>\n<td data-start=\"1476\" data-end=\"1491\" data-col-size=\"sm\">LSZH o PVC<\/td>\n<\/tr>\n<tr data-start=\"1492\" data-end=\"1536\">\n<td data-start=\"1492\" data-end=\"1516\" data-col-size=\"sm\">Temperatura de funcionamiento<\/td>\n<td data-start=\"1516\" data-end=\"1536\" data-col-size=\"sm\">De -10 \u00b0C a +70 \u00b0C<\/td>\n<\/tr>\n<tr data-start=\"1537\" data-end=\"1578\">\n<td data-start=\"1537\" data-end=\"1549\" data-col-size=\"sm\">Normas<\/td>\n<td data-start=\"1549\" data-end=\"1578\" data-col-size=\"sm\">IEC, TIA-568, RoHS, REACH<\/td>\n<\/tr>\n<\/tbody>\n<\/table>\n<\/div>\n<\/div>\n<hr data-start=\"1580\" data-end=\"1583\" \/>\n<h3 data-start=\"1585\" data-end=\"1615\"><strong data-start=\"1589\" data-end=\"1615\">Rendimiento en el mundo real<\/strong><\/h3>\n<p data-start=\"1617\" data-end=\"1677\">En <strong data-start=\"1620\" data-end=\"1630\">850 nm<\/strong>, OM1 <strong data-start=\"1636\" data-end=\"1667\">Fibra multimodo de 62,5\/125 \u00b5m<\/strong> admite:<\/p>\n<ul data-start=\"1679\" data-end=\"1744\">\n<li data-start=\"1679\" data-end=\"1713\">\n<p data-start=\"1681\" data-end=\"1713\"><strong data-start=\"1681\" data-end=\"1713\">Ethernet 1G hasta 275 metros<\/strong><\/p>\n<\/li>\n<li data-start=\"1714\" data-end=\"1744\">\n<p data-start=\"1716\" data-end=\"1744\"><strong data-start=\"1716\" data-end=\"1744\">Fast Ethernet hasta 2 km<\/strong><\/p>\n<\/li>\n<\/ul>\n<p data-start=\"1746\" data-end=\"1797\">Esto hace que el puente d\u00faplex ST-SC sea ideal para:<\/p>\n<ul data-start=\"1799\" data-end=\"1944\">\n<li data-start=\"1799\" data-end=\"1831\">\n<p data-start=\"1801\" data-end=\"1831\"><strong data-start=\"1801\" data-end=\"1831\">Redes de campus y oficinas<\/strong><\/p>\n<\/li>\n<li data-start=\"1832\" data-end=\"1869\">\n<p data-start=\"1834\" data-end=\"1869\"><strong data-start=\"1834\" data-end=\"1869\">Sistemas de seguridad y CCTV de fibra \u00f3ptica<\/strong><\/p>\n<\/li>\n<li data-start=\"1870\" data-end=\"1897\">\n<p data-start=\"1872\" data-end=\"1897\"><strong data-start=\"1872\" data-end=\"1897\">Monitoreo industrial<\/strong><\/p>\n<\/li>\n<li data-start=\"1898\" data-end=\"1944\">\n<p data-start=\"1900\" data-end=\"1944\"><strong data-start=\"1900\" data-end=\"1944\">Telecomunicaciones y cuadros de distribuci\u00f3n de edificios<\/strong><\/p>\n<\/li>\n<\/ul>\n<hr data-start=\"1946\" data-end=\"1949\" \/>\n<h3 data-start=\"1951\" data-end=\"1986\"><strong data-start=\"1955\" data-end=\"1986\">Precisi\u00f3n en la que puede confiar<\/strong><\/h3>\n<p data-start=\"1988\" data-end=\"2243\">Todos los cables de conexi\u00f3n se ensamblan en f\u00e1brica con <strong data-start=\"2031\" data-end=\"2107\">casquillos cer\u00e1micos, pulido UPC e inspecci\u00f3n automatizada con interfer\u00f3metro<\/strong>. Se comprueba que ambos canales funcionen correctamente. <strong data-start=\"2138\" data-end=\"2172\">p\u00e9rdida de inserci\u00f3n y p\u00e9rdida de retorno<\/strong>, lo que garantiza un rendimiento estable incluso despu\u00e9s de <strong data-start=\"2213\" data-end=\"2242\">cientos de reconexiones<\/strong>.<\/p>\n<p data-start=\"2245\" data-end=\"2342\">La opci\u00f3n de cubierta LSZH tambi\u00e9n es compatible con <strong data-start=\"2282\" data-end=\"2317\">requisitos modernos de seguridad contra incendios<\/strong> en instalaciones interiores.<\/p>\n<hr data-start=\"2344\" data-end=\"2347\" \/>\n<h2 data-start=\"2349\" data-end=\"2372\"><strong data-start=\"2352\" data-end=\"2372\">Preguntas y respuestas profesionales<\/strong><\/h2>\n<p data-start=\"2374\" data-end=\"2599\"><strong data-start=\"2374\" data-end=\"2429\">P1: \u00bfPor qu\u00e9 se siguen utilizando conectores ST en muchos sitios?<\/strong><br data-start=\"2429\" data-end=\"2432\" \/>Los conectores ST son <strong data-start=\"2450\" data-end=\"2522\">resistente, f\u00e1cil de conectar y altamente tolerante al polvo y las vibraciones<\/strong>, por lo que siguen siendo comunes en edificios antiguos y redes industriales.<\/p>\n<p data-start=\"2601\" data-end=\"2752\"><strong data-start=\"2601\" data-end=\"2651\">P2: \u00bfEste cable se puede conectar a conmutadores modernos?<\/strong><br data-start=\"2651\" data-end=\"2654\" \/>S\u00ed. El <strong data-start=\"2663\" data-end=\"2673\">Fin de SC<\/strong> Se conecta directamente a paneles de fibra modernos o puertos de conmutador que utilizan adaptadores SC.<\/p>\n<p data-start=\"2754\" data-end=\"2918\"><strong data-start=\"2754\" data-end=\"2789\">P3: \u00bfLa fibra 62.5\/125 est\u00e1 obsoleta?<\/strong><br data-start=\"2789\" data-end=\"2792\" \/>No. Aunque no es compatible con enlaces 10G de alta velocidad, sigue siendo muy utilizado para <strong data-start=\"2871\" data-end=\"2917\">Redes de fibra \u00f3ptica 1G, Fast Ethernet y CCTV<\/strong>.<\/p>\n<p data-start=\"2920\" data-end=\"3104\"><strong data-start=\"2920\" data-end=\"2969\">P4: \u00bfEl pulido UPC afecta a la calidad de la se\u00f1al?<\/strong><br data-start=\"2969\" data-end=\"2972\" \/>S\u00ed. El UPC reduce los reflejos superficiales y mantiene <strong data-start=\"3019\" data-end=\"3044\">p\u00e9rdida de retorno \u226530 dB<\/strong>, mejorando la estabilidad de la transmisi\u00f3n y la precisi\u00f3n de la medici\u00f3n.<\/p>","protected":false},"excerpt":{"rendered":"<p data-start=\"67\" data-end=\"463\">En <strong data-start=\"71\" data-end=\"100\">ST\/UPC\u2013SC\/UPC-62.5\/125-DX<\/strong> es un <strong data-start=\"106\" data-end=\"143\">cable de conexi\u00f3n de fibra multimodo d\u00faplex<\/strong> creado para <strong data-start=\"156\" data-end=\"185\">redes de fibra OM1 heredadas<\/strong> que necesitan conectarse <strong data-start=\"207\" data-end=\"237\">Terminaciones de campo tipo ST<\/strong> con <strong data-start=\"243\" data-end=\"289\">Paneles de conexi\u00f3n o equipos de red basados en SC<\/strong>. Se encuentra com\u00fanmente en <strong data-start=\"315\" data-end=\"401\">redes de campus, sistemas de fibra CCTV, automatizaci\u00f3n industrial y redes troncales de edificios.<\/strong> d\u00f3nde <strong data-start=\"408\" data-end=\"437\">Cableado multimodo de 62,5 \u03bcm<\/strong> sigue estando muy extendido.<\/p>\n<p data-start=\"465\" data-end=\"593\">","protected":false},"featured_media":670,"comment_status":"open","ping_status":"closed","template":"","meta":[],"product_brand":[],"product_cat":[44],"product_tag":[],"class_list":{"0":"post-669","1":"product","2":"type-product","3":"status-publish","4":"has-post-thumbnail","6":"product_cat-multimode-fiber-optic-patch-cord","8":"first","9":"instock","10":"shipping-taxable","11":"product-type-simple"},"_links":{"self":[{"href":"https:\/\/www.fenxifiber.com\/es\/wp-json\/wp\/v2\/product\/669","targetHints":{"allow":["GET"]}}],"collection":[{"href":"https:\/\/www.fenxifiber.com\/es\/wp-json\/wp\/v2\/product"}],"about":[{"href":"https:\/\/www.fenxifiber.com\/es\/wp-json\/wp\/v2\/types\/product"}],"replies":[{"embeddable":true,"href":"https:\/\/www.fenxifiber.com\/es\/wp-json\/wp\/v2\/comments?post=669"}],"wp:featuredmedia":[{"embeddable":true,"href":"https:\/\/www.fenxifiber.com\/es\/wp-json\/wp\/v2\/media\/670"}],"wp:attachment":[{"href":"https:\/\/www.fenxifiber.com\/es\/wp-json\/wp\/v2\/media?parent=669"}],"wp:term":[{"taxonomy":"product_brand","embeddable":true,"href":"https:\/\/www.fenxifiber.com\/es\/wp-json\/wp\/v2\/product_brand?post=669"},{"taxonomy":"product_cat","embeddable":true,"href":"https:\/\/www.fenxifiber.com\/es\/wp-json\/wp\/v2\/product_cat?post=669"},{"taxonomy":"product_tag","embeddable":true,"href":"https:\/\/www.fenxifiber.com\/es\/wp-json\/wp\/v2\/product_tag?post=669"}],"curies":[{"name":"wp","href":"https:\/\/api.w.org\/{rel}","templated":true}]}}