{"id":671,"date":"2026-02-03T06:16:24","date_gmt":"2026-02-03T06:16:24","guid":{"rendered":"https:\/\/www.fenxifiber.com\/?post_type=product&#038;p=671"},"modified":"2026-02-04T01:28:45","modified_gmt":"2026-02-04T01:28:45","slug":"lc-upc-st-upc-62-5-125-dx","status":"publish","type":"product","link":"https:\/\/www.fenxifiber.com\/es\/product\/lc-upc-st-upc-62-5-125-dx\/","title":{"rendered":"Cable de conexi\u00f3n de fibra \u00f3ptica multimodo LC\/UPC\u2013ST\/UPC-62.5\/125-DX"},"content":{"rendered":"<h3 data-start=\"573\" data-end=\"627\"><strong data-start=\"577\" data-end=\"627\">Donde la infraestructura antigua se une al hardware moderno<\/strong><\/h3>\n<p data-start=\"629\" data-end=\"904\">Muchos edificios existentes siguen dependiendo de <strong data-start=\"667\" data-end=\"709\">Fibra multimodo 62,5\/125 con terminaci\u00f3n ST<\/strong>. Al mismo tiempo, los nuevos conmutadores y m\u00f3dulos SFP casi siempre utilizan <strong data-start=\"776\" data-end=\"788\">Puertos LC<\/strong>. El dise\u00f1o h\u00edbrido LC-ST resuelve este problema de forma clara, permiti\u00e9ndole <strong data-start=\"856\" data-end=\"903\">actualizar el equipo sin cambiar el cableado<\/strong>.<\/p>\n<p data-start=\"906\" data-end=\"1035\">En <strong data-start=\"910\" data-end=\"936\">Extremos pulidos con UPC<\/strong> asegurar un contacto f\u00edsico estrecho entre las fibras, manteniendo <strong data-start=\"982\" data-end=\"1034\">Baja p\u00e9rdida de inserci\u00f3n y reflexiones bajo control.<\/strong>.<\/p>\n<hr data-start=\"1037\" data-end=\"1040\" \/>\n<h3 data-start=\"1042\" data-end=\"1064\"><strong data-start=\"1046\" data-end=\"1064\">Datos t\u00e9cnicos<\/strong><\/h3>\n<div class=\"TyagGW_tableContainer\">\n<div class=\"group TyagGW_tableWrapper flex flex-col-reverse w-fit\" tabindex=\"-1\">\n<table class=\"w-fit min-w-(--thread-content-width)\" data-start=\"1066\" data-end=\"1533\">\n<thead data-start=\"1066\" data-end=\"1107\">\n<tr data-start=\"1066\" data-end=\"1107\">\n<th class=\"\" data-start=\"1066\" data-end=\"1078\" data-col-size=\"sm\">Par\u00e1metro<\/th>\n<th class=\"\" data-start=\"1078\" data-end=\"1107\" data-col-size=\"sm\">LC\/UPC\u2013ST\/UPC-62.5\/125-DX<\/th>\n<\/tr>\n<\/thead>\n<tbody data-start=\"1136\" data-end=\"1533\">\n<tr data-start=\"1136\" data-end=\"1180\">\n<td data-start=\"1136\" data-end=\"1149\" data-col-size=\"sm\">Tipo de fibra<\/td>\n<td data-col-size=\"sm\" data-start=\"1149\" data-end=\"1180\">Multimodo 62,5\/125 \u03bcm (OM1)<\/td>\n<\/tr>\n<tr data-start=\"1181\" data-end=\"1212\">\n<td data-start=\"1181\" data-end=\"1197\" data-col-size=\"sm\">Configuraci\u00f3n<\/td>\n<td data-start=\"1197\" data-end=\"1212\" data-col-size=\"sm\">D\u00faplex (DX)<\/td>\n<\/tr>\n<tr data-start=\"1213\" data-end=\"1239\">\n<td data-start=\"1213\" data-end=\"1227\" data-col-size=\"sm\">Conector A<\/td>\n<td data-start=\"1227\" data-end=\"1239\" data-col-size=\"sm\">LC \/ UPC<\/td>\n<\/tr>\n<tr data-start=\"1240\" data-end=\"1266\">\n<td data-start=\"1240\" data-end=\"1254\" data-col-size=\"sm\">Conector B<\/td>\n<td data-start=\"1254\" data-end=\"1266\" data-col-size=\"sm\">ST \/ UPC<\/td>\n<\/tr>\n<tr data-start=\"1267\" data-end=\"1310\">\n<td data-start=\"1267\" data-end=\"1290\" data-col-size=\"sm\">Longitud de onda operativa<\/td>\n<td data-start=\"1290\" data-end=\"1310\" data-col-size=\"sm\">850 nm \/ 1300 nm<\/td>\n<\/tr>\n<tr data-start=\"1311\" data-end=\"1341\">\n<td data-start=\"1311\" data-end=\"1328\" data-col-size=\"sm\">P\u00e9rdida de inserci\u00f3n<\/td>\n<td data-start=\"1328\" data-end=\"1341\" data-col-size=\"sm\">\u2264 0,30 dB<\/td>\n<\/tr>\n<tr data-start=\"1342\" data-end=\"1367\">\n<td data-start=\"1342\" data-end=\"1356\" data-col-size=\"sm\">P\u00e9rdida de retorno<\/td>\n<td data-start=\"1356\" data-end=\"1367\" data-col-size=\"sm\">\u2265 30 dB<\/td>\n<\/tr>\n<tr data-start=\"1368\" data-end=\"1415\">\n<td data-start=\"1368\" data-end=\"1388\" data-col-size=\"sm\">Velocidad de datos t\u00edpica<\/td>\n<td data-start=\"1388\" data-end=\"1415\" data-col-size=\"sm\">Ethernet 1G hasta 275 m<\/td>\n<\/tr>\n<tr data-start=\"1416\" data-end=\"1446\">\n<td data-start=\"1416\" data-end=\"1431\" data-col-size=\"sm\">Cubierta del cable<\/td>\n<td data-start=\"1431\" data-end=\"1446\" data-col-size=\"sm\">LSZH o PVC<\/td>\n<\/tr>\n<tr data-start=\"1447\" data-end=\"1491\">\n<td data-start=\"1447\" data-end=\"1471\" data-col-size=\"sm\">Temperatura de funcionamiento<\/td>\n<td data-start=\"1471\" data-end=\"1491\" data-col-size=\"sm\">De -10 \u00b0C a +70 \u00b0C<\/td>\n<\/tr>\n<tr data-start=\"1492\" data-end=\"1533\">\n<td data-start=\"1492\" data-end=\"1504\" data-col-size=\"sm\">Normas<\/td>\n<td data-start=\"1504\" data-end=\"1533\" data-col-size=\"sm\">IEC, TIA-568, RoHS, REACH<\/td>\n<\/tr>\n<\/tbody>\n<\/table>\n<\/div>\n<\/div>\n<hr data-start=\"1535\" data-end=\"1538\" \/>\n<h3 data-start=\"1540\" data-end=\"1571\"><strong data-start=\"1544\" data-end=\"1571\">Aplicaciones en el mundo real<\/strong><\/h3>\n<p data-start=\"1573\" data-end=\"1604\">Este modelo se utiliza habitualmente en:<\/p>\n<ul data-start=\"1606\" data-end=\"1790\">\n<li data-start=\"1606\" data-end=\"1638\">\n<p data-start=\"1608\" data-end=\"1638\"><strong data-start=\"1608\" data-end=\"1638\">LAN empresariales y universitarias<\/strong><\/p>\n<\/li>\n<li data-start=\"1639\" data-end=\"1684\">\n<p data-start=\"1641\" data-end=\"1684\"><strong data-start=\"1641\" data-end=\"1684\">Sistemas de fibra \u00f3ptica para seguridad y vigilancia<\/strong><\/p>\n<\/li>\n<li data-start=\"1685\" data-end=\"1710\">\n<p data-start=\"1687\" data-end=\"1710\"><strong data-start=\"1687\" data-end=\"1710\">Ethernet industrial<\/strong><\/p>\n<\/li>\n<li data-start=\"1711\" data-end=\"1750\">\n<p data-start=\"1713\" data-end=\"1750\"><strong data-start=\"1713\" data-end=\"1750\">Salas de telecomunicaciones y armarios MDF\/IDF<\/strong><\/p>\n<\/li>\n<li data-start=\"1751\" data-end=\"1790\">\n<p data-start=\"1753\" data-end=\"1790\"><strong data-start=\"1753\" data-end=\"1790\">Conexiones del convertidor de medios de fibra<\/strong><\/p>\n<\/li>\n<\/ul>\n<p data-start=\"1792\" data-end=\"1908\">Su <strong data-start=\"1796\" data-end=\"1812\">N\u00facleo de 62,5 \u03bcm<\/strong> ofrece una buena tolerancia a la alineaci\u00f3n, lo que lo hace confiable en entornos con un gran n\u00famero de conexiones.<\/p>\n<hr data-start=\"1910\" data-end=\"1913\" \/>\n<h3 data-start=\"1915\" data-end=\"1962\"><strong data-start=\"1919\" data-end=\"1962\">Fabricado para un rendimiento constante<\/strong><\/h3>\n<p data-start=\"1964\" data-end=\"2247\">Cada cable de conexi\u00f3n LC-ST OM1 se fabrica utilizando <strong data-start=\"2008\" data-end=\"2056\">casquillos cer\u00e1micos de precisi\u00f3n y pulido UPC<\/strong>, seguido de <strong data-start=\"2070\" data-end=\"2114\">Inspecci\u00f3n \u00f3ptica y prueba de p\u00e9rdidas 100%<\/strong>. Esto garantiza que ambas fibras cumplan con <strong data-start=\"2151\" data-end=\"2201\">Normas estrictas de p\u00e9rdida de inserci\u00f3n y p\u00e9rdida de retorno<\/strong>, incluso despu\u00e9s de enchufarlo y desenchufarlo repetidamente.<\/p>\n<hr data-start=\"2249\" data-end=\"2252\" \/>\n<h2 data-start=\"2254\" data-end=\"2277\"><strong data-start=\"2257\" data-end=\"2277\">Preguntas y respuestas profesionales<\/strong><\/h2>\n<p data-start=\"2279\" data-end=\"2406\"><strong data-start=\"2279\" data-end=\"2327\">P1: \u00bfEste cable es compatible con Gigabit Ethernet?<\/strong><br data-start=\"2327\" data-end=\"2330\" \/>S\u00ed. La fibra OM1 62,5\/125 es compatible. <strong data-start=\"2363\" data-end=\"2405\">Ethernet 1G hasta 275 metros a 850 nm<\/strong>.<\/p>\n<p data-start=\"2408\" data-end=\"2565\"><strong data-start=\"2408\" data-end=\"2458\">P2: \u00bfPor qu\u00e9 utilizar LC en un extremo y ST en el otro?<\/strong><br data-start=\"2458\" data-end=\"2461\" \/>LC se conecta a <strong data-start=\"2476\" data-end=\"2506\">equipos modernos basados en SFP<\/strong>, mientras que ST coincide <strong data-start=\"2525\" data-end=\"2564\">tomas de corriente y paneles de conexi\u00f3n antiguos<\/strong>.<\/p>\n<p data-start=\"2567\" data-end=\"2684\"><strong data-start=\"2567\" data-end=\"2600\">P3: \u00bfEs adecuado para 10G?<\/strong><br data-start=\"2600\" data-end=\"2603\" \/>No. La fibra OM1 est\u00e1 dise\u00f1ada para <strong data-start=\"2633\" data-end=\"2657\">Fast Ethernet y 1G<\/strong>, no para transmisi\u00f3n 10G.<\/p>\n<p data-start=\"2686\" data-end=\"2850\"><strong data-start=\"2686\" data-end=\"2736\">P4: \u00bfEl pulido UPC mejora la calidad de la se\u00f1al?<\/strong><br data-start=\"2736\" data-end=\"2739\" \/>S\u00ed. El UPC crea un contacto m\u00e1s suave con la fibra, manteniendo <strong data-start=\"2790\" data-end=\"2812\">p\u00e9rdida de retorno \u226530 dB<\/strong> y mejorar la estabilidad de la transmisi\u00f3n.<\/p>","protected":false},"excerpt":{"rendered":"<p data-start=\"67\" data-end=\"388\">En <strong data-start=\"71\" data-end=\"100\">LC\/UPC\u2013ST\/UPC-62.5\/125-DX<\/strong> es un <strong data-start=\"106\" data-end=\"139\">puente de fibra multimodo d\u00faplex<\/strong> dise\u00f1ado para conectar <strong data-start=\"157\" data-end=\"186\">equipos modernos basados en LC<\/strong> con <strong data-start=\"192\" data-end=\"230\">Salidas y paneles de fibra ST heredados<\/strong>. Se utiliza ampliamente en <strong data-start=\"253\" data-end=\"337\">redes de campus, automatizaci\u00f3n industrial, enlaces de fibra CCTV y redes troncales de edificios.<\/strong> d\u00f3nde <strong data-start=\"344\" data-end=\"367\">Cableado OM1 de 62,5 \u03bcm<\/strong> sigue en servicio.<\/p>\n<p data-start=\"390\" data-end=\"566\">Este cable facilita la conexi\u00f3n. <strong data-start=\"426\" data-end=\"453\">transceptores LC compactos<\/strong> en conmutadores o convertidores de medios para <strong data-start=\"489\" data-end=\"527\">Infraestructura de fibra con terminaci\u00f3n ST<\/strong> sin adaptadores ni p\u00e9rdida de se\u00f1al.<\/p>","protected":false},"featured_media":673,"comment_status":"open","ping_status":"closed","template":"","meta":[],"product_brand":[],"product_cat":[44],"product_tag":[],"class_list":{"0":"post-671","1":"product","2":"type-product","3":"status-publish","4":"has-post-thumbnail","6":"product_cat-multimode-fiber-optic-patch-cord","8":"first","9":"instock","10":"shipping-taxable","11":"product-type-simple"},"_links":{"self":[{"href":"https:\/\/www.fenxifiber.com\/es\/wp-json\/wp\/v2\/product\/671","targetHints":{"allow":["GET"]}}],"collection":[{"href":"https:\/\/www.fenxifiber.com\/es\/wp-json\/wp\/v2\/product"}],"about":[{"href":"https:\/\/www.fenxifiber.com\/es\/wp-json\/wp\/v2\/types\/product"}],"replies":[{"embeddable":true,"href":"https:\/\/www.fenxifiber.com\/es\/wp-json\/wp\/v2\/comments?post=671"}],"wp:featuredmedia":[{"embeddable":true,"href":"https:\/\/www.fenxifiber.com\/es\/wp-json\/wp\/v2\/media\/673"}],"wp:attachment":[{"href":"https:\/\/www.fenxifiber.com\/es\/wp-json\/wp\/v2\/media?parent=671"}],"wp:term":[{"taxonomy":"product_brand","embeddable":true,"href":"https:\/\/www.fenxifiber.com\/es\/wp-json\/wp\/v2\/product_brand?post=671"},{"taxonomy":"product_cat","embeddable":true,"href":"https:\/\/www.fenxifiber.com\/es\/wp-json\/wp\/v2\/product_cat?post=671"},{"taxonomy":"product_tag","embeddable":true,"href":"https:\/\/www.fenxifiber.com\/es\/wp-json\/wp\/v2\/product_tag?post=671"}],"curies":[{"name":"wp","href":"https:\/\/api.w.org\/{rel}","templated":true}]}}