{"id":678,"date":"2026-02-03T06:53:30","date_gmt":"2026-02-03T06:53:30","guid":{"rendered":"https:\/\/www.fenxifiber.com\/?post_type=product&#038;p=678"},"modified":"2026-02-04T01:30:17","modified_gmt":"2026-02-04T01:30:17","slug":"fc-upc-st-upc-om3-dx","status":"publish","type":"product","link":"https:\/\/www.fenxifiber.com\/es\/product\/fc-upc-st-upc-om3-dx\/","title":{"rendered":"Cable de conexi\u00f3n de fibra \u00f3ptica multimodo FC\/UPC\u2013ST\/UPC-OM3-DX"},"content":{"rendered":"<h3 data-start=\"675\" data-end=\"709\"><strong data-start=\"679\" data-end=\"709\">\u00bfPor qu\u00e9 FC a ST en fibra OM3?<\/strong><\/h3>\n<p data-start=\"711\" data-end=\"958\">Los conectores FC proporcionan <strong data-start=\"733\" data-end=\"774\">roscado, bloqueo resistente a las vibraciones<\/strong>, lo que los hace ideales para <strong data-start=\"798\" data-end=\"842\">equipos de medici\u00f3n y enlaces cr\u00edticos<\/strong>.<br data-start=\"843\" data-end=\"846\" \/>Los conectores ST ofrecen <strong data-start=\"866\" data-end=\"892\">acoplamiento r\u00e1pido de bayoneta<\/strong>, lo que permite una instalaci\u00f3n r\u00e1pida en <strong data-start=\"924\" data-end=\"957\">paneles de conexi\u00f3n y tomas de corriente<\/strong>.<\/p>\n<p data-start=\"960\" data-end=\"1071\">Combinando estos dos en <strong data-start=\"983\" data-end=\"996\">Fibra OM3<\/strong> te da <strong data-start=\"1007\" data-end=\"1070\">Estabilidad de grado industrial con ancho de banda de grado de centro de datos.<\/strong>.<\/p>\n<hr data-start=\"1073\" data-end=\"1076\" \/>\n<h3 data-start=\"1078\" data-end=\"1110\"><strong data-start=\"1082\" data-end=\"1110\">Especificaciones t\u00e9cnicas<\/strong><\/h3>\n<div class=\"TyagGW_tableContainer\">\n<div class=\"group TyagGW_tableWrapper flex flex-col-reverse w-fit\" tabindex=\"-1\">\n<table class=\"w-fit min-w-(--thread-content-width)\" data-start=\"1112\" data-end=\"1594\">\n<thead data-start=\"1112\" data-end=\"1148\">\n<tr data-start=\"1112\" data-end=\"1148\">\n<th class=\"\" data-start=\"1112\" data-end=\"1124\" data-col-size=\"sm\">Par\u00e1metro<\/th>\n<th class=\"\" data-start=\"1124\" data-end=\"1148\" data-col-size=\"sm\">FC\/UPC\u2013ST\/UPC-OM3-DX<\/th>\n<\/tr>\n<\/thead>\n<tbody data-start=\"1177\" data-end=\"1594\">\n<tr data-start=\"1177\" data-end=\"1217\">\n<td data-start=\"1177\" data-end=\"1190\" data-col-size=\"sm\">Tipo de fibra<\/td>\n<td data-col-size=\"sm\" data-start=\"1190\" data-end=\"1217\">OM3 Multimodo 50\/125 \u03bcm<\/td>\n<\/tr>\n<tr data-start=\"1218\" data-end=\"1249\">\n<td data-start=\"1218\" data-end=\"1234\" data-col-size=\"sm\">Configuraci\u00f3n<\/td>\n<td data-start=\"1234\" data-end=\"1249\" data-col-size=\"sm\">D\u00faplex (DX)<\/td>\n<\/tr>\n<tr data-start=\"1250\" data-end=\"1276\">\n<td data-start=\"1250\" data-end=\"1264\" data-col-size=\"sm\">Conector A<\/td>\n<td data-start=\"1264\" data-end=\"1276\" data-col-size=\"sm\">FC \/ UPC<\/td>\n<\/tr>\n<tr data-start=\"1277\" data-end=\"1303\">\n<td data-start=\"1277\" data-end=\"1291\" data-col-size=\"sm\">Conector B<\/td>\n<td data-col-size=\"sm\" data-start=\"1291\" data-end=\"1303\">ST \/ UPC<\/td>\n<\/tr>\n<tr data-start=\"1304\" data-end=\"1347\">\n<td data-start=\"1304\" data-end=\"1327\" data-col-size=\"sm\">Longitud de onda operativa<\/td>\n<td data-start=\"1327\" data-end=\"1347\" data-col-size=\"sm\">850 nm \/ 1300 nm<\/td>\n<\/tr>\n<tr data-start=\"1348\" data-end=\"1378\">\n<td data-start=\"1348\" data-end=\"1365\" data-col-size=\"sm\">P\u00e9rdida de inserci\u00f3n<\/td>\n<td data-start=\"1365\" data-end=\"1378\" data-col-size=\"sm\">\u2264 0,30 dB<\/td>\n<\/tr>\n<tr data-start=\"1379\" data-end=\"1404\">\n<td data-start=\"1379\" data-end=\"1393\" data-col-size=\"sm\">P\u00e9rdida de retorno<\/td>\n<td data-start=\"1393\" data-end=\"1404\" data-col-size=\"sm\">\u2265 30 dB<\/td>\n<\/tr>\n<tr data-start=\"1405\" data-end=\"1441\">\n<td data-start=\"1405\" data-end=\"1426\" data-col-size=\"sm\">Alcance Ethernet 10G<\/td>\n<td data-col-size=\"sm\" data-start=\"1426\" data-end=\"1441\">Hasta 300 m<\/td>\n<\/tr>\n<tr data-start=\"1442\" data-end=\"1476\">\n<td data-start=\"1442\" data-end=\"1461\" data-col-size=\"sm\">Alcance de 40G\/100G<\/td>\n<td data-col-size=\"sm\" data-start=\"1461\" data-end=\"1476\">Hasta 100 m<\/td>\n<\/tr>\n<tr data-start=\"1477\" data-end=\"1507\">\n<td data-start=\"1477\" data-end=\"1492\" data-col-size=\"sm\">Cubierta del cable<\/td>\n<td data-col-size=\"sm\" data-start=\"1492\" data-end=\"1507\">LSZH o PVC<\/td>\n<\/tr>\n<tr data-start=\"1508\" data-end=\"1552\">\n<td data-start=\"1508\" data-end=\"1532\" data-col-size=\"sm\">Temperatura de funcionamiento<\/td>\n<td data-col-size=\"sm\" data-start=\"1532\" data-end=\"1552\">De -10 \u00b0C a +70 \u00b0C<\/td>\n<\/tr>\n<tr data-start=\"1553\" data-end=\"1594\">\n<td data-start=\"1553\" data-end=\"1565\" data-col-size=\"sm\">Normas<\/td>\n<td data-start=\"1565\" data-end=\"1594\" data-col-size=\"sm\">IEC, TIA-568, RoHS, REACH<\/td>\n<\/tr>\n<\/tbody>\n<\/table>\n<\/div>\n<\/div>\n<hr data-start=\"1596\" data-end=\"1599\" \/>\n<h3 data-start=\"1601\" data-end=\"1631\"><strong data-start=\"1605\" data-end=\"1631\">Rendimiento en el mundo real<\/strong><\/h3>\n<p data-start=\"1633\" data-end=\"1703\">Soportes de fibra OM3 <strong data-start=\"1652\" data-end=\"1687\">Ancho de banda de 2000 MHz\u00b7km a 850 nm<\/strong>, lo que permite:<\/p>\n<ul data-start=\"1705\" data-end=\"1776\">\n<li data-start=\"1705\" data-end=\"1740\">\n<p data-start=\"1707\" data-end=\"1740\"><strong data-start=\"1707\" data-end=\"1740\">Ethernet 10G hasta 300 metros<\/strong><\/p>\n<\/li>\n<li data-start=\"1741\" data-end=\"1776\">\n<p data-start=\"1743\" data-end=\"1776\"><strong data-start=\"1743\" data-end=\"1776\">40G y 100G hasta 100 metros<\/strong><\/p>\n<\/li>\n<\/ul>\n<p data-start=\"1778\" data-end=\"1823\">Esto hace que el puente FC\u2013ST OM3 sea adecuado para:<\/p>\n<ul data-start=\"1825\" data-end=\"2012\">\n<li data-start=\"1825\" data-end=\"1861\">\n<p data-start=\"1827\" data-end=\"1861\"><strong data-start=\"1827\" data-end=\"1861\">Ethernet industrial de alta velocidad<\/strong><\/p>\n<\/li>\n<li data-start=\"1862\" data-end=\"1904\">\n<p data-start=\"1864\" data-end=\"1904\"><strong data-start=\"1864\" data-end=\"1904\">Sistemas \u00f3pticos de prueba y medici\u00f3n<\/strong><\/p>\n<\/li>\n<li data-start=\"1905\" data-end=\"1942\">\n<p data-start=\"1907\" data-end=\"1942\"><strong data-start=\"1907\" data-end=\"1942\">Redes de telecomunicaciones y redes metropolitanas perif\u00e9ricas<\/strong><\/p>\n<\/li>\n<li data-start=\"1943\" data-end=\"1975\">\n<p data-start=\"1945\" data-end=\"1975\"><strong data-start=\"1945\" data-end=\"1975\">Conexiones cruzadas del centro de datos<\/strong><\/p>\n<\/li>\n<li data-start=\"1976\" data-end=\"2012\">\n<p data-start=\"1978\" data-end=\"2012\"><strong data-start=\"1978\" data-end=\"2012\">Sistemas de automatizaci\u00f3n y control<\/strong><\/p>\n<\/li>\n<\/ul>\n<hr data-start=\"2014\" data-end=\"2017\" \/>\n<h3 data-start=\"2019\" data-end=\"2060\"><strong data-start=\"2023\" data-end=\"2060\">Fabricado para garantizar la integridad de la se\u00f1al.<\/strong><\/h3>\n<p data-start=\"2062\" data-end=\"2345\">Cada cable se ensambla utilizando <strong data-start=\"2092\" data-end=\"2178\">casquillos cer\u00e1micos de precisi\u00f3n, pulido UPC e inspecci\u00f3n automatizada con interfer\u00f3metro.<\/strong>. Ambos canales de fibra son <strong data-start=\"2204\" data-end=\"2254\">100% probado para p\u00e9rdida de inserci\u00f3n y p\u00e9rdida de retorno<\/strong>, lo que garantiza una transmisi\u00f3n estable incluso en <strong data-start=\"2293\" data-end=\"2344\">entornos con altas vibraciones o altas temperaturas<\/strong>.<\/p>\n<p data-start=\"2347\" data-end=\"2455\">En <strong data-start=\"2351\" data-end=\"2373\">Opci\u00f3n de cubierta LSZH<\/strong> cumple con lo moderno <strong data-start=\"2387\" data-end=\"2412\">normas de seguridad contra incendios<\/strong> para centros de datos y edificios comerciales.<\/p>\n<hr data-start=\"2457\" data-end=\"2460\" \/>\n<h2 data-start=\"2462\" data-end=\"2485\"><strong data-start=\"2465\" data-end=\"2485\">Preguntas y respuestas profesionales<\/strong><\/h2>\n<p data-start=\"2487\" data-end=\"2636\"><strong data-start=\"2487\" data-end=\"2536\">P1: \u00bfEn qu\u00e9 se diferencia la fibra OM3 de la fibra 62,5\/125?<\/strong><br data-start=\"2536\" data-end=\"2539\" \/>OM3 tiene <strong data-start=\"2547\" data-end=\"2572\">ancho de banda mucho mayor<\/strong> y soportes <strong data-start=\"2586\" data-end=\"2598\">10G\u2013100G<\/strong>, mientras que 62,5\/125 se limita a <strong data-start=\"2629\" data-end=\"2635\">1G<\/strong>.<\/p>\n<p data-start=\"2638\" data-end=\"2812\"><strong data-start=\"2638\" data-end=\"2688\">P2: \u00bfPor qu\u00e9 utilizar conectores FC en enlaces de alta velocidad?<\/strong><br data-start=\"2688\" data-end=\"2691\" \/>FC <strong data-start=\"2696\" data-end=\"2723\">acoplamiento roscado de metal<\/strong> evita los micromovimientos que pueden causar fluctuaciones en la se\u00f1al en sistemas \u00f3pticos sensibles.<\/p>\n<p data-start=\"2814\" data-end=\"2979\"><strong data-start=\"2814\" data-end=\"2862\">P3: \u00bfEste cable es adecuado para centros de datos?<\/strong><br data-start=\"2862\" data-end=\"2865\" \/>S\u00ed. OM3 es compatible con <strong data-start=\"2883\" data-end=\"2905\">10G, 40G y 100G<\/strong> Enlaces de corto alcance que se utilizan habitualmente en centros de datos e infraestructuras en la nube.<\/p>","protected":false},"excerpt":{"rendered":"<p data-start=\"62\" data-end=\"476\">En <strong data-start=\"66\" data-end=\"90\">FC\/UPC\u2013ST\/UPC-OM3-DX<\/strong> es un <strong data-start=\"96\" data-end=\"150\">Cable de conexi\u00f3n de fibra multimodo d\u00faplex de alto rendimiento<\/strong> dise\u00f1ado para <strong data-start=\"166\" data-end=\"200\">Redes OM3 preparadas para 10G y 40G<\/strong> que requieren <strong data-start=\"214\" data-end=\"295\">Conexiones FC seguras por un lado e interfaces ST de conexi\u00f3n r\u00e1pida por el otro.<\/strong>. Se utiliza ampliamente en <strong data-start=\"318\" data-end=\"412\">salas de telecomunicaciones, Ethernet industrial, laboratorios de pruebas \u00f3pticas e implementaciones en el borde de centros de datos.<\/strong> donde se requiere tanto estabilidad mec\u00e1nica como velocidad \u00f3ptica.<\/p>\n<p data-start=\"478\" data-end=\"668\">Construido con <strong data-start=\"489\" data-end=\"528\">Fibra optimizada para l\u00e1ser OM3 50\/125 \u03bcm<\/strong>, Este cable est\u00e1 dise\u00f1ado para los modernos <strong data-start=\"564\" data-end=\"593\">\u00d3ptica basada en VCSEL de 850 nm<\/strong>, lo que proporciona un ancho de banda significativamente mayor que las fibras OM1 y OM2 tradicionales.<\/p>","protected":false},"featured_media":679,"comment_status":"open","ping_status":"closed","template":"","meta":[],"product_brand":[],"product_cat":[44],"product_tag":[],"class_list":{"0":"post-678","1":"product","2":"type-product","3":"status-publish","4":"has-post-thumbnail","6":"product_cat-multimode-fiber-optic-patch-cord","8":"first","9":"instock","10":"shipping-taxable","11":"product-type-simple"},"_links":{"self":[{"href":"https:\/\/www.fenxifiber.com\/es\/wp-json\/wp\/v2\/product\/678","targetHints":{"allow":["GET"]}}],"collection":[{"href":"https:\/\/www.fenxifiber.com\/es\/wp-json\/wp\/v2\/product"}],"about":[{"href":"https:\/\/www.fenxifiber.com\/es\/wp-json\/wp\/v2\/types\/product"}],"replies":[{"embeddable":true,"href":"https:\/\/www.fenxifiber.com\/es\/wp-json\/wp\/v2\/comments?post=678"}],"wp:featuredmedia":[{"embeddable":true,"href":"https:\/\/www.fenxifiber.com\/es\/wp-json\/wp\/v2\/media\/679"}],"wp:attachment":[{"href":"https:\/\/www.fenxifiber.com\/es\/wp-json\/wp\/v2\/media?parent=678"}],"wp:term":[{"taxonomy":"product_brand","embeddable":true,"href":"https:\/\/www.fenxifiber.com\/es\/wp-json\/wp\/v2\/product_brand?post=678"},{"taxonomy":"product_cat","embeddable":true,"href":"https:\/\/www.fenxifiber.com\/es\/wp-json\/wp\/v2\/product_cat?post=678"},{"taxonomy":"product_tag","embeddable":true,"href":"https:\/\/www.fenxifiber.com\/es\/wp-json\/wp\/v2\/product_tag?post=678"}],"curies":[{"name":"wp","href":"https:\/\/api.w.org\/{rel}","templated":true}]}}