{"id":680,"date":"2026-02-03T06:55:42","date_gmt":"2026-02-03T06:55:42","guid":{"rendered":"https:\/\/www.fenxifiber.com\/?post_type=product&#038;p=680"},"modified":"2026-02-04T01:30:51","modified_gmt":"2026-02-04T01:30:51","slug":"fc-upc-lc-upc-om3-dx","status":"publish","type":"product","link":"https:\/\/www.fenxifiber.com\/es\/product\/fc-upc-lc-upc-om3-dx\/","title":{"rendered":"Cable de conexi\u00f3n de fibra \u00f3ptica multimodo FC\/UPC\u2013LC\/UPC-OM3-DX"},"content":{"rendered":"<h3 data-start=\"616\" data-end=\"667\"><strong data-start=\"620\" data-end=\"667\">Donde la estabilidad se une a las redes de alta velocidad<\/strong><\/h3>\n<p data-start=\"669\" data-end=\"987\">Los conectores FC utilizan un <strong data-start=\"689\" data-end=\"716\">acoplamiento roscado de metal<\/strong>, lo que las hace muy resistentes a las vibraciones y los micromovimientos, perfectas para <strong data-start=\"791\" data-end=\"839\">OTDR, analizadores \u00f3pticos y enlaces cr\u00edticos<\/strong>.<br data-start=\"840\" data-end=\"843\" \/>Los conectores LC, por otro lado, proporcionan <strong data-start=\"885\" data-end=\"923\">conectividad compacta y de alta densidad<\/strong>, que es est\u00e1ndar en <strong data-start=\"946\" data-end=\"986\">Transceptores SFP+, QSFP y QSFP-DD<\/strong>.<\/p>\n<p data-start=\"989\" data-end=\"1120\">Este dise\u00f1o h\u00edbrido te permite conectarte <strong data-start=\"1025\" data-end=\"1088\">equipos de precisi\u00f3n directamente a hardware de red de alta velocidad<\/strong> sin adaptadores ni p\u00e9rdidas adicionales.<\/p>\n<hr data-start=\"1122\" data-end=\"1125\" \/>\n<h3 data-start=\"1127\" data-end=\"1159\"><strong data-start=\"1131\" data-end=\"1159\">Especificaciones t\u00e9cnicas<\/strong><\/h3>\n<div class=\"TyagGW_tableContainer\">\n<div class=\"group TyagGW_tableWrapper flex flex-col-reverse w-fit\" tabindex=\"-1\">\n<table class=\"w-fit min-w-(--thread-content-width)\" data-start=\"1161\" data-end=\"1631\">\n<thead data-start=\"1161\" data-end=\"1197\">\n<tr data-start=\"1161\" data-end=\"1197\">\n<th class=\"\" data-start=\"1161\" data-end=\"1173\" data-col-size=\"sm\">Par\u00e1metro<\/th>\n<th class=\"\" data-start=\"1173\" data-end=\"1197\" data-col-size=\"sm\">FC\/UPC\u2013LC\/UPC-OM3-DX<\/th>\n<\/tr>\n<\/thead>\n<tbody data-start=\"1226\" data-end=\"1631\">\n<tr data-start=\"1226\" data-end=\"1266\">\n<td data-start=\"1226\" data-end=\"1239\" data-col-size=\"sm\">Tipo de fibra<\/td>\n<td data-start=\"1239\" data-end=\"1266\" data-col-size=\"sm\">OM3 Multimodo 50\/125 \u03bcm<\/td>\n<\/tr>\n<tr data-start=\"1267\" data-end=\"1298\">\n<td data-start=\"1267\" data-end=\"1283\" data-col-size=\"sm\">Configuraci\u00f3n<\/td>\n<td data-start=\"1283\" data-end=\"1298\" data-col-size=\"sm\">D\u00faplex (DX)<\/td>\n<\/tr>\n<tr data-start=\"1299\" data-end=\"1325\">\n<td data-start=\"1299\" data-end=\"1313\" data-col-size=\"sm\">Conector A<\/td>\n<td data-start=\"1313\" data-end=\"1325\" data-col-size=\"sm\">FC \/ UPC<\/td>\n<\/tr>\n<tr data-start=\"1326\" data-end=\"1352\">\n<td data-start=\"1326\" data-end=\"1340\" data-col-size=\"sm\">Conector B<\/td>\n<td data-start=\"1340\" data-end=\"1352\" data-col-size=\"sm\">LC \/ UPC<\/td>\n<\/tr>\n<tr data-start=\"1353\" data-end=\"1396\">\n<td data-start=\"1353\" data-end=\"1376\" data-col-size=\"sm\">Longitud de onda operativa<\/td>\n<td data-start=\"1376\" data-end=\"1396\" data-col-size=\"sm\">850 nm \/ 1300 nm<\/td>\n<\/tr>\n<tr data-start=\"1397\" data-end=\"1427\">\n<td data-start=\"1397\" data-end=\"1414\" data-col-size=\"sm\">P\u00e9rdida de inserci\u00f3n<\/td>\n<td data-start=\"1414\" data-end=\"1427\" data-col-size=\"sm\">\u2264 0,30 dB<\/td>\n<\/tr>\n<tr data-start=\"1428\" data-end=\"1453\">\n<td data-start=\"1428\" data-end=\"1442\" data-col-size=\"sm\">P\u00e9rdida de retorno<\/td>\n<td data-start=\"1442\" data-end=\"1453\" data-col-size=\"sm\">\u2265 30 dB<\/td>\n<\/tr>\n<tr data-start=\"1454\" data-end=\"1484\">\n<td data-start=\"1454\" data-end=\"1469\" data-col-size=\"sm\">Ethernet 10G<\/td>\n<td data-start=\"1469\" data-end=\"1484\" data-col-size=\"sm\">Hasta 300 m<\/td>\n<\/tr>\n<tr data-start=\"1485\" data-end=\"1513\">\n<td data-start=\"1485\" data-end=\"1498\" data-col-size=\"sm\">40G \/ 100G<\/td>\n<td data-start=\"1498\" data-end=\"1513\" data-col-size=\"sm\">Hasta 100 m<\/td>\n<\/tr>\n<tr data-start=\"1514\" data-end=\"1544\">\n<td data-start=\"1514\" data-end=\"1529\" data-col-size=\"sm\">Cubierta del cable<\/td>\n<td data-start=\"1529\" data-end=\"1544\" data-col-size=\"sm\">LSZH o PVC<\/td>\n<\/tr>\n<tr data-start=\"1545\" data-end=\"1589\">\n<td data-start=\"1545\" data-end=\"1569\" data-col-size=\"sm\">Temperatura de funcionamiento<\/td>\n<td data-start=\"1569\" data-end=\"1589\" data-col-size=\"sm\">De -10 \u00b0C a +70 \u00b0C<\/td>\n<\/tr>\n<tr data-start=\"1590\" data-end=\"1631\">\n<td data-start=\"1590\" data-end=\"1602\" data-col-size=\"sm\">Normas<\/td>\n<td data-start=\"1602\" data-end=\"1631\" data-col-size=\"sm\">IEC, TIA-568, RoHS, REACH<\/td>\n<\/tr>\n<\/tbody>\n<\/table>\n<\/div>\n<\/div>\n<hr data-start=\"1633\" data-end=\"1636\" \/>\n<h3 data-start=\"1638\" data-end=\"1682\"><strong data-start=\"1642\" data-end=\"1682\">Para qu\u00e9 se utiliza habitualmente este cable<\/strong><\/h3>\n<ul data-start=\"1684\" data-end=\"1859\">\n<li data-start=\"1684\" data-end=\"1726\">\n<p data-start=\"1686\" data-end=\"1726\"><strong data-start=\"1686\" data-end=\"1726\">Sistemas \u00f3pticos de prueba y medici\u00f3n<\/strong><\/p>\n<\/li>\n<li data-start=\"1727\" data-end=\"1752\">\n<p data-start=\"1729\" data-end=\"1752\"><strong data-start=\"1729\" data-end=\"1752\">Ethernet industrial<\/strong><\/p>\n<\/li>\n<li data-start=\"1753\" data-end=\"1785\">\n<p data-start=\"1755\" data-end=\"1785\"><strong data-start=\"1755\" data-end=\"1785\">Redes de telecomunicaciones y metro<\/strong><\/p>\n<\/li>\n<li data-start=\"1786\" data-end=\"1818\">\n<p data-start=\"1788\" data-end=\"1818\"><strong data-start=\"1788\" data-end=\"1818\">Conexiones cruzadas del centro de datos<\/strong><\/p>\n<\/li>\n<li data-start=\"1819\" data-end=\"1859\">\n<p data-start=\"1821\" data-end=\"1859\"><strong data-start=\"1821\" data-end=\"1859\">Enlaces de alta velocidad para servidores y conmutadores<\/strong><\/p>\n<\/li>\n<\/ul>\n<p data-start=\"1861\" data-end=\"1989\">Con OM3 <strong data-start=\"1872\" data-end=\"1907\">Ancho de banda de 2000 MHz\u00b7km a 850 nm<\/strong>, proporciona un s\u00f3lido presupuesto \u00f3ptico para <strong data-start=\"1949\" data-end=\"1988\">aplicaciones de alta velocidad y corto alcance<\/strong>.<\/p>\n<hr data-start=\"1991\" data-end=\"1994\" \/>\n<h3 data-start=\"1996\" data-end=\"2039\"><strong data-start=\"2000\" data-end=\"2039\">Dise\u00f1ado para ofrecer precisi\u00f3n y fiabilidad<\/strong><\/h3>\n<p data-start=\"2041\" data-end=\"2347\">Todos los cables de conexi\u00f3n FC-LC OM3 se fabrican utilizando <strong data-start=\"2086\" data-end=\"2156\">casquillos cer\u00e1micos, pulido UPC e inspecci\u00f3n automatizada de extremos<\/strong>, y luego se someti\u00f3 a pruebas exhaustivas para <strong data-start=\"2180\" data-end=\"2214\">p\u00e9rdida de inserci\u00f3n y p\u00e9rdida de retorno<\/strong>. Esto garantiza <strong data-start=\"2229\" data-end=\"2259\">rendimiento \u00f3ptico estable<\/strong> incluso en entornos con <strong data-start=\"2286\" data-end=\"2346\">vibraci\u00f3n, cambios de temperatura o reconexiones frecuentes<\/strong>.<\/p>\n<p data-start=\"2349\" data-end=\"2469\">El opcional <strong data-start=\"2362\" data-end=\"2377\">Cubierta LSZH<\/strong> tambi\u00e9n cumple con los requisitos modernos <strong data-start=\"2396\" data-end=\"2424\">requisitos de seguridad contra incendios<\/strong> en instalaciones comerciales y centros de datos.<\/p>\n<hr data-start=\"2471\" data-end=\"2474\" \/>\n<h2 data-start=\"2476\" data-end=\"2499\"><strong data-start=\"2479\" data-end=\"2499\">Preguntas y respuestas profesionales<\/strong><\/h2>\n<p data-start=\"2501\" data-end=\"2670\"><strong data-start=\"2501\" data-end=\"2561\">P1: \u00bfQu\u00e9 hace que la fibra OM3 sea mejor que la fibra multimodo est\u00e1ndar?<\/strong><br data-start=\"2561\" data-end=\"2564\" \/>OM3 es <strong data-start=\"2571\" data-end=\"2590\">optimizado para l\u00e1ser<\/strong>, que ofrece un ancho de banda mucho mayor y es compatible con <strong data-start=\"2638\" data-end=\"2653\">De 10G a 100G<\/strong> enlaces a 850 nm.<\/p>\n<p data-start=\"2672\" data-end=\"2837\"><strong data-start=\"2672\" data-end=\"2722\">P2: \u00bfPor qu\u00e9 utilizar conectores FC en enlaces de alta velocidad?<\/strong><br data-start=\"2722\" data-end=\"2725\" \/>FC <strong data-start=\"2730\" data-end=\"2755\">dise\u00f1o met\u00e1lico roscado<\/strong> evita movimientos que pueden causar fluctuaciones en la se\u00f1al en sistemas \u00f3pticos sensibles.<\/p>\n<p data-start=\"2839\" data-end=\"2987\"><strong data-start=\"2839\" data-end=\"2886\">P3: \u00bfSe puede utilizar este cable en centros de datos?<\/strong><br data-start=\"2886\" data-end=\"2889\" \/>S\u00ed. La fibra OM3 se utiliza ampliamente para <strong data-start=\"2923\" data-end=\"2963\">Enlaces de corto alcance de 10G, 40G y 100G<\/strong> en los centros de datos modernos.<\/p>\n<p data-start=\"2989\" data-end=\"3134\"><strong data-start=\"2989\" data-end=\"3049\">P4: \u00bfEste cable es compatible con los m\u00f3dulos SFP+ y QSFP?<\/strong><br data-start=\"3049\" data-end=\"3052\" \/>S\u00ed. El <strong data-start=\"3061\" data-end=\"3071\">Fin de LC<\/strong> se conecta directamente a <strong data-start=\"3093\" data-end=\"3133\">Transceptores SFP+, QSFP y QSFP-DD<\/strong>.<\/p>","protected":false},"excerpt":{"rendered":"<p data-start=\"62\" data-end=\"444\">En <strong data-start=\"66\" data-end=\"90\">FC\/UPC\u2013LC\/UPC-OM3-DX<\/strong> es un <strong data-start=\"96\" data-end=\"137\">Cable de conexi\u00f3n de fibra multimodo OM3 d\u00faplex<\/strong> dise\u00f1ado para conectar <strong data-start=\"155\" data-end=\"184\">Puertos FC de grado instrumental<\/strong> con <strong data-start=\"190\" data-end=\"220\">interfaces LC de alta densidad<\/strong> utilizado en interruptores y transceptores modernos. Es una soluci\u00f3n ideal para <strong data-start=\"290\" data-end=\"375\">salas de telecomunicaciones, laboratorios de pruebas \u00f3pticas, Ethernet industrial y enlaces perif\u00e9ricos de centros de datos.<\/strong> donde ambos <strong data-start=\"387\" data-end=\"430\">estabilidad mec\u00e1nica y gran ancho de banda<\/strong> son necesarios.<\/p>\n<p data-start=\"446\" data-end=\"609\">Uso <strong data-start=\"452\" data-end=\"491\">Fibra optimizada para l\u00e1ser OM3 50\/125 \u03bcm<\/strong>, este cable es compatible con los dispositivos actuales. <strong data-start=\"521\" data-end=\"550\">\u00d3ptica basada en VCSEL de 850 nm<\/strong>, lo que permite <strong data-start=\"561\" data-end=\"608\">Transmisi\u00f3n de corto alcance de 10G, 40G y 100G<\/strong>.<\/p>","protected":false},"featured_media":681,"comment_status":"open","ping_status":"closed","template":"","meta":[],"product_brand":[],"product_cat":[44],"product_tag":[],"class_list":{"0":"post-680","1":"product","2":"type-product","3":"status-publish","4":"has-post-thumbnail","6":"product_cat-multimode-fiber-optic-patch-cord","8":"first","9":"instock","10":"shipping-taxable","11":"product-type-simple"},"_links":{"self":[{"href":"https:\/\/www.fenxifiber.com\/es\/wp-json\/wp\/v2\/product\/680","targetHints":{"allow":["GET"]}}],"collection":[{"href":"https:\/\/www.fenxifiber.com\/es\/wp-json\/wp\/v2\/product"}],"about":[{"href":"https:\/\/www.fenxifiber.com\/es\/wp-json\/wp\/v2\/types\/product"}],"replies":[{"embeddable":true,"href":"https:\/\/www.fenxifiber.com\/es\/wp-json\/wp\/v2\/comments?post=680"}],"wp:featuredmedia":[{"embeddable":true,"href":"https:\/\/www.fenxifiber.com\/es\/wp-json\/wp\/v2\/media\/681"}],"wp:attachment":[{"href":"https:\/\/www.fenxifiber.com\/es\/wp-json\/wp\/v2\/media?parent=680"}],"wp:term":[{"taxonomy":"product_brand","embeddable":true,"href":"https:\/\/www.fenxifiber.com\/es\/wp-json\/wp\/v2\/product_brand?post=680"},{"taxonomy":"product_cat","embeddable":true,"href":"https:\/\/www.fenxifiber.com\/es\/wp-json\/wp\/v2\/product_cat?post=680"},{"taxonomy":"product_tag","embeddable":true,"href":"https:\/\/www.fenxifiber.com\/es\/wp-json\/wp\/v2\/product_tag?post=680"}],"curies":[{"name":"wp","href":"https:\/\/api.w.org\/{rel}","templated":true}]}}