{"id":682,"date":"2026-02-03T06:59:34","date_gmt":"2026-02-03T06:59:34","guid":{"rendered":"https:\/\/www.fenxifiber.com\/?post_type=product&#038;p=682"},"modified":"2026-02-04T01:31:32","modified_gmt":"2026-02-04T01:31:32","slug":"lc-upc-lc-upc-om3-dx","status":"publish","type":"product","link":"https:\/\/www.fenxifiber.com\/es\/product\/lc-upc-lc-upc-om3-dx\/","title":{"rendered":"Cable de conexi\u00f3n de fibra \u00f3ptica multimodo LC\/UPC\u2013LC\/UPC-OM3-DX"},"content":{"rendered":"<h3 data-start=\"572\" data-end=\"613\"><strong data-start=\"576\" data-end=\"613\">Dise\u00f1ado para la \u00f3ptica moderna de alta velocidad<\/strong><\/h3>\n<p data-start=\"615\" data-end=\"765\">La fibra OM3 est\u00e1 optimizada para <strong data-start=\"642\" data-end=\"672\">Fuentes de luz VCSEL de 850 nm<\/strong>, la columna vertebral de las redes Ethernet de corto alcance. Con un <strong data-start=\"719\" data-end=\"744\">Ancho de banda de 2000 MHz\u00b7km<\/strong>, es compatible con:<\/p>\n<ul data-start=\"767\" data-end=\"828\">\n<li data-start=\"767\" data-end=\"797\">\n<p data-start=\"769\" data-end=\"797\"><strong data-start=\"769\" data-end=\"797\">Ethernet 10G hasta 300 m<\/strong><\/p>\n<\/li>\n<li data-start=\"798\" data-end=\"828\">\n<p data-start=\"800\" data-end=\"828\"><strong data-start=\"800\" data-end=\"828\">40G y 100G hasta 100 m<\/strong><\/p>\n<\/li>\n<\/ul>\n<p data-start=\"830\" data-end=\"964\">Los conectores LC permiten <strong data-start=\"850\" data-end=\"876\">el doble de densidad de puertos<\/strong> de los conectores SC m\u00e1s antiguos, lo que ayuda a reducir el espacio ocupado en los paneles y la acumulaci\u00f3n de cables en los racks con alta densidad.<\/p>\n<hr data-start=\"966\" data-end=\"969\" \/>\n<h3 data-start=\"971\" data-end=\"1003\"><strong data-start=\"975\" data-end=\"1003\">Especificaciones t\u00e9cnicas<\/strong><\/h3>\n<div class=\"TyagGW_tableContainer\">\n<div class=\"group TyagGW_tableWrapper flex flex-col-reverse w-fit\" tabindex=\"-1\">\n<table class=\"w-fit min-w-(--thread-content-width)\" data-start=\"1005\" data-end=\"1475\">\n<thead data-start=\"1005\" data-end=\"1041\">\n<tr data-start=\"1005\" data-end=\"1041\">\n<th class=\"\" data-start=\"1005\" data-end=\"1017\" data-col-size=\"sm\">Par\u00e1metro<\/th>\n<th class=\"\" data-start=\"1017\" data-end=\"1041\" data-col-size=\"sm\">LC\/UPC\u2013LC\/UPC-OM3-DX<\/th>\n<\/tr>\n<\/thead>\n<tbody data-start=\"1070\" data-end=\"1475\">\n<tr data-start=\"1070\" data-end=\"1110\">\n<td data-start=\"1070\" data-end=\"1083\" data-col-size=\"sm\">Tipo de fibra<\/td>\n<td data-start=\"1083\" data-end=\"1110\" data-col-size=\"sm\">OM3 Multimodo 50\/125 \u03bcm<\/td>\n<\/tr>\n<tr data-start=\"1111\" data-end=\"1142\">\n<td data-start=\"1111\" data-end=\"1127\" data-col-size=\"sm\">Configuraci\u00f3n<\/td>\n<td data-start=\"1127\" data-end=\"1142\" data-col-size=\"sm\">D\u00faplex (DX)<\/td>\n<\/tr>\n<tr data-start=\"1143\" data-end=\"1169\">\n<td data-start=\"1143\" data-end=\"1157\" data-col-size=\"sm\">Conector A<\/td>\n<td data-start=\"1157\" data-end=\"1169\" data-col-size=\"sm\">LC \/ UPC<\/td>\n<\/tr>\n<tr data-start=\"1170\" data-end=\"1196\">\n<td data-start=\"1170\" data-end=\"1184\" data-col-size=\"sm\">Conector B<\/td>\n<td data-start=\"1184\" data-end=\"1196\" data-col-size=\"sm\">LC \/ UPC<\/td>\n<\/tr>\n<tr data-start=\"1197\" data-end=\"1240\">\n<td data-start=\"1197\" data-end=\"1220\" data-col-size=\"sm\">Longitud de onda operativa<\/td>\n<td data-start=\"1220\" data-end=\"1240\" data-col-size=\"sm\">850 nm \/ 1300 nm<\/td>\n<\/tr>\n<tr data-start=\"1241\" data-end=\"1271\">\n<td data-start=\"1241\" data-end=\"1258\" data-col-size=\"sm\">P\u00e9rdida de inserci\u00f3n<\/td>\n<td data-start=\"1258\" data-end=\"1271\" data-col-size=\"sm\">\u2264 0,30 dB<\/td>\n<\/tr>\n<tr data-start=\"1272\" data-end=\"1297\">\n<td data-start=\"1272\" data-end=\"1286\" data-col-size=\"sm\">P\u00e9rdida de retorno<\/td>\n<td data-start=\"1286\" data-end=\"1297\" data-col-size=\"sm\">\u2265 30 dB<\/td>\n<\/tr>\n<tr data-start=\"1298\" data-end=\"1328\">\n<td data-start=\"1298\" data-end=\"1313\" data-col-size=\"sm\">Ethernet 10G<\/td>\n<td data-start=\"1313\" data-end=\"1328\" data-col-size=\"sm\">Hasta 300 m<\/td>\n<\/tr>\n<tr data-start=\"1329\" data-end=\"1357\">\n<td data-start=\"1329\" data-end=\"1342\" data-col-size=\"sm\">40G \/ 100G<\/td>\n<td data-start=\"1342\" data-end=\"1357\" data-col-size=\"sm\">Hasta 100 m<\/td>\n<\/tr>\n<tr data-start=\"1358\" data-end=\"1388\">\n<td data-start=\"1358\" data-end=\"1373\" data-col-size=\"sm\">Cubierta del cable<\/td>\n<td data-start=\"1373\" data-end=\"1388\" data-col-size=\"sm\">LSZH o PVC<\/td>\n<\/tr>\n<tr data-start=\"1389\" data-end=\"1433\">\n<td data-start=\"1389\" data-end=\"1413\" data-col-size=\"sm\">Temperatura de funcionamiento<\/td>\n<td data-start=\"1413\" data-end=\"1433\" data-col-size=\"sm\">De -10 \u00b0C a +70 \u00b0C<\/td>\n<\/tr>\n<tr data-start=\"1434\" data-end=\"1475\">\n<td data-start=\"1434\" data-end=\"1446\" data-col-size=\"sm\">Normas<\/td>\n<td data-start=\"1446\" data-end=\"1475\" data-col-size=\"sm\">IEC, TIA-568, RoHS, REACH<\/td>\n<\/tr>\n<\/tbody>\n<\/table>\n<\/div>\n<\/div>\n<hr data-start=\"1477\" data-end=\"1480\" \/>\n<h3 data-start=\"1482\" data-end=\"1514\"><strong data-start=\"1486\" data-end=\"1514\">D\u00f3nde se utiliza este cable<\/strong><\/h3>\n<ul data-start=\"1516\" data-end=\"1701\">\n<li data-start=\"1516\" data-end=\"1565\">\n<p data-start=\"1518\" data-end=\"1565\"><strong data-start=\"1518\" data-end=\"1565\">Enlaces de conmutador a conmutador y de conmutador a servidor<\/strong><\/p>\n<\/li>\n<li data-start=\"1566\" data-end=\"1598\">\n<p data-start=\"1568\" data-end=\"1598\"><strong data-start=\"1568\" data-end=\"1598\">Conexiones cruzadas del centro de datos<\/strong><\/p>\n<\/li>\n<li data-start=\"1599\" data-end=\"1629\">\n<p data-start=\"1601\" data-end=\"1629\"><strong data-start=\"1601\" data-end=\"1629\">Redes troncales LAN empresariales<\/strong><\/p>\n<\/li>\n<li data-start=\"1630\" data-end=\"1667\">\n<p data-start=\"1632\" data-end=\"1667\"><strong data-start=\"1632\" data-end=\"1667\">Cl\u00fasteres de computaci\u00f3n en la nube y de inteligencia artificial<\/strong><\/p>\n<\/li>\n<li data-start=\"1668\" data-end=\"1701\">\n<p data-start=\"1670\" data-end=\"1701\"><strong data-start=\"1670\" data-end=\"1701\">Redes de almacenamiento de alta velocidad<\/strong><\/p>\n<\/li>\n<\/ul>\n<p data-start=\"1703\" data-end=\"1836\">La baja atenuaci\u00f3n y el amplio ancho de banda del OM3 lo convierten en la opci\u00f3n ideal para <strong data-start=\"1762\" data-end=\"1794\">entornos con gran n\u00famero de puertos<\/strong> donde el rendimiento y la consistencia son fundamentales.<\/p>\n<hr data-start=\"1838\" data-end=\"1841\" \/>\n<h3 data-start=\"1843\" data-end=\"1887\"><strong data-start=\"1847\" data-end=\"1887\">Fabricaci\u00f3n de precisi\u00f3n para bajas p\u00e9rdidas<\/strong><\/h3>\n<p data-start=\"1889\" data-end=\"2164\">Cada cable de conexi\u00f3n LC-LC OM3 se ensambla utilizando <strong data-start=\"1930\" data-end=\"1988\">casquillos de cer\u00e1mica de alta calidad y extremos pulidos seg\u00fan la norma UPC<\/strong>, y luego se inspeccion\u00f3 y se someti\u00f3 a pruebas para <strong data-start=\"2020\" data-end=\"2074\">p\u00e9rdida de inserci\u00f3n, p\u00e9rdida de retorno y geometr\u00eda del extremo frontal<\/strong>. Esto garantiza <strong data-start=\"2092\" data-end=\"2122\">rendimiento \u00f3ptico estable<\/strong> a lo largo de miles de ciclos de \u00abplug-and-play\u00bb.<\/p>\n<p data-start=\"2166\" data-end=\"2276\">En <strong data-start=\"2170\" data-end=\"2192\">Opci\u00f3n de cubierta LSZH<\/strong> admite moderno <strong data-start=\"2209\" data-end=\"2234\">normas de seguridad contra incendios<\/strong> en centros de datos y edificios comerciales.<\/p>\n<hr data-start=\"2278\" data-end=\"2281\" \/>\n<h2 data-start=\"2283\" data-end=\"2306\"><strong data-start=\"2286\" data-end=\"2306\">Preguntas y respuestas profesionales<\/strong><\/h2>\n<p data-start=\"2308\" data-end=\"2467\"><strong data-start=\"2308\" data-end=\"2360\">P1: \u00bfSigue siendo relevante el OM3 para las nuevas instalaciones?<\/strong><br data-start=\"2360\" data-end=\"2363\" \/>S\u00ed. OM3 sigue siendo un <strong data-start=\"2382\" data-end=\"2405\">norma general<\/strong> para <strong data-start=\"2410\" data-end=\"2450\">Enlaces de corto alcance de 10G, 40G y 100G<\/strong> en centros de datos.<\/p>\n<p data-start=\"2469\" data-end=\"2607\"><strong data-start=\"2469\" data-end=\"2518\">P2: \u00bfSe puede utilizar este cable con m\u00f3dulos SFP+?<\/strong><br data-start=\"2518\" data-end=\"2521\" \/>Por supuesto. Los conectores LC son los <strong data-start=\"2555\" data-end=\"2606\">interfaz nativa para m\u00f3dulos \u00f3pticos SFP, SFP+ y QSFP<\/strong>.<\/p>\n<p data-start=\"2609\" data-end=\"2793\"><strong data-start=\"2609\" data-end=\"2660\">P3: \u00bfCu\u00e1l es la diferencia entre OM3 y OM4?<\/strong><br data-start=\"2660\" data-end=\"2663\" \/>OM4 es compatible con <strong data-start=\"2676\" data-end=\"2701\">distancias de 100G m\u00e1s largas<\/strong>, pero el OM3 es m\u00e1s rentable y sigue cumpliendo con la mayor\u00eda de los <strong data-start=\"2755\" data-end=\"2786\">de rack a rack y de fila a fila<\/strong> necesidades.<\/p>\n<p data-start=\"2795\" data-end=\"2939\"><strong data-start=\"2795\" data-end=\"2844\">P4: \u00bfEl pulido UPC afecta a la calidad de la se\u00f1al?<\/strong><br data-start=\"2844\" data-end=\"2847\" \/>S\u00ed. El UPC reduce la reflexi\u00f3n trasera y mantiene <strong data-start=\"2890\" data-end=\"2912\">p\u00e9rdida de retorno \u226530 dB<\/strong>, mejorando la estabilidad del enlace.<\/p>","protected":false},"excerpt":{"rendered":"<p data-start=\"62\" data-end=\"455\">En <strong data-start=\"66\" data-end=\"90\">LC\/UPC\u2013LC\/UPC-OM3-DX<\/strong> es un <strong data-start=\"96\" data-end=\"146\">cable de conexi\u00f3n de fibra \u00f3ptica multimodo d\u00faplex de alta densidad<\/strong> dise\u00f1ado para el mundo actual <strong data-start=\"165\" data-end=\"209\">Entornos Ethernet de 10G, 40G y 100G<\/strong>. Con <strong data-start=\"216\" data-end=\"246\">Conectores LC en ambos extremos<\/strong> y <strong data-start=\"251\" data-end=\"290\">Fibra OM3 optimizada para l\u00e1ser de 50\/125 \u03bcm<\/strong>, se conecta directamente a <strong data-start=\"315\" data-end=\"355\">Transceptores SFP+, QSFP y QSFP-DD<\/strong>, lo que lo convierte en la opci\u00f3n habitual para <strong data-start=\"391\" data-end=\"454\">centros de datos, redes empresariales e infraestructura en la nube<\/strong>.<\/p>\n<p data-start=\"457\" data-end=\"565\">Compacto, con bajas p\u00e9rdidas y gran ancho de banda, este puente est\u00e1 dise\u00f1ado para mantener los enlaces de alta velocidad limpios y eficientes.<\/p>","protected":false},"featured_media":683,"comment_status":"open","ping_status":"closed","template":"","meta":[],"product_brand":[],"product_cat":[44],"product_tag":[],"class_list":{"0":"post-682","1":"product","2":"type-product","3":"status-publish","4":"has-post-thumbnail","6":"product_cat-multimode-fiber-optic-patch-cord","8":"first","9":"instock","10":"shipping-taxable","11":"product-type-simple"},"_links":{"self":[{"href":"https:\/\/www.fenxifiber.com\/es\/wp-json\/wp\/v2\/product\/682","targetHints":{"allow":["GET"]}}],"collection":[{"href":"https:\/\/www.fenxifiber.com\/es\/wp-json\/wp\/v2\/product"}],"about":[{"href":"https:\/\/www.fenxifiber.com\/es\/wp-json\/wp\/v2\/types\/product"}],"replies":[{"embeddable":true,"href":"https:\/\/www.fenxifiber.com\/es\/wp-json\/wp\/v2\/comments?post=682"}],"wp:featuredmedia":[{"embeddable":true,"href":"https:\/\/www.fenxifiber.com\/es\/wp-json\/wp\/v2\/media\/683"}],"wp:attachment":[{"href":"https:\/\/www.fenxifiber.com\/es\/wp-json\/wp\/v2\/media?parent=682"}],"wp:term":[{"taxonomy":"product_brand","embeddable":true,"href":"https:\/\/www.fenxifiber.com\/es\/wp-json\/wp\/v2\/product_brand?post=682"},{"taxonomy":"product_cat","embeddable":true,"href":"https:\/\/www.fenxifiber.com\/es\/wp-json\/wp\/v2\/product_cat?post=682"},{"taxonomy":"product_tag","embeddable":true,"href":"https:\/\/www.fenxifiber.com\/es\/wp-json\/wp\/v2\/product_tag?post=682"}],"curies":[{"name":"wp","href":"https:\/\/api.w.org\/{rel}","templated":true}]}}