{"id":685,"date":"2026-02-03T07:01:26","date_gmt":"2026-02-03T07:01:26","guid":{"rendered":"https:\/\/www.fenxifiber.com\/?post_type=product&#038;p=685"},"modified":"2026-02-04T01:32:04","modified_gmt":"2026-02-04T01:32:04","slug":"sc-upc-st-upc-om3-dx","status":"publish","type":"product","link":"https:\/\/www.fenxifiber.com\/es\/product\/sc-upc-st-upc-om3-dx\/","title":{"rendered":"Cable de conexi\u00f3n de fibra \u00f3ptica multimodo SC\/UPC\u2013ST\/UPC-OM3-DX"},"content":{"rendered":"<h3 data-start=\"612\" data-end=\"661\"><strong data-start=\"616\" data-end=\"661\">Dise\u00f1ado para la migraci\u00f3n y expansi\u00f3n de redes<\/strong><\/h3>\n<p data-start=\"663\" data-end=\"966\">Muchas instalaciones siguen dependiendo de <strong data-start=\"693\" data-end=\"710\">Conectores ST<\/strong> en paneles de conexi\u00f3n o enlaces troncales, mientras que <strong data-start=\"752\" data-end=\"769\">Conectores SC<\/strong> predominan en conmutadores y bastidores de distribuci\u00f3n \u00f3ptica. Esta configuraci\u00f3n SC a ST elimina la necesidad de adaptadores, lo que reduce <strong data-start=\"895\" data-end=\"965\">p\u00e9rdida de inserci\u00f3n, puntos de reflexi\u00f3n y riesgos de mantenimiento a largo plazo.<\/strong>.<\/p>\n<p data-start=\"968\" data-end=\"1106\">La fibra OM3 garantiza un excelente rendimiento con <strong data-start=\"1013\" data-end=\"1042\">Transceptores VCSEL de 850 nm<\/strong>, que son est\u00e1ndar en la actualidad. <strong data-start=\"1074\" data-end=\"1105\">\u00d3ptica multimodo de alta velocidad<\/strong>.<\/p>\n<hr data-start=\"1108\" data-end=\"1111\" \/>\n<h3 data-start=\"1113\" data-end=\"1147\"><strong data-start=\"1117\" data-end=\"1147\">Especificaciones de rendimiento<\/strong><\/h3>\n<div class=\"TyagGW_tableContainer\">\n<div class=\"group TyagGW_tableWrapper flex flex-col-reverse w-fit\" tabindex=\"-1\">\n<table class=\"w-fit min-w-(--thread-content-width)\" data-start=\"1149\" data-end=\"1602\">\n<thead data-start=\"1149\" data-end=\"1180\">\n<tr data-start=\"1149\" data-end=\"1180\">\n<th class=\"\" data-start=\"1149\" data-end=\"1156\" data-col-size=\"sm\">Art\u00edculo<\/th>\n<th class=\"\" data-start=\"1156\" data-end=\"1180\" data-col-size=\"sm\">SC\/UPC\u2013ST\/UPC-OM3-DX<\/th>\n<\/tr>\n<\/thead>\n<tbody data-start=\"1207\" data-end=\"1602\">\n<tr data-start=\"1207\" data-end=\"1247\">\n<td data-start=\"1207\" data-end=\"1220\" data-col-size=\"sm\">Tipo de fibra<\/td>\n<td data-start=\"1220\" data-end=\"1247\" data-col-size=\"sm\">OM3 Multimodo 50\/125 \u03bcm<\/td>\n<\/tr>\n<tr data-start=\"1248\" data-end=\"1277\">\n<td data-start=\"1248\" data-end=\"1262\" data-col-size=\"sm\">Recuento de fibras<\/td>\n<td data-start=\"1262\" data-end=\"1277\" data-col-size=\"sm\">D\u00faplex (DX)<\/td>\n<\/tr>\n<tr data-start=\"1278\" data-end=\"1304\">\n<td data-start=\"1278\" data-end=\"1292\" data-col-size=\"sm\">Conector A<\/td>\n<td data-start=\"1292\" data-end=\"1304\" data-col-size=\"sm\">SC \/ UPC<\/td>\n<\/tr>\n<tr data-start=\"1305\" data-end=\"1331\">\n<td data-start=\"1305\" data-end=\"1319\" data-col-size=\"sm\">Conector B<\/td>\n<td data-start=\"1319\" data-end=\"1331\" data-col-size=\"sm\">ST \/ UPC<\/td>\n<\/tr>\n<tr data-start=\"1332\" data-end=\"1375\">\n<td data-start=\"1332\" data-end=\"1355\" data-col-size=\"sm\">Longitud de onda operativa<\/td>\n<td data-col-size=\"sm\" data-start=\"1355\" data-end=\"1375\">850 nm \/ 1300 nm<\/td>\n<\/tr>\n<tr data-start=\"1376\" data-end=\"1412\">\n<td data-start=\"1376\" data-end=\"1397\" data-col-size=\"sm\">Ancho de banda a 850 nm<\/td>\n<td data-col-size=\"sm\" data-start=\"1397\" data-end=\"1412\">2000 MHz\u00b7km<\/td>\n<\/tr>\n<tr data-start=\"1413\" data-end=\"1443\">\n<td data-start=\"1413\" data-end=\"1430\" data-col-size=\"sm\">P\u00e9rdida de inserci\u00f3n<\/td>\n<td data-start=\"1430\" data-end=\"1443\" data-col-size=\"sm\">\u2264 0,30 dB<\/td>\n<\/tr>\n<tr data-start=\"1444\" data-end=\"1469\">\n<td data-start=\"1444\" data-end=\"1458\" data-col-size=\"sm\">P\u00e9rdida de retorno<\/td>\n<td data-start=\"1458\" data-end=\"1469\" data-col-size=\"sm\">\u2265 30 dB<\/td>\n<\/tr>\n<tr data-start=\"1470\" data-end=\"1500\">\n<td data-start=\"1470\" data-end=\"1485\" data-col-size=\"sm\">Ethernet 10G<\/td>\n<td data-col-size=\"sm\" data-start=\"1485\" data-end=\"1500\">Hasta 300 m<\/td>\n<\/tr>\n<tr data-start=\"1501\" data-end=\"1529\">\n<td data-start=\"1501\" data-end=\"1514\" data-col-size=\"sm\">40G \/ 100G<\/td>\n<td data-col-size=\"sm\" data-start=\"1514\" data-end=\"1529\">Hasta 100 m<\/td>\n<\/tr>\n<tr data-start=\"1530\" data-end=\"1559\">\n<td data-start=\"1530\" data-end=\"1544\" data-col-size=\"sm\">Tipo de chaqueta<\/td>\n<td data-col-size=\"sm\" data-start=\"1544\" data-end=\"1559\">LSZH o PVC<\/td>\n<\/tr>\n<tr data-start=\"1560\" data-end=\"1602\">\n<td data-start=\"1560\" data-end=\"1573\" data-col-size=\"sm\">Conformidad<\/td>\n<td data-col-size=\"sm\" data-start=\"1573\" data-end=\"1602\">TIA-568, IEC, RoHS, REACH<\/td>\n<\/tr>\n<\/tbody>\n<\/table>\n<\/div>\n<\/div>\n<hr data-start=\"1604\" data-end=\"1607\" \/>\n<h3 data-start=\"1609\" data-end=\"1643\"><strong data-start=\"1613\" data-end=\"1643\">D\u00f3nde encaja mejor este cable<\/strong><\/h3>\n<ul data-start=\"1645\" data-end=\"1855\">\n<li data-start=\"1645\" data-end=\"1701\">\n<p data-start=\"1647\" data-end=\"1701\"><strong data-start=\"1647\" data-end=\"1701\">Actualizaci\u00f3n de redes ST heredadas a hardware SC moderno<\/strong><\/p>\n<\/li>\n<li data-start=\"1702\" data-end=\"1739\">\n<p data-start=\"1704\" data-end=\"1739\"><strong data-start=\"1704\" data-end=\"1739\">Redes troncales empresariales y universitarias<\/strong><\/p>\n<\/li>\n<li data-start=\"1740\" data-end=\"1788\">\n<p data-start=\"1742\" data-end=\"1788\"><strong data-start=\"1742\" data-end=\"1788\">Ethernet industrial y automatizaci\u00f3n de f\u00e1bricas<\/strong><\/p>\n<\/li>\n<li data-start=\"1789\" data-end=\"1822\">\n<p data-start=\"1791\" data-end=\"1822\"><strong data-start=\"1791\" data-end=\"1822\">Cuadros de distribuci\u00f3n de telecomunicaciones<\/strong><\/p>\n<\/li>\n<li data-start=\"1823\" data-end=\"1855\">\n<p data-start=\"1825\" data-end=\"1855\"><strong data-start=\"1825\" data-end=\"1855\">Conexiones cruzadas del centro de datos<\/strong><\/p>\n<\/li>\n<\/ul>\n<p data-start=\"1857\" data-end=\"1965\">La fibra OM3 proporciona el margen \u00f3ptico necesario para <strong data-start=\"1908\" data-end=\"1964\">conmutaci\u00f3n de alta densidad y futuras actualizaciones de ancho de banda<\/strong>.<\/p>\n<hr data-start=\"1967\" data-end=\"1970\" \/>\n<h3 data-start=\"1972\" data-end=\"2013\"><strong data-start=\"1976\" data-end=\"2013\">Fabricado para garantizar la integridad de la se\u00f1al.<\/strong><\/h3>\n<p data-start=\"2015\" data-end=\"2269\">Cada cable de conexi\u00f3n se fabrica con <strong data-start=\"2048\" data-end=\"2119\">casquillos cer\u00e1micos de precisi\u00f3n, pulido UPC y pruebas \u00f3pticas 100%<\/strong>. Esto garantiza <strong data-start=\"2137\" data-end=\"2206\">Transmisi\u00f3n de luz estable, baja reflectancia y larga vida \u00fatil.<\/strong>, incluso en entornos con altas vibraciones o que requieren reacondicionamientos frecuentes.<\/p>\n<p data-start=\"2271\" data-end=\"2393\">El opcional <strong data-start=\"2284\" data-end=\"2299\">Cubierta LSZH<\/strong> apoyos <strong data-start=\"2309\" data-end=\"2351\">Requisitos de seguridad contra incendios y baja emisi\u00f3n de humo.<\/strong> en edificios comerciales y centros de datos.<\/p>\n<hr data-start=\"2395\" data-end=\"2398\" \/>\n<h2 data-start=\"2400\" data-end=\"2423\"><strong data-start=\"2403\" data-end=\"2423\">Preguntas y respuestas profesionales<\/strong><\/h2>\n<p data-start=\"2425\" data-end=\"2579\"><strong data-start=\"2425\" data-end=\"2481\">P1: \u00bfPor qu\u00e9 elegir OM3 en lugar de la fibra multimodo m\u00e1s antigua?<\/strong><br data-start=\"2481\" data-end=\"2484\" \/>OM3 es <strong data-start=\"2491\" data-end=\"2510\">optimizado para l\u00e1ser<\/strong> y soportes <strong data-start=\"2524\" data-end=\"2539\">De 10G a 100G<\/strong> velocidades, a diferencia de las fibras OM1 u OM2 m\u00e1s antiguas.<\/p>\n<p data-start=\"2581\" data-end=\"2725\"><strong data-start=\"2581\" data-end=\"2634\">P2: \u00bfSe puede utilizar este cable para enlaces de centros de datos?<\/strong><br data-start=\"2634\" data-end=\"2637\" \/>S\u00ed. OM3 se utiliza ampliamente para <strong data-start=\"2665\" data-end=\"2708\">Ethernet de corto alcance 10G, 40G y 100G<\/strong> en centros de datos.<\/p>\n<p data-start=\"2727\" data-end=\"2886\"><strong data-start=\"2727\" data-end=\"2777\">P3: \u00bfQu\u00e9 ventajas ofrece el pulido UPC?<\/strong><br data-start=\"2777\" data-end=\"2780\" \/>Los conectores UPC reducen la reflexi\u00f3n trasera, manteniendo <strong data-start=\"2827\" data-end=\"2854\">p\u00e9rdida de retorno superior a 30 dB<\/strong>, lo que mejora la estabilidad del enlace.<\/p>\n<p data-start=\"2888\" data-end=\"3053\"><strong data-start=\"2888\" data-end=\"2947\">P4: \u00bfEste cable es adecuado para entornos industriales?<\/strong><br data-start=\"2947\" data-end=\"2950\" \/>S\u00ed. El <strong data-start=\"2959\" data-end=\"2990\">Cierre de bayoneta del conector ST<\/strong> y <strong data-start=\"2995\" data-end=\"3016\">Pestillo de seguridad SC<\/strong> proporcionan una gran estabilidad mec\u00e1nica.<\/p>","protected":false},"excerpt":{"rendered":"<p data-start=\"62\" data-end=\"410\">En <strong data-start=\"66\" data-end=\"90\">SC\/UPC\u2013ST\/UPC-OM3-DX<\/strong> es un <strong data-start=\"96\" data-end=\"131\">Cable de conexi\u00f3n multimodo OM3 d\u00faplex<\/strong> dise\u00f1ado para tender puentes <strong data-start=\"151\" data-end=\"191\">infraestructura de fibra \u00f3ptica heredada basada en ST<\/strong> con <strong data-start=\"197\" data-end=\"228\">equipos de red SC modernos<\/strong>. Usando <strong data-start=\"236\" data-end=\"275\">Fibra OM3 de 50\/125 \u03bcm optimizada para l\u00e1ser<\/strong>, proporciona el ancho de banda necesario para <strong data-start=\"316\" data-end=\"340\">Ethernet de 10G y 40G<\/strong> manteniendo al mismo tiempo la plena compatibilidad con los sistemas multimodo existentes.<\/p>\n<p data-start=\"412\" data-end=\"605\">El dise\u00f1o h\u00edbrido de este conector lo convierte en una opci\u00f3n pr\u00e1ctica para <strong data-start=\"473\" data-end=\"557\">actualizaciones de centros de datos, redes de campus, salas de telecomunicaciones y enlaces de fibra industrial.<\/strong> donde los equipos antiguos y nuevos deben funcionar juntos.<\/p>","protected":false},"featured_media":686,"comment_status":"open","ping_status":"closed","template":"","meta":[],"product_brand":[],"product_cat":[44],"product_tag":[],"class_list":{"0":"post-685","1":"product","2":"type-product","3":"status-publish","4":"has-post-thumbnail","6":"product_cat-multimode-fiber-optic-patch-cord","8":"first","9":"instock","10":"shipping-taxable","11":"product-type-simple"},"_links":{"self":[{"href":"https:\/\/www.fenxifiber.com\/es\/wp-json\/wp\/v2\/product\/685","targetHints":{"allow":["GET"]}}],"collection":[{"href":"https:\/\/www.fenxifiber.com\/es\/wp-json\/wp\/v2\/product"}],"about":[{"href":"https:\/\/www.fenxifiber.com\/es\/wp-json\/wp\/v2\/types\/product"}],"replies":[{"embeddable":true,"href":"https:\/\/www.fenxifiber.com\/es\/wp-json\/wp\/v2\/comments?post=685"}],"wp:featuredmedia":[{"embeddable":true,"href":"https:\/\/www.fenxifiber.com\/es\/wp-json\/wp\/v2\/media\/686"}],"wp:attachment":[{"href":"https:\/\/www.fenxifiber.com\/es\/wp-json\/wp\/v2\/media?parent=685"}],"wp:term":[{"taxonomy":"product_brand","embeddable":true,"href":"https:\/\/www.fenxifiber.com\/es\/wp-json\/wp\/v2\/product_brand?post=685"},{"taxonomy":"product_cat","embeddable":true,"href":"https:\/\/www.fenxifiber.com\/es\/wp-json\/wp\/v2\/product_cat?post=685"},{"taxonomy":"product_tag","embeddable":true,"href":"https:\/\/www.fenxifiber.com\/es\/wp-json\/wp\/v2\/product_tag?post=685"}],"curies":[{"name":"wp","href":"https:\/\/api.w.org\/{rel}","templated":true}]}}