{"id":687,"date":"2026-02-03T07:02:57","date_gmt":"2026-02-03T07:02:57","guid":{"rendered":"https:\/\/www.fenxifiber.com\/?post_type=product&#038;p=687"},"modified":"2026-02-04T01:32:36","modified_gmt":"2026-02-04T01:32:36","slug":"lc-upc-st-upc-om3-dx","status":"publish","type":"product","link":"https:\/\/www.fenxifiber.com\/es\/product\/lc-upc-st-upc-om3-dx\/","title":{"rendered":"Cable de conexi\u00f3n de fibra \u00f3ptica multimodo LC\/UPC\u2013ST\/UPC-OM3-DX"},"content":{"rendered":"<h3 data-start=\"570\" data-end=\"622\"><strong data-start=\"574\" data-end=\"622\">Dise\u00f1ado para redes de fibra de generaciones mixtas<\/strong><\/h3>\n<p data-start=\"624\" data-end=\"938\">Los conectores LC son ahora est\u00e1ndar en <strong data-start=\"658\" data-end=\"693\">M\u00f3dulos SFP+, QSFP y QSFP-DD<\/strong>, mientras que los conectores ST siguen siendo muy utilizados en <strong data-start=\"737\" data-end=\"798\">redes de campus antiguas, estructuras de telecomunicaciones y plantas de producci\u00f3n<\/strong>. Esta configuraci\u00f3n h\u00edbrida LC-ST permite una integraci\u00f3n perfecta sin necesidad de adaptadores que introduzcan <strong data-start=\"892\" data-end=\"937\">p\u00e9rdida de inserci\u00f3n adicional o puntos de reflexi\u00f3n<\/strong>.<\/p>\n<p data-start=\"940\" data-end=\"1073\">La fibra OM3 te ofrece <strong data-start=\"960\" data-end=\"998\">alto ancho de banda y baja atenuaci\u00f3n<\/strong>, lo que lo hace adecuado tanto para <strong data-start=\"1028\" data-end=\"1048\">mejoras de la red<\/strong> y <strong data-start=\"1053\" data-end=\"1072\">nuevas implementaciones<\/strong>.<\/p>\n<hr data-start=\"1075\" data-end=\"1078\" \/>\n<h3 data-start=\"1080\" data-end=\"1118\"><strong data-start=\"1084\" data-end=\"1118\">Resumen de las prestaciones t\u00e9cnicas<\/strong><\/h3>\n<div class=\"TyagGW_tableContainer\">\n<div class=\"group TyagGW_tableWrapper flex flex-col-reverse w-fit\" tabindex=\"-1\">\n<table class=\"w-fit min-w-(--thread-content-width)\" data-start=\"1120\" data-end=\"1585\">\n<thead data-start=\"1120\" data-end=\"1160\">\n<tr data-start=\"1120\" data-end=\"1160\">\n<th class=\"\" data-start=\"1120\" data-end=\"1136\" data-col-size=\"sm\">Especificaci\u00f3n<\/th>\n<th class=\"\" data-start=\"1136\" data-end=\"1160\" data-col-size=\"sm\">LC\/UPC\u2013ST\/UPC-OM3-DX<\/th>\n<\/tr>\n<\/thead>\n<tbody data-start=\"1194\" data-end=\"1585\">\n<tr data-start=\"1194\" data-end=\"1234\">\n<td data-start=\"1194\" data-end=\"1207\" data-col-size=\"sm\">Tipo de fibra<\/td>\n<td data-start=\"1207\" data-end=\"1234\" data-col-size=\"sm\">OM3 Multimodo 50\/125 \u03bcm<\/td>\n<\/tr>\n<tr data-start=\"1235\" data-end=\"1266\">\n<td data-start=\"1235\" data-end=\"1251\" data-col-size=\"sm\">Configuraci\u00f3n<\/td>\n<td data-start=\"1251\" data-end=\"1266\" data-col-size=\"sm\">D\u00faplex (DX)<\/td>\n<\/tr>\n<tr data-start=\"1267\" data-end=\"1293\">\n<td data-start=\"1267\" data-end=\"1281\" data-col-size=\"sm\">Conector A<\/td>\n<td data-start=\"1281\" data-end=\"1293\" data-col-size=\"sm\">LC \/ UPC<\/td>\n<\/tr>\n<tr data-start=\"1294\" data-end=\"1320\">\n<td data-start=\"1294\" data-end=\"1308\" data-col-size=\"sm\">Conector B<\/td>\n<td data-start=\"1308\" data-end=\"1320\" data-col-size=\"sm\">ST \/ UPC<\/td>\n<\/tr>\n<tr data-start=\"1321\" data-end=\"1364\">\n<td data-start=\"1321\" data-end=\"1344\" data-col-size=\"sm\">Longitud de onda operativa<\/td>\n<td data-start=\"1344\" data-end=\"1364\" data-col-size=\"sm\">850 nm \/ 1300 nm<\/td>\n<\/tr>\n<tr data-start=\"1365\" data-end=\"1401\">\n<td data-start=\"1365\" data-end=\"1386\" data-col-size=\"sm\">Ancho de banda a 850 nm<\/td>\n<td data-start=\"1386\" data-end=\"1401\" data-col-size=\"sm\">2000 MHz\u00b7km<\/td>\n<\/tr>\n<tr data-start=\"1402\" data-end=\"1432\">\n<td data-start=\"1402\" data-end=\"1419\" data-col-size=\"sm\">P\u00e9rdida de inserci\u00f3n<\/td>\n<td data-start=\"1419\" data-end=\"1432\" data-col-size=\"sm\">\u2264 0,30 dB<\/td>\n<\/tr>\n<tr data-start=\"1433\" data-end=\"1458\">\n<td data-start=\"1433\" data-end=\"1447\" data-col-size=\"sm\">P\u00e9rdida de retorno<\/td>\n<td data-col-size=\"sm\" data-start=\"1447\" data-end=\"1458\">\u2265 30 dB<\/td>\n<\/tr>\n<tr data-start=\"1459\" data-end=\"1489\">\n<td data-start=\"1459\" data-end=\"1474\" data-col-size=\"sm\">Ethernet 10G<\/td>\n<td data-start=\"1474\" data-end=\"1489\" data-col-size=\"sm\">Hasta 300 m<\/td>\n<\/tr>\n<tr data-start=\"1490\" data-end=\"1518\">\n<td data-start=\"1490\" data-end=\"1503\" data-col-size=\"sm\">40G \/ 100G<\/td>\n<td data-start=\"1503\" data-end=\"1518\" data-col-size=\"sm\">Hasta 100 m<\/td>\n<\/tr>\n<tr data-start=\"1519\" data-end=\"1543\">\n<td data-start=\"1519\" data-end=\"1528\" data-col-size=\"sm\">Chamarra<\/td>\n<td data-col-size=\"sm\" data-start=\"1528\" data-end=\"1543\">LSZH o PVC<\/td>\n<\/tr>\n<tr data-start=\"1544\" data-end=\"1585\">\n<td data-start=\"1544\" data-end=\"1556\" data-col-size=\"sm\">Normas<\/td>\n<td data-start=\"1556\" data-end=\"1585\" data-col-size=\"sm\">IEC, TIA-568, RoHS, REACH<\/td>\n<\/tr>\n<\/tbody>\n<\/table>\n<\/div>\n<\/div>\n<hr data-start=\"1587\" data-end=\"1590\" \/>\n<h3 data-start=\"1592\" data-end=\"1620\"><strong data-start=\"1596\" data-end=\"1620\">Aplicaciones t\u00edpicas<\/strong><\/h3>\n<ul data-start=\"1622\" data-end=\"1853\">\n<li data-start=\"1622\" data-end=\"1673\">\n<p data-start=\"1624\" data-end=\"1673\"><strong data-start=\"1624\" data-end=\"1673\">Conexi\u00f3n de puertos SFP+\/QSFP a paneles de conexi\u00f3n ST<\/strong><\/p>\n<\/li>\n<li data-start=\"1674\" data-end=\"1723\">\n<p data-start=\"1676\" data-end=\"1723\"><strong data-start=\"1676\" data-end=\"1723\">Actualizaciones de centros de datos y redes empresariales<\/strong><\/p>\n<\/li>\n<li data-start=\"1724\" data-end=\"1765\">\n<p data-start=\"1726\" data-end=\"1765\"><strong data-start=\"1726\" data-end=\"1765\">Red troncal de fibra \u00f3ptica del campus y del edificio<\/strong><\/p>\n<\/li>\n<li data-start=\"1766\" data-end=\"1814\">\n<p data-start=\"1768\" data-end=\"1814\"><strong data-start=\"1768\" data-end=\"1814\">Ethernet industrial y sistemas de automatizaci\u00f3n<\/strong><\/p>\n<\/li>\n<li data-start=\"1815\" data-end=\"1853\">\n<p data-start=\"1817\" data-end=\"1853\"><strong data-start=\"1817\" data-end=\"1853\">Equipos de telecomunicaciones y monitorizaci\u00f3n<\/strong><\/p>\n<\/li>\n<\/ul>\n<p data-start=\"1855\" data-end=\"1958\">La fibra OM3 garantiza <strong data-start=\"1873\" data-end=\"1916\">transmisi\u00f3n de se\u00f1al estable y de baja latencia<\/strong> incluso en entornos densos o de alta velocidad.<\/p>\n<hr data-start=\"1960\" data-end=\"1963\" \/>\n<h3 data-start=\"1965\" data-end=\"2015\"><strong data-start=\"1969\" data-end=\"2015\">Dise\u00f1ado con precisi\u00f3n para enlaces \u00f3pticos fiables<\/strong><\/h3>\n<p data-start=\"2017\" data-end=\"2315\">Todos los puentes LC\u2013ST OM3 se ensamblan utilizando <strong data-start=\"2059\" data-end=\"2117\">casquillos de cer\u00e1mica de alta calidad y extremos pulidos seg\u00fan la norma UPC<\/strong>, y luego se prob\u00f3 para <strong data-start=\"2135\" data-end=\"2189\">p\u00e9rdida de inserci\u00f3n, p\u00e9rdida de retorno y geometr\u00eda del extremo frontal<\/strong>. Esto da como resultado <strong data-start=\"2207\" data-end=\"2270\">trayectorias \u00f3pticas despejadas, bajo nivel de reflexi\u00f3n y durabilidad a largo plazo<\/strong>, incluso si se enchufa y desenchufa con frecuencia.<\/p>\n<p data-start=\"2317\" data-end=\"2434\">En <strong data-start=\"2321\" data-end=\"2343\">Opci\u00f3n de cubierta LSZH<\/strong> tambi\u00e9n cumple con los requisitos modernos <strong data-start=\"2362\" data-end=\"2404\">Requisitos de seguridad contra incendios y baja emisi\u00f3n de humo.<\/strong> para instalaciones comerciales.<\/p>\n<hr data-start=\"2436\" data-end=\"2439\" \/>\n<h2 data-start=\"2441\" data-end=\"2464\"><strong data-start=\"2444\" data-end=\"2464\">Preguntas y respuestas profesionales<\/strong><\/h2>\n<p data-start=\"2466\" data-end=\"2598\"><strong data-start=\"2466\" data-end=\"2513\">P1: \u00bfEs OM3 adecuado para enlaces de 40G y 100G?<\/strong><br data-start=\"2513\" data-end=\"2516\" \/>S\u00ed. OM3 es compatible con <strong data-start=\"2534\" data-end=\"2567\">40G y 100G hasta 100 metros<\/strong> utilizando \u00f3ptica multimodo de 850 nm.<\/p>\n<p data-start=\"2600\" data-end=\"2783\"><strong data-start=\"2600\" data-end=\"2637\">P2: \u00bfPor qu\u00e9 mezclar conectores LC y ST?<\/strong><br data-start=\"2637\" data-end=\"2640\" \/>LC se conecta directamente a <strong data-start=\"2664\" data-end=\"2687\">transceptores modernos<\/strong>, mientras que ST se conecta con <strong data-start=\"2714\" data-end=\"2751\">sistemas de fibra \u00f3ptica antiguos o industriales<\/strong>\u2014Este cable une ambos mundos.<\/p>\n<p data-start=\"2785\" data-end=\"2936\"><strong data-start=\"2785\" data-end=\"2832\">P3: \u00bfMejora el pulido UPC el rendimiento?<\/strong><br data-start=\"2832\" data-end=\"2835\" \/>S\u00ed. El UPC minimiza la reflexi\u00f3n trasera y mantiene <strong data-start=\"2884\" data-end=\"2907\">p\u00e9rdida de retorno \u2265 30 dB<\/strong>, mejorando la estabilidad de la se\u00f1al.<\/p>\n<p data-start=\"2938\" data-end=\"3124\"><strong data-start=\"2938\" data-end=\"2990\">P4: \u00bfSe puede utilizar en entornos industriales?<\/strong><br data-start=\"2990\" data-end=\"2993\" \/>Por supuesto. El <strong data-start=\"3009\" data-end=\"3028\">Cerradura de bayoneta ST<\/strong> ofrece una excelente resistencia a las vibraciones, mientras que el lado LC mantiene una conectividad de alta densidad.<\/p>","protected":false},"excerpt":{"rendered":"<p data-start=\"62\" data-end=\"410\">En <strong data-start=\"66\" data-end=\"90\">LC\/UPC\u2013ST\/UPC-OM3-DX<\/strong> es un <strong data-start=\"96\" data-end=\"133\">puente de fibra multimodo OM3 d\u00faplex<\/strong> dise\u00f1ado para conectarse <strong data-start=\"156\" data-end=\"189\">transceptores compactos basados en LC<\/strong> con <strong data-start=\"195\" data-end=\"226\">Sistemas de fibra con terminaci\u00f3n ST<\/strong>. Es una soluci\u00f3n inteligente para entornos en los que <strong data-start=\"273\" data-end=\"304\">conmutadores y servidores modernos<\/strong> debe interactuar con <strong data-start=\"325\" data-end=\"365\">paneles de conexi\u00f3n ST heredados o industriales<\/strong> sin sacrificar la velocidad ni la calidad de la se\u00f1al.<\/p>\n<p data-start=\"412\" data-end=\"563\">Con <strong data-start=\"417\" data-end=\"456\">Fibra optimizada para l\u00e1ser OM3 50\/125 \u03bcm<\/strong>, este cable es totalmente compatible con <strong data-start=\"500\" data-end=\"543\">Ethernet de corto alcance de 10G, 40G y 100G<\/strong> \u00d3ptica de m\u00e1s de 850 nm.<\/p>","protected":false},"featured_media":688,"comment_status":"open","ping_status":"closed","template":"","meta":[],"product_brand":[],"product_cat":[44],"product_tag":[],"class_list":{"0":"post-687","1":"product","2":"type-product","3":"status-publish","4":"has-post-thumbnail","6":"product_cat-multimode-fiber-optic-patch-cord","8":"first","9":"instock","10":"shipping-taxable","11":"product-type-simple"},"_links":{"self":[{"href":"https:\/\/www.fenxifiber.com\/es\/wp-json\/wp\/v2\/product\/687","targetHints":{"allow":["GET"]}}],"collection":[{"href":"https:\/\/www.fenxifiber.com\/es\/wp-json\/wp\/v2\/product"}],"about":[{"href":"https:\/\/www.fenxifiber.com\/es\/wp-json\/wp\/v2\/types\/product"}],"replies":[{"embeddable":true,"href":"https:\/\/www.fenxifiber.com\/es\/wp-json\/wp\/v2\/comments?post=687"}],"wp:featuredmedia":[{"embeddable":true,"href":"https:\/\/www.fenxifiber.com\/es\/wp-json\/wp\/v2\/media\/688"}],"wp:attachment":[{"href":"https:\/\/www.fenxifiber.com\/es\/wp-json\/wp\/v2\/media?parent=687"}],"wp:term":[{"taxonomy":"product_brand","embeddable":true,"href":"https:\/\/www.fenxifiber.com\/es\/wp-json\/wp\/v2\/product_brand?post=687"},{"taxonomy":"product_cat","embeddable":true,"href":"https:\/\/www.fenxifiber.com\/es\/wp-json\/wp\/v2\/product_cat?post=687"},{"taxonomy":"product_tag","embeddable":true,"href":"https:\/\/www.fenxifiber.com\/es\/wp-json\/wp\/v2\/product_tag?post=687"}],"curies":[{"name":"wp","href":"https:\/\/api.w.org\/{rel}","templated":true}]}}