{"id":689,"date":"2026-02-03T07:04:43","date_gmt":"2026-02-03T07:04:43","guid":{"rendered":"https:\/\/www.fenxifiber.com\/?post_type=product&#038;p=689"},"modified":"2026-02-04T01:33:03","modified_gmt":"2026-02-04T01:33:03","slug":"fc-upc-sc-upc-om3-dx","status":"publish","type":"product","link":"https:\/\/www.fenxifiber.com\/es\/product\/fc-upc-sc-upc-om3-dx\/","title":{"rendered":"Cable de conexi\u00f3n de fibra \u00f3ptica multimodo FC\/UPC\u2013SC\/UPC-OM3-DX"},"content":{"rendered":"<h3 data-start=\"576\" data-end=\"608\"><strong data-start=\"580\" data-end=\"608\">Por qu\u00e9 tiene sentido pasar de FC a SC<\/strong><\/h3>\n<p data-start=\"610\" data-end=\"919\">Los conectores FC son los preferidos en <strong data-start=\"639\" data-end=\"685\">equipos de medici\u00f3n y redes de transporte<\/strong> porque su <strong data-start=\"700\" data-end=\"747\">El cuerpo met\u00e1lico atornillado evita los micromovimientos.<\/strong> que puede causar inestabilidad \u00f3ptica.<br data-start=\"783\" data-end=\"786\" \/>Los conectores SC, por el contrario, son est\u00e1ndar en <strong data-start=\"830\" data-end=\"866\">ODF, paneles de conexi\u00f3n y conmutadores<\/strong> por su <strong data-start=\"877\" data-end=\"918\">Fiabilidad instant\u00e1nea y f\u00e1cil manejo<\/strong>.<\/p>\n<p data-start=\"921\" data-end=\"1075\">Este dise\u00f1o h\u00edbrido te permite conectarte <strong data-start=\"957\" data-end=\"987\">Dispositivos FC de precisi\u00f3n<\/strong> directamente a <strong data-start=\"1000\" data-end=\"1035\">Infraestructura de red basada en SC<\/strong> sin adaptadores ni degradaci\u00f3n de la se\u00f1al.<\/p>\n<hr data-start=\"1077\" data-end=\"1080\" \/>\n<h3 data-start=\"1082\" data-end=\"1125\"><strong data-start=\"1086\" data-end=\"1125\">Especificaciones \u00f3pticas y mec\u00e1nicas<\/strong><\/h3>\n<div class=\"TyagGW_tableContainer\">\n<div class=\"group TyagGW_tableWrapper flex flex-col-reverse w-fit\" tabindex=\"-1\">\n<table class=\"w-fit min-w-(--thread-content-width)\" data-start=\"1127\" data-end=\"1588\">\n<thead data-start=\"1127\" data-end=\"1161\">\n<tr data-start=\"1127\" data-end=\"1161\">\n<th class=\"\" data-start=\"1127\" data-end=\"1137\" data-col-size=\"sm\">Caracter\u00edstica<\/th>\n<th class=\"\" data-start=\"1137\" data-end=\"1161\" data-col-size=\"sm\">FC\/UPC\u2013SC\/UPC-OM3-DX<\/th>\n<\/tr>\n<\/thead>\n<tbody data-start=\"1190\" data-end=\"1588\">\n<tr data-start=\"1190\" data-end=\"1230\">\n<td data-start=\"1190\" data-end=\"1203\" data-col-size=\"sm\">Tipo de fibra<\/td>\n<td data-start=\"1203\" data-end=\"1230\" data-col-size=\"sm\">OM3 Multimodo 50\/125 \u03bcm<\/td>\n<\/tr>\n<tr data-start=\"1231\" data-end=\"1260\">\n<td data-start=\"1231\" data-end=\"1245\" data-col-size=\"sm\">Recuento de fibras<\/td>\n<td data-col-size=\"sm\" data-start=\"1245\" data-end=\"1260\">D\u00faplex (DX)<\/td>\n<\/tr>\n<tr data-start=\"1261\" data-end=\"1287\">\n<td data-start=\"1261\" data-end=\"1275\" data-col-size=\"sm\">Conector A<\/td>\n<td data-start=\"1275\" data-end=\"1287\" data-col-size=\"sm\">FC \/ UPC<\/td>\n<\/tr>\n<tr data-start=\"1288\" data-end=\"1314\">\n<td data-start=\"1288\" data-end=\"1302\" data-col-size=\"sm\">Conector B<\/td>\n<td data-start=\"1302\" data-end=\"1314\" data-col-size=\"sm\">SC \/ UPC<\/td>\n<\/tr>\n<tr data-start=\"1315\" data-end=\"1358\">\n<td data-start=\"1315\" data-end=\"1338\" data-col-size=\"sm\">Longitud de onda operativa<\/td>\n<td data-start=\"1338\" data-end=\"1358\" data-col-size=\"sm\">850 nm \/ 1300 nm<\/td>\n<\/tr>\n<tr data-start=\"1359\" data-end=\"1395\">\n<td data-start=\"1359\" data-end=\"1380\" data-col-size=\"sm\">Ancho de banda a 850 nm<\/td>\n<td data-col-size=\"sm\" data-start=\"1380\" data-end=\"1395\">2000 MHz\u00b7km<\/td>\n<\/tr>\n<tr data-start=\"1396\" data-end=\"1426\">\n<td data-start=\"1396\" data-end=\"1413\" data-col-size=\"sm\">P\u00e9rdida de inserci\u00f3n<\/td>\n<td data-start=\"1413\" data-end=\"1426\" data-col-size=\"sm\">\u2264 0,30 dB<\/td>\n<\/tr>\n<tr data-start=\"1427\" data-end=\"1452\">\n<td data-start=\"1427\" data-end=\"1441\" data-col-size=\"sm\">P\u00e9rdida de retorno<\/td>\n<td data-start=\"1441\" data-end=\"1452\" data-col-size=\"sm\">\u2265 30 dB<\/td>\n<\/tr>\n<tr data-start=\"1453\" data-end=\"1483\">\n<td data-start=\"1453\" data-end=\"1468\" data-col-size=\"sm\">Ethernet 10G<\/td>\n<td data-start=\"1468\" data-end=\"1483\" data-col-size=\"sm\">Hasta 300 m<\/td>\n<\/tr>\n<tr data-start=\"1484\" data-end=\"1512\">\n<td data-start=\"1484\" data-end=\"1497\" data-col-size=\"sm\">40G \/ 100G<\/td>\n<td data-col-size=\"sm\" data-start=\"1497\" data-end=\"1512\">Hasta 100 m<\/td>\n<\/tr>\n<tr data-start=\"1513\" data-end=\"1545\">\n<td data-start=\"1513\" data-end=\"1530\" data-col-size=\"sm\">Opciones de chamarra<\/td>\n<td data-start=\"1530\" data-end=\"1545\" data-col-size=\"sm\">LSZH o PVC<\/td>\n<\/tr>\n<tr data-start=\"1546\" data-end=\"1588\">\n<td data-start=\"1546\" data-end=\"1559\" data-col-size=\"sm\">Conformidad<\/td>\n<td data-start=\"1559\" data-end=\"1588\" data-col-size=\"sm\">IEC, TIA-568, RoHS, REACH<\/td>\n<\/tr>\n<\/tbody>\n<\/table>\n<\/div>\n<\/div>\n<hr data-start=\"1590\" data-end=\"1593\" \/>\n<h3 data-start=\"1595\" data-end=\"1631\"><strong data-start=\"1599\" data-end=\"1631\">D\u00f3nde se implementa habitualmente<\/strong><\/h3>\n<ul data-start=\"1633\" data-end=\"1808\">\n<li data-start=\"1633\" data-end=\"1662\">\n<p data-start=\"1635\" data-end=\"1662\"><strong data-start=\"1635\" data-end=\"1662\">Oficinas centrales de telecomunicaciones<\/strong><\/p>\n<\/li>\n<li data-start=\"1663\" data-end=\"1706\">\n<p data-start=\"1665\" data-end=\"1706\"><strong data-start=\"1665\" data-end=\"1706\">OTDR, medidores de potencia y bancos de pruebas<\/strong><\/p>\n<\/li>\n<li data-start=\"1707\" data-end=\"1739\">\n<p data-start=\"1709\" data-end=\"1739\"><strong data-start=\"1709\" data-end=\"1739\">Conexiones cruzadas del centro de datos<\/strong><\/p>\n<\/li>\n<li data-start=\"1740\" data-end=\"1768\">\n<p data-start=\"1742\" data-end=\"1768\"><strong data-start=\"1742\" data-end=\"1768\">Redes troncales de fibra \u00f3ptica en el campus<\/strong><\/p>\n<\/li>\n<li data-start=\"1769\" data-end=\"1808\">\n<p data-start=\"1771\" data-end=\"1808\"><strong data-start=\"1771\" data-end=\"1808\">Redes industriales y de radiodifusi\u00f3n<\/strong><\/p>\n<\/li>\n<\/ul>\n<p data-start=\"1810\" data-end=\"1914\">El alto ancho de banda de OM3 garantiza <strong data-start=\"1839\" data-end=\"1868\">transmisi\u00f3n de se\u00f1al limpia<\/strong> incluso cuando hay varios puntos de parcheo involucrados.<\/p>\n<hr data-start=\"1916\" data-end=\"1919\" \/>\n<h3 data-start=\"1921\" data-end=\"1963\"><strong data-start=\"1925\" data-end=\"1963\">Dise\u00f1ado para ofrecer consistencia \u00f3ptica<\/strong><\/h3>\n<p data-start=\"1965\" data-end=\"2208\">Cada puente FC-SC OM3 se ensambla con <strong data-start=\"2005\" data-end=\"2052\">casquillos cer\u00e1micos y extremos pulidos con UPC<\/strong>, entonces <strong data-start=\"2059\" data-end=\"2074\">Probado con 100%<\/strong> para la p\u00e9rdida de inserci\u00f3n, la reflectancia y la geometr\u00eda. Esto garantiza <strong data-start=\"2135\" data-end=\"2207\">Baja reflexi\u00f3n trasera, alta eficiencia de acoplamiento y larga vida \u00fatil.<\/strong>.<\/p>\n<p data-start=\"2210\" data-end=\"2340\">En <strong data-start=\"2214\" data-end=\"2236\">Opci\u00f3n de cubierta LSZH<\/strong> cumple con lo moderno <strong data-start=\"2250\" data-end=\"2289\">normas de seguridad contra incendios y baja emisi\u00f3n de humo<\/strong> requerido en edificios comerciales y centros de datos.<\/p>\n<hr data-start=\"2342\" data-end=\"2345\" \/>\n<h2 data-start=\"2347\" data-end=\"2370\"><strong data-start=\"2350\" data-end=\"2370\">Preguntas y respuestas profesionales<\/strong><\/h2>\n<p data-start=\"2372\" data-end=\"2544\"><strong data-start=\"2372\" data-end=\"2421\">P1: \u00bfPor qu\u00e9 utilizar conectores FC en las redes modernas?<\/strong><br data-start=\"2421\" data-end=\"2424\" \/>Los conectores FC ofrecen <strong data-start=\"2444\" data-end=\"2469\">estabilidad excepcional<\/strong> y siguen siendo ampliamente utilizados en <strong data-start=\"2499\" data-end=\"2543\">equipos de prueba y sistemas de grado portador<\/strong>.<\/p>\n<p data-start=\"2546\" data-end=\"2667\"><strong data-start=\"2546\" data-end=\"2584\">P2: \u00bfOM3 es compatible con Ethernet 100G?<\/strong><br data-start=\"2584\" data-end=\"2587\" \/>S\u00ed. OM3 es compatible con <strong data-start=\"2605\" data-end=\"2630\">100G hasta 100 metros<\/strong> utilizando transceptores multimodo de 850 nm.<\/p>\n<p data-start=\"2669\" data-end=\"2804\"><strong data-start=\"2669\" data-end=\"2717\">P3: \u00bfEste cable es adecuado para paneles de conexi\u00f3n?<\/strong><br data-start=\"2717\" data-end=\"2720\" \/>Por supuesto. El <strong data-start=\"2736\" data-end=\"2746\">Fin de SC<\/strong> se conecta directamente a la toma est\u00e1ndar <strong data-start=\"2776\" data-end=\"2803\">ODF y paneles de red<\/strong>.<\/p>\n<p data-start=\"2806\" data-end=\"2947\"><strong data-start=\"2806\" data-end=\"2840\">P4: \u00bfEs importante el pulido UPC?<\/strong><br data-start=\"2840\" data-end=\"2843\" \/>S\u00ed. El pulido UPC reduce el reflejo y mantiene <strong data-start=\"2895\" data-end=\"2918\">p\u00e9rdida de retorno \u2265 30 dB<\/strong>, mejorando la confiabilidad del enlace.<\/p>","protected":false},"excerpt":{"rendered":"<p data-start=\"62\" data-end=\"431\">En <strong data-start=\"66\" data-end=\"90\">FC\/UPC\u2013SC\/UPC-OM3-DX<\/strong> es un <strong data-start=\"96\" data-end=\"131\">Cable de conexi\u00f3n multimodo OM3 d\u00faplex<\/strong> dise\u00f1ado para entornos que requieren <strong data-start=\"173\" data-end=\"251\">estabilidad mec\u00e1nica por un lado y conectividad de alta densidad por el otro<\/strong>. Con un <strong data-start=\"260\" data-end=\"285\">conector FC roscado<\/strong> emparejado con un <strong data-start=\"298\" data-end=\"324\">Interfaz SC push-pull<\/strong>, este cable se utiliza ampliamente en <strong data-start=\"355\" data-end=\"430\">salas de telecomunicaciones, configuraciones de pruebas \u00f3pticas y bastidores de distribuci\u00f3n de centros de datos.<\/strong>.<\/p>\n<p data-start=\"433\" data-end=\"569\">Construido con <strong data-start=\"444\" data-end=\"483\">Fibra OM3 optimizada para l\u00e1ser de 50\/125 \u03bcm<\/strong>, es totalmente compatible con <strong data-start=\"503\" data-end=\"534\">Ethernet de 10G, 40G y 100G<\/strong> sobre \u00f3ptica multimodo de corto alcance.<\/p>","protected":false},"featured_media":690,"comment_status":"open","ping_status":"closed","template":"","meta":[],"product_brand":[],"product_cat":[44],"product_tag":[],"class_list":{"0":"post-689","1":"product","2":"type-product","3":"status-publish","4":"has-post-thumbnail","6":"product_cat-multimode-fiber-optic-patch-cord","8":"first","9":"instock","10":"shipping-taxable","11":"product-type-simple"},"_links":{"self":[{"href":"https:\/\/www.fenxifiber.com\/es\/wp-json\/wp\/v2\/product\/689","targetHints":{"allow":["GET"]}}],"collection":[{"href":"https:\/\/www.fenxifiber.com\/es\/wp-json\/wp\/v2\/product"}],"about":[{"href":"https:\/\/www.fenxifiber.com\/es\/wp-json\/wp\/v2\/types\/product"}],"replies":[{"embeddable":true,"href":"https:\/\/www.fenxifiber.com\/es\/wp-json\/wp\/v2\/comments?post=689"}],"wp:featuredmedia":[{"embeddable":true,"href":"https:\/\/www.fenxifiber.com\/es\/wp-json\/wp\/v2\/media\/690"}],"wp:attachment":[{"href":"https:\/\/www.fenxifiber.com\/es\/wp-json\/wp\/v2\/media?parent=689"}],"wp:term":[{"taxonomy":"product_brand","embeddable":true,"href":"https:\/\/www.fenxifiber.com\/es\/wp-json\/wp\/v2\/product_brand?post=689"},{"taxonomy":"product_cat","embeddable":true,"href":"https:\/\/www.fenxifiber.com\/es\/wp-json\/wp\/v2\/product_cat?post=689"},{"taxonomy":"product_tag","embeddable":true,"href":"https:\/\/www.fenxifiber.com\/es\/wp-json\/wp\/v2\/product_tag?post=689"}],"curies":[{"name":"wp","href":"https:\/\/api.w.org\/{rel}","templated":true}]}}