{"id":692,"date":"2026-02-03T07:06:07","date_gmt":"2026-02-03T07:06:07","guid":{"rendered":"https:\/\/www.fenxifiber.com\/?post_type=product&#038;p=692"},"modified":"2026-02-04T01:33:31","modified_gmt":"2026-02-04T01:33:31","slug":"lc-upc-sc-upc-om3-dx","status":"publish","type":"product","link":"https:\/\/www.fenxifiber.com\/es\/product\/lc-upc-sc-upc-om3-dx\/","title":{"rendered":"Cable de conexi\u00f3n de fibra \u00f3ptica multimodo LC\/UPC\u2013SC\/UPC-OM3-DX"},"content":{"rendered":"<h3 data-start=\"631\" data-end=\"677\"><strong data-start=\"635\" data-end=\"677\">Optimizado para redes de interfaz mixta<\/strong><\/h3>\n<p data-start=\"679\" data-end=\"983\">Los conectores LC predominan <strong data-start=\"702\" data-end=\"737\">M\u00f3dulos SFP+, QSFP y QSFP-DD<\/strong>, mientras que los conectores SC siguen siendo est\u00e1ndar en <strong data-start=\"778\" data-end=\"803\">ODF y paneles de fibra<\/strong>. Esta configuraci\u00f3n de LC a SC elimina la necesidad de adaptadores que pueden introducir <strong data-start=\"885\" data-end=\"914\">p\u00e9rdida y reflexi\u00f3n adicionales<\/strong>, manteniendo una alta calidad de se\u00f1al incluso en <strong data-start=\"952\" data-end=\"982\">redes densas y de alta velocidad<\/strong>.<\/p>\n<p data-start=\"985\" data-end=\"1092\">La fibra OM3 proporciona el margen de ancho de banda necesario para <strong data-start=\"1038\" data-end=\"1091\">virtualizaci\u00f3n, computaci\u00f3n en la nube y cargas de trabajo de IA<\/strong>.<\/p>\n<hr data-start=\"1094\" data-end=\"1097\" \/>\n<h3 data-start=\"1099\" data-end=\"1127\"><strong data-start=\"1103\" data-end=\"1127\">Datos clave de rendimiento<\/strong><\/h3>\n<div class=\"TyagGW_tableContainer\">\n<div class=\"group TyagGW_tableWrapper flex flex-col-reverse w-fit\" tabindex=\"-1\">\n<table class=\"w-fit min-w-(--thread-content-width)\" data-start=\"1129\" data-end=\"1590\">\n<thead data-start=\"1129\" data-end=\"1165\">\n<tr data-start=\"1129\" data-end=\"1165\">\n<th class=\"\" data-start=\"1129\" data-end=\"1141\" data-col-size=\"sm\">Par\u00e1metro<\/th>\n<th class=\"\" data-start=\"1141\" data-end=\"1165\" data-col-size=\"sm\">LC\/UPC\u2013SC\/UPC-OM3-DX<\/th>\n<\/tr>\n<\/thead>\n<tbody data-start=\"1195\" data-end=\"1590\">\n<tr data-start=\"1195\" data-end=\"1235\">\n<td data-start=\"1195\" data-end=\"1208\" data-col-size=\"sm\">Tipo de fibra<\/td>\n<td data-start=\"1208\" data-end=\"1235\" data-col-size=\"sm\">OM3 Multimodo 50\/125 \u03bcm<\/td>\n<\/tr>\n<tr data-start=\"1236\" data-end=\"1265\">\n<td data-start=\"1236\" data-end=\"1250\" data-col-size=\"sm\">Recuento de fibras<\/td>\n<td data-start=\"1250\" data-end=\"1265\" data-col-size=\"sm\">D\u00faplex (DX)<\/td>\n<\/tr>\n<tr data-start=\"1266\" data-end=\"1292\">\n<td data-start=\"1266\" data-end=\"1280\" data-col-size=\"sm\">Conector A<\/td>\n<td data-start=\"1280\" data-end=\"1292\" data-col-size=\"sm\">LC \/ UPC<\/td>\n<\/tr>\n<tr data-start=\"1293\" data-end=\"1319\">\n<td data-start=\"1293\" data-end=\"1307\" data-col-size=\"sm\">Conector B<\/td>\n<td data-start=\"1307\" data-end=\"1319\" data-col-size=\"sm\">SC \/ UPC<\/td>\n<\/tr>\n<tr data-start=\"1320\" data-end=\"1363\">\n<td data-start=\"1320\" data-end=\"1343\" data-col-size=\"sm\">Longitud de onda operativa<\/td>\n<td data-col-size=\"sm\" data-start=\"1343\" data-end=\"1363\">850 nm \/ 1300 nm<\/td>\n<\/tr>\n<tr data-start=\"1364\" data-end=\"1400\">\n<td data-start=\"1364\" data-end=\"1385\" data-col-size=\"sm\">Ancho de banda a 850 nm<\/td>\n<td data-start=\"1385\" data-end=\"1400\" data-col-size=\"sm\">2000 MHz\u00b7km<\/td>\n<\/tr>\n<tr data-start=\"1401\" data-end=\"1431\">\n<td data-start=\"1401\" data-end=\"1418\" data-col-size=\"sm\">P\u00e9rdida de inserci\u00f3n<\/td>\n<td data-start=\"1418\" data-end=\"1431\" data-col-size=\"sm\">\u2264 0,30 dB<\/td>\n<\/tr>\n<tr data-start=\"1432\" data-end=\"1457\">\n<td data-start=\"1432\" data-end=\"1446\" data-col-size=\"sm\">P\u00e9rdida de retorno<\/td>\n<td data-col-size=\"sm\" data-start=\"1446\" data-end=\"1457\">\u2265 30 dB<\/td>\n<\/tr>\n<tr data-start=\"1458\" data-end=\"1488\">\n<td data-start=\"1458\" data-end=\"1473\" data-col-size=\"sm\">Ethernet 10G<\/td>\n<td data-start=\"1473\" data-end=\"1488\" data-col-size=\"sm\">Hasta 300 m<\/td>\n<\/tr>\n<tr data-start=\"1489\" data-end=\"1517\">\n<td data-start=\"1489\" data-end=\"1502\" data-col-size=\"sm\">40G \/ 100G<\/td>\n<td data-start=\"1502\" data-end=\"1517\" data-col-size=\"sm\">Hasta 100 m<\/td>\n<\/tr>\n<tr data-start=\"1518\" data-end=\"1548\">\n<td data-start=\"1518\" data-end=\"1533\" data-col-size=\"sm\">Cubierta del cable<\/td>\n<td data-start=\"1533\" data-end=\"1548\" data-col-size=\"sm\">LSZH o PVC<\/td>\n<\/tr>\n<tr data-start=\"1549\" data-end=\"1590\">\n<td data-start=\"1549\" data-end=\"1561\" data-col-size=\"sm\">Normas<\/td>\n<td data-start=\"1561\" data-end=\"1590\" data-col-size=\"sm\">IEC, TIA-568, RoHS, REACH<\/td>\n<\/tr>\n<\/tbody>\n<\/table>\n<\/div>\n<\/div>\n<hr data-start=\"1592\" data-end=\"1595\" \/>\n<h3 data-start=\"1597\" data-end=\"1628\"><strong data-start=\"1601\" data-end=\"1628\">D\u00f3nde destaca este cable<\/strong><\/h3>\n<ul data-start=\"1630\" data-end=\"1817\">\n<li data-start=\"1630\" data-end=\"1677\">\n<p data-start=\"1632\" data-end=\"1677\"><strong data-start=\"1632\" data-end=\"1677\">Conexiones Switch-to-ODF y panel de parches<\/strong><\/p>\n<\/li>\n<li data-start=\"1678\" data-end=\"1710\">\n<p data-start=\"1680\" data-end=\"1710\"><strong data-start=\"1680\" data-end=\"1710\">Conexiones cruzadas del centro de datos<\/strong><\/p>\n<\/li>\n<li data-start=\"1711\" data-end=\"1741\">\n<p data-start=\"1713\" data-end=\"1741\"><strong data-start=\"1713\" data-end=\"1741\">Redes troncales LAN empresariales<\/strong><\/p>\n<\/li>\n<li data-start=\"1742\" data-end=\"1775\">\n<p data-start=\"1744\" data-end=\"1775\"><strong data-start=\"1744\" data-end=\"1775\">Cuadros de distribuci\u00f3n de telecomunicaciones<\/strong><\/p>\n<\/li>\n<li data-start=\"1776\" data-end=\"1817\">\n<p data-start=\"1778\" data-end=\"1817\"><strong data-start=\"1778\" data-end=\"1817\">Enlaces de alta velocidad para servidores y almacenamiento<\/strong><\/p>\n<\/li>\n<\/ul>\n<p data-start=\"1819\" data-end=\"1934\">La baja atenuaci\u00f3n y el alto ancho de banda modal de OM3 garantizan <strong data-start=\"1873\" data-end=\"1908\">rendimiento estable y de baja latencia<\/strong> a trav\u00e9s de enlaces de corto alcance.<\/p>\n<hr data-start=\"1936\" data-end=\"1939\" \/>\n<h3 data-start=\"1941\" data-end=\"1993\"><strong data-start=\"1945\" data-end=\"1993\">Montaje de precisi\u00f3n para una confiabilidad a largo plazo<\/strong><\/h3>\n<p data-start=\"1995\" data-end=\"2258\">Todos los cables de conexi\u00f3n LC-SC OM3 se fabrican con <strong data-start=\"2043\" data-end=\"2118\">casquillos cer\u00e1micos, extremos pulidos con UPC y estricta inspecci\u00f3n \u00f3ptica.<\/strong>. Cada unidad se somete a pruebas para <strong data-start=\"2144\" data-end=\"2189\">p\u00e9rdida de inserci\u00f3n, p\u00e9rdida de retorno y geometr\u00eda<\/strong>, asegurando <strong data-start=\"2200\" data-end=\"2257\">Acoplamiento de luz constante y reflexi\u00f3n trasera m\u00ednima.<\/strong>.<\/p>\n<p data-start=\"2260\" data-end=\"2386\">En <strong data-start=\"2264\" data-end=\"2286\">Opci\u00f3n de cubierta LSZH<\/strong> admite moderno <strong data-start=\"2303\" data-end=\"2344\">normas de seguridad contra incendios y baja emisi\u00f3n de humo<\/strong> en edificios comerciales y centros de datos.<\/p>\n<hr data-start=\"2388\" data-end=\"2391\" \/>\n<h2 data-start=\"2393\" data-end=\"2416\"><strong data-start=\"2396\" data-end=\"2416\">Preguntas y respuestas profesionales<\/strong><\/h2>\n<p data-start=\"2418\" data-end=\"2586\"><strong data-start=\"2418\" data-end=\"2475\">P1: \u00bfSigue siendo OM3 una buena opci\u00f3n para nuevas instalaciones?<\/strong><br data-start=\"2475\" data-end=\"2478\" \/>S\u00ed. OM3 sigue siendo un <strong data-start=\"2497\" data-end=\"2521\">est\u00e1ndar ampliamente utilizado<\/strong> para <strong data-start=\"2526\" data-end=\"2564\">Enlaces multimodo de 10G, 40G y 100G<\/strong> hasta 100-300 metros.<\/p>\n<p data-start=\"2588\" data-end=\"2733\"><strong data-start=\"2588\" data-end=\"2644\">P2: \u00bfEste cable se puede conectar directamente a los m\u00f3dulos SFP+?<\/strong><br data-start=\"2644\" data-end=\"2647\" \/>S\u00ed. El <strong data-start=\"2656\" data-end=\"2666\">Fin de LC<\/strong> se conecta directamente a <strong data-start=\"2687\" data-end=\"2732\">Transceptores SFP, SFP+, QSFP y QSFP-DD<\/strong>.<\/p>\n<p data-start=\"2735\" data-end=\"2904\"><strong data-start=\"2735\" data-end=\"2789\">P3: \u00bfPor qu\u00e9 no utilizar adaptadores en lugar de cables h\u00edbridos?<\/strong><br data-start=\"2789\" data-end=\"2792\" \/>Los cables h\u00edbridos reducen <strong data-start=\"2813\" data-end=\"2834\">puntos de conexi\u00f3n<\/strong>, bajando <strong data-start=\"2845\" data-end=\"2903\">p\u00e9rdida de inserci\u00f3n, reflexi\u00f3n y riesgo de falla a largo plazo<\/strong>.<\/p>\n<p data-start=\"2906\" data-end=\"3049\"><strong data-start=\"2906\" data-end=\"2941\">P4: \u00bfQu\u00e9 hace el pulido UPC?<\/strong><br data-start=\"2941\" data-end=\"2944\" \/>El pulido UPC mejora <strong data-start=\"2967\" data-end=\"2991\">p\u00e9rdida de retorno (\u226530 dB)<\/strong>, lo que reduce la reflexi\u00f3n trasera y mejora la estabilidad de la se\u00f1al.<\/p>","protected":false},"excerpt":{"rendered":"<p data-start=\"62\" data-end=\"446\">En <strong data-start=\"66\" data-end=\"90\">LC\/UPC\u2013SC\/UPC-OM3-DX<\/strong> es un <strong data-start=\"96\" data-end=\"133\">puente de fibra multimodo OM3 d\u00faplex<\/strong> dise\u00f1ado para <strong data-start=\"147\" data-end=\"181\">equipos de red de alta densidad<\/strong> en un extremo y <strong data-start=\"197\" data-end=\"225\">paneles de conexi\u00f3n SC est\u00e1ndar<\/strong> por otro lado. Proporciona un puente \u00f3ptico limpio y de baja p\u00e9rdida entre <strong data-start=\"293\" data-end=\"321\">transceptores modernos (LC)<\/strong> y <strong data-start=\"326\" data-end=\"366\">marcos de distribuci\u00f3n tradicionales (SC)<\/strong>, lo que lo hace ideal para <strong data-start=\"388\" data-end=\"445\">centros de datos, redes troncales empresariales y salas de telecomunicaciones<\/strong>.<\/p>\n<p data-start=\"448\" data-end=\"624\">Con <strong data-start=\"453\" data-end=\"492\">Fibra OM3 optimizada para l\u00e1ser de 50\/125 \u03bcm<\/strong>, este cable de conexi\u00f3n es compatible con los dispositivos actuales. <strong data-start=\"527\" data-end=\"556\">\u00d3ptica basada en VCSEL de 850 nm<\/strong>, lo que permite una fiabilidad <strong data-start=\"576\" data-end=\"623\">Transmisi\u00f3n de corto alcance de 10G, 40G y 100G<\/strong>.<\/p>","protected":false},"featured_media":693,"comment_status":"open","ping_status":"closed","template":"","meta":[],"product_brand":[],"product_cat":[44],"product_tag":[],"class_list":{"0":"post-692","1":"product","2":"type-product","3":"status-publish","4":"has-post-thumbnail","6":"product_cat-multimode-fiber-optic-patch-cord","8":"first","9":"instock","10":"shipping-taxable","11":"product-type-simple"},"_links":{"self":[{"href":"https:\/\/www.fenxifiber.com\/es\/wp-json\/wp\/v2\/product\/692","targetHints":{"allow":["GET"]}}],"collection":[{"href":"https:\/\/www.fenxifiber.com\/es\/wp-json\/wp\/v2\/product"}],"about":[{"href":"https:\/\/www.fenxifiber.com\/es\/wp-json\/wp\/v2\/types\/product"}],"replies":[{"embeddable":true,"href":"https:\/\/www.fenxifiber.com\/es\/wp-json\/wp\/v2\/comments?post=692"}],"wp:featuredmedia":[{"embeddable":true,"href":"https:\/\/www.fenxifiber.com\/es\/wp-json\/wp\/v2\/media\/693"}],"wp:attachment":[{"href":"https:\/\/www.fenxifiber.com\/es\/wp-json\/wp\/v2\/media?parent=692"}],"wp:term":[{"taxonomy":"product_brand","embeddable":true,"href":"https:\/\/www.fenxifiber.com\/es\/wp-json\/wp\/v2\/product_brand?post=692"},{"taxonomy":"product_cat","embeddable":true,"href":"https:\/\/www.fenxifiber.com\/es\/wp-json\/wp\/v2\/product_cat?post=692"},{"taxonomy":"product_tag","embeddable":true,"href":"https:\/\/www.fenxifiber.com\/es\/wp-json\/wp\/v2\/product_tag?post=692"}],"curies":[{"name":"wp","href":"https:\/\/api.w.org\/{rel}","templated":true}]}}