{"id":694,"date":"2026-02-03T07:07:19","date_gmt":"2026-02-03T07:07:19","guid":{"rendered":"https:\/\/www.fenxifiber.com\/?post_type=product&#038;p=694"},"modified":"2026-02-04T01:34:11","modified_gmt":"2026-02-04T01:34:11","slug":"sc-upc-sc-upc-om3-dx","status":"publish","type":"product","link":"https:\/\/www.fenxifiber.com\/es\/product\/sc-upc-sc-upc-om3-dx\/","title":{"rendered":"Cable de conexi\u00f3n de fibra \u00f3ptica multimodo SC\/UPC\u2013SC\/UPC-OM3-DX"},"content":{"rendered":"<h3 data-start=\"598\" data-end=\"629\"><strong data-start=\"602\" data-end=\"629\">Por qu\u00e9 SC-SC sigue siendo importante<\/strong><\/h3>\n<p data-start=\"631\" data-end=\"917\">Mientras que LC domina los puertos de transceptores, <strong data-start=\"669\" data-end=\"761\">Los conectores SC siguen siendo muy utilizados en paneles de conexi\u00f3n, ODF y bastidores de distribuci\u00f3n troncal.<\/strong>. Los conectores SC ofrecen un <strong data-start=\"785\" data-end=\"823\">casquillo m\u00e1s grande para un acoplamiento robusto<\/strong> y un <strong data-start=\"830\" data-end=\"858\">mecanismo de enganche positivo<\/strong> lo que los hace ideales para <strong data-start=\"885\" data-end=\"916\">armarios de fibra \u00f3ptica de alto tr\u00e1fico<\/strong>.<\/p>\n<p data-start=\"919\" data-end=\"1034\">La combinaci\u00f3n de SC con fibra OM3 le ofrece un <strong data-start=\"957\" data-end=\"984\">s\u00f3lida infraestructura \u00f3ptica<\/strong> que es tanto <strong data-start=\"998\" data-end=\"1033\">f\u00e1cil de administrar y preparado para el futuro<\/strong>.<\/p>\n<hr data-start=\"1036\" data-end=\"1039\" \/>\n<h3 data-start=\"1041\" data-end=\"1083\"><strong data-start=\"1045\" data-end=\"1083\">Caracter\u00edsticas \u00f3pticas y f\u00edsicas<\/strong><\/h3>\n<div class=\"TyagGW_tableContainer\">\n<div class=\"group TyagGW_tableWrapper flex flex-col-reverse w-fit\" tabindex=\"-1\">\n<table class=\"w-fit min-w-(--thread-content-width)\" data-start=\"1085\" data-end=\"1527\">\n<thead data-start=\"1085\" data-end=\"1119\">\n<tr data-start=\"1085\" data-end=\"1119\">\n<th class=\"\" data-start=\"1085\" data-end=\"1095\" data-col-size=\"sm\">Caracter\u00edstica<\/th>\n<th class=\"\" data-start=\"1095\" data-end=\"1119\" data-col-size=\"sm\">SC\/UPC\u2013SC\/UPC-OM3-DX<\/th>\n<\/tr>\n<\/thead>\n<tbody data-start=\"1147\" data-end=\"1527\">\n<tr data-start=\"1147\" data-end=\"1187\">\n<td data-start=\"1147\" data-end=\"1160\" data-col-size=\"sm\">Tipo de fibra<\/td>\n<td data-start=\"1160\" data-end=\"1187\" data-col-size=\"sm\">OM3 Multimodo 50\/125 \u03bcm<\/td>\n<\/tr>\n<tr data-start=\"1188\" data-end=\"1219\">\n<td data-start=\"1188\" data-end=\"1204\" data-col-size=\"sm\">Configuraci\u00f3n<\/td>\n<td data-start=\"1204\" data-end=\"1219\" data-col-size=\"sm\">D\u00faplex (DX)<\/td>\n<\/tr>\n<tr data-start=\"1220\" data-end=\"1261\">\n<td data-start=\"1220\" data-end=\"1237\" data-col-size=\"sm\">Tipo de conector<\/td>\n<td data-start=\"1237\" data-end=\"1261\" data-col-size=\"sm\">SC\/UPC a SC\/UPC<\/td>\n<\/tr>\n<tr data-start=\"1262\" data-end=\"1305\">\n<td data-start=\"1262\" data-end=\"1285\" data-col-size=\"sm\">Longitud de onda operativa<\/td>\n<td data-start=\"1285\" data-end=\"1305\" data-col-size=\"sm\">850 nm \/ 1300 nm<\/td>\n<\/tr>\n<tr data-start=\"1306\" data-end=\"1342\">\n<td data-start=\"1306\" data-end=\"1327\" data-col-size=\"sm\">Ancho de banda a 850 nm<\/td>\n<td data-start=\"1327\" data-end=\"1342\" data-col-size=\"sm\">2000 MHz\u00b7km<\/td>\n<\/tr>\n<tr data-start=\"1343\" data-end=\"1373\">\n<td data-start=\"1343\" data-end=\"1360\" data-col-size=\"sm\">P\u00e9rdida de inserci\u00f3n<\/td>\n<td data-start=\"1360\" data-end=\"1373\" data-col-size=\"sm\">\u2264 0,30 dB<\/td>\n<\/tr>\n<tr data-start=\"1374\" data-end=\"1399\">\n<td data-start=\"1374\" data-end=\"1388\" data-col-size=\"sm\">P\u00e9rdida de retorno<\/td>\n<td data-start=\"1388\" data-end=\"1399\" data-col-size=\"sm\">\u2265 30 dB<\/td>\n<\/tr>\n<tr data-start=\"1400\" data-end=\"1430\">\n<td data-start=\"1400\" data-end=\"1415\" data-col-size=\"sm\">Ethernet 10G<\/td>\n<td data-start=\"1415\" data-end=\"1430\" data-col-size=\"sm\">Hasta 300 m<\/td>\n<\/tr>\n<tr data-start=\"1431\" data-end=\"1459\">\n<td data-start=\"1431\" data-end=\"1444\" data-col-size=\"sm\">40G \/ 100G<\/td>\n<td data-start=\"1444\" data-end=\"1459\" data-col-size=\"sm\">Hasta 100 m<\/td>\n<\/tr>\n<tr data-start=\"1460\" data-end=\"1484\">\n<td data-start=\"1460\" data-end=\"1469\" data-col-size=\"sm\">Chamarra<\/td>\n<td data-start=\"1469\" data-end=\"1484\" data-col-size=\"sm\">LSZH o PVC<\/td>\n<\/tr>\n<tr data-start=\"1485\" data-end=\"1527\">\n<td data-start=\"1485\" data-end=\"1498\" data-col-size=\"sm\">Conformidad<\/td>\n<td data-start=\"1498\" data-end=\"1527\" data-col-size=\"sm\">IEC, TIA-568, RoHS, REACH<\/td>\n<\/tr>\n<\/tbody>\n<\/table>\n<\/div>\n<\/div>\n<hr data-start=\"1529\" data-end=\"1532\" \/>\n<h3 data-start=\"1534\" data-end=\"1561\"><strong data-start=\"1538\" data-end=\"1561\">Escenarios de uso ideales<\/strong><\/h3>\n<ul data-start=\"1563\" data-end=\"1761\">\n<li data-start=\"1563\" data-end=\"1601\">\n<p data-start=\"1565\" data-end=\"1601\"><strong data-start=\"1565\" data-end=\"1601\">Enlaces de panel de conexiones a panel de conexiones<\/strong><\/p>\n<\/li>\n<li data-start=\"1602\" data-end=\"1651\">\n<p data-start=\"1604\" data-end=\"1651\"><strong data-start=\"1604\" data-end=\"1651\">Marcos de distribuci\u00f3n para telecomunicaciones y centros de datos<\/strong><\/p>\n<\/li>\n<li data-start=\"1652\" data-end=\"1682\">\n<p data-start=\"1654\" data-end=\"1682\"><strong data-start=\"1654\" data-end=\"1682\">Redes troncales LAN empresariales<\/strong><\/p>\n<\/li>\n<li data-start=\"1683\" data-end=\"1721\">\n<p data-start=\"1685\" data-end=\"1721\"><strong data-start=\"1685\" data-end=\"1721\">Armarios \u00f3pticos y salas de fibra<\/strong><\/p>\n<\/li>\n<li data-start=\"1722\" data-end=\"1761\">\n<p data-start=\"1724\" data-end=\"1761\"><strong data-start=\"1724\" data-end=\"1761\">Conexiones cruzadas de red de alta velocidad<\/strong><\/p>\n<\/li>\n<\/ul>\n<p data-start=\"1763\" data-end=\"1878\">OM3 <strong data-start=\"1769\" data-end=\"1813\">baja atenuaci\u00f3n y alto ancho de banda modal<\/strong> mantener las se\u00f1ales limpias incluso cuando hay varios puntos de conexi\u00f3n involucrados.<\/p>\n<hr data-start=\"1880\" data-end=\"1883\" \/>\n<h3 data-start=\"1885\" data-end=\"1919\"><strong data-start=\"1889\" data-end=\"1919\">Dise\u00f1ado para ofrecer precisi\u00f3n \u00f3ptica<\/strong><\/h3>\n<p data-start=\"1921\" data-end=\"2182\">Cada puente SC-SC OM3 se ensambla con <strong data-start=\"1961\" data-end=\"2023\">casquillos cer\u00e1micos de alta precisi\u00f3n y extremos pulidos con UPC<\/strong>, y luego se inspeccion\u00f3 utilizando <strong data-start=\"2046\" data-end=\"2091\">interferometr\u00eda y pruebas de p\u00e9rdida de inserci\u00f3n<\/strong>. Esto garantiza <strong data-start=\"2106\" data-end=\"2181\">Reflexi\u00f3n trasera m\u00ednima, acoplamiento constante y confiabilidad a largo plazo.<\/strong>.<\/p>\n<p data-start=\"2184\" data-end=\"2333\">En <strong data-start=\"2188\" data-end=\"2210\">Opci\u00f3n de cubierta LSZH<\/strong> tambi\u00e9n cumple <strong data-start=\"2222\" data-end=\"2268\">normas modernas de seguridad contra incendios y baja emisi\u00f3n de humo<\/strong>, lo que lo hace adecuado para centros de datos densos y edificios de oficinas.<\/p>\n<hr data-start=\"2335\" data-end=\"2338\" \/>\n<h2 data-start=\"2340\" data-end=\"2363\"><strong data-start=\"2343\" data-end=\"2363\">Preguntas y respuestas profesionales<\/strong><\/h2>\n<p data-start=\"2365\" data-end=\"2541\"><strong data-start=\"2365\" data-end=\"2417\">P1: \u00bfSigue siendo SC-SC adecuado para las redes modernas?<\/strong><br data-start=\"2417\" data-end=\"2420\" \/>S\u00ed. Los conectores SC siguen siendo muy utilizados en <strong data-start=\"2464\" data-end=\"2506\">ODF, paneles de conexi\u00f3n y enlaces troncales<\/strong> en centros de datos y salas de telecomunicaciones.<\/p>\n<p data-start=\"2543\" data-end=\"2679\"><strong data-start=\"2543\" data-end=\"2588\">P2: \u00bfPuede OM3 manejar Ethernet de 40G y 100G?<\/strong><br data-start=\"2588\" data-end=\"2591\" \/>S\u00ed. OM3 es compatible con <strong data-start=\"2609\" data-end=\"2642\">40G y 100G hasta 100 metros<\/strong> utilizando transceptores multimodo de 850 nm.<\/p>\n<p data-start=\"2681\" data-end=\"2824\"><strong data-start=\"2681\" data-end=\"2729\">P3: \u00bfQu\u00e9 ventajas ofrece el pulido UPC?<\/strong><br data-start=\"2729\" data-end=\"2732\" \/>El UPC reduce la reflexi\u00f3n trasera y mantiene <strong data-start=\"2770\" data-end=\"2797\">p\u00e9rdida de retorno superior a 30 dB<\/strong>, mejorando la estabilidad del enlace.<\/p>\n<p data-start=\"2826\" data-end=\"2998\"><strong data-start=\"2826\" data-end=\"2897\">P4: \u00bfEste cable es compatible con sistemas multimodo m\u00e1s antiguos?<\/strong><br data-start=\"2897\" data-end=\"2900\" \/>S\u00ed. OM3 funciona con <strong data-start=\"2920\" data-end=\"2945\">Equipos OM2 y OM1<\/strong>, al tiempo que proporciona un ancho de banda mucho mayor para las actualizaciones.<\/p>","protected":false},"excerpt":{"rendered":"<p data-start=\"62\" data-end=\"409\">En <strong data-start=\"66\" data-end=\"90\">SC\/UPC\u2013SC\/UPC-OM3-DX<\/strong> es un <strong data-start=\"96\" data-end=\"137\">Cable de conexi\u00f3n de fibra multimodo OM3 d\u00faplex<\/strong> creado para <strong data-start=\"150\" data-end=\"188\">enlaces \u00f3pticos confiables y de alta velocidad<\/strong> en redes empresariales, centros de datos e instalaciones de telecomunicaciones. Con <strong data-start=\"261\" data-end=\"291\">Conectores SC en ambos extremos<\/strong>, ofrece un <strong data-start=\"307\" data-end=\"339\">conexi\u00f3n segura de empuje y tracci\u00f3n<\/strong> que es f\u00e1cil de instalar y muy resistente a desconexiones accidentales.<\/p>\n<p data-start=\"411\" data-end=\"591\">Construido sobre <strong data-start=\"420\" data-end=\"459\">Fibra OM3 optimizada para l\u00e1ser de 50\/125 \u03bcm<\/strong>, este cable de conexi\u00f3n es compatible con los dispositivos actuales. <strong data-start=\"494\" data-end=\"545\">Est\u00e1ndares Ethernet multimodo 10G, 40G y 100G<\/strong> con bajas p\u00e9rdidas y excelente estabilidad de se\u00f1al.<\/p>","protected":false},"featured_media":695,"comment_status":"open","ping_status":"closed","template":"","meta":[],"product_brand":[],"product_cat":[44],"product_tag":[],"class_list":{"0":"post-694","1":"product","2":"type-product","3":"status-publish","4":"has-post-thumbnail","6":"product_cat-multimode-fiber-optic-patch-cord","8":"first","9":"instock","10":"shipping-taxable","11":"product-type-simple"},"_links":{"self":[{"href":"https:\/\/www.fenxifiber.com\/es\/wp-json\/wp\/v2\/product\/694","targetHints":{"allow":["GET"]}}],"collection":[{"href":"https:\/\/www.fenxifiber.com\/es\/wp-json\/wp\/v2\/product"}],"about":[{"href":"https:\/\/www.fenxifiber.com\/es\/wp-json\/wp\/v2\/types\/product"}],"replies":[{"embeddable":true,"href":"https:\/\/www.fenxifiber.com\/es\/wp-json\/wp\/v2\/comments?post=694"}],"wp:featuredmedia":[{"embeddable":true,"href":"https:\/\/www.fenxifiber.com\/es\/wp-json\/wp\/v2\/media\/695"}],"wp:attachment":[{"href":"https:\/\/www.fenxifiber.com\/es\/wp-json\/wp\/v2\/media?parent=694"}],"wp:term":[{"taxonomy":"product_brand","embeddable":true,"href":"https:\/\/www.fenxifiber.com\/es\/wp-json\/wp\/v2\/product_brand?post=694"},{"taxonomy":"product_cat","embeddable":true,"href":"https:\/\/www.fenxifiber.com\/es\/wp-json\/wp\/v2\/product_cat?post=694"},{"taxonomy":"product_tag","embeddable":true,"href":"https:\/\/www.fenxifiber.com\/es\/wp-json\/wp\/v2\/product_tag?post=694"}],"curies":[{"name":"wp","href":"https:\/\/api.w.org\/{rel}","templated":true}]}}