{"id":702,"date":"2026-02-03T07:18:26","date_gmt":"2026-02-03T07:18:26","guid":{"rendered":"https:\/\/www.fenxifiber.com\/?post_type=product&#038;p=702"},"modified":"2026-02-04T01:36:01","modified_gmt":"2026-02-04T01:36:01","slug":"fc-upc-fc-upc-blindado","status":"publish","type":"product","link":"https:\/\/www.fenxifiber.com\/es\/product\/fc-upc-fc-upc-armoured\/","title":{"rendered":"Cable de conexi\u00f3n de fibra \u00f3ptica monomodo blindado FC\/UPC\u2013FC\/UPC"},"content":{"rendered":"<h3 data-start=\"611\" data-end=\"662\"><strong data-start=\"615\" data-end=\"662\">Por qu\u00e9 FC + Armoured es una combinaci\u00f3n poderosa<\/strong><\/h3>\n<p data-start=\"664\" data-end=\"872\">Los conectores FC son conocidos por su <strong data-start=\"698\" data-end=\"721\">cuerpo met\u00e1lico atornillable<\/strong>, lo que evita los micromovimientos que pueden introducir <strong data-start=\"772\" data-end=\"795\">inestabilidad \u00f3ptica<\/strong>. Esto los convierte en los favoritos en <strong data-start=\"827\" data-end=\"869\">redes de operadores y entornos de prueba<\/strong>.<\/p>\n<p data-start=\"874\" data-end=\"956\">Cuando se combina con un <strong data-start=\"896\" data-end=\"914\">cable blindado<\/strong>, el resultado es un cable de conexi\u00f3n que resiste:<\/p>\n<ul data-start=\"958\" data-end=\"1059\">\n<li data-start=\"958\" data-end=\"984\">\n<p data-start=\"960\" data-end=\"984\"><strong data-start=\"960\" data-end=\"984\">Aplastamiento y tracci\u00f3n<\/strong><\/p>\n<\/li>\n<li data-start=\"985\" data-end=\"1003\">\n<p data-start=\"987\" data-end=\"1003\"><strong data-start=\"987\" data-end=\"1003\">Mordeduras de roedores<\/strong><\/p>\n<\/li>\n<li data-start=\"1004\" data-end=\"1021\">\n<p data-start=\"1006\" data-end=\"1021\"><strong data-start=\"1006\" data-end=\"1021\">Curvas cerradas<\/strong><\/p>\n<\/li>\n<li data-start=\"1022\" data-end=\"1059\">\n<p data-start=\"1024\" data-end=\"1059\"><strong data-start=\"1024\" data-end=\"1059\">Pisada o pellizco accidental<\/strong><\/p>\n<\/li>\n<\/ul>\n<p data-start=\"1061\" data-end=\"1174\">Es la soluci\u00f3n perfecta para <strong data-start=\"1091\" data-end=\"1173\">enlaces \u00f3pticos que deben funcionar de manera confiable en condiciones reales, fuera del laboratorio.<\/strong>.<\/p>\n<hr data-start=\"1176\" data-end=\"1179\" \/>\n<h3 data-start=\"1181\" data-end=\"1213\"><strong data-start=\"1185\" data-end=\"1213\">Especificaciones t\u00e9cnicas<\/strong><\/h3>\n<div class=\"TyagGW_tableContainer\">\n<div class=\"group TyagGW_tableWrapper flex flex-col-reverse w-fit\" tabindex=\"-1\">\n<table class=\"w-fit min-w-(--thread-content-width)\" data-start=\"1215\" data-end=\"1729\">\n<thead data-start=\"1215\" data-end=\"1253\">\n<tr data-start=\"1215\" data-end=\"1253\">\n<th class=\"\" data-start=\"1215\" data-end=\"1227\" data-col-size=\"sm\">Par\u00e1metro<\/th>\n<th class=\"\" data-start=\"1227\" data-end=\"1253\" data-col-size=\"sm\">FC\/UPC\u2013FC\/UPC Blindado<\/th>\n<\/tr>\n<\/thead>\n<tbody data-start=\"1282\" data-end=\"1729\">\n<tr data-start=\"1282\" data-end=\"1325\">\n<td data-start=\"1282\" data-end=\"1295\" data-col-size=\"sm\">Tipo de fibra<\/td>\n<td data-start=\"1295\" data-end=\"1325\" data-col-size=\"sm\">OS2 monomodo (9\/125 \u03bcm)<\/td>\n<\/tr>\n<tr data-start=\"1326\" data-end=\"1352\">\n<td data-start=\"1326\" data-end=\"1340\" data-col-size=\"sm\">Conector A<\/td>\n<td data-start=\"1340\" data-end=\"1352\" data-col-size=\"sm\">FC \/ UPC<\/td>\n<\/tr>\n<tr data-start=\"1353\" data-end=\"1379\">\n<td data-start=\"1353\" data-end=\"1367\" data-col-size=\"sm\">Conector B<\/td>\n<td data-start=\"1367\" data-end=\"1379\" data-col-size=\"sm\">FC \/ UPC<\/td>\n<\/tr>\n<tr data-start=\"1380\" data-end=\"1441\">\n<td data-start=\"1380\" data-end=\"1398\" data-col-size=\"sm\">Estructura del cable<\/td>\n<td data-start=\"1398\" data-end=\"1441\" data-col-size=\"sm\">Blindado (tubo de acero o aleaci\u00f3n de aluminio)<\/td>\n<\/tr>\n<tr data-start=\"1442\" data-end=\"1486\">\n<td data-start=\"1442\" data-end=\"1465\" data-col-size=\"sm\">Longitud de onda operativa<\/td>\n<td data-start=\"1465\" data-end=\"1486\" data-col-size=\"sm\">1310 nm \/ 1550 nm<\/td>\n<\/tr>\n<tr data-start=\"1487\" data-end=\"1517\">\n<td data-start=\"1487\" data-end=\"1504\" data-col-size=\"sm\">P\u00e9rdida de inserci\u00f3n<\/td>\n<td data-start=\"1504\" data-end=\"1517\" data-col-size=\"sm\">\u2264 0,30 dB<\/td>\n<\/tr>\n<tr data-start=\"1518\" data-end=\"1549\">\n<td data-start=\"1518\" data-end=\"1532\" data-col-size=\"sm\">P\u00e9rdida de retorno<\/td>\n<td data-start=\"1532\" data-end=\"1549\" data-col-size=\"sm\">\u2265 50 dB (UPC)<\/td>\n<\/tr>\n<tr data-start=\"1550\" data-end=\"1610\">\n<td data-start=\"1550\" data-end=\"1569\" data-col-size=\"sm\">Resistencia a la tracci\u00f3n<\/td>\n<td data-start=\"1569\" data-end=\"1610\" data-col-size=\"sm\">Mucho m\u00e1s alto que los cables de conexi\u00f3n est\u00e1ndar.<\/td>\n<\/tr>\n<tr data-start=\"1611\" data-end=\"1657\">\n<td data-start=\"1611\" data-end=\"1633\" data-col-size=\"sm\">Radio de curvatura m\u00ednimo<\/td>\n<td data-start=\"1633\" data-end=\"1657\" data-col-size=\"sm\">\u2265 10 veces el di\u00e1metro del cable<\/td>\n<\/tr>\n<tr data-start=\"1658\" data-end=\"1686\">\n<td data-start=\"1658\" data-end=\"1667\" data-col-size=\"sm\">Chamarra<\/td>\n<td data-start=\"1667\" data-end=\"1686\" data-col-size=\"sm\">LSZH \/ PVC \/ PE<\/td>\n<\/tr>\n<tr data-start=\"1687\" data-end=\"1729\">\n<td data-start=\"1687\" data-end=\"1700\" data-col-size=\"sm\">Conformidad<\/td>\n<td data-start=\"1700\" data-end=\"1729\" data-col-size=\"sm\">IEC, TIA-568, RoHS, REACH<\/td>\n<\/tr>\n<\/tbody>\n<\/table>\n<\/div>\n<\/div>\n<hr data-start=\"1731\" data-end=\"1734\" \/>\n<h3 data-start=\"1736\" data-end=\"1768\"><strong data-start=\"1740\" data-end=\"1768\">D\u00f3nde se usa com\u00fanmente<\/strong><\/h3>\n<ul data-start=\"1770\" data-end=\"1946\">\n<li data-start=\"1770\" data-end=\"1801\">\n<p data-start=\"1772\" data-end=\"1801\"><strong data-start=\"1772\" data-end=\"1801\">FTTx y redes de operadores<\/strong><\/p>\n<\/li>\n<li data-start=\"1802\" data-end=\"1832\">\n<p data-start=\"1804\" data-end=\"1832\"><strong data-start=\"1804\" data-end=\"1832\">Armarios de telecomunicaciones para exteriores<\/strong><\/p>\n<\/li>\n<li data-start=\"1833\" data-end=\"1858\">\n<p data-start=\"1835\" data-end=\"1858\"><strong data-start=\"1835\" data-end=\"1858\">Ethernet industrial<\/strong><\/p>\n<\/li>\n<li data-start=\"1859\" data-end=\"1906\">\n<p data-start=\"1861\" data-end=\"1906\"><strong data-start=\"1861\" data-end=\"1906\">Sistemas de comunicaci\u00f3n ferroviarios y de servicios p\u00fablicos<\/strong><\/p>\n<\/li>\n<li data-start=\"1907\" data-end=\"1946\">\n<p data-start=\"1909\" data-end=\"1946\"><strong data-start=\"1909\" data-end=\"1946\">Configuraciones de prueba y medici\u00f3n de fibra<\/strong><\/p>\n<\/li>\n<\/ul>\n<p data-start=\"1948\" data-end=\"2063\">La estructura blindada garantiza <strong data-start=\"1979\" data-end=\"2062\">Rendimiento \u00f3ptico estable incluso en entornos de instalaci\u00f3n dif\u00edciles o de alto riesgo.<\/strong>.<\/p>\n<hr data-start=\"2065\" data-end=\"2068\" \/>\n<h3 data-start=\"2070\" data-end=\"2106\"><strong data-start=\"2074\" data-end=\"2106\">Calidad de se\u00f1al en la que puede confiar<\/strong><\/h3>\n<p data-start=\"2108\" data-end=\"2402\">El pulido UPC crea un <strong data-start=\"2132\" data-end=\"2159\">cara final lisa y convexa<\/strong> que garantiza <strong data-start=\"2173\" data-end=\"2215\">fuerte contacto f\u00edsico entre las fibras<\/strong>, reduciendo <strong data-start=\"2226\" data-end=\"2267\">p\u00e9rdida de inserci\u00f3n y reflexi\u00f3n de Fresnel<\/strong>. Con <strong data-start=\"2274\" data-end=\"2297\">p\u00e9rdida de retorno \u2265 50 dB<\/strong>, este cable ofrece <strong data-start=\"2319\" data-end=\"2352\">transmisi\u00f3n limpia y silenciosa<\/strong> para <strong data-start=\"2357\" data-end=\"2401\">datos, voz y sistemas de control \u00f3ptico<\/strong>.<\/p>\n<hr data-start=\"2404\" data-end=\"2407\" \/>\n<h3 data-start=\"2409\" data-end=\"2454\"><strong data-start=\"2413\" data-end=\"2454\">Dise\u00f1ado para durar m\u00e1s que los cables de conexi\u00f3n est\u00e1ndar<\/strong><\/h3>\n<p data-start=\"2456\" data-end=\"2545\">A diferencia de los puentes con cubierta de PVC est\u00e1ndar, el cable blindado FC-FC se puede tender de forma segura a trav\u00e9s de:<\/p>\n<ul data-start=\"2547\" data-end=\"2633\">\n<li data-start=\"2547\" data-end=\"2567\">\n<p data-start=\"2549\" data-end=\"2567\"><strong data-start=\"2549\" data-end=\"2567\">Conductos met\u00e1licos<\/strong><\/p>\n<\/li>\n<li data-start=\"2568\" data-end=\"2585\">\n<p data-start=\"2570\" data-end=\"2585\"><strong data-start=\"2570\" data-end=\"2585\">Conductos de piso<\/strong><\/p>\n<\/li>\n<li data-start=\"2586\" data-end=\"2611\">\n<p data-start=\"2588\" data-end=\"2611\"><strong data-start=\"2588\" data-end=\"2611\">Bandejas portacables para exteriores<\/strong><\/p>\n<\/li>\n<li data-start=\"2612\" data-end=\"2633\">\n<p data-start=\"2614\" data-end=\"2633\"><strong data-start=\"2614\" data-end=\"2633\">Racks para equipos<\/strong><\/p>\n<\/li>\n<\/ul>\n<p data-start=\"2635\" data-end=\"2692\">sin preocuparse por <strong data-start=\"2658\" data-end=\"2691\">aplastamiento o da\u00f1o accidental<\/strong>.<\/p>\n<hr data-start=\"2694\" data-end=\"2697\" \/>\n<h2 data-start=\"2699\" data-end=\"2722\"><strong data-start=\"2702\" data-end=\"2722\">Preguntas y respuestas profesionales<\/strong><\/h2>\n<p data-start=\"2724\" data-end=\"2924\"><strong data-start=\"2724\" data-end=\"2771\">P1: \u00bfEste cable es apto para uso en exteriores?<\/strong><br data-start=\"2771\" data-end=\"2774\" \/>S\u00ed. El <strong data-start=\"2783\" data-end=\"2805\">estructura blindada<\/strong> proporciona protecci\u00f3n contra <strong data-start=\"2834\" data-end=\"2867\">estr\u00e9s mec\u00e1nico y roedores<\/strong>, lo que lo hace ideal para gabinetes exteriores y estaciones base.<\/p>\n<p data-start=\"2926\" data-end=\"3068\"><strong data-start=\"2926\" data-end=\"2969\">P2: \u00bfEs compatible con enlaces de 10G y 25G?<\/strong><br data-start=\"2969\" data-end=\"2972\" \/>Por supuesto. La fibra monomodo OS2 es compatible con <strong data-start=\"3015\" data-end=\"3047\">10G, 25G, 40G e incluso 100G<\/strong> a largas distancias.<\/p>\n<p data-start=\"3070\" data-end=\"3246\"><strong data-start=\"3070\" data-end=\"3123\">P3: \u00bfPor qu\u00e9 elegir conectores FC en lugar de LC o SC?<\/strong><br data-start=\"3123\" data-end=\"3126\" \/>Los conectores FC ofrecen <strong data-start=\"3146\" data-end=\"3166\">bloqueo roscado<\/strong>, lo que los hace m\u00e1s estables en <strong data-start=\"3195\" data-end=\"3245\">entornos propensos a vibraciones o equipos de prueba<\/strong>.<\/p>\n<p data-start=\"3248\" data-end=\"3381\"><strong data-start=\"3248\" data-end=\"3298\">P4: \u00bfEl blindaje afecta al rendimiento \u00f3ptico?<\/strong><br data-start=\"3298\" data-end=\"3301\" \/>No. El blindaje protege la fibra. <strong data-start=\"3338\" data-end=\"3380\">sin introducir p\u00e9rdidas \u00f3pticas adicionales<\/strong>.<\/p>","protected":false},"excerpt":{"rendered":"<p data-start=\"66\" data-end=\"437\">En <strong data-start=\"70\" data-end=\"107\">Cable de conexi\u00f3n blindado FC\/UPC\u2013FC\/UPC<\/strong> est\u00e1 dise\u00f1ado para <strong data-start=\"121\" data-end=\"218\">enlaces \u00f3pticos que deben soportar condiciones f\u00edsicas adversas sin comprometer la calidad de la se\u00f1al<\/strong>. Usando <strong data-start=\"226\" data-end=\"252\">conectores FC roscados<\/strong> en ambos extremos y un <strong data-start=\"272\" data-end=\"306\">estructura de cable con blindaje met\u00e1lico<\/strong>, este su\u00e9ter ofrece <strong data-start=\"329\" data-end=\"356\">conectividad s\u00f3lida como una roca<\/strong> para <strong data-start=\"361\" data-end=\"436\">salas de telecomunicaciones, gabinetes exteriores, estaciones base y redes industriales<\/strong>.<\/p>\n<p data-start=\"439\" data-end=\"604\">Dise\u00f1ado en torno a <strong data-start=\"455\" data-end=\"480\">Fibra monomodo OS2<\/strong>, es compatible con <strong data-start=\"494\" data-end=\"530\">Transmisi\u00f3n de 1310 nm y 1550 nm<\/strong>, lo que lo hace ideal para <strong data-start=\"552\" data-end=\"603\">Aplicaciones de larga distancia, alta velocidad y PON.<\/strong>.<\/p>","protected":false},"featured_media":703,"comment_status":"open","ping_status":"closed","template":"","meta":[],"product_brand":[],"product_cat":[44],"product_tag":[],"class_list":{"0":"post-702","1":"product","2":"type-product","3":"status-publish","4":"has-post-thumbnail","6":"product_cat-multimode-fiber-optic-patch-cord","8":"first","9":"instock","10":"shipping-taxable","11":"product-type-simple"},"_links":{"self":[{"href":"https:\/\/www.fenxifiber.com\/es\/wp-json\/wp\/v2\/product\/702","targetHints":{"allow":["GET"]}}],"collection":[{"href":"https:\/\/www.fenxifiber.com\/es\/wp-json\/wp\/v2\/product"}],"about":[{"href":"https:\/\/www.fenxifiber.com\/es\/wp-json\/wp\/v2\/types\/product"}],"replies":[{"embeddable":true,"href":"https:\/\/www.fenxifiber.com\/es\/wp-json\/wp\/v2\/comments?post=702"}],"wp:featuredmedia":[{"embeddable":true,"href":"https:\/\/www.fenxifiber.com\/es\/wp-json\/wp\/v2\/media\/703"}],"wp:attachment":[{"href":"https:\/\/www.fenxifiber.com\/es\/wp-json\/wp\/v2\/media?parent=702"}],"wp:term":[{"taxonomy":"product_brand","embeddable":true,"href":"https:\/\/www.fenxifiber.com\/es\/wp-json\/wp\/v2\/product_brand?post=702"},{"taxonomy":"product_cat","embeddable":true,"href":"https:\/\/www.fenxifiber.com\/es\/wp-json\/wp\/v2\/product_cat?post=702"},{"taxonomy":"product_tag","embeddable":true,"href":"https:\/\/www.fenxifiber.com\/es\/wp-json\/wp\/v2\/product_tag?post=702"}],"curies":[{"name":"wp","href":"https:\/\/api.w.org\/{rel}","templated":true}]}}