{"id":705,"date":"2026-02-03T07:19:53","date_gmt":"2026-02-03T07:19:53","guid":{"rendered":"https:\/\/www.fenxifiber.com\/?post_type=product&#038;p=705"},"modified":"2026-02-04T01:36:56","modified_gmt":"2026-02-04T01:36:56","slug":"lc-apc-lc-apc-blindado","status":"publish","type":"product","link":"https:\/\/www.fenxifiber.com\/es\/product\/lc-apc-lc-apc-armoured\/","title":{"rendered":"Cable de conexi\u00f3n de fibra \u00f3ptica monomodo blindado LC\/APC\u2013LC\/APC"},"content":{"rendered":"<h3 data-start=\"653\" data-end=\"718\"><strong data-start=\"657\" data-end=\"718\">Por qu\u00e9 este modelo es el preferido por los integradores y distribuidores<\/strong><\/h3>\n<p data-start=\"720\" data-end=\"967\">Los conectores APC son el est\u00e1ndar industrial para <strong data-start=\"765\" data-end=\"823\">Sistemas PON, RF sobre fibra, CATV y l\u00e1ser de alta potencia.<\/strong> porque proporcionan <strong data-start=\"845\" data-end=\"874\">reflexi\u00f3n trasera ultrabaja<\/strong>.<br data-start=\"875\" data-end=\"878\" \/>Cuando se combina con un <strong data-start=\"900\" data-end=\"918\">cable blindado<\/strong>, este cable de conexi\u00f3n se convierte en la soluci\u00f3n ideal para:<\/p>\n<ul data-start=\"969\" data-end=\"1112\">\n<li data-start=\"969\" data-end=\"999\">\n<p data-start=\"971\" data-end=\"999\"><strong data-start=\"971\" data-end=\"999\">Armarios de telecomunicaciones para exteriores<\/strong><\/p>\n<\/li>\n<li data-start=\"1000\" data-end=\"1028\">\n<p data-start=\"1002\" data-end=\"1028\"><strong data-start=\"1002\" data-end=\"1028\">Redes FTTH y FTTx<\/strong><\/p>\n<\/li>\n<li data-start=\"1029\" data-end=\"1062\">\n<p data-start=\"1031\" data-end=\"1062\"><strong data-start=\"1031\" data-end=\"1062\">Estaciones base y casetas de datos<\/strong><\/p>\n<\/li>\n<li data-start=\"1063\" data-end=\"1112\">\n<p data-start=\"1065\" data-end=\"1112\"><strong data-start=\"1065\" data-end=\"1112\">Sistemas ferroviarios, energ\u00e9ticos y de fibra \u00f3ptica para la seguridad<\/strong><\/p>\n<\/li>\n<\/ul>\n<p data-start=\"1114\" data-end=\"1341\">En <strong data-start=\"1118\" data-end=\"1131\">Formato LC<\/strong> permite <strong data-start=\"1139\" data-end=\"1164\">parcheo de alta densidad<\/strong>, mientras que el <strong data-start=\"1176\" data-end=\"1193\">tubo blindado<\/strong> protege contra <strong data-start=\"1211\" data-end=\"1265\">aplastamiento, roedores, flexi\u00f3n y tracci\u00f3n accidental<\/strong>\u2014una gran ventaja para <strong data-start=\"1288\" data-end=\"1340\">integradores de sistemas e implementaciones basadas en proyectos<\/strong>.<\/p>\n<hr data-start=\"1343\" data-end=\"1346\" \/>\n<h3 data-start=\"1348\" data-end=\"1380\"><strong data-start=\"1352\" data-end=\"1380\">Especificaciones t\u00e9cnicas<\/strong><\/h3>\n<div class=\"TyagGW_tableContainer\">\n<div class=\"group TyagGW_tableWrapper flex flex-col-reverse w-fit\" tabindex=\"-1\">\n<table class=\"w-fit min-w-(--thread-content-width)\" data-start=\"1382\" data-end=\"1899\">\n<thead data-start=\"1382\" data-end=\"1420\">\n<tr data-start=\"1382\" data-end=\"1420\">\n<th class=\"\" data-start=\"1382\" data-end=\"1394\" data-col-size=\"sm\">Par\u00e1metro<\/th>\n<th class=\"\" data-start=\"1394\" data-end=\"1420\" data-col-size=\"sm\">LC\/APC\u2013LC\/APC Blindado<\/th>\n<\/tr>\n<\/thead>\n<tbody data-start=\"1449\" data-end=\"1899\">\n<tr data-start=\"1449\" data-end=\"1492\">\n<td data-start=\"1449\" data-end=\"1462\" data-col-size=\"sm\">Tipo de fibra<\/td>\n<td data-start=\"1462\" data-end=\"1492\" data-col-size=\"sm\">OS2 monomodo (9\/125 \u03bcm)<\/td>\n<\/tr>\n<tr data-start=\"1493\" data-end=\"1534\">\n<td data-start=\"1493\" data-end=\"1510\" data-col-size=\"sm\">Tipo de conector<\/td>\n<td data-start=\"1510\" data-end=\"1534\" data-col-size=\"sm\">LC\/APC a LC\/APC<\/td>\n<\/tr>\n<tr data-start=\"1535\" data-end=\"1563\">\n<td data-start=\"1535\" data-end=\"1544\" data-col-size=\"sm\">Polaco<\/td>\n<td data-start=\"1544\" data-end=\"1563\" data-col-size=\"sm\">APC (\u00e1ngulo de 8\u00b0)<\/td>\n<\/tr>\n<tr data-start=\"1564\" data-end=\"1626\">\n<td data-start=\"1564\" data-end=\"1582\" data-col-size=\"sm\">Estructura del cable<\/td>\n<td data-start=\"1582\" data-end=\"1626\" data-col-size=\"sm\">Blindaje met\u00e1lico (acero o aleaci\u00f3n de aluminio)<\/td>\n<\/tr>\n<tr data-start=\"1627\" data-end=\"1671\">\n<td data-start=\"1627\" data-end=\"1650\" data-col-size=\"sm\">Longitud de onda operativa<\/td>\n<td data-start=\"1650\" data-end=\"1671\" data-col-size=\"sm\">1310 nm \/ 1550 nm<\/td>\n<\/tr>\n<tr data-start=\"1672\" data-end=\"1702\">\n<td data-start=\"1672\" data-end=\"1689\" data-col-size=\"sm\">P\u00e9rdida de inserci\u00f3n<\/td>\n<td data-start=\"1689\" data-end=\"1702\" data-col-size=\"sm\">\u2264 0,30 dB<\/td>\n<\/tr>\n<tr data-start=\"1703\" data-end=\"1728\">\n<td data-start=\"1703\" data-end=\"1717\" data-col-size=\"sm\">P\u00e9rdida de retorno<\/td>\n<td data-start=\"1717\" data-end=\"1728\" data-col-size=\"sm\">\u2265 60 dB<\/td>\n<\/tr>\n<tr data-start=\"1729\" data-end=\"1788\">\n<td data-start=\"1729\" data-end=\"1748\" data-col-size=\"sm\">Resistencia a la tracci\u00f3n<\/td>\n<td data-col-size=\"sm\" data-start=\"1748\" data-end=\"1788\">Mucho m\u00e1s alto que los cables de conexi\u00f3n est\u00e1ndar.<\/td>\n<\/tr>\n<tr data-start=\"1789\" data-end=\"1827\">\n<td data-start=\"1789\" data-end=\"1803\" data-col-size=\"sm\">Radio de curvatura<\/td>\n<td data-start=\"1803\" data-end=\"1827\" data-col-size=\"sm\">\u2265 10 veces el di\u00e1metro del cable<\/td>\n<\/tr>\n<tr data-start=\"1828\" data-end=\"1856\">\n<td data-start=\"1828\" data-end=\"1837\" data-col-size=\"sm\">Chamarra<\/td>\n<td data-start=\"1837\" data-end=\"1856\" data-col-size=\"sm\">LSZH \/ PE \/ PVC<\/td>\n<\/tr>\n<tr data-start=\"1857\" data-end=\"1899\">\n<td data-start=\"1857\" data-end=\"1870\" data-col-size=\"sm\">Conformidad<\/td>\n<td data-col-size=\"sm\" data-start=\"1870\" data-end=\"1899\">IEC, TIA-568, RoHS, REACH<\/td>\n<\/tr>\n<\/tbody>\n<\/table>\n<\/div>\n<\/div>\n<hr data-start=\"1901\" data-end=\"1904\" \/>\n<h3 data-start=\"1906\" data-end=\"1953\"><strong data-start=\"1910\" data-end=\"1953\">Dise\u00f1ado para la venta al por mayor y el suministro de proyectos.<\/strong><\/h3>\n<p data-start=\"1955\" data-end=\"2010\">Este cable de conexi\u00f3n blindado LC\/APC es muy solicitado por:<\/p>\n<ul data-start=\"2012\" data-end=\"2157\">\n<li data-start=\"2012\" data-end=\"2048\">\n<p data-start=\"2014\" data-end=\"2048\"><strong data-start=\"2014\" data-end=\"2048\">Distribuidores de equipos de telecomunicaciones<\/strong><\/p>\n<\/li>\n<li data-start=\"2049\" data-end=\"2074\">\n<p data-start=\"2051\" data-end=\"2074\"><strong data-start=\"2051\" data-end=\"2074\">Integradores de redes<\/strong><\/p>\n<\/li>\n<li data-start=\"2075\" data-end=\"2097\">\n<p data-start=\"2077\" data-end=\"2097\"><strong data-start=\"2077\" data-end=\"2097\">Contratistas de FTTH<\/strong><\/p>\n<\/li>\n<li data-start=\"2098\" data-end=\"2118\">\n<p data-start=\"2100\" data-end=\"2118\"><strong data-start=\"2100\" data-end=\"2118\">operadores de CATV<\/strong><\/p>\n<\/li>\n<li data-start=\"2119\" data-end=\"2157\">\n<p data-start=\"2121\" data-end=\"2157\"><strong data-start=\"2121\" data-end=\"2157\">Fabricantes de sistemas de fibra industrial<\/strong><\/p>\n<\/li>\n<\/ul>\n<p data-start=\"2159\" data-end=\"2170\">Apoyamos:<\/p>\n<ul data-start=\"2171\" data-end=\"2304\">\n<li data-start=\"2171\" data-end=\"2188\">\n<p data-start=\"2173\" data-end=\"2188\"><strong data-start=\"2173\" data-end=\"2188\">Pedidos al por mayor<\/strong><\/p>\n<\/li>\n<li data-start=\"2189\" data-end=\"2209\">\n<p data-start=\"2191\" data-end=\"2209\"><strong data-start=\"2191\" data-end=\"2209\">Longitudes personalizadas<\/strong><\/p>\n<\/li>\n<li data-start=\"2210\" data-end=\"2234\">\n<p data-start=\"2212\" data-end=\"2234\"><strong data-start=\"2212\" data-end=\"2234\">Marca OEM\/ODM<\/strong><\/p>\n<\/li>\n<li data-start=\"2235\" data-end=\"2267\">\n<p data-start=\"2237\" data-end=\"2267\"><strong data-start=\"2237\" data-end=\"2267\">Pedido m\u00ednimo bajo para pruebas de abastecimiento<\/strong><\/p>\n<\/li>\n<li data-start=\"2268\" data-end=\"2304\">\n<p data-start=\"2270\" data-end=\"2304\"><strong data-start=\"2270\" data-end=\"2304\">Exportaci\u00f3n r\u00e1pida y log\u00edstica global<\/strong><\/p>\n<\/li>\n<\/ul>\n<p data-start=\"2306\" data-end=\"2471\">Como <strong data-start=\"2311\" data-end=\"2357\">Fabricante y exportador de cables de conexi\u00f3n de fibra \u00f3ptica<\/strong>, ayudamos <strong data-start=\"2367\" data-end=\"2414\">agentes, mayoristas y empresas de abastecimiento<\/strong> reducir los costos sin perder calidad <strong data-start=\"2445\" data-end=\"2470\">calidad de nivel carrier<\/strong>.<\/p>\n<hr data-start=\"2473\" data-end=\"2476\" \/>\n<h3 data-start=\"2478\" data-end=\"2526\"><strong data-start=\"2482\" data-end=\"2526\">Por qu\u00e9 APC + Armoured es una soluci\u00f3n premium<\/strong><\/h3>\n<p data-start=\"2528\" data-end=\"2611\">Los conectores APC reducen <strong data-start=\"2550\" data-end=\"2573\">p\u00e9rdida de retorno \u00f3ptica<\/strong> a <strong data-start=\"2577\" data-end=\"2587\">\u226560 dB<\/strong>, lo cual es fundamental para:<\/p>\n<ul data-start=\"2612\" data-end=\"2722\">\n<li data-start=\"2612\" data-end=\"2647\">\n<p data-start=\"2614\" data-end=\"2647\"><strong data-start=\"2614\" data-end=\"2647\">PON (GPON \/ XG-PON \/ XGS-PON)<\/strong><\/p>\n<\/li>\n<li data-start=\"2648\" data-end=\"2667\">\n<p data-start=\"2650\" data-end=\"2667\"><strong data-start=\"2650\" data-end=\"2667\">RF sobre fibra<\/strong><\/p>\n<\/li>\n<li data-start=\"2668\" data-end=\"2691\">\n<p data-start=\"2670\" data-end=\"2691\"><strong data-start=\"2670\" data-end=\"2691\">transmisi\u00f3n por CATV<\/strong><\/p>\n<\/li>\n<li data-start=\"2692\" data-end=\"2722\">\n<p data-start=\"2694\" data-end=\"2722\"><strong data-start=\"2694\" data-end=\"2722\">Enlaces \u00f3pticos de alta potencia<\/strong><\/p>\n<\/li>\n<\/ul>\n<p data-start=\"2724\" data-end=\"2774\">En <strong data-start=\"2728\" data-end=\"2746\">capa blindada<\/strong> garantiza la durabilidad del cable:<\/p>\n<ul data-start=\"2775\" data-end=\"2870\">\n<li data-start=\"2775\" data-end=\"2790\">\n<p data-start=\"2777\" data-end=\"2790\">Bandejas portacables<\/p>\n<\/li>\n<li data-start=\"2791\" data-end=\"2810\">\n<p data-start=\"2793\" data-end=\"2810\">Rutas al aire libre<\/p>\n<\/li>\n<li data-start=\"2811\" data-end=\"2836\">\n<p data-start=\"2813\" data-end=\"2836\">Instalaciones de gabinetes<\/p>\n<\/li>\n<li data-start=\"2837\" data-end=\"2870\">\n<p data-start=\"2839\" data-end=\"2870\">Entornos industriales hostiles<\/p>\n<\/li>\n<\/ul>\n<p data-start=\"2872\" data-end=\"2965\">Esto reduce dr\u00e1sticamente <strong data-start=\"2897\" data-end=\"2934\">tasa de fallos y costo de mantenimiento<\/strong> para operadores e integradores.<\/p>\n<hr data-start=\"2967\" data-end=\"2970\" \/>\n<h2 data-start=\"2972\" data-end=\"2995\"><strong data-start=\"2975\" data-end=\"2995\">Preguntas y respuestas profesionales<\/strong><\/h2>\n<p data-start=\"2997\" data-end=\"3149\"><strong data-start=\"2997\" data-end=\"3052\">P1: \u00bfEs adecuado para proyectos de telecomunicaciones y FTTH?<\/strong><br data-start=\"3052\" data-end=\"3055\" \/>S\u00ed. Los cables blindados LC\/APC se utilizan ampliamente en <strong data-start=\"3102\" data-end=\"3148\">Implementaciones de telecomunicaciones FTTx, PON y exteriores.<\/strong>.<\/p>\n<p data-start=\"3151\" data-end=\"3314\"><strong data-start=\"3151\" data-end=\"3213\">P2: \u00bfSe puede suministrar a granel para distribuidores u OEM?<\/strong><br data-start=\"3213\" data-end=\"3216\" \/>Por supuesto. Ofrecemos <strong data-start=\"3239\" data-end=\"3304\">venta al por mayor de f\u00e1brica, OEM\/ODM, etiquetado privado y exportaci\u00f3n a granel<\/strong> servicios.<\/p>\n<p data-start=\"3316\" data-end=\"3437\"><strong data-start=\"3316\" data-end=\"3348\">P3: \u00bfCu\u00e1l es el MOQ habitual?<\/strong><br data-start=\"3348\" data-end=\"3351\" \/>El MOQ es flexible y admite <strong data-start=\"3380\" data-end=\"3436\">Pedidos de prueba peque\u00f1os, as\u00ed como abastecimiento para proyectos grandes.<\/strong>.<\/p>\n<p data-start=\"3439\" data-end=\"3598\"><strong data-start=\"3439\" data-end=\"3499\">P4: \u00bfPor qu\u00e9 las redes CATV y PON requieren conectores APC?<\/strong><br data-start=\"3499\" data-end=\"3502\" \/>APC proporciona <strong data-start=\"3515\" data-end=\"3539\">reflexi\u00f3n ultrabaja<\/strong>, que es esencial para <strong data-start=\"3564\" data-end=\"3597\">Se\u00f1ales \u00f3pticas anal\u00f3gicas y de radiofrecuencia<\/strong>.<\/p>","protected":false},"excerpt":{"rendered":"<p data-start=\"66\" data-end=\"491\">En <strong data-start=\"70\" data-end=\"113\">Cable de conexi\u00f3n de fibra blindado LC\/APC\u2013LC\/APC<\/strong> es un <strong data-start=\"119\" data-end=\"164\">puente \u00f3ptico monomodo de grado carrier<\/strong> dise\u00f1ado para <strong data-start=\"180\" data-end=\"250\">Instalaciones de alta potencia, baja reflexi\u00f3n y exigentes desde el punto de vista f\u00edsico.<\/strong>. Dise\u00f1ado con <strong data-start=\"266\" data-end=\"299\">Conectores LC pulidos con APC de 8\u00b0<\/strong> y un <strong data-start=\"306\" data-end=\"340\">estructura de cable con blindaje met\u00e1lico<\/strong>, ofrece tanto <strong data-start=\"359\" data-end=\"380\">precisi\u00f3n \u00f3ptica<\/strong> y <strong data-start=\"385\" data-end=\"411\">Durabilidad lista para el campo<\/strong> para <strong data-start=\"416\" data-end=\"490\">operadores de telecomunicaciones, integradores de sistemas y proyectos de redes industriales<\/strong>.<\/p>\n<p data-start=\"493\" data-end=\"646\">Como <strong data-start=\"498\" data-end=\"550\">Fabricante directo de f\u00e1brica y proveedor OEM\/ODM<\/strong>, ofrecemos este modelo para <strong data-start=\"578\" data-end=\"645\">venta al por mayor, pedidos a granel, abastecimiento de distribuidores y exportaci\u00f3n global.<\/strong>.<\/p>","protected":false},"featured_media":706,"comment_status":"open","ping_status":"closed","template":"","meta":[],"product_brand":[],"product_cat":[44],"product_tag":[],"class_list":{"0":"post-705","1":"product","2":"type-product","3":"status-publish","4":"has-post-thumbnail","6":"product_cat-multimode-fiber-optic-patch-cord","8":"first","9":"instock","10":"shipping-taxable","11":"product-type-simple"},"_links":{"self":[{"href":"https:\/\/www.fenxifiber.com\/es\/wp-json\/wp\/v2\/product\/705","targetHints":{"allow":["GET"]}}],"collection":[{"href":"https:\/\/www.fenxifiber.com\/es\/wp-json\/wp\/v2\/product"}],"about":[{"href":"https:\/\/www.fenxifiber.com\/es\/wp-json\/wp\/v2\/types\/product"}],"replies":[{"embeddable":true,"href":"https:\/\/www.fenxifiber.com\/es\/wp-json\/wp\/v2\/comments?post=705"}],"wp:featuredmedia":[{"embeddable":true,"href":"https:\/\/www.fenxifiber.com\/es\/wp-json\/wp\/v2\/media\/706"}],"wp:attachment":[{"href":"https:\/\/www.fenxifiber.com\/es\/wp-json\/wp\/v2\/media?parent=705"}],"wp:term":[{"taxonomy":"product_brand","embeddable":true,"href":"https:\/\/www.fenxifiber.com\/es\/wp-json\/wp\/v2\/product_brand?post=705"},{"taxonomy":"product_cat","embeddable":true,"href":"https:\/\/www.fenxifiber.com\/es\/wp-json\/wp\/v2\/product_cat?post=705"},{"taxonomy":"product_tag","embeddable":true,"href":"https:\/\/www.fenxifiber.com\/es\/wp-json\/wp\/v2\/product_tag?post=705"}],"curies":[{"name":"wp","href":"https:\/\/api.w.org\/{rel}","templated":true}]}}