{"id":707,"date":"2026-02-03T07:22:20","date_gmt":"2026-02-03T07:22:20","guid":{"rendered":"https:\/\/www.fenxifiber.com\/?post_type=product&#038;p=707"},"modified":"2026-02-04T01:37:27","modified_gmt":"2026-02-04T01:37:27","slug":"fc-upc-lc-upc-blindado","status":"publish","type":"product","link":"https:\/\/www.fenxifiber.com\/es\/product\/fc-upc-lc-upc-armoured\/","title":{"rendered":"Cable de conexi\u00f3n de fibra \u00f3ptica monomodo blindado FC\/UPC\u2013LC\/UPC"},"content":{"rendered":"<h3 data-start=\"696\" data-end=\"738\"><strong data-start=\"700\" data-end=\"738\">\u00bfPor qu\u00e9 FC a LC con dise\u00f1o blindado?<\/strong><\/h3>\n<p data-start=\"740\" data-end=\"1047\">En <strong data-start=\"744\" data-end=\"760\">conector FC<\/strong> proporciona <strong data-start=\"770\" data-end=\"794\">estabilidad del cierre de tornillo<\/strong>, lo que evita los micromovimientos que pueden causar fluctuaciones \u00f3pticas, algo fundamental para <strong data-start=\"870\" data-end=\"922\">equipos de prueba, bastidores de telecomunicaciones y enlaces de operadores<\/strong>.<br data-start=\"923\" data-end=\"926\" \/>En <strong data-start=\"930\" data-end=\"946\">conector LC<\/strong> apoyos <strong data-start=\"956\" data-end=\"981\">parcheo de alta densidad<\/strong> y conexi\u00f3n directa a <strong data-start=\"1007\" data-end=\"1046\">SFP+, QSFP y transceptores modernos<\/strong>.<\/p>\n<p data-start=\"1049\" data-end=\"1095\">En <strong data-start=\"1053\" data-end=\"1070\">tubo blindado<\/strong> protege la fibra de:<\/p>\n<ul data-start=\"1096\" data-end=\"1199\">\n<li data-start=\"1096\" data-end=\"1122\">\n<p data-start=\"1098\" data-end=\"1122\"><strong data-start=\"1098\" data-end=\"1122\">Aplastamiento y tracci\u00f3n<\/strong><\/p>\n<\/li>\n<li data-start=\"1123\" data-end=\"1141\">\n<p data-start=\"1125\" data-end=\"1141\"><strong data-start=\"1125\" data-end=\"1141\">Mordeduras de roedores<\/strong><\/p>\n<\/li>\n<li data-start=\"1142\" data-end=\"1161\">\n<p data-start=\"1144\" data-end=\"1161\"><strong data-start=\"1144\" data-end=\"1161\">Curva cerrada<\/strong><\/p>\n<\/li>\n<li data-start=\"1162\" data-end=\"1199\">\n<p data-start=\"1164\" data-end=\"1199\"><strong data-start=\"1164\" data-end=\"1199\">Entornos de instalaci\u00f3n adversos<\/strong><\/p>\n<\/li>\n<\/ul>\n<p data-start=\"1201\" data-end=\"1314\">Esto hace que el cable de conexi\u00f3n blindado FC-LC sea perfecto para <strong data-start=\"1254\" data-end=\"1313\">Enrutamiento en exteriores, bandejas portacables y recintos industriales.<\/strong>.<\/p>\n<hr data-start=\"1316\" data-end=\"1319\" \/>\n<h3 data-start=\"1321\" data-end=\"1353\"><strong data-start=\"1325\" data-end=\"1353\">Especificaciones t\u00e9cnicas<\/strong><\/h3>\n<div class=\"TyagGW_tableContainer\">\n<div class=\"group TyagGW_tableWrapper flex flex-col-reverse w-fit\" tabindex=\"-1\">\n<table class=\"w-fit min-w-(--thread-content-width)\" data-start=\"1355\" data-end=\"1865\">\n<thead data-start=\"1355\" data-end=\"1393\">\n<tr data-start=\"1355\" data-end=\"1393\">\n<th class=\"\" data-start=\"1355\" data-end=\"1367\" data-col-size=\"sm\">Par\u00e1metro<\/th>\n<th class=\"\" data-start=\"1367\" data-end=\"1393\" data-col-size=\"sm\">FC\/UPC\u2013LC\/UPC Blindado<\/th>\n<\/tr>\n<\/thead>\n<tbody data-start=\"1422\" data-end=\"1865\">\n<tr data-start=\"1422\" data-end=\"1465\">\n<td data-start=\"1422\" data-end=\"1435\" data-col-size=\"sm\">Tipo de fibra<\/td>\n<td data-start=\"1435\" data-end=\"1465\" data-col-size=\"sm\">OS2 monomodo (9\/125 \u03bcm)<\/td>\n<\/tr>\n<tr data-start=\"1466\" data-end=\"1492\">\n<td data-start=\"1466\" data-end=\"1480\" data-col-size=\"sm\">Conector A<\/td>\n<td data-start=\"1480\" data-end=\"1492\" data-col-size=\"sm\">FC \/ UPC<\/td>\n<\/tr>\n<tr data-start=\"1493\" data-end=\"1519\">\n<td data-start=\"1493\" data-end=\"1507\" data-col-size=\"sm\">Conector B<\/td>\n<td data-start=\"1507\" data-end=\"1519\" data-col-size=\"sm\">LC \/ UPC<\/td>\n<\/tr>\n<tr data-start=\"1520\" data-end=\"1581\">\n<td data-start=\"1520\" data-end=\"1538\" data-col-size=\"sm\">Estructura del cable<\/td>\n<td data-start=\"1538\" data-end=\"1581\" data-col-size=\"sm\">Blindaje met\u00e1lico (tubo de acero o aluminio)<\/td>\n<\/tr>\n<tr data-start=\"1582\" data-end=\"1626\">\n<td data-start=\"1582\" data-end=\"1605\" data-col-size=\"sm\">Longitud de onda operativa<\/td>\n<td data-start=\"1605\" data-end=\"1626\" data-col-size=\"sm\">1310 nm \/ 1550 nm<\/td>\n<\/tr>\n<tr data-start=\"1627\" data-end=\"1657\">\n<td data-start=\"1627\" data-end=\"1644\" data-col-size=\"sm\">P\u00e9rdida de inserci\u00f3n<\/td>\n<td data-start=\"1644\" data-end=\"1657\" data-col-size=\"sm\">\u2264 0,30 dB<\/td>\n<\/tr>\n<tr data-start=\"1658\" data-end=\"1683\">\n<td data-start=\"1658\" data-end=\"1672\" data-col-size=\"sm\">P\u00e9rdida de retorno<\/td>\n<td data-start=\"1672\" data-end=\"1683\" data-col-size=\"sm\">\u2265 50 dB<\/td>\n<\/tr>\n<tr data-start=\"1684\" data-end=\"1747\">\n<td data-start=\"1684\" data-end=\"1703\" data-col-size=\"sm\">Resistencia a la tracci\u00f3n<\/td>\n<td data-start=\"1703\" data-end=\"1747\" data-col-size=\"sm\">Significativamente m\u00e1s alto que los cables est\u00e1ndar.<\/td>\n<\/tr>\n<tr data-start=\"1748\" data-end=\"1794\">\n<td data-start=\"1748\" data-end=\"1770\" data-col-size=\"sm\">Radio de curvatura m\u00ednimo<\/td>\n<td data-start=\"1770\" data-end=\"1794\" data-col-size=\"sm\">\u2265 10 veces el di\u00e1metro del cable<\/td>\n<\/tr>\n<tr data-start=\"1795\" data-end=\"1823\">\n<td data-start=\"1795\" data-end=\"1804\" data-col-size=\"sm\">Chamarra<\/td>\n<td data-start=\"1804\" data-end=\"1823\" data-col-size=\"sm\">LSZH \/ PE \/ PVC<\/td>\n<\/tr>\n<tr data-start=\"1824\" data-end=\"1865\">\n<td data-start=\"1824\" data-end=\"1836\" data-col-size=\"sm\">Normas<\/td>\n<td data-start=\"1836\" data-end=\"1865\" data-col-size=\"sm\">IEC, TIA-568, RoHS, REACH<\/td>\n<\/tr>\n<\/tbody>\n<\/table>\n<\/div>\n<\/div>\n<hr data-start=\"1867\" data-end=\"1870\" \/>\n<h3 data-start=\"1872\" data-end=\"1921\"><strong data-start=\"1876\" data-end=\"1921\">Dise\u00f1ado para la venta al por mayor, OEM y suministro de proyectos<\/strong><\/h3>\n<p data-start=\"1923\" data-end=\"1955\">Este modelo es ampliamente utilizado por:<\/p>\n<ul data-start=\"1957\" data-end=\"2113\">\n<li data-start=\"1957\" data-end=\"1983\">\n<p data-start=\"1959\" data-end=\"1983\"><strong data-start=\"1959\" data-end=\"1983\">Distribuidores de telecomunicaciones<\/strong><\/p>\n<\/li>\n<li data-start=\"1984\" data-end=\"2008\">\n<p data-start=\"1986\" data-end=\"2008\"><strong data-start=\"1986\" data-end=\"2008\">Integradores de sistemas<\/strong><\/p>\n<\/li>\n<li data-start=\"2009\" data-end=\"2040\">\n<p data-start=\"2011\" data-end=\"2040\"><strong data-start=\"2011\" data-end=\"2040\">Contratistas de FTTH y FTTx<\/strong><\/p>\n<\/li>\n<li data-start=\"2041\" data-end=\"2074\">\n<p data-start=\"2043\" data-end=\"2074\"><strong data-start=\"2043\" data-end=\"2074\">Constructores de redes industriales<\/strong><\/p>\n<\/li>\n<li data-start=\"2075\" data-end=\"2113\">\n<p data-start=\"2077\" data-end=\"2113\"><strong data-start=\"2077\" data-end=\"2113\">Exportadores y empresas de abastecimiento<\/strong><\/p>\n<\/li>\n<\/ul>\n<p data-start=\"2115\" data-end=\"2126\">Apoyamos:<\/p>\n<ul data-start=\"2127\" data-end=\"2264\">\n<li data-start=\"2127\" data-end=\"2144\">\n<p data-start=\"2129\" data-end=\"2144\"><strong data-start=\"2129\" data-end=\"2144\">Pedidos al por mayor<\/strong><\/p>\n<\/li>\n<li data-start=\"2145\" data-end=\"2176\">\n<p data-start=\"2147\" data-end=\"2176\"><strong data-start=\"2147\" data-end=\"2176\">Longitudes y etiquetado personalizados<\/strong><\/p>\n<\/li>\n<li data-start=\"2177\" data-end=\"2206\">\n<p data-start=\"2179\" data-end=\"2206\"><strong data-start=\"2179\" data-end=\"2206\">Fabricaci\u00f3n OEM\/ODM<\/strong><\/p>\n<\/li>\n<li data-start=\"2207\" data-end=\"2237\">\n<p data-start=\"2209\" data-end=\"2237\"><strong data-start=\"2209\" data-end=\"2237\">Pedido m\u00ednimo bajo para pedidos de prueba.<\/strong><\/p>\n<\/li>\n<li data-start=\"2238\" data-end=\"2264\">\n<p data-start=\"2240\" data-end=\"2264\"><strong data-start=\"2240\" data-end=\"2264\">Env\u00edo r\u00e1pido a todo el mundo<\/strong><\/p>\n<\/li>\n<\/ul>\n<p data-start=\"2266\" data-end=\"2437\">Como <strong data-start=\"2271\" data-end=\"2317\">Fabricante y proveedor de cables de conexi\u00f3n de fibra \u00f3ptica<\/strong>, ayudamos a nuestros <strong data-start=\"2331\" data-end=\"2379\">agentes, mayoristas y socios integradores<\/strong> reducir los costos y garantizar al mismo tiempo <strong data-start=\"2407\" data-end=\"2436\">rendimiento de nivel carrier<\/strong>.<\/p>\n<hr data-start=\"2439\" data-end=\"2442\" \/>\n<h3 data-start=\"2444\" data-end=\"2472\"><strong data-start=\"2448\" data-end=\"2472\">\u00bfPor qu\u00e9 OS2 monomodo?<\/strong><\/h3>\n<p data-start=\"2474\" data-end=\"2493\">La fibra OS2 es compatible con:<\/p>\n<ul data-start=\"2494\" data-end=\"2645\">\n<li data-start=\"2494\" data-end=\"2526\">\n<p data-start=\"2496\" data-end=\"2526\"><strong data-start=\"2496\" data-end=\"2526\">Transmisi\u00f3n a larga distancia<\/strong><\/p>\n<\/li>\n<li data-start=\"2527\" data-end=\"2563\">\n<p data-start=\"2529\" data-end=\"2563\"><strong data-start=\"2529\" data-end=\"2563\">10G, 25G, 40G, 100G y m\u00e1s all\u00e1<\/strong><\/p>\n<\/li>\n<li data-start=\"2564\" data-end=\"2599\">\n<p data-start=\"2566\" data-end=\"2599\"><strong data-start=\"2566\" data-end=\"2599\">Longitudes de onda de 1310 nm y 1550 nm<\/strong><\/p>\n<\/li>\n<li data-start=\"2600\" data-end=\"2645\">\n<p data-start=\"2602\" data-end=\"2645\"><strong data-start=\"2602\" data-end=\"2645\">Redes FTTH, PON, metropolitanas y troncales<\/strong><\/p>\n<\/li>\n<\/ul>\n<p data-start=\"2647\" data-end=\"2715\">Es la opci\u00f3n est\u00e1ndar para <strong data-start=\"2676\" data-end=\"2714\">Cables de conexi\u00f3n blindados de grado telecomunicaciones<\/strong>.<\/p>\n<hr data-start=\"2717\" data-end=\"2720\" \/>\n<h2 data-start=\"2722\" data-end=\"2745\"><strong data-start=\"2725\" data-end=\"2745\">Preguntas y respuestas profesionales<\/strong><\/h2>\n<p data-start=\"2747\" data-end=\"2908\"><strong data-start=\"2747\" data-end=\"2801\">P1: \u00bfEs adecuado para armarios de telecomunicaciones al aire libre?<\/strong><br data-start=\"2801\" data-end=\"2804\" \/>S\u00ed. El <strong data-start=\"2813\" data-end=\"2835\">estructura blindada<\/strong> protege contra <strong data-start=\"2853\" data-end=\"2907\">tensi\u00f3n mec\u00e1nica, roedores y entornos hostiles<\/strong>.<\/p>\n<p data-start=\"2910\" data-end=\"3048\"><strong data-start=\"2910\" data-end=\"2971\">P2: \u00bfSe puede suministrar para marcas OEM o distribuidoras?<\/strong><br data-start=\"2971\" data-end=\"2974\" \/>S\u00ed. Ofrecemos <strong data-start=\"2990\" data-end=\"3047\">Producci\u00f3n OEM\/ODM, marca privada y venta al por mayor a granel.<\/strong>.<\/p>\n<p data-start=\"3050\" data-end=\"3217\"><strong data-start=\"3050\" data-end=\"3116\">P3: \u00bfEn qu\u00e9 tipo de proyectos se suelen utilizar cables blindados FC-LC?<\/strong><br data-start=\"3116\" data-end=\"3119\" \/>Se utilizan habitualmente en <strong data-start=\"3145\" data-end=\"3216\">FTTx, estaciones base, sistemas de fibra industrial y redes de operadores.<\/strong>.<\/p>\n<p data-start=\"3219\" data-end=\"3344\"><strong data-start=\"3219\" data-end=\"3261\">P4: \u00bfCu\u00e1l es la cantidad m\u00ednima de pedido para el abastecimiento a granel?<\/strong><br data-start=\"3261\" data-end=\"3264\" \/>El MOQ es flexible y admite tanto <strong data-start=\"3297\" data-end=\"3343\">pedidos de muestras y compras de gran volumen<\/strong>.<\/p>","protected":false},"excerpt":{"rendered":"<p data-start=\"66\" data-end=\"524\">En <strong data-start=\"70\" data-end=\"113\">Cable de conexi\u00f3n de fibra blindado FC\/UPC\u2013LC\/UPC<\/strong> est\u00e1 dise\u00f1ado para <strong data-start=\"132\" data-end=\"162\">conectividad de grado carrier<\/strong> d\u00f3nde <strong data-start=\"169\" data-end=\"232\">Seguridad mec\u00e1nica, baja p\u00e9rdida \u00f3ptica y durabilidad en el campo.<\/strong> son todos necesarios. Con un <strong data-start=\"263\" data-end=\"288\">conector FC roscado<\/strong> en un extremo y un <strong data-start=\"306\" data-end=\"335\">conector LC de alta densidad<\/strong> por otro lado, combinado con un <strong data-start=\"366\" data-end=\"400\">estructura de cable con blindaje met\u00e1lico<\/strong>, Este su\u00e9ter es ideal para <strong data-start=\"427\" data-end=\"523\">redes de telecomunicaciones, gabinetes exteriores, interconexiones de centros de datos y sistemas de fibra industrial.<\/strong>.<\/p>\n<p data-start=\"526\" data-end=\"689\">Como <strong data-start=\"531\" data-end=\"578\">fabricante y exportador mayorista<\/strong>, suministramos este modelo para <strong data-start=\"605\" data-end=\"678\">Proyectos OEM\/ODM, integradores de sistemas, distribuidores y abastecimiento a granel.<\/strong> en todo el mundo.<\/p>","protected":false},"featured_media":708,"comment_status":"open","ping_status":"closed","template":"","meta":[],"product_brand":[],"product_cat":[44],"product_tag":[],"class_list":{"0":"post-707","1":"product","2":"type-product","3":"status-publish","4":"has-post-thumbnail","6":"product_cat-multimode-fiber-optic-patch-cord","8":"first","9":"instock","10":"shipping-taxable","11":"product-type-simple"},"_links":{"self":[{"href":"https:\/\/www.fenxifiber.com\/es\/wp-json\/wp\/v2\/product\/707","targetHints":{"allow":["GET"]}}],"collection":[{"href":"https:\/\/www.fenxifiber.com\/es\/wp-json\/wp\/v2\/product"}],"about":[{"href":"https:\/\/www.fenxifiber.com\/es\/wp-json\/wp\/v2\/types\/product"}],"replies":[{"embeddable":true,"href":"https:\/\/www.fenxifiber.com\/es\/wp-json\/wp\/v2\/comments?post=707"}],"wp:featuredmedia":[{"embeddable":true,"href":"https:\/\/www.fenxifiber.com\/es\/wp-json\/wp\/v2\/media\/708"}],"wp:attachment":[{"href":"https:\/\/www.fenxifiber.com\/es\/wp-json\/wp\/v2\/media?parent=707"}],"wp:term":[{"taxonomy":"product_brand","embeddable":true,"href":"https:\/\/www.fenxifiber.com\/es\/wp-json\/wp\/v2\/product_brand?post=707"},{"taxonomy":"product_cat","embeddable":true,"href":"https:\/\/www.fenxifiber.com\/es\/wp-json\/wp\/v2\/product_cat?post=707"},{"taxonomy":"product_tag","embeddable":true,"href":"https:\/\/www.fenxifiber.com\/es\/wp-json\/wp\/v2\/product_tag?post=707"}],"curies":[{"name":"wp","href":"https:\/\/api.w.org\/{rel}","templated":true}]}}