{"id":709,"date":"2026-02-03T07:25:21","date_gmt":"2026-02-03T07:25:21","guid":{"rendered":"https:\/\/www.fenxifiber.com\/?post_type=product&#038;p=709"},"modified":"2026-02-04T01:38:09","modified_gmt":"2026-02-04T01:38:09","slug":"lc-upc-lc-upc-blindado","status":"publish","type":"product","link":"https:\/\/www.fenxifiber.com\/es\/product\/lc-upc-lc-upc-armoured\/","title":{"rendered":"Cable de conexi\u00f3n de fibra \u00f3ptica monomodo blindado LC\/UPC\u2013LC\/UPC"},"content":{"rendered":"<h3 data-start=\"745\" data-end=\"809\"><strong data-start=\"749\" data-end=\"809\">Por qu\u00e9 este cable LC-LC blindado es una opci\u00f3n inteligente de abastecimiento<\/strong><\/h3>\n<p data-start=\"811\" data-end=\"1019\">Los conectores LC predominan <strong data-start=\"834\" data-end=\"878\">Puertos SFP+, QSFP y transceptores modernos<\/strong>, lo que convierte a LC-LC en el <strong data-start=\"897\" data-end=\"919\">interfaz est\u00e1ndar<\/strong> para redes de fibra de alta densidad.<br data-start=\"952\" data-end=\"955\" \/>Al agregar un <strong data-start=\"968\" data-end=\"985\">tubo blindado<\/strong>, este cable es adecuado para:<\/p>\n<ul data-start=\"1021\" data-end=\"1173\">\n<li data-start=\"1021\" data-end=\"1051\">\n<p data-start=\"1023\" data-end=\"1051\"><strong data-start=\"1023\" data-end=\"1051\">Armarios de telecomunicaciones para exteriores<\/strong><\/p>\n<\/li>\n<li data-start=\"1052\" data-end=\"1085\">\n<p data-start=\"1054\" data-end=\"1085\"><strong data-start=\"1054\" data-end=\"1085\">Bandejas portacables y conductos de piso<\/strong><\/p>\n<\/li>\n<li data-start=\"1086\" data-end=\"1117\">\n<p data-start=\"1088\" data-end=\"1117\"><strong data-start=\"1088\" data-end=\"1117\">Implementaciones de FTTH y FTTx<\/strong><\/p>\n<\/li>\n<li data-start=\"1118\" data-end=\"1143\">\n<p data-start=\"1120\" data-end=\"1143\"><strong data-start=\"1120\" data-end=\"1143\">Ethernet industrial<\/strong><\/p>\n<\/li>\n<li data-start=\"1144\" data-end=\"1173\">\n<p data-start=\"1146\" data-end=\"1173\"><strong data-start=\"1146\" data-end=\"1173\">Rutas de fibra de alto valor<\/strong><\/p>\n<\/li>\n<\/ul>\n<p data-start=\"1175\" data-end=\"1355\">El dise\u00f1o blindado evita <strong data-start=\"1204\" data-end=\"1272\">aplastamiento, da\u00f1os causados por roedores, rotura por flexi\u00f3n y tirones accidentales.<\/strong>, reduciendo <strong data-start=\"1283\" data-end=\"1324\">tiempo de inactividad de la red y costo de mantenimiento<\/strong> para integradores y operadores.<\/p>\n<hr data-start=\"1357\" data-end=\"1360\" \/>\n<h3 data-start=\"1362\" data-end=\"1394\"><strong data-start=\"1366\" data-end=\"1394\">Especificaciones t\u00e9cnicas<\/strong><\/h3>\n<div class=\"TyagGW_tableContainer\">\n<div class=\"group TyagGW_tableWrapper flex flex-col-reverse w-fit\" tabindex=\"-1\">\n<table class=\"w-fit min-w-(--thread-content-width)\" data-start=\"1396\" data-end=\"1906\">\n<thead data-start=\"1396\" data-end=\"1434\">\n<tr data-start=\"1396\" data-end=\"1434\">\n<th class=\"\" data-start=\"1396\" data-end=\"1408\" data-col-size=\"sm\">Par\u00e1metro<\/th>\n<th class=\"\" data-start=\"1408\" data-end=\"1434\" data-col-size=\"md\">LC\/UPC\u2013LC\/UPC blindado<\/th>\n<\/tr>\n<\/thead>\n<tbody data-start=\"1463\" data-end=\"1906\">\n<tr data-start=\"1463\" data-end=\"1506\">\n<td data-start=\"1463\" data-end=\"1476\" data-col-size=\"sm\">Tipo de fibra<\/td>\n<td data-start=\"1476\" data-end=\"1506\" data-col-size=\"md\">OS2 monomodo (9\/125 \u03bcm)<\/td>\n<\/tr>\n<tr data-start=\"1507\" data-end=\"1548\">\n<td data-start=\"1507\" data-end=\"1524\" data-col-size=\"sm\">Tipo de conector<\/td>\n<td data-start=\"1524\" data-end=\"1548\" data-col-size=\"md\">LC\/UPC a LC\/UPC<\/td>\n<\/tr>\n<tr data-start=\"1549\" data-end=\"1616\">\n<td data-start=\"1549\" data-end=\"1567\" data-col-size=\"sm\">Estructura del cable<\/td>\n<td data-start=\"1567\" data-end=\"1616\" data-col-size=\"md\">Blindaje met\u00e1lico (tubo de acero o aleaci\u00f3n de aluminio)<\/td>\n<\/tr>\n<tr data-start=\"1617\" data-end=\"1661\">\n<td data-start=\"1617\" data-end=\"1640\" data-col-size=\"sm\">Longitud de onda operativa<\/td>\n<td data-start=\"1640\" data-end=\"1661\" data-col-size=\"md\">1310 nm \/ 1550 nm<\/td>\n<\/tr>\n<tr data-start=\"1662\" data-end=\"1692\">\n<td data-start=\"1662\" data-end=\"1679\" data-col-size=\"sm\">P\u00e9rdida de inserci\u00f3n<\/td>\n<td data-start=\"1679\" data-end=\"1692\" data-col-size=\"md\">\u2264 0,30 dB<\/td>\n<\/tr>\n<tr data-start=\"1693\" data-end=\"1718\">\n<td data-start=\"1693\" data-end=\"1707\" data-col-size=\"sm\">P\u00e9rdida de retorno<\/td>\n<td data-start=\"1707\" data-end=\"1718\" data-col-size=\"md\">\u2265 50 dB<\/td>\n<\/tr>\n<tr data-start=\"1719\" data-end=\"1779\">\n<td data-start=\"1719\" data-end=\"1738\" data-col-size=\"sm\">Resistencia a la tracci\u00f3n<\/td>\n<td data-start=\"1738\" data-end=\"1779\" data-col-size=\"md\">Mucho m\u00e1s alto que los cables de conexi\u00f3n est\u00e1ndar.<\/td>\n<\/tr>\n<tr data-start=\"1780\" data-end=\"1826\">\n<td data-start=\"1780\" data-end=\"1802\" data-col-size=\"sm\">Radio de curvatura m\u00ednimo<\/td>\n<td data-start=\"1802\" data-end=\"1826\" data-col-size=\"md\">\u2265 10 veces el di\u00e1metro del cable<\/td>\n<\/tr>\n<tr data-start=\"1827\" data-end=\"1863\">\n<td data-start=\"1827\" data-end=\"1844\" data-col-size=\"sm\">Opciones de chamarra<\/td>\n<td data-start=\"1844\" data-end=\"1863\" data-col-size=\"md\">LSZH \/ PE \/ PVC<\/td>\n<\/tr>\n<tr data-start=\"1864\" data-end=\"1906\">\n<td data-start=\"1864\" data-end=\"1877\" data-col-size=\"sm\">Conformidad<\/td>\n<td data-start=\"1877\" data-end=\"1906\" data-col-size=\"md\">IEC, TIA-568, RoHS, REACH<\/td>\n<\/tr>\n<\/tbody>\n<\/table>\n<\/div>\n<\/div>\n<hr data-start=\"1908\" data-end=\"1911\" \/>\n<h3 data-start=\"1913\" data-end=\"1965\"><strong data-start=\"1917\" data-end=\"1965\">Dise\u00f1ado para venta al por mayor, OEM y suministro para proyectos.<\/strong><\/h3>\n<p data-start=\"1967\" data-end=\"2016\">Este cable de conexi\u00f3n blindado LC-LC se utiliza ampliamente en:<\/p>\n<ul data-start=\"2018\" data-end=\"2186\">\n<li data-start=\"2018\" data-end=\"2044\">\n<p data-start=\"2020\" data-end=\"2044\"><strong data-start=\"2020\" data-end=\"2044\">Distribuidores de telecomunicaciones<\/strong><\/p>\n<\/li>\n<li data-start=\"2045\" data-end=\"2077\">\n<p data-start=\"2047\" data-end=\"2077\"><strong data-start=\"2047\" data-end=\"2077\">Integradores de sistemas de red<\/strong><\/p>\n<\/li>\n<li data-start=\"2078\" data-end=\"2109\">\n<p data-start=\"2080\" data-end=\"2109\"><strong data-start=\"2080\" data-end=\"2109\">Contratistas de FTTH y FTTx<\/strong><\/p>\n<\/li>\n<li data-start=\"2110\" data-end=\"2150\">\n<p data-start=\"2112\" data-end=\"2150\"><strong data-start=\"2112\" data-end=\"2150\">Proveedores de comunicaciones industriales<\/strong><\/p>\n<\/li>\n<li data-start=\"2151\" data-end=\"2186\">\n<p data-start=\"2153\" data-end=\"2186\"><strong data-start=\"2153\" data-end=\"2186\">Exportadores y agentes de abastecimiento<\/strong><\/p>\n<\/li>\n<\/ul>\n<p data-start=\"2188\" data-end=\"2199\">Apoyamos:<\/p>\n<ul data-start=\"2200\" data-end=\"2341\">\n<li data-start=\"2200\" data-end=\"2217\">\n<p data-start=\"2202\" data-end=\"2217\"><strong data-start=\"2202\" data-end=\"2217\">Pedidos al por mayor<\/strong><\/p>\n<\/li>\n<li data-start=\"2218\" data-end=\"2236\">\n<p data-start=\"2220\" data-end=\"2236\"><strong data-start=\"2220\" data-end=\"2236\">Cantidad m\u00ednima de pedido flexible<\/strong><\/p>\n<\/li>\n<li data-start=\"2237\" data-end=\"2257\">\n<p data-start=\"2239\" data-end=\"2257\"><strong data-start=\"2239\" data-end=\"2257\">Longitudes personalizadas<\/strong><\/p>\n<\/li>\n<li data-start=\"2258\" data-end=\"2282\">\n<p data-start=\"2260\" data-end=\"2282\"><strong data-start=\"2260\" data-end=\"2282\">Marca OEM\/ODM<\/strong><\/p>\n<\/li>\n<li data-start=\"2283\" data-end=\"2311\">\n<p data-start=\"2285\" data-end=\"2311\"><strong data-start=\"2285\" data-end=\"2311\">Precios directos de f\u00e1brica<\/strong><\/p>\n<\/li>\n<li data-start=\"2312\" data-end=\"2341\">\n<p data-start=\"2314\" data-end=\"2341\"><strong data-start=\"2314\" data-end=\"2341\">Log\u00edstica de exportaci\u00f3n global<\/strong><\/p>\n<\/li>\n<\/ul>\n<p data-start=\"2343\" data-end=\"2513\">Como <strong data-start=\"2348\" data-end=\"2402\">Fabricante y proveedor profesional de fibra \u00f3ptica<\/strong>, ayudamos <strong data-start=\"2412\" data-end=\"2452\">mayoristas, agentes e integradores<\/strong> ganar proyectos con <strong data-start=\"2471\" data-end=\"2512\">calidad confiable y costo competitivo<\/strong>.<\/p>\n<hr data-start=\"2515\" data-end=\"2518\" \/>\n<h3 data-start=\"2520\" data-end=\"2554\"><strong data-start=\"2524\" data-end=\"2554\">\u00bfPor qu\u00e9 fibra monomodo OS2?<\/strong><\/h3>\n<p data-start=\"2556\" data-end=\"2647\">La fibra OS2 es el est\u00e1ndar mundial para <strong data-start=\"2593\" data-end=\"2634\">redes de larga distancia y alta velocidad<\/strong>, con el apoyo de:<\/p>\n<ul data-start=\"2649\" data-end=\"2774\">\n<li data-start=\"2649\" data-end=\"2678\">\n<p data-start=\"2651\" data-end=\"2678\"><strong data-start=\"2651\" data-end=\"2678\">10G \/ 25G \/ 40G \/ 100G+<\/strong><\/p>\n<\/li>\n<li data-start=\"2679\" data-end=\"2703\">\n<p data-start=\"2681\" data-end=\"2703\"><strong data-start=\"2681\" data-end=\"2703\">Sistemas FTTH y PON<\/strong><\/p>\n<\/li>\n<li data-start=\"2704\" data-end=\"2737\">\n<p data-start=\"2706\" data-end=\"2737\"><strong data-start=\"2706\" data-end=\"2737\">Redes metropolitanas y troncales<\/strong><\/p>\n<\/li>\n<li data-start=\"2738\" data-end=\"2774\">\n<p data-start=\"2740\" data-end=\"2774\"><strong data-start=\"2740\" data-end=\"2774\">Transmisi\u00f3n de 1310 nm y 1550 nm<\/strong><\/p>\n<\/li>\n<\/ul>\n<p data-start=\"2776\" data-end=\"2856\">En combinaci\u00f3n con <strong data-start=\"2790\" data-end=\"2813\">protecci\u00f3n blindada<\/strong>, ofrece <strong data-start=\"2827\" data-end=\"2855\">Durabilidad de clase portadora<\/strong>.<\/p>\n<hr data-start=\"2858\" data-end=\"2861\" \/>\n<h2 data-start=\"2863\" data-end=\"2886\"><strong data-start=\"2866\" data-end=\"2886\">Preguntas y respuestas profesionales<\/strong><\/h2>\n<p data-start=\"2888\" data-end=\"3088\"><strong data-start=\"2888\" data-end=\"2953\">P1: \u00bfEs adecuado para instalaciones en exteriores o en conductos de suelo?<\/strong><br data-start=\"2953\" data-end=\"2956\" \/>S\u00ed. El <strong data-start=\"2965\" data-end=\"2987\">estructura blindada<\/strong> protege contra <strong data-start=\"3005\" data-end=\"3039\">aplastamiento, roedores y tirones<\/strong>, lo que lo hace ideal para entornos de enrutamiento dif\u00edciles.<\/p>\n<p data-start=\"3090\" data-end=\"3230\"><strong data-start=\"3090\" data-end=\"3151\">P2: \u00bfSe puede suministrar para marcas OEM o distribuidoras?<\/strong><br data-start=\"3151\" data-end=\"3154\" \/>S\u00ed. Ofrecemos <strong data-start=\"3168\" data-end=\"3229\">Producci\u00f3n OEM, ODM, etiquetado privado y venta al por mayor a granel.<\/strong>.<\/p>\n<p data-start=\"3232\" data-end=\"3395\"><strong data-start=\"3232\" data-end=\"3291\">P3: \u00bfQu\u00e9 tipo de clientes suelen adquirir este cable?<\/strong><br data-start=\"3291\" data-end=\"3294\" \/><strong data-start=\"3294\" data-end=\"3370\">Operadores de telecomunicaciones, integradores, contratistas de FTTH y distribuidores de fibra \u00f3ptica.<\/strong> utilizan habitualmente este modelo.<\/p>\n<p data-start=\"3397\" data-end=\"3530\"><strong data-start=\"3397\" data-end=\"3442\">P4: \u00bfCu\u00e1l es la cantidad m\u00ednima de pedido para pedidos al por mayor?<\/strong><br data-start=\"3442\" data-end=\"3445\" \/>El MOQ es <strong data-start=\"3452\" data-end=\"3464\">flexible<\/strong>, apoyando <strong data-start=\"3477\" data-end=\"3529\">Pedidos de prueba peque\u00f1os y compras para proyectos grandes.<\/strong>.<\/p>","protected":false},"excerpt":{"rendered":"<p data-start=\"66\" data-end=\"332\">En <strong data-start=\"70\" data-end=\"107\">Cable de conexi\u00f3n blindado LC\/UPC\u2013LC\/UPC<\/strong> es un <strong data-start=\"113\" data-end=\"169\">puente de fibra monomodo de alta densidad y calidad carrier<\/strong> dise\u00f1ado para <strong data-start=\"183\" data-end=\"265\">centros de datos, redes de telecomunicaciones, gabinetes exteriores y sistemas de fibra industrial.<\/strong> que requieren <strong data-start=\"279\" data-end=\"329\">tanto precisi\u00f3n \u00f3ptica como protecci\u00f3n f\u00edsica<\/strong>.<\/p>\n<p data-start=\"334\" data-end=\"566\">Con <strong data-start=\"339\" data-end=\"373\">Conectores LC\/UPC en ambos extremos<\/strong> y un <strong data-start=\"380\" data-end=\"414\">estructura de cable con blindaje met\u00e1lico<\/strong>, este modelo ofrece <strong data-start=\"436\" data-end=\"468\">transmisi\u00f3n estable y de baja p\u00e9rdida<\/strong> mientras sobrevive <strong data-start=\"485\" data-end=\"518\">condiciones de instalaci\u00f3n dif\u00edciles<\/strong> que da\u00f1ar\u00eda r\u00e1pidamente los cables de conexi\u00f3n est\u00e1ndar.<\/p>\n<p data-start=\"568\" data-end=\"738\">Como <strong data-start=\"573\" data-end=\"627\">fabricante directo y proveedor mayorista<\/strong>, ofrecemos este producto para <strong data-start=\"657\" data-end=\"727\">Proyectos OEM, ODM, distribuidor, integrador de sistemas y exportaci\u00f3n a granel.<\/strong> en todo el mundo.<\/p>","protected":false},"featured_media":710,"comment_status":"open","ping_status":"closed","template":"","meta":[],"product_brand":[],"product_cat":[44],"product_tag":[],"class_list":{"0":"post-709","1":"product","2":"type-product","3":"status-publish","4":"has-post-thumbnail","6":"product_cat-multimode-fiber-optic-patch-cord","8":"first","9":"instock","10":"shipping-taxable","11":"product-type-simple"},"_links":{"self":[{"href":"https:\/\/www.fenxifiber.com\/es\/wp-json\/wp\/v2\/product\/709","targetHints":{"allow":["GET"]}}],"collection":[{"href":"https:\/\/www.fenxifiber.com\/es\/wp-json\/wp\/v2\/product"}],"about":[{"href":"https:\/\/www.fenxifiber.com\/es\/wp-json\/wp\/v2\/types\/product"}],"replies":[{"embeddable":true,"href":"https:\/\/www.fenxifiber.com\/es\/wp-json\/wp\/v2\/comments?post=709"}],"wp:featuredmedia":[{"embeddable":true,"href":"https:\/\/www.fenxifiber.com\/es\/wp-json\/wp\/v2\/media\/710"}],"wp:attachment":[{"href":"https:\/\/www.fenxifiber.com\/es\/wp-json\/wp\/v2\/media?parent=709"}],"wp:term":[{"taxonomy":"product_brand","embeddable":true,"href":"https:\/\/www.fenxifiber.com\/es\/wp-json\/wp\/v2\/product_brand?post=709"},{"taxonomy":"product_cat","embeddable":true,"href":"https:\/\/www.fenxifiber.com\/es\/wp-json\/wp\/v2\/product_cat?post=709"},{"taxonomy":"product_tag","embeddable":true,"href":"https:\/\/www.fenxifiber.com\/es\/wp-json\/wp\/v2\/product_tag?post=709"}],"curies":[{"name":"wp","href":"https:\/\/api.w.org\/{rel}","templated":true}]}}