{"id":711,"date":"2026-02-03T07:26:58","date_gmt":"2026-02-03T07:26:58","guid":{"rendered":"https:\/\/www.fenxifiber.com\/?post_type=product&#038;p=711"},"modified":"2026-02-04T01:38:47","modified_gmt":"2026-02-04T01:38:47","slug":"sc-upc-lc-upc-blindado","status":"publish","type":"product","link":"https:\/\/www.fenxifiber.com\/es\/product\/sc-upc-lc-upc-armoured\/","title":{"rendered":"Cable de conexi\u00f3n de fibra \u00f3ptica monomodo blindado SC\/UPC\u2013LC\/UPC"},"content":{"rendered":"<h3 data-start=\"854\" data-end=\"903\"><strong data-start=\"858\" data-end=\"903\">\u00bfPor qu\u00e9 elegir SC en lugar de LC en un dise\u00f1o blindado?<\/strong><\/h3>\n<p data-start=\"905\" data-end=\"1119\">Los conectores SC se utilizan ampliamente en <strong data-start=\"938\" data-end=\"963\">ODF y paneles de conexi\u00f3n<\/strong>, ofreciendo un <strong data-start=\"976\" data-end=\"1010\">Cierre resistente y f\u00e1cil manejo.<\/strong>.<br data-start=\"1011\" data-end=\"1014\" \/>Los conectores LC predominan <strong data-start=\"1037\" data-end=\"1081\">Puertos SFP+, QSFP y transceptores modernos<\/strong>, lo que permite <strong data-start=\"1092\" data-end=\"1118\">conmutaci\u00f3n de alta densidad<\/strong>.<\/p>\n<p data-start=\"1121\" data-end=\"1332\">Al combinar <strong data-start=\"1134\" data-end=\"1154\">Interfaces SC-LC<\/strong> con <strong data-start=\"1160\" data-end=\"1183\">protecci\u00f3n blindada<\/strong>, Este cable de conexi\u00f3n permite a los integradores y operadores <strong data-start=\"1237\" data-end=\"1331\">Implementar fibra OS2 en entornos reales sin riesgo de da\u00f1os f\u00edsicos ni p\u00e9rdida de se\u00f1al.<\/strong>.<\/p>\n<hr data-start=\"1334\" data-end=\"1337\" \/>\n<h3 data-start=\"1339\" data-end=\"1371\"><strong data-start=\"1343\" data-end=\"1371\">Especificaciones t\u00e9cnicas<\/strong><\/h3>\n<div class=\"TyagGW_tableContainer\">\n<div class=\"group TyagGW_tableWrapper flex flex-col-reverse w-fit\" tabindex=\"-1\">\n<table class=\"w-fit min-w-(--thread-content-width)\" data-start=\"1373\" data-end=\"1894\">\n<thead data-start=\"1373\" data-end=\"1411\">\n<tr data-start=\"1373\" data-end=\"1411\">\n<th class=\"\" data-start=\"1373\" data-end=\"1385\" data-col-size=\"sm\">Par\u00e1metro<\/th>\n<th class=\"\" data-start=\"1385\" data-end=\"1411\" data-col-size=\"md\">SC\/UPC\u2013LC\/UPC blindado<\/th>\n<\/tr>\n<\/thead>\n<tbody data-start=\"1440\" data-end=\"1894\">\n<tr data-start=\"1440\" data-end=\"1483\">\n<td data-start=\"1440\" data-end=\"1453\" data-col-size=\"sm\">Tipo de fibra<\/td>\n<td data-start=\"1453\" data-end=\"1483\" data-col-size=\"md\">OS2 monomodo (9\/125 \u03bcm)<\/td>\n<\/tr>\n<tr data-start=\"1484\" data-end=\"1510\">\n<td data-start=\"1484\" data-end=\"1498\" data-col-size=\"sm\">Conector A<\/td>\n<td data-start=\"1498\" data-end=\"1510\" data-col-size=\"md\">SC \/ UPC<\/td>\n<\/tr>\n<tr data-start=\"1511\" data-end=\"1537\">\n<td data-start=\"1511\" data-end=\"1525\" data-col-size=\"sm\">Conector B<\/td>\n<td data-start=\"1525\" data-end=\"1537\" data-col-size=\"md\">LC \/ UPC<\/td>\n<\/tr>\n<tr data-start=\"1538\" data-end=\"1605\">\n<td data-start=\"1538\" data-end=\"1556\" data-col-size=\"sm\">Estructura del cable<\/td>\n<td data-start=\"1556\" data-end=\"1605\" data-col-size=\"md\">Blindaje met\u00e1lico (tubo de acero o aleaci\u00f3n de aluminio)<\/td>\n<\/tr>\n<tr data-start=\"1606\" data-end=\"1650\">\n<td data-start=\"1606\" data-end=\"1629\" data-col-size=\"sm\">Longitud de onda operativa<\/td>\n<td data-start=\"1629\" data-end=\"1650\" data-col-size=\"md\">1310 nm \/ 1550 nm<\/td>\n<\/tr>\n<tr data-start=\"1651\" data-end=\"1681\">\n<td data-start=\"1651\" data-end=\"1668\" data-col-size=\"sm\">P\u00e9rdida de inserci\u00f3n<\/td>\n<td data-start=\"1668\" data-end=\"1681\" data-col-size=\"md\">\u2264 0,30 dB<\/td>\n<\/tr>\n<tr data-start=\"1682\" data-end=\"1707\">\n<td data-start=\"1682\" data-end=\"1696\" data-col-size=\"sm\">P\u00e9rdida de retorno<\/td>\n<td data-start=\"1696\" data-end=\"1707\" data-col-size=\"md\">\u2265 50 dB<\/td>\n<\/tr>\n<tr data-start=\"1708\" data-end=\"1768\">\n<td data-start=\"1708\" data-end=\"1727\" data-col-size=\"sm\">Resistencia a la tracci\u00f3n<\/td>\n<td data-start=\"1727\" data-end=\"1768\" data-col-size=\"md\">Mucho m\u00e1s alto que los cables de conexi\u00f3n est\u00e1ndar.<\/td>\n<\/tr>\n<tr data-start=\"1769\" data-end=\"1815\">\n<td data-start=\"1769\" data-end=\"1791\" data-col-size=\"sm\">Radio de curvatura m\u00ednimo<\/td>\n<td data-start=\"1791\" data-end=\"1815\" data-col-size=\"md\">\u2265 10 veces el di\u00e1metro del cable<\/td>\n<\/tr>\n<tr data-start=\"1816\" data-end=\"1852\">\n<td data-start=\"1816\" data-end=\"1833\" data-col-size=\"sm\">Opciones de chamarra<\/td>\n<td data-start=\"1833\" data-end=\"1852\" data-col-size=\"md\">LSZH \/ PE \/ PVC<\/td>\n<\/tr>\n<tr data-start=\"1853\" data-end=\"1894\">\n<td data-start=\"1853\" data-end=\"1865\" data-col-size=\"sm\">Normas<\/td>\n<td data-start=\"1865\" data-end=\"1894\" data-col-size=\"md\">IEC, TIA-568, RoHS, REACH<\/td>\n<\/tr>\n<\/tbody>\n<\/table>\n<\/div>\n<\/div>\n<hr data-start=\"1896\" data-end=\"1899\" \/>\n<h3 data-start=\"1901\" data-end=\"1950\"><strong data-start=\"1905\" data-end=\"1950\">Dise\u00f1ado para la venta al por mayor, OEM y suministro de proyectos<\/strong><\/h3>\n<p data-start=\"1952\" data-end=\"1984\">Este modelo es ampliamente utilizado por:<\/p>\n<ul data-start=\"1986\" data-end=\"2161\">\n<li data-start=\"1986\" data-end=\"2012\">\n<p data-start=\"1988\" data-end=\"2012\"><strong data-start=\"1988\" data-end=\"2012\">Distribuidores de telecomunicaciones<\/strong><\/p>\n<\/li>\n<li data-start=\"2013\" data-end=\"2045\">\n<p data-start=\"2015\" data-end=\"2045\"><strong data-start=\"2015\" data-end=\"2045\">Integradores de sistemas de red<\/strong><\/p>\n<\/li>\n<li data-start=\"2046\" data-end=\"2077\">\n<p data-start=\"2048\" data-end=\"2077\"><strong data-start=\"2048\" data-end=\"2077\">Contratistas de FTTH y FTTx<\/strong><\/p>\n<\/li>\n<li data-start=\"2078\" data-end=\"2118\">\n<p data-start=\"2080\" data-end=\"2118\"><strong data-start=\"2080\" data-end=\"2118\">Proveedores de comunicaciones industriales<\/strong><\/p>\n<\/li>\n<li data-start=\"2119\" data-end=\"2161\">\n<p data-start=\"2121\" data-end=\"2161\"><strong data-start=\"2121\" data-end=\"2161\">Exportadores y agentes de abastecimiento global<\/strong><\/p>\n<\/li>\n<\/ul>\n<p data-start=\"2163\" data-end=\"2174\">Apoyamos:<\/p>\n<ul data-start=\"2175\" data-end=\"2323\">\n<li data-start=\"2175\" data-end=\"2192\">\n<p data-start=\"2177\" data-end=\"2192\"><strong data-start=\"2177\" data-end=\"2192\">Pedidos al por mayor<\/strong><\/p>\n<\/li>\n<li data-start=\"2193\" data-end=\"2211\">\n<p data-start=\"2195\" data-end=\"2211\"><strong data-start=\"2195\" data-end=\"2211\">Cantidad m\u00ednima de pedido flexible<\/strong><\/p>\n<\/li>\n<li data-start=\"2212\" data-end=\"2236\">\n<p data-start=\"2214\" data-end=\"2236\"><strong data-start=\"2214\" data-end=\"2236\">Marca OEM\/ODM<\/strong><\/p>\n<\/li>\n<li data-start=\"2237\" data-end=\"2269\">\n<p data-start=\"2239\" data-end=\"2269\"><strong data-start=\"2239\" data-end=\"2269\">Longitudes y empaques personalizados<\/strong><\/p>\n<\/li>\n<li data-start=\"2270\" data-end=\"2298\">\n<p data-start=\"2272\" data-end=\"2298\"><strong data-start=\"2272\" data-end=\"2298\">Precios directos de f\u00e1brica<\/strong><\/p>\n<\/li>\n<li data-start=\"2299\" data-end=\"2323\">\n<p data-start=\"2301\" data-end=\"2323\"><strong data-start=\"2301\" data-end=\"2323\">Exportaci\u00f3n global r\u00e1pida<\/strong><\/p>\n<\/li>\n<\/ul>\n<hr data-start=\"2325\" data-end=\"2328\" \/>\n<h3 data-start=\"2330\" data-end=\"2376\"><strong data-start=\"2334\" data-end=\"2376\">\u00bfPor qu\u00e9 es importante el modo \u00fanico OS2 + blindado?<\/strong><\/h3>\n<p data-start=\"2378\" data-end=\"2637\">Soporte de fibra OS2 <strong data-start=\"2397\" data-end=\"2438\">redes de larga distancia y alta velocidad<\/strong> (10G, 25G, 40G, 100G+).<br data-start=\"2462\" data-end=\"2465\" \/>Cuando se combina con un <strong data-start=\"2487\" data-end=\"2509\">estructura blindada<\/strong>, se convierte en un <strong data-start=\"2524\" data-end=\"2548\">soluci\u00f3n lista para usar<\/strong> que reduce <strong data-start=\"2562\" data-end=\"2606\">roturas, tiempo de inactividad y costos de mantenimiento<\/strong> para operadores e integradores.<\/p>\n<hr data-start=\"2639\" data-end=\"2642\" \/>\n<h2 data-start=\"2644\" data-end=\"2667\"><strong data-start=\"2647\" data-end=\"2667\">Preguntas frecuentes profesionales<\/strong><\/h2>\n<p data-start=\"2669\" data-end=\"2876\"><strong data-start=\"2669\" data-end=\"2729\">P1: \u00bfEste cable es adecuado para gabinetes de telecomunicaciones al aire libre?<\/strong><br data-start=\"2729\" data-end=\"2732\" \/>S\u00ed. El <strong data-start=\"2741\" data-end=\"2763\">estructura blindada<\/strong> protege la fibra de <strong data-start=\"2788\" data-end=\"2835\">aplastamiento, roedores y estr\u00e9s ambiental<\/strong>, lo que lo hace ideal para recintos al aire libre.<\/p>\n<p data-start=\"2878\" data-end=\"3041\"><strong data-start=\"2878\" data-end=\"2928\">P2: \u00bfSe puede utilizar en redes FTTH y PON?<\/strong><br data-start=\"2928\" data-end=\"2931\" \/>Por supuesto. El <strong data-start=\"2947\" data-end=\"2972\">Fibra monomodo OS2<\/strong> y <strong data-start=\"2977\" data-end=\"2994\">Pulido UPC<\/strong> apoyo <strong data-start=\"3003\" data-end=\"3040\">Sistemas GPON, XG-PON y XGS-PON<\/strong>.<\/p>\n<p data-start=\"3043\" data-end=\"3197\"><strong data-start=\"3043\" data-end=\"3088\">P3: \u00bfSe ofrece la opci\u00f3n de marca de fabricante (OEM) o marca privada?<\/strong><br data-start=\"3088\" data-end=\"3091\" \/>S\u00ed. Ofrecemos <strong data-start=\"3107\" data-end=\"3163\">OEM, ODM, marca privada y empaque personalizado.<\/strong> para distribuidores e integradores.<\/p>\n<p data-start=\"3199\" data-end=\"3332\"><strong data-start=\"3199\" data-end=\"3247\">P4: \u00bfCu\u00e1l es la cantidad m\u00ednima de pedido habitual para pedidos al por mayor?<\/strong><br data-start=\"3247\" data-end=\"3250\" \/>El MOQ es <strong data-start=\"3257\" data-end=\"3269\">flexible<\/strong>, apoyando <strong data-start=\"3282\" data-end=\"3331\">Pedidos de prueba peque\u00f1os y abastecimiento para proyectos grandes.<\/strong>.<\/p>\n<p data-start=\"3334\" data-end=\"3493\"><strong data-start=\"3334\" data-end=\"3393\">P5: \u00bfLa capa blindada afecta al rendimiento \u00f3ptico?<\/strong><br data-start=\"3393\" data-end=\"3396\" \/>No. El blindaje proporciona <strong data-start=\"3423\" data-end=\"3453\">solo protecci\u00f3n mec\u00e1nica<\/strong> y hace <strong data-start=\"3463\" data-end=\"3492\">no aumentar la p\u00e9rdida \u00f3ptica<\/strong>.<\/p>\n<p data-start=\"3495\" data-end=\"3668\"><strong data-start=\"3495\" data-end=\"3549\">P6: \u00bfQu\u00e9 tipo de clientes suelen comprar este modelo?<\/strong><br data-start=\"3549\" data-end=\"3552\" \/>Se obtiene com\u00fanmente de <strong data-start=\"3578\" data-end=\"3667\">operadores de telecomunicaciones, contratistas de FTTH, integradores de sistemas y distribuidores de fibra \u00f3ptica.<\/strong>.<\/p>","protected":false},"excerpt":{"rendered":"<p data-start=\"66\" data-end=\"461\">En <strong data-start=\"70\" data-end=\"113\">Cable de conexi\u00f3n de fibra blindado SC\/UPC\u2013LC\/UPC<\/strong> es un <strong data-start=\"119\" data-end=\"172\">Puente monomodo de alta durabilidad y calidad profesional.<\/strong> dise\u00f1ado para <strong data-start=\"186\" data-end=\"270\">redes de telecomunicaciones, centros de datos, sistemas FTTH e instalaciones industriales de fibra \u00f3ptica.<\/strong>. Con un <strong data-start=\"279\" data-end=\"302\">conector SC resistente<\/strong> en un extremo y un <strong data-start=\"320\" data-end=\"344\">conector LC compacto<\/strong> Por otro lado, este cable ofrece tanto <strong data-start=\"384\" data-end=\"413\">conectividad segura de paneles<\/strong> y <strong data-start=\"418\" data-end=\"460\">Compatibilidad con transceptores de alta densidad<\/strong>.<\/p>\n<p data-start=\"463\" data-end=\"695\">En <strong data-start=\"467\" data-end=\"501\">estructura de cable con blindaje met\u00e1lico<\/strong> proporciona una protecci\u00f3n superior contra <strong data-start=\"539\" data-end=\"602\">aplastamiento, da\u00f1os causados por roedores, curvas pronunciadas y tensi\u00f3n mec\u00e1nica.<\/strong>, lo que lo hace ideal para <strong data-start=\"624\" data-end=\"694\">armarios exteriores, bandejas portacables y entornos de instalaci\u00f3n adversos<\/strong>.<\/p>","protected":false},"featured_media":712,"comment_status":"open","ping_status":"closed","template":"","meta":[],"product_brand":[],"product_cat":[44],"product_tag":[],"class_list":{"0":"post-711","1":"product","2":"type-product","3":"status-publish","4":"has-post-thumbnail","6":"product_cat-multimode-fiber-optic-patch-cord","8":"first","9":"instock","10":"shipping-taxable","11":"product-type-simple"},"_links":{"self":[{"href":"https:\/\/www.fenxifiber.com\/es\/wp-json\/wp\/v2\/product\/711","targetHints":{"allow":["GET"]}}],"collection":[{"href":"https:\/\/www.fenxifiber.com\/es\/wp-json\/wp\/v2\/product"}],"about":[{"href":"https:\/\/www.fenxifiber.com\/es\/wp-json\/wp\/v2\/types\/product"}],"replies":[{"embeddable":true,"href":"https:\/\/www.fenxifiber.com\/es\/wp-json\/wp\/v2\/comments?post=711"}],"wp:featuredmedia":[{"embeddable":true,"href":"https:\/\/www.fenxifiber.com\/es\/wp-json\/wp\/v2\/media\/712"}],"wp:attachment":[{"href":"https:\/\/www.fenxifiber.com\/es\/wp-json\/wp\/v2\/media?parent=711"}],"wp:term":[{"taxonomy":"product_brand","embeddable":true,"href":"https:\/\/www.fenxifiber.com\/es\/wp-json\/wp\/v2\/product_brand?post=711"},{"taxonomy":"product_cat","embeddable":true,"href":"https:\/\/www.fenxifiber.com\/es\/wp-json\/wp\/v2\/product_cat?post=711"},{"taxonomy":"product_tag","embeddable":true,"href":"https:\/\/www.fenxifiber.com\/es\/wp-json\/wp\/v2\/product_tag?post=711"}],"curies":[{"name":"wp","href":"https:\/\/api.w.org\/{rel}","templated":true}]}}