{"id":715,"date":"2026-02-03T07:31:19","date_gmt":"2026-02-03T07:31:19","guid":{"rendered":"https:\/\/www.fenxifiber.com\/?post_type=product&#038;p=715"},"modified":"2026-02-04T01:39:53","modified_gmt":"2026-02-04T01:39:53","slug":"sc-apc-sc-apc-blindado","status":"publish","type":"product","link":"https:\/\/www.fenxifiber.com\/es\/product\/sc-apc-sc-apc-armoured\/","title":{"rendered":"Cable de conexi\u00f3n de fibra \u00f3ptica monomodo blindado SC\/APC\u2013SC\/APC"},"content":{"rendered":"<h3 data-start=\"729\" data-end=\"772\"><strong data-start=\"733\" data-end=\"772\">\u00bfPor qu\u00e9 SC\/APC con protecci\u00f3n blindada?<\/strong><\/h3>\n<p data-start=\"774\" data-end=\"1013\">SC\/APC es el <strong data-start=\"788\" data-end=\"810\">interfaz est\u00e1ndar<\/strong> para <strong data-start=\"815\" data-end=\"858\">ODF, divisores PON y equipos CATV<\/strong>. El <strong data-start=\"864\" data-end=\"887\">Pulido APC de 8 grados<\/strong> reduce dr\u00e1sticamente <strong data-start=\"909\" data-end=\"936\">reflexi\u00f3n \u00f3ptica trasera<\/strong>, lo cual es fundamental para <strong data-start=\"960\" data-end=\"1012\">Sistemas RF sobre fibra, GPON, XG-PON y XGS-PON.<\/strong>.<\/p>\n<p data-start=\"1015\" data-end=\"1136\">A\u00f1adir un <strong data-start=\"1025\" data-end=\"1049\">cable blindado<\/strong> convierte este cable de conexi\u00f3n en un <strong data-start=\"1084\" data-end=\"1108\">soluci\u00f3n lista para usar<\/strong> que se puede enrutar a trav\u00e9s de:<\/p>\n<ul data-start=\"1137\" data-end=\"1217\">\n<li data-start=\"1137\" data-end=\"1157\">\n<p data-start=\"1139\" data-end=\"1157\">Armarios para exteriores<\/p>\n<\/li>\n<li data-start=\"1158\" data-end=\"1173\">\n<p data-start=\"1160\" data-end=\"1173\">Conductos de piso<\/p>\n<\/li>\n<li data-start=\"1174\" data-end=\"1189\">\n<p data-start=\"1176\" data-end=\"1189\">Bandejas portacables<\/p>\n<\/li>\n<li data-start=\"1190\" data-end=\"1217\">\n<p data-start=\"1192\" data-end=\"1217\">Cajas para estaciones base<\/p>\n<\/li>\n<\/ul>\n<p data-start=\"1219\" data-end=\"1250\">sin riesgo de rotura de las fibras.<\/p>\n<hr data-start=\"1252\" data-end=\"1255\" \/>\n<h3 data-start=\"1257\" data-end=\"1289\"><strong data-start=\"1261\" data-end=\"1289\">Especificaciones t\u00e9cnicas<\/strong><\/h3>\n<div class=\"TyagGW_tableContainer\">\n<div class=\"group TyagGW_tableWrapper flex flex-col-reverse w-fit\" tabindex=\"-1\">\n<table class=\"w-fit min-w-(--thread-content-width)\" data-start=\"1291\" data-end=\"1824\">\n<thead data-start=\"1291\" data-end=\"1329\">\n<tr data-start=\"1291\" data-end=\"1329\">\n<th class=\"\" data-start=\"1291\" data-end=\"1303\" data-col-size=\"sm\">Par\u00e1metro<\/th>\n<th class=\"\" data-start=\"1303\" data-end=\"1329\" data-col-size=\"sm\">SC\/APC\u2013SC\/APC Blindado<\/th>\n<\/tr>\n<\/thead>\n<tbody data-start=\"1358\" data-end=\"1824\">\n<tr data-start=\"1358\" data-end=\"1401\">\n<td data-start=\"1358\" data-end=\"1371\" data-col-size=\"sm\">Tipo de fibra<\/td>\n<td data-start=\"1371\" data-end=\"1401\" data-col-size=\"sm\">OS2 monomodo (9\/125 \u03bcm)<\/td>\n<\/tr>\n<tr data-start=\"1402\" data-end=\"1443\">\n<td data-start=\"1402\" data-end=\"1419\" data-col-size=\"sm\">Tipo de conector<\/td>\n<td data-start=\"1419\" data-end=\"1443\" data-col-size=\"sm\">SC \/ APC a SC \/ APC<\/td>\n<\/tr>\n<tr data-start=\"1444\" data-end=\"1472\">\n<td data-start=\"1444\" data-end=\"1453\" data-col-size=\"sm\">Polaco<\/td>\n<td data-start=\"1453\" data-end=\"1472\" data-col-size=\"sm\">APC (\u00e1ngulo de 8\u00b0)<\/td>\n<\/tr>\n<tr data-start=\"1473\" data-end=\"1534\">\n<td data-start=\"1473\" data-end=\"1491\" data-col-size=\"sm\">Estructura del cable<\/td>\n<td data-start=\"1491\" data-end=\"1534\" data-col-size=\"sm\">Blindaje met\u00e1lico (tubo de acero o aluminio)<\/td>\n<\/tr>\n<tr data-start=\"1535\" data-end=\"1579\">\n<td data-start=\"1535\" data-end=\"1558\" data-col-size=\"sm\">Longitud de onda operativa<\/td>\n<td data-start=\"1558\" data-end=\"1579\" data-col-size=\"sm\">1310 nm \/ 1550 nm<\/td>\n<\/tr>\n<tr data-start=\"1580\" data-end=\"1610\">\n<td data-start=\"1580\" data-end=\"1597\" data-col-size=\"sm\">P\u00e9rdida de inserci\u00f3n<\/td>\n<td data-start=\"1597\" data-end=\"1610\" data-col-size=\"sm\">\u2264 0,30 dB<\/td>\n<\/tr>\n<tr data-start=\"1611\" data-end=\"1636\">\n<td data-start=\"1611\" data-end=\"1625\" data-col-size=\"sm\">P\u00e9rdida de retorno<\/td>\n<td data-start=\"1625\" data-end=\"1636\" data-col-size=\"sm\">\u2265 60 dB<\/td>\n<\/tr>\n<tr data-start=\"1637\" data-end=\"1697\">\n<td data-start=\"1637\" data-end=\"1656\" data-col-size=\"sm\">Resistencia a la tracci\u00f3n<\/td>\n<td data-start=\"1656\" data-end=\"1697\" data-col-size=\"sm\">Mucho m\u00e1s alto que los cables de conexi\u00f3n est\u00e1ndar.<\/td>\n<\/tr>\n<tr data-start=\"1698\" data-end=\"1744\">\n<td data-start=\"1698\" data-end=\"1720\" data-col-size=\"sm\">Radio de curvatura m\u00ednimo<\/td>\n<td data-start=\"1720\" data-end=\"1744\" data-col-size=\"sm\">\u2265 10 veces el di\u00e1metro del cable<\/td>\n<\/tr>\n<tr data-start=\"1745\" data-end=\"1781\">\n<td data-start=\"1745\" data-end=\"1762\" data-col-size=\"sm\">Opciones de chamarra<\/td>\n<td data-start=\"1762\" data-end=\"1781\" data-col-size=\"sm\">LSZH \/ PE \/ PVC<\/td>\n<\/tr>\n<tr data-start=\"1782\" data-end=\"1824\">\n<td data-start=\"1782\" data-end=\"1795\" data-col-size=\"sm\">Conformidad<\/td>\n<td data-start=\"1795\" data-end=\"1824\" data-col-size=\"sm\">IEC, TIA-568, RoHS, REACH<\/td>\n<\/tr>\n<\/tbody>\n<\/table>\n<\/div>\n<\/div>\n<hr data-start=\"1826\" data-end=\"1829\" \/>\n<h3 data-start=\"1831\" data-end=\"1882\"><strong data-start=\"1835\" data-end=\"1882\">Dise\u00f1ado para proyectos mayoristas, OEM y de red<\/strong><\/h3>\n<p data-start=\"1884\" data-end=\"1937\">Este cable de conexi\u00f3n blindado SC\/APC es ampliamente utilizado por:<\/p>\n<ul data-start=\"1939\" data-end=\"2100\">\n<li data-start=\"1939\" data-end=\"1972\">\n<p data-start=\"1941\" data-end=\"1972\"><strong data-start=\"1941\" data-end=\"1972\">Distribuidores de telecomunicaciones y CATV<\/strong><\/p>\n<\/li>\n<li data-start=\"1973\" data-end=\"2004\">\n<p data-start=\"1975\" data-end=\"2004\"><strong data-start=\"1975\" data-end=\"2004\">Contratistas de FTTH y FTTx<\/strong><\/p>\n<\/li>\n<li data-start=\"2005\" data-end=\"2029\">\n<p data-start=\"2007\" data-end=\"2029\"><strong data-start=\"2007\" data-end=\"2029\">Integradores de sistemas<\/strong><\/p>\n<\/li>\n<li data-start=\"2030\" data-end=\"2057\">\n<p data-start=\"2032\" data-end=\"2057\"><strong data-start=\"2032\" data-end=\"2057\">Operadores de redes PON<\/strong><\/p>\n<\/li>\n<li data-start=\"2058\" data-end=\"2100\">\n<p data-start=\"2060\" data-end=\"2100\"><strong data-start=\"2060\" data-end=\"2100\">Agentes de abastecimiento global y exportadores<\/strong><\/p>\n<\/li>\n<\/ul>\n<p data-start=\"2102\" data-end=\"2113\">Apoyamos:<\/p>\n<ul data-start=\"2114\" data-end=\"2269\">\n<li data-start=\"2114\" data-end=\"2131\">\n<p data-start=\"2116\" data-end=\"2131\"><strong data-start=\"2116\" data-end=\"2131\">Pedidos al por mayor<\/strong><\/p>\n<\/li>\n<li data-start=\"2132\" data-end=\"2150\">\n<p data-start=\"2134\" data-end=\"2150\"><strong data-start=\"2134\" data-end=\"2150\">Cantidad m\u00ednima de pedido flexible<\/strong><\/p>\n<\/li>\n<li data-start=\"2151\" data-end=\"2180\">\n<p data-start=\"2153\" data-end=\"2180\"><strong data-start=\"2153\" data-end=\"2180\">Fabricaci\u00f3n OEM\/ODM<\/strong><\/p>\n<\/li>\n<li data-start=\"2181\" data-end=\"2215\">\n<p data-start=\"2183\" data-end=\"2215\"><strong data-start=\"2183\" data-end=\"2215\">Etiquetado y envasado privados<\/strong><\/p>\n<\/li>\n<li data-start=\"2216\" data-end=\"2244\">\n<p data-start=\"2218\" data-end=\"2244\"><strong data-start=\"2218\" data-end=\"2244\">Precios directos de f\u00e1brica<\/strong><\/p>\n<\/li>\n<li data-start=\"2245\" data-end=\"2269\">\n<p data-start=\"2247\" data-end=\"2269\"><strong data-start=\"2247\" data-end=\"2269\">Env\u00edos a todo el mundo<\/strong><\/p>\n<\/li>\n<\/ul>\n<hr data-start=\"2271\" data-end=\"2274\" \/>\n<h3 data-start=\"2276\" data-end=\"2333\"><strong data-start=\"2280\" data-end=\"2333\">\u00bfPor qu\u00e9 APC + OS2 + blindaje es el est\u00e1ndar del sector?<\/strong><\/h3>\n<p data-start=\"2335\" data-end=\"2648\">Los conectores APC proporcionan <strong data-start=\"2358\" data-end=\"2380\">p\u00e9rdida de retorno \u226560 dB<\/strong>, evitando la reflexi\u00f3n de la se\u00f1al que puede interferir <strong data-start=\"2428\" data-end=\"2470\">transmisi\u00f3n de video anal\u00f3gico, RF y PON<\/strong>.<br data-start=\"2471\" data-end=\"2474\" \/>La fibra monomodo OS2 es compatible con <strong data-start=\"2505\" data-end=\"2553\">Enlaces de 10G, 25G, 40G, 100G+ y larga distancia<\/strong>.<br data-start=\"2554\" data-end=\"2557\" \/>La construcci\u00f3n blindada garantiza <strong data-start=\"2587\" data-end=\"2621\">fiabilidad f\u00edsica a largo plazo<\/strong> en implementaciones del mundo real.<\/p>\n<hr data-start=\"2650\" data-end=\"2653\" \/>\n<h2 data-start=\"2655\" data-end=\"2678\"><strong data-start=\"2658\" data-end=\"2678\">Preguntas frecuentes profesionales<\/strong><\/h2>\n<p data-start=\"2680\" data-end=\"2811\"><strong data-start=\"2680\" data-end=\"2737\">P1: \u00bfEste cable es adecuado para redes FTTH y PON?<\/strong><br data-start=\"2737\" data-end=\"2740\" \/>S\u00ed. Es totalmente compatible con <strong data-start=\"2773\" data-end=\"2810\">Sistemas GPON, XG-PON y XGS-PON<\/strong>.<\/p>\n<p data-start=\"2813\" data-end=\"2964\"><strong data-start=\"2813\" data-end=\"2855\">P2: \u00bfSe puede utilizar SC\/APC con puertos UPC?<\/strong><br data-start=\"2855\" data-end=\"2858\" \/>No. <strong data-start=\"2862\" data-end=\"2908\">Los conectores APC y UPC nunca deben mezclarse.<\/strong>, ya que esto puede da\u00f1ar los conectores y reducir el rendimiento.<\/p>\n<p data-start=\"2966\" data-end=\"3091\"><strong data-start=\"2966\" data-end=\"3015\">P3: \u00bfSe ofrece la posibilidad de utilizar la marca del fabricante de equipo original (OEM) o del distribuidor?<\/strong><br data-start=\"3015\" data-end=\"3018\" \/>S\u00ed. Ofrecemos <strong data-start=\"3034\" data-end=\"3090\">OEM, ODM, etiquetado privado y empaque personalizado.<\/strong>.<\/p>\n<p data-start=\"3093\" data-end=\"3224\"><strong data-start=\"3093\" data-end=\"3138\">P4: \u00bfCu\u00e1l es la cantidad m\u00ednima de pedido para pedidos al por mayor?<\/strong><br data-start=\"3138\" data-end=\"3141\" \/>El MOQ es <strong data-start=\"3148\" data-end=\"3160\">flexible<\/strong>, permitiendo <strong data-start=\"3171\" data-end=\"3223\">Pedidos de prueba peque\u00f1os y compras para proyectos grandes.<\/strong>.<\/p>\n<p data-start=\"3226\" data-end=\"3380\"><strong data-start=\"3226\" data-end=\"3278\">P5: \u00bfLa capa blindada afecta a la p\u00e9rdida \u00f3ptica?<\/strong><br data-start=\"3278\" data-end=\"3281\" \/>No. El blindaje proporciona <strong data-start=\"3308\" data-end=\"3338\">solo protecci\u00f3n mec\u00e1nica<\/strong> y hace <strong data-start=\"3348\" data-end=\"3379\">no aumentar la p\u00e9rdida de inserci\u00f3n<\/strong>.<\/p>\n<p data-start=\"3382\" data-end=\"3534\"><strong data-start=\"3382\" data-end=\"3425\">P6: \u00bfQui\u00e9n suele comprar este modelo?<\/strong><br data-start=\"3425\" data-end=\"3428\" \/>Se obtiene com\u00fanmente de <strong data-start=\"3454\" data-end=\"3533\">operadores de telecomunicaciones, proveedores de CATV, contratistas de FTTH e integradores de sistemas<\/strong>.<\/p>","protected":false},"excerpt":{"rendered":"<p data-start=\"66\" data-end=\"312\">En <strong data-start=\"70\" data-end=\"113\">SC\/APC\u2013SC\/APC Cable de conexi\u00f3n de fibra blindado<\/strong> es un <strong data-start=\"119\" data-end=\"151\">puente \u00f3ptico de grado carrier<\/strong> dise\u00f1ado para <strong data-start=\"165\" data-end=\"238\">FTTH, redes PON, cabeceras de CATV e infraestructura de telecomunicaciones exterior.<\/strong> d\u00f3nde <strong data-start=\"245\" data-end=\"295\">Reflexi\u00f3n ultrabaja y durabilidad mec\u00e1nica.<\/strong> son esenciales.<\/p>\n<p data-start=\"314\" data-end=\"560\">Con <strong data-start=\"324\" data-end=\"364\">Conectores SC pulidos con APC en \u00e1ngulo de 8\u00b0<\/strong> en ambos extremos y un <strong data-start=\"384\" data-end=\"418\">estructura de cable con blindaje met\u00e1lico<\/strong>, este modelo garantiza <strong data-start=\"439\" data-end=\"467\">m\u00e1xima estabilidad de la se\u00f1al<\/strong> mientras sobrevive <strong data-start=\"484\" data-end=\"559\">aplastamiento, vibraci\u00f3n, da\u00f1os causados por roedores y entornos de instalaci\u00f3n adversos<\/strong>.<\/p>\n<p data-start=\"562\" data-end=\"722\">Como <strong data-start=\"567\" data-end=\"625\">Fabricante directo y exportador mayorista de fibra \u00f3ptica.<\/strong>, apoyamos <strong data-start=\"638\" data-end=\"711\">Fabricantes de equipos originales, fabricantes de dise\u00f1os originales, distribuidores, integradores de sistemas y abastecimiento de proyectos a granel.<\/strong> en todo el mundo.<\/p>","protected":false},"featured_media":716,"comment_status":"open","ping_status":"closed","template":"","meta":[],"product_brand":[],"product_cat":[44],"product_tag":[],"class_list":{"0":"post-715","1":"product","2":"type-product","3":"status-publish","4":"has-post-thumbnail","6":"product_cat-multimode-fiber-optic-patch-cord","8":"first","9":"instock","10":"shipping-taxable","11":"product-type-simple"},"_links":{"self":[{"href":"https:\/\/www.fenxifiber.com\/es\/wp-json\/wp\/v2\/product\/715","targetHints":{"allow":["GET"]}}],"collection":[{"href":"https:\/\/www.fenxifiber.com\/es\/wp-json\/wp\/v2\/product"}],"about":[{"href":"https:\/\/www.fenxifiber.com\/es\/wp-json\/wp\/v2\/types\/product"}],"replies":[{"embeddable":true,"href":"https:\/\/www.fenxifiber.com\/es\/wp-json\/wp\/v2\/comments?post=715"}],"wp:featuredmedia":[{"embeddable":true,"href":"https:\/\/www.fenxifiber.com\/es\/wp-json\/wp\/v2\/media\/716"}],"wp:attachment":[{"href":"https:\/\/www.fenxifiber.com\/es\/wp-json\/wp\/v2\/media?parent=715"}],"wp:term":[{"taxonomy":"product_brand","embeddable":true,"href":"https:\/\/www.fenxifiber.com\/es\/wp-json\/wp\/v2\/product_brand?post=715"},{"taxonomy":"product_cat","embeddable":true,"href":"https:\/\/www.fenxifiber.com\/es\/wp-json\/wp\/v2\/product_cat?post=715"},{"taxonomy":"product_tag","embeddable":true,"href":"https:\/\/www.fenxifiber.com\/es\/wp-json\/wp\/v2\/product_tag?post=715"}],"curies":[{"name":"wp","href":"https:\/\/api.w.org\/{rel}","templated":true}]}}