{"id":717,"date":"2026-02-03T07:33:59","date_gmt":"2026-02-03T07:33:59","guid":{"rendered":"https:\/\/www.fenxifiber.com\/?post_type=product&#038;p=717"},"modified":"2026-02-04T01:40:23","modified_gmt":"2026-02-04T01:40:23","slug":"sc-upc-sc-apc-blindado","status":"publish","type":"product","link":"https:\/\/www.fenxifiber.com\/es\/product\/sc-upc-sc-apc-armoured\/","title":{"rendered":"Cable de conexi\u00f3n de fibra \u00f3ptica monomodo blindado SC\/UPC\u2013SC\/APC"},"content":{"rendered":"<h3 data-start=\"698\" data-end=\"734\"><strong data-start=\"702\" data-end=\"734\">\u00bfQu\u00e9 hace que este cable sea \u00fanico?<\/strong><\/h3>\n<p data-start=\"736\" data-end=\"1024\">Muchas redes FTTH y CATV siguen funcionando. <strong data-start=\"774\" data-end=\"819\">Interfaces UPC en ODF y equipos de prueba<\/strong>, mientras que <strong data-start=\"827\" data-end=\"879\">Los divisores, las unidades de red (ONU) y los transmisores de RF requieren APC.<\/strong>.<br data-start=\"880\" data-end=\"883\" \/>Esto <strong data-start=\"888\" data-end=\"921\">Puente blindado SC\/UPC\u2013SC\/APC<\/strong> salva esa brecha, ofreciendo <strong data-start=\"951\" data-end=\"980\">rendimiento \u00f3ptico limpio<\/strong> al tiempo que se eliminan los paneles de conexi\u00f3n innecesarios.<\/p>\n<p data-start=\"1026\" data-end=\"1071\">En <strong data-start=\"1030\" data-end=\"1061\">dise\u00f1o de cable con blindaje met\u00e1lico<\/strong> proporciona:<\/p>\n<ul data-start=\"1072\" data-end=\"1163\">\n<li data-start=\"1072\" data-end=\"1092\">\n<p data-start=\"1074\" data-end=\"1092\">Resistencia al aplastamiento<\/p>\n<\/li>\n<li data-start=\"1093\" data-end=\"1114\">\n<p data-start=\"1095\" data-end=\"1114\">Protecci\u00f3n contra roedores<\/p>\n<\/li>\n<li data-start=\"1115\" data-end=\"1163\">\n<p data-start=\"1117\" data-end=\"1163\">Enrutamiento estable en gabinetes y bastidores exteriores<\/p>\n<\/li>\n<\/ul>\n<p data-start=\"1165\" data-end=\"1234\">lo que lo hace ideal para <strong data-start=\"1185\" data-end=\"1233\">instalaci\u00f3n en campo y recorridos de cables de alto riesgo<\/strong>.<\/p>\n<hr data-start=\"1236\" data-end=\"1239\" \/>\n<h3 data-start=\"1241\" data-end=\"1273\"><strong data-start=\"1245\" data-end=\"1273\">Especificaciones t\u00e9cnicas<\/strong><\/h3>\n<div class=\"TyagGW_tableContainer\">\n<div class=\"group TyagGW_tableWrapper flex flex-col-reverse w-fit\" tabindex=\"-1\">\n<table class=\"w-fit min-w-(--thread-content-width)\" data-start=\"1275\" data-end=\"1749\">\n<thead data-start=\"1275\" data-end=\"1313\">\n<tr data-start=\"1275\" data-end=\"1313\">\n<th class=\"\" data-start=\"1275\" data-end=\"1287\" data-col-size=\"sm\">Par\u00e1metro<\/th>\n<th class=\"\" data-start=\"1287\" data-end=\"1313\" data-col-size=\"sm\">SC\/UPC\u2013SC\/APC Blindado<\/th>\n<\/tr>\n<\/thead>\n<tbody data-start=\"1342\" data-end=\"1749\">\n<tr data-start=\"1342\" data-end=\"1383\">\n<td data-start=\"1342\" data-end=\"1355\" data-col-size=\"sm\">Tipo de fibra<\/td>\n<td data-start=\"1355\" data-end=\"1383\" data-col-size=\"sm\">OS2 monomodo 9\/125 \u03bcm<\/td>\n<\/tr>\n<tr data-start=\"1384\" data-end=\"1410\">\n<td data-start=\"1384\" data-end=\"1398\" data-col-size=\"sm\">Conector A<\/td>\n<td data-start=\"1398\" data-end=\"1410\" data-col-size=\"sm\">SC \/ UPC<\/td>\n<\/tr>\n<tr data-start=\"1411\" data-end=\"1449\">\n<td data-start=\"1411\" data-end=\"1425\" data-col-size=\"sm\">Conector B<\/td>\n<td data-start=\"1425\" data-end=\"1449\" data-col-size=\"sm\">SC \/ APC (\u00e1ngulo de 8\u00b0)<\/td>\n<\/tr>\n<tr data-start=\"1450\" data-end=\"1481\">\n<td data-start=\"1450\" data-end=\"1463\" data-col-size=\"sm\">Tipo de cable<\/td>\n<td data-start=\"1463\" data-end=\"1481\" data-col-size=\"sm\">Blindado con metal<\/td>\n<\/tr>\n<tr data-start=\"1482\" data-end=\"1526\">\n<td data-start=\"1482\" data-end=\"1505\" data-col-size=\"sm\">Longitud de onda operativa<\/td>\n<td data-start=\"1505\" data-end=\"1526\" data-col-size=\"sm\">1310 nm \/ 1550 nm<\/td>\n<\/tr>\n<tr data-start=\"1527\" data-end=\"1557\">\n<td data-start=\"1527\" data-end=\"1544\" data-col-size=\"sm\">P\u00e9rdida de inserci\u00f3n<\/td>\n<td data-start=\"1544\" data-end=\"1557\" data-col-size=\"sm\">\u2264 0,30 dB<\/td>\n<\/tr>\n<tr data-start=\"1558\" data-end=\"1593\">\n<td data-start=\"1558\" data-end=\"1582\" data-col-size=\"sm\">P\u00e9rdida de retorno (extremo UPC)<\/td>\n<td data-start=\"1582\" data-end=\"1593\" data-col-size=\"sm\">\u2265 50 dB<\/td>\n<\/tr>\n<tr data-start=\"1594\" data-end=\"1629\">\n<td data-start=\"1594\" data-end=\"1618\" data-col-size=\"sm\">P\u00e9rdida de retorno (extremo APC)<\/td>\n<td data-start=\"1618\" data-end=\"1629\" data-col-size=\"sm\">\u2265 60 dB<\/td>\n<\/tr>\n<tr data-start=\"1630\" data-end=\"1678\">\n<td data-start=\"1630\" data-end=\"1649\" data-col-size=\"sm\">Resistencia a la tracci\u00f3n<\/td>\n<td data-start=\"1649\" data-end=\"1678\" data-col-size=\"sm\">Alta (estructura blindada)<\/td>\n<\/tr>\n<tr data-start=\"1679\" data-end=\"1707\">\n<td data-start=\"1679\" data-end=\"1688\" data-col-size=\"sm\">Chamarra<\/td>\n<td data-start=\"1688\" data-end=\"1707\" data-col-size=\"sm\">LSZH \/ PE \/ PVC<\/td>\n<\/tr>\n<tr data-start=\"1708\" data-end=\"1749\">\n<td data-start=\"1708\" data-end=\"1720\" data-col-size=\"sm\">Normas<\/td>\n<td data-start=\"1720\" data-end=\"1749\" data-col-size=\"sm\">IEC, TIA-568, RoHS, REACH<\/td>\n<\/tr>\n<\/tbody>\n<\/table>\n<\/div>\n<\/div>\n<hr data-start=\"1751\" data-end=\"1754\" \/>\n<h3 data-start=\"1756\" data-end=\"1806\"><strong data-start=\"1760\" data-end=\"1806\">Dise\u00f1ado para redes de telecomunicaciones, FTTH y CATV.<\/strong><\/h3>\n<p data-start=\"1808\" data-end=\"1837\">Este modelo se utiliza ampliamente en:<\/p>\n<ul data-start=\"1838\" data-end=\"2013\">\n<li data-start=\"1838\" data-end=\"1872\">\n<p data-start=\"1840\" data-end=\"1872\"><strong data-start=\"1840\" data-end=\"1872\">Proyectos de despliegue de FTTH y FTTx<\/strong><\/p>\n<\/li>\n<li data-start=\"1873\" data-end=\"1910\">\n<p data-start=\"1875\" data-end=\"1910\"><strong data-start=\"1875\" data-end=\"1910\">Sistemas GPON \/ XG-PON \/ XGS-PON<\/strong><\/p>\n<\/li>\n<li data-start=\"1911\" data-end=\"1941\">\n<p data-start=\"1913\" data-end=\"1941\"><strong data-start=\"1913\" data-end=\"1941\">Enlaces CATV RF sobre fibra<\/strong><\/p>\n<\/li>\n<li data-start=\"1942\" data-end=\"1971\">\n<p data-start=\"1944\" data-end=\"1971\"><strong data-start=\"1944\" data-end=\"1971\">Marcos de intercambio de telecomunicaciones<\/strong><\/p>\n<\/li>\n<li data-start=\"1972\" data-end=\"2013\">\n<p data-start=\"1974\" data-end=\"2013\"><strong data-start=\"1974\" data-end=\"2013\">Armarios de distribuci\u00f3n de fibra para exteriores<\/strong><\/p>\n<\/li>\n<\/ul>\n<p data-start=\"2015\" data-end=\"2145\">Se obtiene con frecuencia de:<br \/>\n<strong data-start=\"2044\" data-end=\"2144\">mayoristas, distribuidores, integradores de redes, contratistas de telecomunicaciones, exportadores y socios OEM.<\/strong>.<\/p>\n<hr data-start=\"2147\" data-end=\"2150\" \/>\n<h3 data-start=\"2152\" data-end=\"2205\"><strong data-start=\"2156\" data-end=\"2205\">\u00bfPor qu\u00e9 los compradores globales eligen nuestros jumpers blindados?<\/strong><\/h3>\n<ul data-start=\"2207\" data-end=\"2396\">\n<li data-start=\"2207\" data-end=\"2234\">\n<p data-start=\"2209\" data-end=\"2234\"><strong data-start=\"2209\" data-end=\"2234\">Suministro directo de f\u00e1brica<\/strong><\/p>\n<\/li>\n<li data-start=\"2235\" data-end=\"2264\">\n<p data-start=\"2237\" data-end=\"2264\"><strong data-start=\"2237\" data-end=\"2264\">Personalizaci\u00f3n OEM\/ODM<\/strong><\/p>\n<\/li>\n<li data-start=\"2265\" data-end=\"2289\">\n<p data-start=\"2267\" data-end=\"2289\"><strong data-start=\"2267\" data-end=\"2289\">Soporte para pedidos masivos<\/strong><\/p>\n<\/li>\n<li data-start=\"2290\" data-end=\"2314\">\n<p data-start=\"2292\" data-end=\"2314\"><strong data-start=\"2292\" data-end=\"2314\">Cantidad m\u00ednima de pedido baja y flexible<\/strong><\/p>\n<\/li>\n<li data-start=\"2315\" data-end=\"2353\">\n<p data-start=\"2317\" data-end=\"2353\"><strong data-start=\"2317\" data-end=\"2353\">Marca privada y empaque personalizado<\/strong><\/p>\n<\/li>\n<li data-start=\"2354\" data-end=\"2396\">\n<p data-start=\"2356\" data-end=\"2396\"><strong data-start=\"2356\" data-end=\"2396\">Suministro estable a largo plazo para proyectos<\/strong><\/p>\n<\/li>\n<\/ul>","protected":false},"excerpt":{"rendered":"<p data-start=\"66\" data-end=\"304\">En <strong data-start=\"70\" data-end=\"107\">Cable de conexi\u00f3n blindado SC\/UPC\u2013SC\/APC<\/strong> es un <strong data-start=\"113\" data-end=\"149\">puente h\u00edbrido-pulido monomodo<\/strong> dise\u00f1ado para <strong data-start=\"163\" data-end=\"206\">Redes troncales PON, CATV y de telecomunicaciones<\/strong> d\u00f3nde <strong data-start=\"213\" data-end=\"284\">Baja p\u00e9rdida de inserci\u00f3n, reflexi\u00f3n ultrabaja y protecci\u00f3n mec\u00e1nica.<\/strong> son todos obligatorios.<\/p>\n<p data-start=\"306\" data-end=\"519\">Al combinar <strong data-start=\"319\" data-end=\"340\">SC\/UPC en un extremo<\/strong> y <strong data-start=\"345\" data-end=\"368\">SC\/APC, por otro lado<\/strong>, este cable permite <strong data-start=\"388\" data-end=\"470\">Interconexi\u00f3n directa entre los puertos UPC heredados y los equipos modernos basados en APC.<\/strong>\u2014sin adaptadores ni convertidores que degraden la se\u00f1al.<\/p>\n<p data-start=\"521\" data-end=\"691\">Como <strong data-start=\"526\" data-end=\"589\">Fabricante directo de f\u00e1brica, proveedor OEM y exportador a granel.<\/strong>, apoyamos <strong data-start=\"602\" data-end=\"690\">distribuidores, integradores de sistemas, contratistas de redes y empresas de abastecimiento global.<\/strong>.<\/p>","protected":false},"featured_media":718,"comment_status":"open","ping_status":"closed","template":"","meta":[],"product_brand":[],"product_cat":[44],"product_tag":[],"class_list":{"0":"post-717","1":"product","2":"type-product","3":"status-publish","4":"has-post-thumbnail","6":"product_cat-multimode-fiber-optic-patch-cord","8":"first","9":"instock","10":"shipping-taxable","11":"product-type-simple"},"_links":{"self":[{"href":"https:\/\/www.fenxifiber.com\/es\/wp-json\/wp\/v2\/product\/717","targetHints":{"allow":["GET"]}}],"collection":[{"href":"https:\/\/www.fenxifiber.com\/es\/wp-json\/wp\/v2\/product"}],"about":[{"href":"https:\/\/www.fenxifiber.com\/es\/wp-json\/wp\/v2\/types\/product"}],"replies":[{"embeddable":true,"href":"https:\/\/www.fenxifiber.com\/es\/wp-json\/wp\/v2\/comments?post=717"}],"wp:featuredmedia":[{"embeddable":true,"href":"https:\/\/www.fenxifiber.com\/es\/wp-json\/wp\/v2\/media\/718"}],"wp:attachment":[{"href":"https:\/\/www.fenxifiber.com\/es\/wp-json\/wp\/v2\/media?parent=717"}],"wp:term":[{"taxonomy":"product_brand","embeddable":true,"href":"https:\/\/www.fenxifiber.com\/es\/wp-json\/wp\/v2\/product_brand?post=717"},{"taxonomy":"product_cat","embeddable":true,"href":"https:\/\/www.fenxifiber.com\/es\/wp-json\/wp\/v2\/product_cat?post=717"},{"taxonomy":"product_tag","embeddable":true,"href":"https:\/\/www.fenxifiber.com\/es\/wp-json\/wp\/v2\/product_tag?post=717"}],"curies":[{"name":"wp","href":"https:\/\/api.w.org\/{rel}","templated":true}]}}