{"id":719,"date":"2026-02-03T07:35:49","date_gmt":"2026-02-03T07:35:49","guid":{"rendered":"https:\/\/www.fenxifiber.com\/?post_type=product&#038;p=719"},"modified":"2026-02-04T01:41:02","modified_gmt":"2026-02-04T01:41:02","slug":"sc-upc-fc-upc-blindado","status":"publish","type":"product","link":"https:\/\/www.fenxifiber.com\/es\/product\/sc-upc-fc-upc-armoured\/","title":{"rendered":"Cable de conexi\u00f3n de fibra \u00f3ptica monomodo blindado SC\/UPC\u2013FC\/UPC"},"content":{"rendered":"<h3 data-start=\"767\" data-end=\"814\"><strong data-start=\"771\" data-end=\"814\">\u00bfPor qu\u00e9 pasar de SC a FC con construcci\u00f3n blindada?<\/strong><\/h3>\n<p data-start=\"816\" data-end=\"1074\">Los conectores SC se utilizan ampliamente en <strong data-start=\"849\" data-end=\"900\">ODF, paneles de conexi\u00f3n y cajas de distribuci\u00f3n FTTH<\/strong>, mientras que <strong data-start=\"908\" data-end=\"925\">Conectores FC<\/strong> permanecer como el <strong data-start=\"937\" data-end=\"1021\">Interfaz preferida en instrumentos de prueba \u00f3pticos, l\u00e1seres y equipos de telecomunicaciones heredados.<\/strong> debido a su <strong data-start=\"1039\" data-end=\"1073\">alineaci\u00f3n de precisi\u00f3n con tornillo de bloqueo<\/strong>.<\/p>\n<p data-start=\"1076\" data-end=\"1113\">Este puente blindado SC-FC permite:<\/p>\n<ul data-start=\"1114\" data-end=\"1253\">\n<li data-start=\"1114\" data-end=\"1152\">\n<p data-start=\"1116\" data-end=\"1152\"><strong data-start=\"1116\" data-end=\"1152\">Precisi\u00f3n de se\u00f1al estable de grado de laboratorio<\/strong><\/p>\n<\/li>\n<li data-start=\"1153\" data-end=\"1197\">\n<p data-start=\"1155\" data-end=\"1197\"><strong data-start=\"1155\" data-end=\"1197\">Conexiones seguras y resistentes a las vibraciones<\/strong><\/p>\n<\/li>\n<li data-start=\"1198\" data-end=\"1253\">\n<p data-start=\"1200\" data-end=\"1253\"><strong data-start=\"1200\" data-end=\"1253\">Conexi\u00f3n directa entre sistemas de fibra \u00f3ptica modernos y antiguos.<\/strong><\/p>\n<\/li>\n<\/ul>\n<p data-start=\"1255\" data-end=\"1369\">En <strong data-start=\"1259\" data-end=\"1283\">cable blindado con metal<\/strong> a\u00f1ade protecci\u00f3n contra <strong data-start=\"1308\" data-end=\"1368\">aplastamiento, roedores, tensi\u00f3n por tracci\u00f3n y da\u00f1os accidentales.<\/strong>.<\/p>\n<hr data-start=\"1371\" data-end=\"1374\" \/>\n<h3 data-start=\"1376\" data-end=\"1408\"><strong data-start=\"1380\" data-end=\"1408\">Especificaciones t\u00e9cnicas<\/strong><\/h3>\n<div class=\"TyagGW_tableContainer\">\n<div class=\"group TyagGW_tableWrapper flex flex-col-reverse w-fit\" tabindex=\"-1\">\n<table class=\"w-fit min-w-(--thread-content-width)\" data-start=\"1410\" data-end=\"1884\">\n<thead data-start=\"1410\" data-end=\"1448\">\n<tr data-start=\"1410\" data-end=\"1448\">\n<th class=\"\" data-start=\"1410\" data-end=\"1422\" data-col-size=\"sm\">Par\u00e1metro<\/th>\n<th class=\"\" data-start=\"1422\" data-end=\"1448\" data-col-size=\"sm\">SC\/UPC\u2013FC\/UPC Blindado<\/th>\n<\/tr>\n<\/thead>\n<tbody data-start=\"1477\" data-end=\"1884\">\n<tr data-start=\"1477\" data-end=\"1518\">\n<td data-start=\"1477\" data-end=\"1490\" data-col-size=\"sm\">Tipo de fibra<\/td>\n<td data-start=\"1490\" data-end=\"1518\" data-col-size=\"sm\">OS2 monomodo 9\/125 \u03bcm<\/td>\n<\/tr>\n<tr data-start=\"1519\" data-end=\"1545\">\n<td data-start=\"1519\" data-end=\"1533\" data-col-size=\"sm\">Conector A<\/td>\n<td data-start=\"1533\" data-end=\"1545\" data-col-size=\"sm\">SC \/ UPC<\/td>\n<\/tr>\n<tr data-start=\"1546\" data-end=\"1572\">\n<td data-start=\"1546\" data-end=\"1560\" data-col-size=\"sm\">Conector B<\/td>\n<td data-start=\"1560\" data-end=\"1572\" data-col-size=\"sm\">FC \/ UPC<\/td>\n<\/tr>\n<tr data-start=\"1573\" data-end=\"1619\">\n<td data-start=\"1573\" data-end=\"1587\" data-col-size=\"sm\">Tipo de polaco<\/td>\n<td data-start=\"1587\" data-end=\"1619\" data-col-size=\"sm\">UPC (Contacto f\u00edsico ultra)<\/td>\n<\/tr>\n<tr data-start=\"1620\" data-end=\"1656\">\n<td data-start=\"1620\" data-end=\"1638\" data-col-size=\"sm\">Estructura del cable<\/td>\n<td data-start=\"1638\" data-end=\"1656\" data-col-size=\"sm\">Blindado con metal<\/td>\n<\/tr>\n<tr data-start=\"1657\" data-end=\"1701\">\n<td data-start=\"1657\" data-end=\"1680\" data-col-size=\"sm\">Longitud de onda operativa<\/td>\n<td data-start=\"1680\" data-end=\"1701\" data-col-size=\"sm\">1310 nm \/ 1550 nm<\/td>\n<\/tr>\n<tr data-start=\"1702\" data-end=\"1732\">\n<td data-start=\"1702\" data-end=\"1719\" data-col-size=\"sm\">P\u00e9rdida de inserci\u00f3n<\/td>\n<td data-start=\"1719\" data-end=\"1732\" data-col-size=\"sm\">\u2264 0,30 dB<\/td>\n<\/tr>\n<tr data-start=\"1733\" data-end=\"1758\">\n<td data-start=\"1733\" data-end=\"1747\" data-col-size=\"sm\">P\u00e9rdida de retorno<\/td>\n<td data-start=\"1747\" data-end=\"1758\" data-col-size=\"sm\">\u2265 50 dB<\/td>\n<\/tr>\n<tr data-start=\"1759\" data-end=\"1804\">\n<td data-start=\"1759\" data-end=\"1778\" data-col-size=\"sm\">Resistencia a la tracci\u00f3n<\/td>\n<td data-start=\"1778\" data-end=\"1804\" data-col-size=\"sm\">Alto (dise\u00f1o blindado)<\/td>\n<\/tr>\n<tr data-start=\"1805\" data-end=\"1841\">\n<td data-start=\"1805\" data-end=\"1822\" data-col-size=\"sm\">Opciones de chamarra<\/td>\n<td data-start=\"1822\" data-end=\"1841\" data-col-size=\"sm\">LSZH \/ PE \/ PVC<\/td>\n<\/tr>\n<tr data-start=\"1842\" data-end=\"1884\">\n<td data-start=\"1842\" data-end=\"1855\" data-col-size=\"sm\">Conformidad<\/td>\n<td data-start=\"1855\" data-end=\"1884\" data-col-size=\"sm\">IEC, TIA-568, RoHS, REACH<\/td>\n<\/tr>\n<\/tbody>\n<\/table>\n<\/div>\n<\/div>\n<hr data-start=\"1886\" data-end=\"1889\" \/>\n<h3 data-start=\"1891\" data-end=\"1923\"><strong data-start=\"1895\" data-end=\"1923\">D\u00f3nde se utiliza este cable<\/strong><\/h3>\n<ul data-start=\"1925\" data-end=\"2079\">\n<li data-start=\"1925\" data-end=\"1954\">\n<p data-start=\"1927\" data-end=\"1954\"><strong data-start=\"1927\" data-end=\"1954\">Oficinas centrales de telecomunicaciones<\/strong><\/p>\n<\/li>\n<li data-start=\"1955\" data-end=\"1993\">\n<p data-start=\"1957\" data-end=\"1993\"><strong data-start=\"1957\" data-end=\"1993\">Sistemas de prueba y medici\u00f3n de fibra<\/strong><\/p>\n<\/li>\n<li data-start=\"1994\" data-end=\"2013\">\n<p data-start=\"1996\" data-end=\"2013\"><strong data-start=\"1996\" data-end=\"2013\">Cabeceras de CATV<\/strong><\/p>\n<\/li>\n<li data-start=\"2014\" data-end=\"2046\">\n<p data-start=\"2016\" data-end=\"2046\"><strong data-start=\"2016\" data-end=\"2046\">Puesta en marcha de la red FTTH<\/strong><\/p>\n<\/li>\n<li data-start=\"2047\" data-end=\"2079\">\n<p data-start=\"2049\" data-end=\"2079\"><strong data-start=\"2049\" data-end=\"2079\">Equipos industriales de fibra<\/strong><\/p>\n<\/li>\n<\/ul>\n<p data-start=\"2081\" data-end=\"2218\">Es ampliamente utilizado por:<br \/>\n<strong data-start=\"2106\" data-end=\"2217\">integradores de sistemas, contratistas de telecomunicaciones, distribuidores, socios OEM, exportadores y mayoristas de fibra \u00f3ptica.<\/strong>.<\/p>\n<hr data-start=\"2220\" data-end=\"2223\" \/>\n<h3 data-start=\"2225\" data-end=\"2268\"><strong data-start=\"2229\" data-end=\"2268\">Dise\u00f1ado para la adquisici\u00f3n a nivel de proyecto<\/strong><\/h3>\n<p data-start=\"2270\" data-end=\"2281\">Apoyamos:<\/p>\n<ul data-start=\"2282\" data-end=\"2451\">\n<li data-start=\"2282\" data-end=\"2318\">\n<p data-start=\"2284\" data-end=\"2318\"><strong data-start=\"2284\" data-end=\"2318\">Pedidos al por mayor y suministro a largo plazo<\/strong><\/p>\n<\/li>\n<li data-start=\"2319\" data-end=\"2343\">\n<p data-start=\"2321\" data-end=\"2343\"><strong data-start=\"2321\" data-end=\"2343\">Cantidad m\u00ednima de pedido baja y flexible<\/strong><\/p>\n<\/li>\n<li data-start=\"2344\" data-end=\"2373\">\n<p data-start=\"2346\" data-end=\"2373\"><strong data-start=\"2346\" data-end=\"2373\">Personalizaci\u00f3n OEM\/ODM<\/strong><\/p>\n<\/li>\n<li data-start=\"2374\" data-end=\"2422\">\n<p data-start=\"2376\" data-end=\"2422\"><strong data-start=\"2376\" data-end=\"2422\">Longitudes personalizadas, tipos de cubierta y etiquetado<\/strong><\/p>\n<\/li>\n<li data-start=\"2423\" data-end=\"2451\">\n<p data-start=\"2425\" data-end=\"2451\"><strong data-start=\"2425\" data-end=\"2451\">Precios directos de f\u00e1brica<\/strong><\/p>\n<\/li>\n<\/ul>\n<p data-start=\"2453\" data-end=\"2588\">Esto hace que el cable de conexi\u00f3n blindado SC\/UPC\u2013FC\/UPC sea ideal para <strong data-start=\"2512\" data-end=\"2587\">despliegue de redes, contratos de mantenimiento y programas de abastecimiento global<\/strong>.<\/p>\n<hr data-start=\"2590\" data-end=\"2593\" \/>\n<h2 data-start=\"2595\" data-end=\"2618\"><strong data-start=\"2598\" data-end=\"2618\">Preguntas frecuentes profesionales<\/strong><\/h2>\n<p data-start=\"2620\" data-end=\"2776\"><strong data-start=\"2620\" data-end=\"2671\">P1: \u00bfPor qu\u00e9 utilizar FC en lugar de LC o SC en un lado?<\/strong><br data-start=\"2671\" data-end=\"2674\" \/>FC proporciona <strong data-start=\"2686\" data-end=\"2734\">Estabilidad y alineaci\u00f3n precisa con cierre de tornillo<\/strong>, ideal para <strong data-start=\"2746\" data-end=\"2775\">equipos de prueba y l\u00e1seres<\/strong>.<\/p>\n<p data-start=\"2778\" data-end=\"2942\"><strong data-start=\"2778\" data-end=\"2823\">P2: \u00bfEs UPC adecuado para telecomunicaciones y FTTH?<\/strong><br data-start=\"2823\" data-end=\"2826\" \/>S\u00ed. UPC ofrece <strong data-start=\"2842\" data-end=\"2885\">Baja p\u00e9rdida de inserci\u00f3n y buena p\u00e9rdida de retorno.<\/strong>, lo que hace que se utilice ampliamente en <strong data-start=\"2912\" data-end=\"2941\">telecomunicaciones y redes de datos<\/strong>.<\/p>\n<p data-start=\"2944\" data-end=\"3060\"><strong data-start=\"2944\" data-end=\"2994\">P3: \u00bfEl blindaje afecta al rendimiento \u00f3ptico?<\/strong><br data-start=\"2994\" data-end=\"2997\" \/>No. Solo mejora. <strong data-start=\"3018\" data-end=\"3041\">resistencia mec\u00e1nica<\/strong>, no p\u00e9rdida \u00f3ptica.<\/p>","protected":false},"excerpt":{"rendered":"<p data-start=\"66\" data-end=\"339\">En <strong data-start=\"70\" data-end=\"107\">Cable de conexi\u00f3n blindado SC\/UPC\u2013FC\/UPC<\/strong> es un <strong data-start=\"113\" data-end=\"158\">puente \u00f3ptico monomodo de alta estabilidad<\/strong> dise\u00f1ado para <strong data-start=\"174\" data-end=\"255\">centrales de telecomunicaciones, sistemas de prueba, cabeceras de CATV y redes industriales de fibra \u00f3ptica.<\/strong> d\u00f3nde <strong data-start=\"262\" data-end=\"323\">Cierre seguro del conector y protecci\u00f3n mec\u00e1nica resistente.<\/strong> son necesarios.<\/p>\n<p data-start=\"341\" data-end=\"589\">Combina un <strong data-start=\"355\" data-end=\"385\">conector SC\/UPC push-pull<\/strong> con un <strong data-start=\"393\" data-end=\"422\">conector FC\/UPC roscado<\/strong>, lo que brinda a los instaladores la flexibilidad de conectar <strong data-start=\"466\" data-end=\"527\">modernos marcos de distribuci\u00f3n para equipos \u00f3pticos de precisi\u00f3n<\/strong>\u2014todo ello protegido por un <strong data-start=\"547\" data-end=\"588\">estructura de cable blindada de metal resistente<\/strong>.<\/p>\n<p data-start=\"591\" data-end=\"760\">Como <strong data-start=\"596\" data-end=\"666\">Fabricante de fibra \u00f3ptica, exportador mayorista y proveedor OEM\/ODM.<\/strong>, ofrecemos <strong data-start=\"679\" data-end=\"741\">suministro a granel, etiquetado privado y apoyo en el abastecimiento global<\/strong> para clientes B2B.<\/p>","protected":false},"featured_media":720,"comment_status":"open","ping_status":"closed","template":"","meta":[],"product_brand":[],"product_cat":[44],"product_tag":[],"class_list":{"0":"post-719","1":"product","2":"type-product","3":"status-publish","4":"has-post-thumbnail","6":"product_cat-multimode-fiber-optic-patch-cord","8":"first","9":"instock","10":"shipping-taxable","11":"product-type-simple"},"_links":{"self":[{"href":"https:\/\/www.fenxifiber.com\/es\/wp-json\/wp\/v2\/product\/719","targetHints":{"allow":["GET"]}}],"collection":[{"href":"https:\/\/www.fenxifiber.com\/es\/wp-json\/wp\/v2\/product"}],"about":[{"href":"https:\/\/www.fenxifiber.com\/es\/wp-json\/wp\/v2\/types\/product"}],"replies":[{"embeddable":true,"href":"https:\/\/www.fenxifiber.com\/es\/wp-json\/wp\/v2\/comments?post=719"}],"wp:featuredmedia":[{"embeddable":true,"href":"https:\/\/www.fenxifiber.com\/es\/wp-json\/wp\/v2\/media\/720"}],"wp:attachment":[{"href":"https:\/\/www.fenxifiber.com\/es\/wp-json\/wp\/v2\/media?parent=719"}],"wp:term":[{"taxonomy":"product_brand","embeddable":true,"href":"https:\/\/www.fenxifiber.com\/es\/wp-json\/wp\/v2\/product_brand?post=719"},{"taxonomy":"product_cat","embeddable":true,"href":"https:\/\/www.fenxifiber.com\/es\/wp-json\/wp\/v2\/product_cat?post=719"},{"taxonomy":"product_tag","embeddable":true,"href":"https:\/\/www.fenxifiber.com\/es\/wp-json\/wp\/v2\/product_tag?post=719"}],"curies":[{"name":"wp","href":"https:\/\/api.w.org\/{rel}","templated":true}]}}