{"id":723,"date":"2026-02-03T07:40:28","date_gmt":"2026-02-03T07:40:28","guid":{"rendered":"https:\/\/www.fenxifiber.com\/?post_type=product&#038;p=723"},"modified":"2026-02-04T01:42:24","modified_gmt":"2026-02-04T01:42:24","slug":"sc-upc-sc-upc-blindado","status":"publish","type":"product","link":"https:\/\/www.fenxifiber.com\/es\/product\/sc-upc-sc-upc-armoured\/","title":{"rendered":"Cable de conexi\u00f3n de fibra \u00f3ptica monomodo blindado SC\/UPC\u2013SC\/UPC"},"content":{"rendered":"<h3 data-start=\"745\" data-end=\"797\"><strong data-start=\"749\" data-end=\"797\">\u00bfPor qu\u00e9 elegir SC\/UPC con construcci\u00f3n blindada?<\/strong><\/h3>\n<p data-start=\"799\" data-end=\"1027\">Los conectores SC son los <strong data-start=\"821\" data-end=\"897\">Interfaz est\u00e1ndar para ODF, paneles de conexi\u00f3n, cajas FTTH y bastidores de telecomunicaciones.<\/strong>.<br data-start=\"898\" data-end=\"901\" \/>En <strong data-start=\"905\" data-end=\"919\">Esmalte UPC<\/strong> asegura <strong data-start=\"928\" data-end=\"971\">baja p\u00e9rdida de inserci\u00f3n y alta p\u00e9rdida de retorno<\/strong>, lo que lo hace ideal para <strong data-start=\"993\" data-end=\"1026\">telecomunicaciones y transmisi\u00f3n de datos<\/strong>.<\/p>\n<p data-start=\"1029\" data-end=\"1105\">En <strong data-start=\"1033\" data-end=\"1057\">cable blindado<\/strong> permite que este puente se enrute de forma segura a trav\u00e9s de:<\/p>\n<ul data-start=\"1106\" data-end=\"1191\">\n<li data-start=\"1106\" data-end=\"1121\">\n<p data-start=\"1108\" data-end=\"1121\">Conductos de piso<\/p>\n<\/li>\n<li data-start=\"1122\" data-end=\"1137\">\n<p data-start=\"1124\" data-end=\"1137\">Bandejas portacables<\/p>\n<\/li>\n<li data-start=\"1138\" data-end=\"1158\">\n<p data-start=\"1140\" data-end=\"1158\">Armarios para exteriores<\/p>\n<\/li>\n<li data-start=\"1159\" data-end=\"1191\">\n<p data-start=\"1161\" data-end=\"1191\">Salas de equipos con mucho tr\u00e1fico<\/p>\n<\/li>\n<\/ul>\n<p data-start=\"1193\" data-end=\"1224\">sin riesgo de rotura de las fibras.<\/p>\n<hr data-start=\"1226\" data-end=\"1229\" \/>\n<h3 data-start=\"1231\" data-end=\"1263\"><strong data-start=\"1235\" data-end=\"1263\">Especificaciones t\u00e9cnicas<\/strong><\/h3>\n<div class=\"TyagGW_tableContainer\">\n<div class=\"group TyagGW_tableWrapper flex flex-col-reverse w-fit\" tabindex=\"-1\">\n<table class=\"w-fit min-w-(--thread-content-width)\" data-start=\"1265\" data-end=\"1680\">\n<thead data-start=\"1265\" data-end=\"1303\">\n<tr data-start=\"1265\" data-end=\"1303\">\n<th class=\"\" data-start=\"1265\" data-end=\"1277\" data-col-size=\"sm\">Par\u00e1metro<\/th>\n<th class=\"\" data-start=\"1277\" data-end=\"1303\" data-col-size=\"sm\">SC\/UPC\u2013SC\/UPC Blindado<\/th>\n<\/tr>\n<\/thead>\n<tbody data-start=\"1332\" data-end=\"1680\">\n<tr data-start=\"1332\" data-end=\"1373\">\n<td data-start=\"1332\" data-end=\"1345\" data-col-size=\"sm\">Tipo de fibra<\/td>\n<td data-start=\"1345\" data-end=\"1373\" data-col-size=\"sm\">OS2 monomodo 9\/125 \u03bcm<\/td>\n<\/tr>\n<tr data-start=\"1374\" data-end=\"1415\">\n<td data-start=\"1374\" data-end=\"1391\" data-col-size=\"sm\">Tipo de conector<\/td>\n<td data-start=\"1391\" data-end=\"1415\" data-col-size=\"sm\">SC\/UPC a SC\/UPC<\/td>\n<\/tr>\n<tr data-start=\"1416\" data-end=\"1452\">\n<td data-start=\"1416\" data-end=\"1434\" data-col-size=\"sm\">Estructura del cable<\/td>\n<td data-start=\"1434\" data-end=\"1452\" data-col-size=\"sm\">Blindado con metal<\/td>\n<\/tr>\n<tr data-start=\"1453\" data-end=\"1497\">\n<td data-start=\"1453\" data-end=\"1476\" data-col-size=\"sm\">Longitud de onda operativa<\/td>\n<td data-start=\"1476\" data-end=\"1497\" data-col-size=\"sm\">1310 nm \/ 1550 nm<\/td>\n<\/tr>\n<tr data-start=\"1498\" data-end=\"1528\">\n<td data-start=\"1498\" data-end=\"1515\" data-col-size=\"sm\">P\u00e9rdida de inserci\u00f3n<\/td>\n<td data-start=\"1515\" data-end=\"1528\" data-col-size=\"sm\">\u2264 0,30 dB<\/td>\n<\/tr>\n<tr data-start=\"1529\" data-end=\"1554\">\n<td data-start=\"1529\" data-end=\"1543\" data-col-size=\"sm\">P\u00e9rdida de retorno<\/td>\n<td data-start=\"1543\" data-end=\"1554\" data-col-size=\"sm\">\u2265 50 dB<\/td>\n<\/tr>\n<tr data-start=\"1555\" data-end=\"1600\">\n<td data-start=\"1555\" data-end=\"1574\" data-col-size=\"sm\">Resistencia a la tracci\u00f3n<\/td>\n<td data-start=\"1574\" data-end=\"1600\" data-col-size=\"sm\">Alto (dise\u00f1o blindado)<\/td>\n<\/tr>\n<tr data-start=\"1601\" data-end=\"1637\">\n<td data-start=\"1601\" data-end=\"1618\" data-col-size=\"sm\">Opciones de chamarra<\/td>\n<td data-start=\"1618\" data-end=\"1637\" data-col-size=\"sm\">LSZH \/ PE \/ PVC<\/td>\n<\/tr>\n<tr data-start=\"1638\" data-end=\"1680\">\n<td data-start=\"1638\" data-end=\"1651\" data-col-size=\"sm\">Conformidad<\/td>\n<td data-start=\"1651\" data-end=\"1680\" data-col-size=\"sm\">IEC, TIA-568, RoHS, REACH<\/td>\n<\/tr>\n<\/tbody>\n<\/table>\n<\/div>\n<\/div>\n<hr data-start=\"1682\" data-end=\"1685\" \/>\n<h3 data-start=\"1687\" data-end=\"1707\"><strong data-start=\"1691\" data-end=\"1707\">Solicitudes<\/strong><\/h3>\n<ul data-start=\"1709\" data-end=\"1861\">\n<li data-start=\"1709\" data-end=\"1735\">\n<p data-start=\"1711\" data-end=\"1735\"><strong data-start=\"1711\" data-end=\"1735\">Redes FTTH y FTTx<\/strong><\/p>\n<\/li>\n<li data-start=\"1736\" data-end=\"1765\">\n<p data-start=\"1738\" data-end=\"1765\"><strong data-start=\"1738\" data-end=\"1765\">Marcos de intercambio de telecomunicaciones<\/strong><\/p>\n<\/li>\n<li data-start=\"1766\" data-end=\"1799\">\n<p data-start=\"1768\" data-end=\"1799\"><strong data-start=\"1768\" data-end=\"1799\">Armarios de distribuci\u00f3n de fibra<\/strong><\/p>\n<\/li>\n<li data-start=\"1800\" data-end=\"1832\">\n<p data-start=\"1802\" data-end=\"1832\"><strong data-start=\"1802\" data-end=\"1832\">Conexiones cruzadas del centro de datos<\/strong><\/p>\n<\/li>\n<li data-start=\"1833\" data-end=\"1861\">\n<p data-start=\"1835\" data-end=\"1861\"><strong data-start=\"1835\" data-end=\"1861\">Enlaces de fibra industrial<\/strong><\/p>\n<\/li>\n<\/ul>\n<p data-start=\"1863\" data-end=\"1995\">Este modelo es ampliamente utilizado por:<br \/>\n<strong data-start=\"1896\" data-end=\"1994\">operadores de telecomunicaciones, integradores de redes, distribuidores, mayoristas, socios OEM y exportadores.<\/strong>.<\/p>\n<hr data-start=\"1997\" data-end=\"2000\" \/>\n<h3 data-start=\"2002\" data-end=\"2049\"><strong data-start=\"2006\" data-end=\"2049\">Dise\u00f1ado para la venta al por mayor y el suministro de proyectos.<\/strong><\/h3>\n<p data-start=\"2051\" data-end=\"2060\">Ofrecemos:<\/p>\n<ul data-start=\"2061\" data-end=\"2211\">\n<li data-start=\"2061\" data-end=\"2085\">\n<p data-start=\"2063\" data-end=\"2085\"><strong data-start=\"2063\" data-end=\"2085\">Precios para pedidos al por mayor<\/strong><\/p>\n<\/li>\n<li data-start=\"2086\" data-end=\"2104\">\n<p data-start=\"2088\" data-end=\"2104\"><strong data-start=\"2088\" data-end=\"2104\">Cantidad m\u00ednima de pedido flexible<\/strong><\/p>\n<\/li>\n<li data-start=\"2105\" data-end=\"2131\">\n<p data-start=\"2107\" data-end=\"2131\"><strong data-start=\"2107\" data-end=\"2131\">Producci\u00f3n OEM\/ODM<\/strong><\/p>\n<\/li>\n<li data-start=\"2132\" data-end=\"2173\">\n<p data-start=\"2134\" data-end=\"2173\"><strong data-start=\"2134\" data-end=\"2173\">Etiquetado privado y empaque personalizado<\/strong><\/p>\n<\/li>\n<li data-start=\"2174\" data-end=\"2211\">\n<p data-start=\"2176\" data-end=\"2211\"><strong data-start=\"2176\" data-end=\"2211\">Suministro estable a largo plazo desde la f\u00e1brica.<\/strong><\/p>\n<\/li>\n<\/ul>\n<p data-start=\"2213\" data-end=\"2364\">Esto hace que el cable de conexi\u00f3n blindado SC\/UPC\u2013SC\/UPC sea ideal para <strong data-start=\"2272\" data-end=\"2363\">proyectos de implementaci\u00f3n de redes, contratos de mantenimiento y programas de abastecimiento internacional.<\/strong>.<\/p>","protected":false},"excerpt":{"rendered":"<p data-start=\"66\" data-end=\"324\">En <strong data-start=\"70\" data-end=\"107\">Cable de conexi\u00f3n blindado SC\/UPC\u2013SC\/UPC<\/strong> es un <strong data-start=\"113\" data-end=\"154\">puente \u00f3ptico monomodo de alta resistencia<\/strong> dise\u00f1ado para <strong data-start=\"170\" data-end=\"251\">salas de telecomunicaciones, distribuci\u00f3n FTTH, centros de datos y redes industriales de fibra \u00f3ptica.<\/strong> donde ambos <strong data-start=\"263\" data-end=\"310\">precisi\u00f3n \u00f3ptica y protecci\u00f3n mec\u00e1nica<\/strong> son necesarios.<\/p>\n<p data-start=\"326\" data-end=\"553\">Al combinar <strong data-start=\"339\" data-end=\"364\">dos conectores SC\/UPC<\/strong> con un <strong data-start=\"372\" data-end=\"406\">estructura de cable con blindaje met\u00e1lico<\/strong>, este modelo ofrece <strong data-start=\"428\" data-end=\"458\">rendimiento \u00f3ptico estable<\/strong> mientras protege la fibra de <strong data-start=\"491\" data-end=\"552\">aplastamiento, flexi\u00f3n, da\u00f1os causados por roedores y tensi\u00f3n durante la instalaci\u00f3n.<\/strong>.<\/p>\n<p data-start=\"555\" data-end=\"738\">Como <strong data-start=\"560\" data-end=\"645\">Fabricante directo de fibra \u00f3ptica, exportador mayorista y proveedor OEM\/ODM.<\/strong>, apoyamos <strong data-start=\"658\" data-end=\"737\">pedidos a granel, distribuidores, integradores de sistemas y socios de abastecimiento global<\/strong>.<\/p>","protected":false},"featured_media":725,"comment_status":"open","ping_status":"closed","template":"","meta":[],"product_brand":[],"product_cat":[44],"product_tag":[],"class_list":{"0":"post-723","1":"product","2":"type-product","3":"status-publish","4":"has-post-thumbnail","6":"product_cat-multimode-fiber-optic-patch-cord","8":"first","9":"instock","10":"shipping-taxable","11":"product-type-simple"},"_links":{"self":[{"href":"https:\/\/www.fenxifiber.com\/es\/wp-json\/wp\/v2\/product\/723","targetHints":{"allow":["GET"]}}],"collection":[{"href":"https:\/\/www.fenxifiber.com\/es\/wp-json\/wp\/v2\/product"}],"about":[{"href":"https:\/\/www.fenxifiber.com\/es\/wp-json\/wp\/v2\/types\/product"}],"replies":[{"embeddable":true,"href":"https:\/\/www.fenxifiber.com\/es\/wp-json\/wp\/v2\/comments?post=723"}],"wp:featuredmedia":[{"embeddable":true,"href":"https:\/\/www.fenxifiber.com\/es\/wp-json\/wp\/v2\/media\/725"}],"wp:attachment":[{"href":"https:\/\/www.fenxifiber.com\/es\/wp-json\/wp\/v2\/media?parent=723"}],"wp:term":[{"taxonomy":"product_brand","embeddable":true,"href":"https:\/\/www.fenxifiber.com\/es\/wp-json\/wp\/v2\/product_brand?post=723"},{"taxonomy":"product_cat","embeddable":true,"href":"https:\/\/www.fenxifiber.com\/es\/wp-json\/wp\/v2\/product_cat?post=723"},{"taxonomy":"product_tag","embeddable":true,"href":"https:\/\/www.fenxifiber.com\/es\/wp-json\/wp\/v2\/product_tag?post=723"}],"curies":[{"name":"wp","href":"https:\/\/api.w.org\/{rel}","templated":true}]}}