{"id":730,"date":"2026-02-04T00:41:25","date_gmt":"2026-02-04T00:41:25","guid":{"rendered":"https:\/\/www.fenxifiber.com\/?post_type=product&#038;p=730"},"modified":"2026-02-04T01:49:52","modified_gmt":"2026-02-04T01:49:52","slug":"fc-apc-fc-apc-sm-sx","status":"publish","type":"product","link":"https:\/\/www.fenxifiber.com\/es\/product\/fc-apc-fc-apc-sm-sx\/","title":{"rendered":"Gu\u00eda de cables de conexi\u00f3n de fibra simple FC\/APC a FC\/APC"},"content":{"rendered":"<h3 data-path-to-node=\"5\">\u00bfPor qu\u00e9 elegir el modelo FC\/APC-FC\/APC-SM-SX?<\/h3>\n<p data-path-to-node=\"6\">Este cable espec\u00edfico est\u00e1 dise\u00f1ado para resolver dos de los principales problemas de las redes: <b data-path-to-node=\"6\" data-index-in-node=\"75\">p\u00e9rdida de se\u00f1al inducida por vibraciones<\/b> y <b data-path-to-node=\"6\" data-index-in-node=\"109\">retrorreflexi\u00f3n<\/b>. La carcasa met\u00e1lica roscada del conector FC proporciona un bloqueo mec\u00e1nico seguro, mientras que el pulido en \u00e1ngulo de 8 grados de la f\u00e9rula APC empuja la luz reflejada hacia el revestimiento, manteniendo una p\u00e9rdida de retorno de m\u00e1s de 60 dB.<\/p>\n<hr data-path-to-node=\"7\" \/>\n<h3 data-path-to-node=\"8\">Especificaciones t\u00e9cnicas principales<\/h3>\n<p data-path-to-node=\"9\">Para ayudarle a verificar la compatibilidad con su infraestructura actual, aqu\u00ed tiene las m\u00e9tricas estandarizadas para este puente de nivel profesional:<\/p>\n<table data-path-to-node=\"10\">\n<thead>\n<tr>\n<td><strong>Especificaci\u00f3n<\/strong><\/td>\n<td><strong>Detalles<\/strong><\/td>\n<td><strong>Beneficio<\/strong><\/td>\n<\/tr>\n<\/thead>\n<tbody>\n<tr>\n<td><span data-path-to-node=\"10,1,0,0\"><b data-path-to-node=\"10,1,0,0\" data-index-in-node=\"0\">Modelo<\/b><\/span><\/td>\n<td><span data-path-to-node=\"10,1,1,0\">FC\/APC-FC\/APC-SM-SX<\/span><\/td>\n<td><span data-path-to-node=\"10,1,2,0\">Identificaci\u00f3n est\u00e1ndar de la industria<\/span><\/td>\n<\/tr>\n<tr>\n<td><span data-path-to-node=\"10,2,0,0\"><b data-path-to-node=\"10,2,0,0\" data-index-in-node=\"0\">Tipo de fibra<\/b><\/span><\/td>\n<td><span data-path-to-node=\"10,2,1,0\">Modo \u00fanico (G.652.D\/G.657.A1)<\/span><\/td>\n<td><span data-path-to-node=\"10,2,2,0\">Optimizado para 1310\/1550 nm<\/span><\/td>\n<\/tr>\n<tr>\n<td><span data-path-to-node=\"10,3,0,0\"><b data-path-to-node=\"10,3,0,0\" data-index-in-node=\"0\">P\u00e9rdida de inserci\u00f3n<\/b><\/span><\/td>\n<td><span data-path-to-node=\"10,3,1,0\"><span class=\"math-inline\" data-math=\"\\leq 0.3 \\text{ dB}\" data-index-in-node=\"0\">$ \u2264 0,3 dB $<\/span><\/span><\/td>\n<td><span data-path-to-node=\"10,3,2,0\">Transmisi\u00f3n de luz de alta eficiencia<\/span><\/td>\n<\/tr>\n<tr>\n<td><span data-path-to-node=\"10,4,0,0\"><b data-path-to-node=\"10,4,0,0\" data-index-in-node=\"0\">P\u00e9rdida de retorno<\/b><\/span><\/td>\n<td><span data-path-to-node=\"10,4,1,0\"><span class=\"math-inline\" data-math=\"\\geq 60 \\text{ dB}\" data-index-in-node=\"0\">$\\geq 60 dB$<\/span><\/span><\/td>\n<td><span data-path-to-node=\"10,4,2,0\">Evita da\u00f1os por l\u00e1ser\/ruido de se\u00f1al.<\/span><\/td>\n<\/tr>\n<tr>\n<td><span data-path-to-node=\"10,5,0,0\"><b data-path-to-node=\"10,5,0,0\" data-index-in-node=\"0\">Material de la chaqueta<\/b><\/span><\/td>\n<td><span data-path-to-node=\"10,5,1,0\">LSZH (amarillo)<\/span><\/td>\n<td><span data-path-to-node=\"10,5,2,0\">Resistente al fuego, baja emisi\u00f3n de humo, sin hal\u00f3genos<\/span><\/td>\n<\/tr>\n<tr>\n<td><span data-path-to-node=\"10,6,0,0\"><b data-path-to-node=\"10,6,0,0\" data-index-in-node=\"0\">Durabilidad<\/b><\/span><\/td>\n<td><span data-path-to-node=\"10,6,1,0\"><span class=\"math-inline\" data-math=\"&gt; 1000\" data-index-in-node=\"0\">$&gt; 1000$<\/span> apareamientos<\/span><\/td>\n<td><span data-path-to-node=\"10,6,2,0\">Fiabilidad mec\u00e1nica a largo plazo<\/span><\/td>\n<\/tr>\n<\/tbody>\n<\/table>\n<hr data-path-to-node=\"11\" \/>\n<h3 data-path-to-node=\"12\">Principales ventajas en cuanto al rendimiento<\/h3>\n<ul data-path-to-node=\"13\">\n<li>\n<p data-path-to-node=\"13,0,0\"><b data-path-to-node=\"13,0,0\" data-index-in-node=\"0\">Alineaci\u00f3n precisa de los casquillos:<\/b> Cada cable cuenta con un conector cer\u00e1mico de alta calidad, lo que garantiza que el n\u00facleo de 9 micras se alinee perfectamente en todo momento.<\/p>\n<\/li>\n<li>\n<p data-path-to-node=\"13,1,0\"><b data-path-to-node=\"13,1,0\" data-index-in-node=\"0\">Resiliencia ambiental:<\/b> Con resistencia a altas temperaturas y una cubierta indeformable, estos cables est\u00e1n dise\u00f1ados para las rigurosas condiciones de los centros de datos modernos.<\/p>\n<\/li>\n<li>\n<p data-path-to-node=\"13,2,0\"><b data-path-to-node=\"13,2,0\" data-index-in-node=\"0\">Intervenci\u00f3n manual m\u00ednima:<\/b> Nuestro proceso de producci\u00f3n automatizado reduce los errores humanos, lo que se traduce en una estabilidad constante en implementaciones a gran escala.<\/p>\n<\/li>\n<li>\n<p data-path-to-node=\"13,3,0\"><b data-path-to-node=\"13,3,0\" data-index-in-node=\"0\">Cumplimiento estandarizado:<\/b> Totalmente compatible con las normas Telcordia GR-326-CORE para conectores \u00f3pticos.<\/p>\n<\/li>\n<\/ul>\n<hr data-path-to-node=\"14\" \/>\n<h3 data-path-to-node=\"15\">Preguntas y respuestas de expertos para ingenieros de redes<\/h3>\n<p data-path-to-node=\"16\"><b data-path-to-node=\"16\" data-index-in-node=\"0\">P1: \u00bfPor qu\u00e9 el conector FC sigue siendo popular a pesar del auge de los conectores LC\/SC?<\/b><\/p>\n<p data-path-to-node=\"16\">El dise\u00f1o met\u00e1lico roscado del conector FC es pr\u00e1cticamente inmune a los tirones accidentales o las vibraciones. Sigue siendo el \u201cest\u00e1ndar de oro\u201d para equipos de prueba, entornos de laboratorio y entornos industriales donde la estabilidad f\u00edsica es primordial.<\/p>\n<p data-path-to-node=\"17\"><b data-path-to-node=\"17\" data-index-in-node=\"0\">P2: \u00bfQu\u00e9 sucede si conecto esto a un adaptador FC azul (UPC)?<\/b><\/p>\n<p data-path-to-node=\"17\">Conectar un APC (verde) a un UPC (azul) provocar\u00e1 un gran espacio de aire. Esto causa <b data-path-to-node=\"17\" data-index-in-node=\"151\">alta p\u00e9rdida de inserci\u00f3n<\/b> y pueden rayar f\u00edsicamente los extremos de la fibra. Aseg\u00farese siempre de que sus adaptadores y conectores coincidan por color.<\/p>\n<p data-path-to-node=\"18\"><b data-path-to-node=\"18\" data-index-in-node=\"0\">P3: \u00bfEste cable es adecuado para redes de 40G\/100G?<\/b><\/p>\n<p data-path-to-node=\"18\">S\u00ed. Aunque el conector es \u201cSimplex\u201d, el n\u00facleo de fibra monomodo (OS2) admite f\u00e1cilmente protocolos de gran ancho de banda a largas distancias, siempre que los transceptores est\u00e9n configurados para funcionar con un solo hilo.<\/p>","protected":false},"excerpt":{"rendered":"<p data-path-to-node=\"4\">En las redes de alta precisi\u00f3n, el <b data-path-to-node=\"4\" data-index-in-node=\"34\">FC\/APC a FC\/APC monomodo simplex (SM SX)<\/b> El puente de fibra es la opci\u00f3n definitiva para la estabilidad. Tanto si gestiona un centro de telecomunicaciones como una red de CATV, el conector FC \u201catornillable\u201d combinado con un pulido de contacto f\u00edsico angular (APC) garantiza que su se\u00f1al se mantenga impecable en largas distancias.<\/p>\n<h3 data-path-to-node=\"5\"><\/h3>","protected":false},"featured_media":734,"comment_status":"open","ping_status":"closed","template":"","meta":[],"product_brand":[],"product_cat":[45],"product_tag":[],"class_list":{"0":"post-730","1":"product","2":"type-product","3":"status-publish","4":"has-post-thumbnail","6":"product_cat-single-mode-fiber-optic-patch-cord","8":"first","9":"instock","10":"shipping-taxable","11":"product-type-simple"},"_links":{"self":[{"href":"https:\/\/www.fenxifiber.com\/es\/wp-json\/wp\/v2\/product\/730","targetHints":{"allow":["GET"]}}],"collection":[{"href":"https:\/\/www.fenxifiber.com\/es\/wp-json\/wp\/v2\/product"}],"about":[{"href":"https:\/\/www.fenxifiber.com\/es\/wp-json\/wp\/v2\/types\/product"}],"replies":[{"embeddable":true,"href":"https:\/\/www.fenxifiber.com\/es\/wp-json\/wp\/v2\/comments?post=730"}],"wp:featuredmedia":[{"embeddable":true,"href":"https:\/\/www.fenxifiber.com\/es\/wp-json\/wp\/v2\/media\/734"}],"wp:attachment":[{"href":"https:\/\/www.fenxifiber.com\/es\/wp-json\/wp\/v2\/media?parent=730"}],"wp:term":[{"taxonomy":"product_brand","embeddable":true,"href":"https:\/\/www.fenxifiber.com\/es\/wp-json\/wp\/v2\/product_brand?post=730"},{"taxonomy":"product_cat","embeddable":true,"href":"https:\/\/www.fenxifiber.com\/es\/wp-json\/wp\/v2\/product_cat?post=730"},{"taxonomy":"product_tag","embeddable":true,"href":"https:\/\/www.fenxifiber.com\/es\/wp-json\/wp\/v2\/product_tag?post=730"}],"curies":[{"name":"wp","href":"https:\/\/api.w.org\/{rel}","templated":true}]}}