{"id":742,"date":"2026-02-04T00:53:14","date_gmt":"2026-02-04T00:53:14","guid":{"rendered":"https:\/\/www.fenxifiber.com\/?post_type=product&#038;p=742"},"modified":"2026-02-04T02:06:39","modified_gmt":"2026-02-04T02:06:39","slug":"lc-apc-sc-apc-sm-sx","status":"publish","type":"product","link":"https:\/\/www.fenxifiber.com\/es\/product\/lc-apc-sc-apc-sm-sx\/","title":{"rendered":"Cable de conexi\u00f3n de fibra simplex monomodo LC\/APC a SC\/APC"},"content":{"rendered":"<h3 data-path-to-node=\"5\">La soluci\u00f3n h\u00edbrida: un puente entre LC y SC<\/h3>\n<p data-path-to-node=\"6\">Mientras que el <b data-path-to-node=\"6\" data-index-in-node=\"10\">LC<\/b> El conector es el preferido por su \u201cformato peque\u00f1o\u201d que ahorra espacio en centros de datos de alta densidad, el <b data-path-to-node=\"6\" data-index-in-node=\"109\">SC<\/b> El conector sigue siendo el est\u00e1ndar mundial para FTTH (fibra hasta el hogar) y tomas de pared de telecomunicaciones debido a su mecanismo de bloqueo \u201cpush-pull\u201d f\u00e1cil de usar. Este cable elimina la necesidad de adaptadores que degradan la se\u00f1al, proporcionando una ruta directa y de baja p\u00e9rdida entre los puertos LC y SC.<\/p>\n<hr data-path-to-node=\"7\" \/>\n<h3 data-path-to-node=\"8\">Especificaciones t\u00e9cnicas<\/h3>\n<p data-path-to-node=\"9\">Fabricados seg\u00fan los est\u00e1ndares OS2, estos cables est\u00e1n dise\u00f1ados para ofrecer la m\u00e1xima distancia y la m\u00ednima interferencia de se\u00f1al.<\/p>\n<table data-path-to-node=\"10\">\n<thead>\n<tr>\n<td><strong>Especificaci\u00f3n<\/strong><\/td>\n<td><strong>Detalle t\u00e9cnico<\/strong><\/td>\n<td><strong>Beneficio profesional<\/strong><\/td>\n<\/tr>\n<\/thead>\n<tbody>\n<tr>\n<td><span data-path-to-node=\"10,1,0,0\"><b data-path-to-node=\"10,1,0,0\" data-index-in-node=\"0\">Conector A<\/b><\/span><\/td>\n<td><span data-path-to-node=\"10,1,1,0\">LC\/APC (verde)<\/span><\/td>\n<td><span data-path-to-node=\"10,1,2,0\">Compatible con transceptores SFP\/SFP+<\/span><\/td>\n<\/tr>\n<tr>\n<td><span data-path-to-node=\"10,2,0,0\"><b data-path-to-node=\"10,2,0,0\" data-index-in-node=\"0\">Conector B<\/b><\/span><\/td>\n<td><span data-path-to-node=\"10,2,1,0\">SC\/APC (Verde)<\/span><\/td>\n<td><span data-path-to-node=\"10,2,2,0\">Se adapta a los puertos OLT\/ONT est\u00e1ndar.<\/span><\/td>\n<\/tr>\n<tr>\n<td><span data-path-to-node=\"10,3,0,0\"><b data-path-to-node=\"10,3,0,0\" data-index-in-node=\"0\">N\u00facleo de fibra<\/b><\/span><\/td>\n<td><span data-path-to-node=\"10,3,1,0\">Modo \u00fanico 9\/125 \u03bcm<\/span><\/td>\n<td><span data-path-to-node=\"10,3,2,0\">Optimizado para datos de largo alcance<\/span><\/td>\n<\/tr>\n<tr>\n<td><span data-path-to-node=\"10,4,0,0\"><b data-path-to-node=\"10,4,0,0\" data-index-in-node=\"0\">P\u00e9rdida de inserci\u00f3n<\/b><\/span><\/td>\n<td><span data-path-to-node=\"10,4,1,0\"><span class=\"math-inline\" data-math=\"\\leq 0.3 \\text{ dB}\" data-index-in-node=\"0\">$ \u2264 0,3 dB $<\/span><\/span><\/td>\n<td><span data-path-to-node=\"10,4,2,0\">M\u00ednima p\u00e9rdida de se\u00f1al<\/span><\/td>\n<\/tr>\n<tr>\n<td><span data-path-to-node=\"10,5,0,0\"><b data-path-to-node=\"10,5,0,0\" data-index-in-node=\"0\">P\u00e9rdida de retorno<\/b><\/span><\/td>\n<td><span data-path-to-node=\"10,5,1,0\"><span class=\"math-inline\" data-math=\"\\geq 60 \\text{ dB}\" data-index-in-node=\"0\">$\\geq 60 dB$<\/span><\/span><\/td>\n<td><span data-path-to-node=\"10,5,2,0\">Control de reflexi\u00f3n trasera de alta calidad<\/span><\/td>\n<\/tr>\n<tr>\n<td><span data-path-to-node=\"10,6,0,0\"><b data-path-to-node=\"10,6,0,0\" data-index-in-node=\"0\">Material de la chaqueta<\/b><\/span><\/td>\n<td><span data-path-to-node=\"10,6,1,0\">LSZH (bajo nivel de humo)<\/span><\/td>\n<td><span data-path-to-node=\"10,6,2,0\">Apto para uso residencial y comercial.<\/span><\/td>\n<\/tr>\n<\/tbody>\n<\/table>\n<hr data-path-to-node=\"11\" \/>\n<h3 data-path-to-node=\"12\">Caracter\u00edsticas principales del producto<\/h3>\n<ul data-path-to-node=\"13\">\n<li>\n<p data-path-to-node=\"13,0,0\"><b data-path-to-node=\"13,0,0\" data-index-in-node=\"0\">Compatibilidad universal:<\/b> Perfecto para conectar conmutadores LC de alta densidad a paneles de conexi\u00f3n SC o terminales de red \u00f3ptica (ONT).<\/p>\n<\/li>\n<li>\n<p data-path-to-node=\"13,1,0\"><b data-path-to-node=\"13,1,0\" data-index-in-node=\"0\">Contacto f\u00edsico en \u00e1ngulo (APC):<\/b> Ambos extremos cuentan con un pulido APC verde de 8 grados. Esto es obligatorio para los sistemas de video (CATV) y datos de alta velocidad, a fin de evitar que la reflexi\u00f3n trasera da\u00f1e el l\u00e1ser.<\/p>\n<\/li>\n<li>\n<p data-path-to-node=\"13,2,0\"><b data-path-to-node=\"13,2,0\" data-index-in-node=\"0\">Resistencia a la tracci\u00f3n superior:<\/b> Con una calificaci\u00f3n de <span class=\"math-inline\" data-math=\"\\geq 200\\text{N}\" data-index-in-node=\"44\">$\\geq 200\\text{N}$<\/span>, Estos cables son lo suficientemente resistentes como para soportar el riguroso tendido que se da en los armarios de red abarrotados.<\/p>\n<\/li>\n<li>\n<p data-path-to-node=\"13,3,0\"><b data-path-to-node=\"13,3,0\" data-index-in-node=\"0\">Estabilidad ambiental:<\/b> La cubierta amarilla LSZH es resistente a altas temperaturas y no se deforma, lo que garantiza una vida \u00fatil de m\u00e1s de 15 a\u00f1os en entornos estables.<\/p>\n<\/li>\n<\/ul>\n<hr data-path-to-node=\"14\" \/>\n<h3 data-path-to-node=\"15\">Preguntas y respuestas de expertos: Conocimientos sobre el terreno<\/h3>\n<p data-path-to-node=\"16\"><b data-path-to-node=\"16\" data-index-in-node=\"0\">P1: \u00bfPuedo utilizar este cable para mi conexi\u00f3n a Internet dom\u00e9stica (FTTH)?<\/b><\/p>\n<p data-path-to-node=\"16\"><b data-path-to-node=\"16\" data-index-in-node=\"54\">A:<\/b> S\u00ed, siempre y cuando su equipo utilice puertos APC (verdes). Muchos enrutadores de fibra modernos utilizan SC\/APC, mientras que los m\u00f3dulos \u00f3pticos de los conmutadores de gama alta utilizan LC\/APC. Este es exactamente el cable que necesita para esa conexi\u00f3n \u201cintergeneracional\u201d.<\/p>\n<p data-path-to-node=\"17\"><b data-path-to-node=\"17\" data-index-in-node=\"0\">P2: \u00bfCu\u00e1l es la diferencia entre los conectores LC y SC?<\/b><\/p>\n<p data-path-to-node=\"17\"><b data-path-to-node=\"17\" data-index-in-node=\"57\">A:<\/b> Principalmente el tama\u00f1o. La f\u00e9rula LC es <b data-path-to-node=\"17\" data-index-in-node=\"94\">1,25 mm<\/b>, mientras que la f\u00e9rula SC es <b data-path-to-node=\"17\" data-index-in-node=\"128\">2,5 mm<\/b>. Debido a que LC tiene la mitad del tama\u00f1o, se utiliza para \u201calta densidad\u201d. SC es m\u00e1s grande y robusto, lo que lo convierte en el est\u00e1ndar para las conexiones de fibra \u00f3ptica destinadas al consumidor general.<\/p>\n<p data-path-to-node=\"18\"><b data-path-to-node=\"18\" data-index-in-node=\"0\">P3: \u00bfPor qu\u00e9 se utiliza \u201cSimplex\u201d (SX) en lugar de \u00abDuplex\u00bb?<\/b><\/p>\n<p data-path-to-node=\"18\"><b data-path-to-node=\"18\" data-index-in-node=\"50\">A:<\/b> La fibra simplex (monocable) es el est\u00e1ndar para GPON y muchos sistemas BiDi (bidireccionales) modernos. Estos sistemas transmiten y reciben luz en diferentes longitudes de onda a trav\u00e9s de la misma fibra, lo que hace que el cableado sea m\u00e1s eficiente y rentable.<\/p>\n<p data-path-to-node=\"19\"><b data-path-to-node=\"19\" data-index-in-node=\"0\">P4: \u00bfC\u00f3mo se limpian los extremos LC y SC?<\/b><\/p>\n<p data-path-to-node=\"19\"><b data-path-to-node=\"19\" data-index-in-node=\"39\">A:<\/b> Debido a que tienen diferentes tama\u00f1os de f\u00e9rula (1,25 mm frente a 2,5 mm), necesitar\u00e1 dos limpiadores \u201cOne-Click\u201d diferentes o una toallita universal sin pelusa con alcohol isoprop\u00edlico 99%. La limpieza es el factor #1 para mantener <span class=\"math-inline\" data-math=\"&lt;0.3\\text{dB}\" data-index-in-node=\"254\">$&lt;0.3\\text{dB}$<\/span> p\u00e9rdida.<\/p>","protected":false},"excerpt":{"rendered":"<p data-path-to-node=\"4\"><span class=\"\">En el cambiante mundo de la fibra \u00f3ptica,<\/span><span class=\"\"> La compatibilidad lo es todo.<\/span><span class=\"\"> En <\/span><b class=\"\" data-path-to-node=\"4\" data-index-in-node=\"72\">LC\/APC a SC\/APC Simplex monomodo (SM SX)<\/b><span class=\"\"> El cable de conexi\u00f3n sirve como puente fundamental entre diferentes generaciones de hardware de red.<\/span><span class=\"\"> Tanto si conecta un conmutador moderno de formato peque\u00f1o a una toma de abonado est\u00e1ndar como si integra un nuevo equipo GPON,<\/span><span class=\"\"> Este cable h\u00edbrido garantiza una conexi\u00f3n perfecta,<\/span><span class=\"\"> transici\u00f3n de alto rendimiento.<\/span><\/p>\n<h3 class=\"\" data-path-to-node=\"5\"><\/h3>","protected":false},"featured_media":743,"comment_status":"open","ping_status":"closed","template":"","meta":[],"product_brand":[],"product_cat":[45],"product_tag":[],"class_list":{"0":"post-742","1":"product","2":"type-product","3":"status-publish","4":"has-post-thumbnail","6":"product_cat-single-mode-fiber-optic-patch-cord","8":"first","9":"instock","10":"shipping-taxable","11":"product-type-simple"},"_links":{"self":[{"href":"https:\/\/www.fenxifiber.com\/es\/wp-json\/wp\/v2\/product\/742","targetHints":{"allow":["GET"]}}],"collection":[{"href":"https:\/\/www.fenxifiber.com\/es\/wp-json\/wp\/v2\/product"}],"about":[{"href":"https:\/\/www.fenxifiber.com\/es\/wp-json\/wp\/v2\/types\/product"}],"replies":[{"embeddable":true,"href":"https:\/\/www.fenxifiber.com\/es\/wp-json\/wp\/v2\/comments?post=742"}],"wp:featuredmedia":[{"embeddable":true,"href":"https:\/\/www.fenxifiber.com\/es\/wp-json\/wp\/v2\/media\/743"}],"wp:attachment":[{"href":"https:\/\/www.fenxifiber.com\/es\/wp-json\/wp\/v2\/media?parent=742"}],"wp:term":[{"taxonomy":"product_brand","embeddable":true,"href":"https:\/\/www.fenxifiber.com\/es\/wp-json\/wp\/v2\/product_brand?post=742"},{"taxonomy":"product_cat","embeddable":true,"href":"https:\/\/www.fenxifiber.com\/es\/wp-json\/wp\/v2\/product_cat?post=742"},{"taxonomy":"product_tag","embeddable":true,"href":"https:\/\/www.fenxifiber.com\/es\/wp-json\/wp\/v2\/product_tag?post=742"}],"curies":[{"name":"wp","href":"https:\/\/api.w.org\/{rel}","templated":true}]}}