{"id":748,"date":"2026-02-04T00:58:03","date_gmt":"2026-02-04T00:58:03","guid":{"rendered":"https:\/\/www.fenxifiber.com\/?post_type=product&#038;p=748"},"modified":"2026-02-04T01:42:57","modified_gmt":"2026-02-04T01:42:57","slug":"lc-upc-sc-upc-sm-sx","status":"publish","type":"product","link":"https:\/\/www.fenxifiber.com\/es\/product\/lc-upc-sc-upc-sm-sx\/","title":{"rendered":"Cable de conexi\u00f3n de fibra \u00f3ptica monomodo LC\/UPC\u2013SC\/UPC-SM-SX"},"content":{"rendered":"<h3 data-start=\"656\" data-end=\"708\"><strong data-start=\"660\" data-end=\"708\">\u00bfPor qu\u00e9 sigue habiendo una gran demanda de LC a SC simplex?<\/strong><\/h3>\n<p data-start=\"710\" data-end=\"1041\">Los conmutadores, enrutadores y transceptores \u00f3pticos modernos utilizan <strong data-start=\"765\" data-end=\"777\">Puertos LC<\/strong> para maximizar la densidad de puertos, mientras que <strong data-start=\"810\" data-end=\"827\">Conectores SC<\/strong> seguir siendo est\u00e1ndar en <strong data-start=\"847\" data-end=\"893\">paneles de conexi\u00f3n, cajas FTTH y ODF de telecomunicaciones<\/strong>.<br data-start=\"894\" data-end=\"897\" \/>En <strong data-start=\"901\" data-end=\"925\">Dise\u00f1o simplex LC-SC<\/strong> proporciona un <strong data-start=\"937\" data-end=\"970\">ruta \u00f3ptica directa y de baja p\u00e9rdida<\/strong> sin adaptadores, lo que reduce tanto <strong data-start=\"1003\" data-end=\"1040\">p\u00e9rdida de se\u00f1al y costo de instalaci\u00f3n<\/strong>.<\/p>\n<hr data-start=\"1043\" data-end=\"1046\" \/>\n<h3 data-start=\"1048\" data-end=\"1080\"><strong data-start=\"1052\" data-end=\"1080\">Especificaciones t\u00e9cnicas<\/strong><\/h3>\n<div class=\"TyagGW_tableContainer\">\n<div class=\"group TyagGW_tableWrapper flex flex-col-reverse w-fit\" tabindex=\"-1\">\n<table class=\"w-fit min-w-(--thread-content-width)\" data-start=\"1082\" data-end=\"1464\">\n<thead data-start=\"1082\" data-end=\"1117\">\n<tr data-start=\"1082\" data-end=\"1117\">\n<th class=\"\" data-start=\"1082\" data-end=\"1094\" data-col-size=\"sm\">Par\u00e1metro<\/th>\n<th class=\"\" data-start=\"1094\" data-end=\"1117\" data-col-size=\"sm\">LC\/UPC\u2013SC\/UPC-SM-SX<\/th>\n<\/tr>\n<\/thead>\n<tbody data-start=\"1146\" data-end=\"1464\">\n<tr data-start=\"1146\" data-end=\"1187\">\n<td data-start=\"1146\" data-end=\"1159\" data-col-size=\"sm\">Tipo de fibra<\/td>\n<td data-start=\"1159\" data-end=\"1187\" data-col-size=\"sm\">OS2 monomodo 9\/125 \u03bcm<\/td>\n<\/tr>\n<tr data-start=\"1188\" data-end=\"1234\">\n<td data-start=\"1188\" data-end=\"1204\" data-col-size=\"sm\">Configuraci\u00f3n<\/td>\n<td data-start=\"1204\" data-end=\"1234\" data-col-size=\"sm\">Simplex (SX, fibra \u00fanica)<\/td>\n<\/tr>\n<tr data-start=\"1235\" data-end=\"1261\">\n<td data-start=\"1235\" data-end=\"1249\" data-col-size=\"sm\">Conector A<\/td>\n<td data-start=\"1249\" data-end=\"1261\" data-col-size=\"sm\">LC \/ UPC<\/td>\n<\/tr>\n<tr data-start=\"1262\" data-end=\"1288\">\n<td data-start=\"1262\" data-end=\"1276\" data-col-size=\"sm\">Conector B<\/td>\n<td data-start=\"1276\" data-end=\"1288\" data-col-size=\"sm\">SC \/ UPC<\/td>\n<\/tr>\n<tr data-start=\"1289\" data-end=\"1333\">\n<td data-start=\"1289\" data-end=\"1312\" data-col-size=\"sm\">Longitud de onda operativa<\/td>\n<td data-start=\"1312\" data-end=\"1333\" data-col-size=\"sm\">1310 nm \/ 1550 nm<\/td>\n<\/tr>\n<tr data-start=\"1334\" data-end=\"1364\">\n<td data-start=\"1334\" data-end=\"1351\" data-col-size=\"sm\">P\u00e9rdida de inserci\u00f3n<\/td>\n<td data-start=\"1351\" data-end=\"1364\" data-col-size=\"sm\">\u2264 0,30 dB<\/td>\n<\/tr>\n<tr data-start=\"1365\" data-end=\"1390\">\n<td data-start=\"1365\" data-end=\"1379\" data-col-size=\"sm\">P\u00e9rdida de retorno<\/td>\n<td data-start=\"1379\" data-end=\"1390\" data-col-size=\"sm\">\u2265 50 dB<\/td>\n<\/tr>\n<tr data-start=\"1391\" data-end=\"1422\">\n<td data-start=\"1391\" data-end=\"1408\" data-col-size=\"sm\">Opciones de chamarra<\/td>\n<td data-start=\"1408\" data-end=\"1422\" data-col-size=\"sm\">LSZH \/ PVC<\/td>\n<\/tr>\n<tr data-start=\"1423\" data-end=\"1464\">\n<td data-start=\"1423\" data-end=\"1435\" data-col-size=\"sm\">Normas<\/td>\n<td data-start=\"1435\" data-end=\"1464\" data-col-size=\"sm\">IEC, TIA-568, RoHS, REACH<\/td>\n<\/tr>\n<\/tbody>\n<\/table>\n<\/div>\n<\/div>\n<hr data-start=\"1466\" data-end=\"1469\" \/>\n<h3 data-start=\"1471\" data-end=\"1499\"><strong data-start=\"1475\" data-end=\"1499\">Aplicaciones t\u00edpicas<\/strong><\/h3>\n<ul data-start=\"1501\" data-end=\"1674\">\n<li data-start=\"1501\" data-end=\"1534\">\n<p data-start=\"1503\" data-end=\"1534\"><strong data-start=\"1503\" data-end=\"1534\">Redes de acceso FTTH y FTTx<\/strong><\/p>\n<\/li>\n<li data-start=\"1535\" data-end=\"1568\">\n<p data-start=\"1537\" data-end=\"1568\"><strong data-start=\"1537\" data-end=\"1568\">Cuadros de distribuci\u00f3n de telecomunicaciones<\/strong><\/p>\n<\/li>\n<li data-start=\"1569\" data-end=\"1601\">\n<p data-start=\"1571\" data-end=\"1601\"><strong data-start=\"1571\" data-end=\"1601\">M\u00f3dulos \u00f3pticos SFP \/ SFP+<\/strong><\/p>\n<\/li>\n<li data-start=\"1602\" data-end=\"1643\">\n<p data-start=\"1604\" data-end=\"1643\"><strong data-start=\"1604\" data-end=\"1643\">Tomas de pared de fibra y paneles de conexi\u00f3n<\/strong><\/p>\n<\/li>\n<li data-start=\"1644\" data-end=\"1674\">\n<p data-start=\"1646\" data-end=\"1674\"><strong data-start=\"1646\" data-end=\"1674\">Enlaces de acceso al centro de datos<\/strong><\/p>\n<\/li>\n<\/ul>\n<p data-start=\"1676\" data-end=\"1815\">Este modelo es comprado con frecuencia por:<br \/>\n<strong data-start=\"1715\" data-end=\"1814\">distribuidores de fibra, integradores de sistemas, contratistas de FTTH, f\u00e1bricas OEM y mayoristas de exportaci\u00f3n.<\/strong>.<\/p>\n<hr data-start=\"1817\" data-end=\"1820\" \/>\n<h3 data-start=\"1822\" data-end=\"1869\"><strong data-start=\"1826\" data-end=\"1869\">Optimizado para proyectos de suministro B2B y OEM<\/strong><\/h3>\n<p data-start=\"1871\" data-end=\"1882\">Apoyamos:<\/p>\n<ul data-start=\"1883\" data-end=\"2058\">\n<li data-start=\"1883\" data-end=\"1900\">\n<p data-start=\"1885\" data-end=\"1900\"><strong data-start=\"1885\" data-end=\"1900\">Pedidos al por mayor<\/strong><\/p>\n<\/li>\n<li data-start=\"1901\" data-end=\"1919\">\n<p data-start=\"1903\" data-end=\"1919\"><strong data-start=\"1903\" data-end=\"1919\">Cantidad m\u00ednima de pedido flexible<\/strong><\/p>\n<\/li>\n<li data-start=\"1920\" data-end=\"1949\">\n<p data-start=\"1922\" data-end=\"1949\"><strong data-start=\"1922\" data-end=\"1949\">Fabricaci\u00f3n OEM\/ODM<\/strong><\/p>\n<\/li>\n<li data-start=\"1950\" data-end=\"1984\">\n<p data-start=\"1952\" data-end=\"1984\"><strong data-start=\"1952\" data-end=\"1984\">Etiquetado y envasado privados<\/strong><\/p>\n<\/li>\n<li data-start=\"1985\" data-end=\"2028\">\n<p data-start=\"1987\" data-end=\"2028\"><strong data-start=\"1987\" data-end=\"2028\">Longitudes de cable y tipos de revestimiento personalizados<\/strong><\/p>\n<\/li>\n<li data-start=\"2029\" data-end=\"2058\">\n<p data-start=\"2031\" data-end=\"2058\"><strong data-start=\"2031\" data-end=\"2058\">Suministro estable a largo plazo<\/strong><\/p>\n<\/li>\n<\/ul>\n<p data-start=\"2060\" data-end=\"2161\">Esto hace que LC\/UPC\u2013SC\/UPC-SM-SX sea una opci\u00f3n ideal para <strong data-start=\"2111\" data-end=\"2160\">Adquisici\u00f3n basada en proyectos y abastecimiento global<\/strong>.<\/p>\n<hr data-start=\"2163\" data-end=\"2166\" \/>\n<h2 data-start=\"2168\" data-end=\"2191\"><strong data-start=\"2171\" data-end=\"2191\">Preguntas frecuentes profesionales<\/strong><\/h2>\n<p data-start=\"2193\" data-end=\"2324\"><strong data-start=\"2193\" data-end=\"2233\">P1: \u00bfQu\u00e9 significa SX en este modelo?<\/strong><br data-start=\"2233\" data-end=\"2236\" \/>SX significa <strong data-start=\"2250\" data-end=\"2261\">simplex<\/strong>, lo que significa que el cable tiene <strong data-start=\"2285\" data-end=\"2298\">una fibra<\/strong> en lugar de un par d\u00faplex.<\/p>\n<p data-start=\"2326\" data-end=\"2490\"><strong data-start=\"2326\" data-end=\"2390\">P2: \u00bfEste cable es compatible con redes FTTH y de telecomunicaciones?<\/strong><br data-start=\"2390\" data-end=\"2393\" \/>S\u00ed. Utiliza <strong data-start=\"2406\" data-end=\"2431\">Fibra monomodo OS2<\/strong>, totalmente compatible con <strong data-start=\"2455\" data-end=\"2489\">telecomunicaciones, FTTH y sistemas PON<\/strong>.<\/p>\n<p data-start=\"2492\" data-end=\"2640\"><strong data-start=\"2492\" data-end=\"2542\">P3: \u00bfPor qu\u00e9 utilizar LC en un extremo y SC en el otro?<\/strong><br data-start=\"2542\" data-end=\"2545\" \/>LC se adapta <strong data-start=\"2553\" data-end=\"2582\">transceptores de alta densidad<\/strong>, mientras que SC se conecta a <strong data-start=\"2605\" data-end=\"2639\">ODF est\u00e1ndar y tomas de corriente<\/strong>.<\/p>\n<p data-start=\"2642\" data-end=\"2763\"><strong data-start=\"2642\" data-end=\"2705\">P4: \u00bfSe puede suministrar en empaques OEM o de marca privada?<\/strong><br data-start=\"2705\" data-end=\"2708\" \/>S\u00ed. Ofrecemos <strong data-start=\"2724\" data-end=\"2762\">Marca OEM, ODM y distribuidora<\/strong>.<\/p>\n<p data-start=\"2765\" data-end=\"2917\"><strong data-start=\"2765\" data-end=\"2821\">P5: \u00bfEs adecuado para transmisiones de larga distancia?<\/strong><br data-start=\"2821\" data-end=\"2824\" \/>S\u00ed. La fibra monomodo OS2 es compatible con <strong data-start=\"2860\" data-end=\"2916\">kil\u00f3metros de transmisi\u00f3n con muy baja atenuaci\u00f3n<\/strong>.<\/p>\n<p data-start=\"2919\" data-end=\"3042\"><strong data-start=\"2919\" data-end=\"2957\">P6: \u00bfQui\u00e9n suele comprar este modelo?<\/strong><br data-start=\"2957\" data-end=\"2960\" \/><strong data-start=\"2960\" data-end=\"3041\">Operadores de telecomunicaciones, instaladores de FTTH, integradores de sistemas y mayoristas de fibra \u00f3ptica.<\/strong>.<\/p>","protected":false},"excerpt":{"rendered":"<p data-start=\"63\" data-end=\"466\">En <strong data-start=\"67\" data-end=\"90\">LC\/UPC\u2013SC\/UPC-SM-SX<\/strong> El cable de conexi\u00f3n es un <strong data-start=\"107\" data-end=\"155\">puente monomodo simplex (SX) de fibra \u00fanica<\/strong> dise\u00f1ado para <strong data-start=\"169\" data-end=\"249\">FTTH, bastidores de telecomunicaciones, m\u00f3dulos \u00f3pticos y sistemas compactos de distribuci\u00f3n de fibra.<\/strong>. Combina un <strong data-start=\"265\" data-end=\"298\">conector LC\/UPC de alta densidad<\/strong> en un extremo con un <strong data-start=\"317\" data-end=\"346\">conector SC\/UPC est\u00e1ndar<\/strong> por otro lado, permitiendo una interconexi\u00f3n perfecta entre <strong data-start=\"403\" data-end=\"465\">Equipos basados en SFP y ODF con terminaci\u00f3n SC o tomas de pared.<\/strong>.<\/p>\n<p data-start=\"468\" data-end=\"649\">Esta configuraci\u00f3n es ampliamente utilizada por <strong data-start=\"505\" data-end=\"588\">integradores de sistemas, operadores de telecomunicaciones, mayoristas y fabricantes de fibra \u00f3ptica OEM.<\/strong> para <strong data-start=\"593\" data-end=\"648\">Implementaciones de red rentables y que ahorran espacio.<\/strong>.<\/p>","protected":false},"featured_media":749,"comment_status":"open","ping_status":"closed","template":"","meta":[],"product_brand":[],"product_cat":[44],"product_tag":[],"class_list":{"0":"post-748","1":"product","2":"type-product","3":"status-publish","4":"has-post-thumbnail","6":"product_cat-multimode-fiber-optic-patch-cord","8":"first","9":"instock","10":"shipping-taxable","11":"product-type-simple"},"_links":{"self":[{"href":"https:\/\/www.fenxifiber.com\/es\/wp-json\/wp\/v2\/product\/748","targetHints":{"allow":["GET"]}}],"collection":[{"href":"https:\/\/www.fenxifiber.com\/es\/wp-json\/wp\/v2\/product"}],"about":[{"href":"https:\/\/www.fenxifiber.com\/es\/wp-json\/wp\/v2\/types\/product"}],"replies":[{"embeddable":true,"href":"https:\/\/www.fenxifiber.com\/es\/wp-json\/wp\/v2\/comments?post=748"}],"wp:featuredmedia":[{"embeddable":true,"href":"https:\/\/www.fenxifiber.com\/es\/wp-json\/wp\/v2\/media\/749"}],"wp:attachment":[{"href":"https:\/\/www.fenxifiber.com\/es\/wp-json\/wp\/v2\/media?parent=748"}],"wp:term":[{"taxonomy":"product_brand","embeddable":true,"href":"https:\/\/www.fenxifiber.com\/es\/wp-json\/wp\/v2\/product_brand?post=748"},{"taxonomy":"product_cat","embeddable":true,"href":"https:\/\/www.fenxifiber.com\/es\/wp-json\/wp\/v2\/product_cat?post=748"},{"taxonomy":"product_tag","embeddable":true,"href":"https:\/\/www.fenxifiber.com\/es\/wp-json\/wp\/v2\/product_tag?post=748"}],"curies":[{"name":"wp","href":"https:\/\/api.w.org\/{rel}","templated":true}]}}