{"id":750,"date":"2026-02-04T00:59:49","date_gmt":"2026-02-04T00:59:49","guid":{"rendered":"https:\/\/www.fenxifiber.com\/?post_type=product&#038;p=750"},"modified":"2026-02-04T02:08:32","modified_gmt":"2026-02-04T02:08:32","slug":"lc-apc-sc-upc-sm-sx","status":"publish","type":"product","link":"https:\/\/www.fenxifiber.com\/es\/product\/lc-apc-sc-upc-sm-sx\/","title":{"rendered":"Cable de conexi\u00f3n de fibra simplex monomodo LC\/APC a SC\/UPC"},"content":{"rendered":"<h3 data-path-to-node=\"6\">El desaf\u00edo h\u00edbrido: de APC a UPC<\/h3>\n<p data-path-to-node=\"7\">La raz\u00f3n principal para utilizar este cable espec\u00edfico es la compatibilidad.<\/p>\n<ul data-path-to-node=\"8\">\n<li>\n<p data-path-to-node=\"8,0,0\"><b data-path-to-node=\"8,0,0\" data-index-in-node=\"0\">LC\/APC (verde):<\/b> Normalmente se encuentra en el \u201clado del equipo\u201d, como los m\u00f3dulos SFP modernos o los equipos GPON, donde es necesario minimizar la reflexi\u00f3n trasera.<\/p>\n<\/li>\n<li>\n<p data-path-to-node=\"8,1,0\"><b data-path-to-node=\"8,1,0\" data-index-in-node=\"0\">SC\/UPC (azul):<\/b> A menudo, el est\u00e1ndar \u201cdel lado de la red\u201d para paneles de conexi\u00f3n antiguos, equipos de prueba o convertidores de medios est\u00e1ndar que utilizan un contacto f\u00edsico plano.<\/p>\n<\/li>\n<\/ul>\n<hr data-path-to-node=\"9\" \/>\n<h3 data-path-to-node=\"10\">Rendimiento t\u00e9cnico y datos<\/h3>\n<p data-path-to-node=\"11\">Dado que este cable conecta dos tipos de pulido diferentes, la precisi\u00f3n en el proceso de fabricaci\u00f3n es fundamental para mantener una baja p\u00e9rdida de inserci\u00f3n.<\/p>\n<table data-path-to-node=\"12\">\n<thead>\n<tr>\n<td><strong>Par\u00e1metro<\/strong><\/td>\n<td><strong>Especificaci\u00f3n<\/strong><\/td>\n<td><strong>Por qu\u00e9 es importante<\/strong><\/td>\n<\/tr>\n<\/thead>\n<tbody>\n<tr>\n<td><span data-path-to-node=\"12,1,0,0\"><b data-path-to-node=\"12,1,0,0\" data-index-in-node=\"0\">Conector A<\/b><\/span><\/td>\n<td><span data-path-to-node=\"12,1,1,0\">LC\/APC (\u00e1ngulo de 8\u00b0)<\/span><\/td>\n<td><span data-path-to-node=\"12,1,2,0\">Se adapta a puertos APC de alta densidad.<\/span><\/td>\n<\/tr>\n<tr>\n<td><span data-path-to-node=\"12,2,0,0\"><b data-path-to-node=\"12,2,0,0\" data-index-in-node=\"0\">Conector B<\/b><\/span><\/td>\n<td><span data-path-to-node=\"12,2,1,0\">SC\/UPC (plano\/ultra)<\/span><\/td>\n<td><span data-path-to-node=\"12,2,2,0\">Se adapta a los puertos SC est\u00e1ndar heredados.<\/span><\/td>\n<\/tr>\n<tr>\n<td><span data-path-to-node=\"12,3,0,0\"><b data-path-to-node=\"12,3,0,0\" data-index-in-node=\"0\">Modo Fibra<\/b><\/span><\/td>\n<td><span data-path-to-node=\"12,3,1,0\">Modo \u00fanico OS2 (9\/125 \u03bcm)<\/span><\/td>\n<td><span data-path-to-node=\"12,3,2,0\">Baja atenuaci\u00f3n en largas distancias.<\/span><\/td>\n<\/tr>\n<tr>\n<td><span data-path-to-node=\"12,4,0,0\"><b data-path-to-node=\"12,4,0,0\" data-index-in-node=\"0\">P\u00e9rdida de retorno (LC)<\/b><\/span><\/td>\n<td><span data-path-to-node=\"12,4,1,0\"><span class=\"math-inline\" data-math=\"\\geq 60 \\text{ dB}\" data-index-in-node=\"0\">$\\geq 60 dB$<\/span><\/span><\/td>\n<td><span data-path-to-node=\"12,4,2,0\">Protege la fuente l\u00e1ser contra los reflejos.<\/span><\/td>\n<\/tr>\n<tr>\n<td><span data-path-to-node=\"12,5,0,0\"><b data-path-to-node=\"12,5,0,0\" data-index-in-node=\"0\">P\u00e9rdida de retorno (SC)<\/b><\/span><\/td>\n<td><span data-path-to-node=\"12,5,1,0\"><span class=\"math-inline\" data-math=\"\\geq 50 \\text{ dB}\" data-index-in-node=\"0\">$\\geq 50 dB$<\/span><\/span><\/td>\n<td><span data-path-to-node=\"12,5,2,0\">Rendimiento est\u00e1ndar de UPC<\/span><\/td>\n<\/tr>\n<tr>\n<td><span data-path-to-node=\"12,6,0,0\"><b data-path-to-node=\"12,6,0,0\" data-index-in-node=\"0\">P\u00e9rdida de inserci\u00f3n<\/b><\/span><\/td>\n<td><span data-path-to-node=\"12,6,1,0\"><span class=\"math-inline\" data-math=\"\\leq 0.3 \\text{ dB}\" data-index-in-node=\"0\">$ \u2264 0,3 dB $<\/span><\/span><\/td>\n<td><span data-path-to-node=\"12,6,2,0\">Rendimiento energ\u00e9tico eficiente<\/span><\/td>\n<\/tr>\n<tr>\n<td><span data-path-to-node=\"12,7,0,0\"><b data-path-to-node=\"12,7,0,0\" data-index-in-node=\"0\">Chamarra<\/b><\/span><\/td>\n<td><span data-path-to-node=\"12,7,1,0\">2,0 mm LSZH (amarillo)<\/span><\/td>\n<td><span data-path-to-node=\"12,7,2,0\">Flexible y resistente al fuego<\/span><\/td>\n<\/tr>\n<\/tbody>\n<\/table>\n<hr data-path-to-node=\"13\" \/>\n<h3 data-path-to-node=\"14\">\u00bfPor qu\u00e9 elegir este jumper h\u00edbrido espec\u00edfico?<\/h3>\n<ul data-path-to-node=\"15\">\n<li>\n<p data-path-to-node=\"15,0,0\"><b data-path-to-node=\"15,0,0\" data-index-in-node=\"0\">Elimine los adaptadores:<\/b> El uso de un cable de conexi\u00f3n h\u00edbrido siempre es mejor que el uso de un adaptador independiente. Cada adaptador a\u00f1ade un \u201cacoplamiento\u201d adicional, lo que aumenta la p\u00e9rdida de inserci\u00f3n total. Este cable proporciona una conexi\u00f3n directa y de baja p\u00e9rdida.<\/p>\n<\/li>\n<li>\n<p data-path-to-node=\"15,1,0\"><b data-path-to-node=\"15,1,0\" data-index-in-node=\"0\">Extremo LC de alta densidad:<\/b> El conector LC es 50% m\u00e1s peque\u00f1o que el SC, lo que lo hace perfecto para conmutadores y puertos SFP con poco espacio.<\/p>\n<\/li>\n<li>\n<p data-path-to-node=\"15,2,0\"><b data-path-to-node=\"15,2,0\" data-index-in-node=\"0\">Extremo SC est\u00e1ndar industrial:<\/b> El extremo SC cuenta con un robusto conector de 2,5 mm, que proporciona una conexi\u00f3n estable para tomas de pared est\u00e1ndar u ODF.<\/p>\n<\/li>\n<li>\n<p data-path-to-node=\"15,3,0\"><b data-path-to-node=\"15,3,0\" data-index-in-node=\"0\">Clasificaci\u00f3n de seguridad LSZH:<\/b> La cubierta de baja emisi\u00f3n de humo y sin hal\u00f3genos garantiza el cumplimiento de las normas de seguridad de los edificios, lo que la hace adecuada tanto para centros de datos empresariales como para FTTH residenciales.<\/p>\n<\/li>\n<\/ul>\n<hr data-path-to-node=\"16\" \/>\n<h3 data-path-to-node=\"17\">Preguntas y respuestas de expertos: Perspectivas profesionales<\/h3>\n<p data-path-to-node=\"18\"><b data-path-to-node=\"18\" data-index-in-node=\"0\">P1: \u00bfPuedo conectar el extremo LC\/APC en un puerto azul (UPC)?<\/b><\/p>\n<p data-path-to-node=\"18\"><b data-path-to-node=\"18\" data-index-in-node=\"54\">A:<\/b> <b data-path-to-node=\"18\" data-index-in-node=\"57\">No.<\/b> Debe hacer coincidir los colores. El extremo verde LC\/APC debe conectarse a un puerto APC verde, y el extremo azul SC\/UPC debe conectarse a un puerto UPC azul. Si los mezcla, crear\u00e1 un gran espacio de aire que provocar\u00e1 una p\u00e9rdida masiva de se\u00f1al y podr\u00eda da\u00f1ar la fibra.<\/p>\n<p data-path-to-node=\"19\"><b data-path-to-node=\"19\" data-index-in-node=\"0\">P2: \u00bfPor qu\u00e9 no utilizar simplemente APC en ambos extremos?<\/b><\/p>\n<p data-path-to-node=\"19\"><b data-path-to-node=\"19\" data-index-in-node=\"39\">A:<\/b> Lo ideal ser\u00eda que s\u00ed. Sin embargo, muchas redes existentes se construyeron utilizando infraestructura UPC (azul). Si su equipo fuente requiere APC para funcionar correctamente, pero su panel de conexiones es UPC, este cable \u201ch\u00edbrido\u201d es la \u00fanica forma de conectarlos de manera segura.<\/p>\n<p data-path-to-node=\"20\"><b data-path-to-node=\"20\" data-index-in-node=\"0\">P3: \u00bfEste cable es adecuado para m\u00f3dulos SFP+ de 10G?<\/b><\/p>\n<p data-path-to-node=\"20\"><b data-path-to-node=\"20\" data-index-in-node=\"49\">A:<\/b> S\u00ed. La fibra OS2 monomodo admite f\u00e1cilmente velocidades de 10G, 40G y 100G. El tipo de conector (LC o SC) no limita la velocidad; lo hacen el n\u00facleo de la fibra y los transceptores.<\/p>\n<p data-path-to-node=\"21\"><b data-path-to-node=\"21\" data-index-in-node=\"0\">P4: \u00bfC\u00f3mo debo limpiar un cable h\u00edbrido?<\/b><\/p>\n<p data-path-to-node=\"21\"><b data-path-to-node=\"21\" data-index-in-node=\"39\">A:<\/b> Dado que los casquillos tienen diferentes tama\u00f1os (1,25 mm para LC y 2,5 mm para SC), necesitar\u00e1 una herramienta de limpieza de doble tama\u00f1o o limpiadores \u201cOne-Click\u201d separados para cada extremo.<\/p>","protected":false},"excerpt":{"rendered":"<p data-path-to-node=\"4\">En muchas migraciones de redes de fibra, necesitar\u00e1 conectar hardware \u201cverde\u201d (APC) a puertos heredados \u201cazules\u201d (UPC). El <b data-path-to-node=\"4\" data-index-in-node=\"131\">LC\/APC a SC\/UPC Simplex monomodo (SM SX)<\/b> El cable de conexi\u00f3n es la soluci\u00f3n de ingenier\u00eda precisa para este escenario concreto.<\/p>\n<p data-path-to-node=\"5\">Este puente h\u00edbrido permite la integraci\u00f3n de transceptores de alto rendimiento de nivel APC con paneles de distribuci\u00f3n SC\/UPC est\u00e1ndar, lo que proporciona un puente confiable entre diferentes est\u00e1ndares \u00f3pticos.<\/p>","protected":false},"featured_media":751,"comment_status":"open","ping_status":"closed","template":"","meta":[],"product_brand":[],"product_cat":[45],"product_tag":[],"class_list":{"0":"post-750","1":"product","2":"type-product","3":"status-publish","4":"has-post-thumbnail","6":"product_cat-single-mode-fiber-optic-patch-cord","8":"first","9":"instock","10":"shipping-taxable","11":"product-type-simple"},"_links":{"self":[{"href":"https:\/\/www.fenxifiber.com\/es\/wp-json\/wp\/v2\/product\/750","targetHints":{"allow":["GET"]}}],"collection":[{"href":"https:\/\/www.fenxifiber.com\/es\/wp-json\/wp\/v2\/product"}],"about":[{"href":"https:\/\/www.fenxifiber.com\/es\/wp-json\/wp\/v2\/types\/product"}],"replies":[{"embeddable":true,"href":"https:\/\/www.fenxifiber.com\/es\/wp-json\/wp\/v2\/comments?post=750"}],"wp:featuredmedia":[{"embeddable":true,"href":"https:\/\/www.fenxifiber.com\/es\/wp-json\/wp\/v2\/media\/751"}],"wp:attachment":[{"href":"https:\/\/www.fenxifiber.com\/es\/wp-json\/wp\/v2\/media?parent=750"}],"wp:term":[{"taxonomy":"product_brand","embeddable":true,"href":"https:\/\/www.fenxifiber.com\/es\/wp-json\/wp\/v2\/product_brand?post=750"},{"taxonomy":"product_cat","embeddable":true,"href":"https:\/\/www.fenxifiber.com\/es\/wp-json\/wp\/v2\/product_cat?post=750"},{"taxonomy":"product_tag","embeddable":true,"href":"https:\/\/www.fenxifiber.com\/es\/wp-json\/wp\/v2\/product_tag?post=750"}],"curies":[{"name":"wp","href":"https:\/\/api.w.org\/{rel}","templated":true}]}}