{"id":752,"date":"2026-02-04T01:01:23","date_gmt":"2026-02-04T01:01:23","guid":{"rendered":"https:\/\/www.fenxifiber.com\/?post_type=product&#038;p=752"},"modified":"2026-02-04T02:09:10","modified_gmt":"2026-02-04T02:09:10","slug":"sc-upc-sc-upc-sm-sx","status":"publish","type":"product","link":"https:\/\/www.fenxifiber.com\/es\/product\/sc-upc-sc-upc-sm-sx\/","title":{"rendered":"Cable de conexi\u00f3n SC\/UPC a SC\/UPC monomodo simplex (SM SX)"},"content":{"rendered":"<h2 data-path-to-node=\"3\">Especificaciones t\u00e9cnicas: Normas profesionales<\/h2>\n<p data-path-to-node=\"4\">El pulido \u201cUltra Physical Contact\u201d (UPC) est\u00e1 dise\u00f1ado para la transmisi\u00f3n de datos a alta velocidad, en la que se requiere una reflexi\u00f3n trasera menor que la del PC est\u00e1ndar, pero no es necesario el APC en \u00e1ngulo.<\/p>\n<table data-path-to-node=\"5\">\n<thead>\n<tr>\n<td><strong>Especificaci\u00f3n<\/strong><\/td>\n<td><strong>Detalle t\u00e9cnico<\/strong><\/td>\n<td><strong>Ventaja<\/strong><\/td>\n<\/tr>\n<\/thead>\n<tbody>\n<tr>\n<td><span data-path-to-node=\"5,1,0,0\"><b data-path-to-node=\"5,1,0,0\" data-index-in-node=\"0\">Tipo de conector<\/b><\/span><\/td>\n<td><span data-path-to-node=\"5,1,1,0\">SC\/UPC a SC\/UPC<\/span><\/td>\n<td><span data-path-to-node=\"5,1,2,0\">Dise\u00f1o universal \u201cPush-Pull\u201d de 2,5 mm<\/span><\/td>\n<\/tr>\n<tr>\n<td><span data-path-to-node=\"5,2,0,0\"><b data-path-to-node=\"5,2,0,0\" data-index-in-node=\"0\">Tipo de fibra<\/b><\/span><\/td>\n<td><span data-path-to-node=\"5,2,1,0\">Modo \u00fanico (OS2) 9\/125 \u03bcm<\/span><\/td>\n<td><span data-path-to-node=\"5,2,2,0\">Autonom\u00eda de m\u00e1s de 100 km<\/span><\/td>\n<\/tr>\n<tr>\n<td><span data-path-to-node=\"5,3,0,0\"><b data-path-to-node=\"5,3,0,0\" data-index-in-node=\"0\">P\u00e9rdida de inserci\u00f3n<\/b><\/span><\/td>\n<td><span data-path-to-node=\"5,3,1,0\"><span class=\"math-inline\" data-math=\"\\leq 0.25 \\text{ dB}\" data-index-in-node=\"0\">$ \u2264 0,25 dB $<\/span><\/span><\/td>\n<td><span data-path-to-node=\"5,3,2,0\">Trayectoria de luz de alta eficiencia<\/span><\/td>\n<\/tr>\n<tr>\n<td><span data-path-to-node=\"5,4,0,0\"><b data-path-to-node=\"5,4,0,0\" data-index-in-node=\"0\">P\u00e9rdida de retorno<\/b><\/span><\/td>\n<td><span data-path-to-node=\"5,4,1,0\"><span class=\"math-inline\" data-math=\"\\geq 50 \\text{ dB}\" data-index-in-node=\"0\">$\\geq 50 dB$<\/span><\/span><\/td>\n<td><span data-path-to-node=\"5,4,2,0\">Minimiza el ruido de la se\u00f1al en los datos digitales<\/span><\/td>\n<\/tr>\n<tr>\n<td><span data-path-to-node=\"5,5,0,0\"><b data-path-to-node=\"5,5,0,0\" data-index-in-node=\"0\">Material de la chaqueta<\/b><\/span><\/td>\n<td><span data-path-to-node=\"5,5,1,0\">LSZH (amarillo)<\/span><\/td>\n<td><span data-path-to-node=\"5,5,2,0\">Resistente al fuego y de baja toxicidad<\/span><\/td>\n<\/tr>\n<tr>\n<td><span data-path-to-node=\"5,6,0,0\"><b data-path-to-node=\"5,6,0,0\" data-index-in-node=\"0\">Longitud de onda<\/b><\/span><\/td>\n<td><span data-path-to-node=\"5,6,1,0\">1310 nm \/ 1550 nm<\/span><\/td>\n<td><span data-path-to-node=\"5,6,2,0\">Optimizado para todos los transceptores SM<\/span><\/td>\n<\/tr>\n<tr>\n<td><span data-path-to-node=\"5,7,0,0\"><b data-path-to-node=\"5,7,0,0\" data-index-in-node=\"0\">Durabilidad del acoplamiento<\/b><\/span><\/td>\n<td><span data-path-to-node=\"5,7,1,0\"><span class=\"math-inline\" data-math=\"&gt; 1000\" data-index-in-node=\"0\">$&gt; 1000$<\/span> veces<\/span><\/td>\n<td><span data-path-to-node=\"5,7,2,0\">Vida \u00fatil mec\u00e1nica a largo plazo<\/span><\/td>\n<\/tr>\n<\/tbody>\n<\/table>\n<hr data-path-to-node=\"6\" \/>\n<h2 data-path-to-node=\"7\">Por qu\u00e9 SC\/UPC es el est\u00e1ndar del sector<\/h2>\n<h3 data-path-to-node=\"8\">1. Mecanismo SC robusto<\/h3>\n<p data-path-to-node=\"9\">En <b data-path-to-node=\"9\" data-index-in-node=\"4\">Conector de suscriptor (SC)<\/b> cuenta con un mecanismo de bloqueo cuadrado de encaje a presi\u00f3n. A diferencia de los conectores LC, m\u00e1s peque\u00f1os, el casquillo de 2,5 mm del SC ofrece una superficie mayor, lo que lo hace menos propenso a la desalineaci\u00f3n y f\u00edsicamente m\u00e1s resistente para conexiones frecuentes en paneles de distribuci\u00f3n de \u201calto tr\u00e1fico\u201d.<\/p>\n<h3 data-path-to-node=\"10\">2. Optimizado para datos digitales<\/h3>\n<p data-path-to-node=\"11\">Aunque el APC (verde) es el rey en el \u00e1mbito del v\u00eddeo y la televisi\u00f3n por cable, <b data-path-to-node=\"11\" data-index-in-node=\"42\">UPC (Azul)<\/b> es el est\u00e1ndar para la mayor\u00eda de los protocolos de datos digitales. Con una p\u00e9rdida de retorno de <b data-path-to-node=\"11\" data-index-in-node=\"124\"><span class=\"math-inline\" data-math=\"\\geq 50\\text{dB}\" data-index-in-node=\"124\">$\\geq 50\\text{dB}$<\/span><\/b>, ofrece una pureza de se\u00f1al m\u00e1s que suficiente para entornos de datos Gigabit Ethernet y 10G\/40G sin el mayor costo que supone el hardware de APC.<\/p>\n<h3 data-path-to-node=\"12\">3. Seguridad \u201csin hal\u00f3genos\u201d<\/h3>\n<p data-path-to-node=\"13\">Las normas de seguridad en las salas de servidores modernas son estrictas. Nuestros puentes SC\/UPC utilizan <b data-path-to-node=\"13\" data-index-in-node=\"77\">LSZH (bajo nivel de humo y sin hal\u00f3genos)<\/b> fundas. En caso de calor extremo, estos cables producen una cantidad m\u00ednima de humo y no emiten gases hal\u00f3genos corrosivos, lo que protege tanto al personal como a los costosos equipos.<\/p>\n<h3 data-path-to-node=\"14\">4. La sencillez de Simplex<\/h3>\n<p data-path-to-node=\"15\">En <b data-path-to-node=\"15\" data-index-in-node=\"4\">Simplex (SX)<\/b> Este dise\u00f1o es ideal para redes bidireccionales (BiDi) o cualquier sistema en el que se utilice un solo hilo de fibra para la comunicaci\u00f3n unidireccional dedicada. Es ligero, ocupa menos espacio en las bandejas de cables y es m\u00e1s f\u00e1cil de manejar que los haces d\u00faplex.<\/p>\n<hr data-path-to-node=\"16\" \/>\n<h2 data-path-to-node=\"17\">Preguntas y respuestas de expertos: Soluci\u00f3n de problemas y consejos<\/h2>\n<p data-path-to-node=\"18\"><b data-path-to-node=\"18\" data-index-in-node=\"0\">P: \u00bfPuedo conectar un cable SC\/UPC (azul) a un puerto SC\/APC (verde)?<\/b><\/p>\n<p data-path-to-node=\"18\"><b data-path-to-node=\"18\" data-index-in-node=\"66\">A:<\/b> <b data-path-to-node=\"18\" data-index-in-node=\"69\">No.<\/b> Este es un error muy com\u00fan. El conector UPC tiene un extremo plano, mientras que el puerto APC es angulado. Si se intentan acoplar a la fuerza, se crear\u00e1 un gran espacio de aire (lo que provocar\u00e1 una p\u00e9rdida de se\u00f1al) y se pueden rayar de forma permanente las costosas f\u00e9rulas de cer\u00e1mica.<\/p>\n<p data-path-to-node=\"19\"><b data-path-to-node=\"19\" data-index-in-node=\"0\">P: \u00bfCu\u00e1l es la distancia m\u00e1xima para un cable monomodo SC\/UPC?<\/b><\/p>\n<p data-path-to-node=\"19\"><b data-path-to-node=\"19\" data-index-in-node=\"65\">A:<\/b> El cable est\u00e1 fabricado con fibra OS2, que admite distancias de hasta <b data-path-to-node=\"19\" data-index-in-node=\"141\">100 km<\/b> dependiendo de la potencia de tus transceptores. Sin embargo, en la mayor\u00eda de los casos en que se utilizan cables de conexi\u00f3n, estos se emplean dentro del mismo rack o de la misma sala (de 1 m a 30 m).<\/p>\n<p data-path-to-node=\"20\"><b data-path-to-node=\"20\" data-index-in-node=\"0\">P: \u00bfPor qu\u00e9 mi cable \u201cSimplex\u201d es amarillo?<\/b><\/p>\n<p data-path-to-node=\"20\"><b data-path-to-node=\"20\" data-index-in-node=\"37\">A:<\/b> Seg\u00fan el c\u00f3digo de colores est\u00e1ndar del sector, <b data-path-to-node=\"20\" data-index-in-node=\"85\">Amarillo<\/b> representa la fibra monomodo (9\/125 \u03bcm), mientras que el naranja, el aguamarina o el violeta se utilizan para distintos tipos de fibra multimodo.<\/p>\n<p data-path-to-node=\"21\"><b data-path-to-node=\"21\" data-index-in-node=\"0\">P: \u00bfEs el SC\/UPC compatible con los m\u00f3dulos SFP?<\/b><\/p>\n<p data-path-to-node=\"21\"><b data-path-to-node=\"21\" data-index-in-node=\"42\">A:<\/b> La mayor\u00eda de los m\u00f3dulos SFP utilizan el puerto LC, que es m\u00e1s peque\u00f1o. Para conectar un panel de conexiones SC\/UPC a un m\u00f3dulo SFP LC, necesitar\u00edas un <b data-path-to-node=\"21\" data-index-in-node=\"159\">De LC a SC<\/b> un cable adaptador en lugar de un cable de conexi\u00f3n est\u00e1ndar de SC a SC.<\/p>","protected":false},"excerpt":{"rendered":"<p>En el mundo de las redes de fibra \u00f3ptica est\u00e1ndar, el <b data-path-to-node=\"0\" data-index-in-node=\"47\">De SC\/UPC a SC\/UPC, monomodo simplex (SM SX)<\/b> El cable de conexi\u00f3n es el caballo de batalla del sector. Conocido por sus conectores \u201cazules\u201d, este cable es el est\u00e1ndar para redes LAN corporativas, centros de datos y enlaces de telecomunicaciones en general que utilizan el pulido UPC (Ultra Physical Contact).<\/p>","protected":false},"featured_media":754,"comment_status":"open","ping_status":"closed","template":"","meta":[],"product_brand":[],"product_cat":[45],"product_tag":[],"class_list":{"0":"post-752","1":"product","2":"type-product","3":"status-publish","4":"has-post-thumbnail","6":"product_cat-single-mode-fiber-optic-patch-cord","8":"first","9":"instock","10":"shipping-taxable","11":"product-type-simple"},"_links":{"self":[{"href":"https:\/\/www.fenxifiber.com\/es\/wp-json\/wp\/v2\/product\/752","targetHints":{"allow":["GET"]}}],"collection":[{"href":"https:\/\/www.fenxifiber.com\/es\/wp-json\/wp\/v2\/product"}],"about":[{"href":"https:\/\/www.fenxifiber.com\/es\/wp-json\/wp\/v2\/types\/product"}],"replies":[{"embeddable":true,"href":"https:\/\/www.fenxifiber.com\/es\/wp-json\/wp\/v2\/comments?post=752"}],"wp:featuredmedia":[{"embeddable":true,"href":"https:\/\/www.fenxifiber.com\/es\/wp-json\/wp\/v2\/media\/754"}],"wp:attachment":[{"href":"https:\/\/www.fenxifiber.com\/es\/wp-json\/wp\/v2\/media?parent=752"}],"wp:term":[{"taxonomy":"product_brand","embeddable":true,"href":"https:\/\/www.fenxifiber.com\/es\/wp-json\/wp\/v2\/product_brand?post=752"},{"taxonomy":"product_cat","embeddable":true,"href":"https:\/\/www.fenxifiber.com\/es\/wp-json\/wp\/v2\/product_cat?post=752"},{"taxonomy":"product_tag","embeddable":true,"href":"https:\/\/www.fenxifiber.com\/es\/wp-json\/wp\/v2\/product_tag?post=752"}],"curies":[{"name":"wp","href":"https:\/\/api.w.org\/{rel}","templated":true}]}}