{"id":755,"date":"2026-02-04T01:04:44","date_gmt":"2026-02-04T01:04:44","guid":{"rendered":"https:\/\/www.fenxifiber.com\/?post_type=product&#038;p=755"},"modified":"2026-02-04T02:09:52","modified_gmt":"2026-02-04T02:09:52","slug":"fc-upc-lc-upc-sm-sx","status":"publish","type":"product","link":"https:\/\/www.fenxifiber.com\/es\/product\/fc-upc-lc-upc-sm-sx\/","title":{"rendered":"Salvando las distancias: el cable de fibra \u00f3ptica FC\/UPC a LC\/UPC SM SX"},"content":{"rendered":"<p data-path-to-node=\"4\">Tanto si trabaja con equipos de prueba OTDR antiguos como con conmutadores de telecomunicaciones de alta resistencia, este puente h\u00edbrido garantiza que las diferentes generaciones de tecnolog\u00eda se comuniquen entre s\u00ed sin perder ni un solo paquete.<\/p>\n<h2 data-path-to-node=\"5\">Por qu\u00e9 funciona esta configuraci\u00f3n h\u00edbrida<\/h2>\n<p data-path-to-node=\"6\">La belleza de la <b data-path-to-node=\"6\" data-index-in-node=\"18\">FC\/UPC a LC\/UPC<\/b> radica en su enfoque de \u201clo mejor de ambos mundos\u201d:<\/p>\n<ul data-path-to-node=\"7\">\n<li>\n<p data-path-to-node=\"7,0,0\"><b data-path-to-node=\"7,0,0\" data-index-in-node=\"0\">El FC End (El Tanque):<\/b> El FC (conector de f\u00e9rula) est\u00e1 dise\u00f1ado para ofrecer estabilidad. Su cuerpo met\u00e1lico roscado se atornilla en su lugar, lo que lo hace pr\u00e1cticamente inmune a las vibraciones o tirones accidentales.<\/p>\n<\/li>\n<li>\n<p data-path-to-node=\"7,1,0\"><b data-path-to-node=\"7,1,0\" data-index-in-node=\"0\">El extremo LC (la precisi\u00f3n):<\/b> El LC (Lucent Connector) es el rey de los centros de datos modernos. Su peque\u00f1o tama\u00f1o permite realizar conexiones de alta densidad, y su cierre a presi\u00f3n le proporciona ese satisfactorio clic que indica una conexi\u00f3n segura.<\/p>\n<\/li>\n<li>\n<p data-path-to-node=\"7,2,0\"><b data-path-to-node=\"7,2,0\" data-index-in-node=\"0\">El UPC polaco (The Standard):<\/b> Al utilizar Ultra Physical Contact (azul) en ambos extremos, se obtiene un acabado muy pulido que mantiene baja la p\u00e9rdida de retorno (normalmente <span class=\"math-inline\" data-math=\"\\geq 50\\text{ dB}\" data-index-in-node=\"155\">$\\geq 50\\text{ dB}$<\/span>) sin la complejidad de los conectores en \u00e1ngulo.<\/p>\n<\/li>\n<\/ul>\n<hr data-path-to-node=\"8\" \/>\n<h2 data-path-to-node=\"9\">Desglose del rendimiento t\u00e9cnico<\/h2>\n<p data-path-to-node=\"10\">Veamos las cifras que realmente importan para tu presupuesto de enlaces:<\/p>\n<table data-path-to-node=\"11\">\n<thead>\n<tr>\n<td><strong>Caracter\u00edstica<\/strong><\/td>\n<td><strong>Especificaciones de rendimiento<\/strong><\/td>\n<td><strong>El beneficio del \u201cmundo real\u201d<\/strong><\/td>\n<\/tr>\n<\/thead>\n<tbody>\n<tr>\n<td><span data-path-to-node=\"11,1,0,0\"><b data-path-to-node=\"11,1,0,0\" data-index-in-node=\"0\">Tipo de fibra<\/b><\/span><\/td>\n<td><span data-path-to-node=\"11,1,1,0\">Modo \u00fanico (OS2) 9\/125 \u03bcm<\/span><\/td>\n<td><span data-path-to-node=\"11,1,2,0\">Sin preocupaciones por la distancia en los enlaces de largo recorrido.<\/span><\/td>\n<\/tr>\n<tr>\n<td><span data-path-to-node=\"11,2,0,0\"><b data-path-to-node=\"11,2,0,0\" data-index-in-node=\"0\">P\u00e9rdida de inserci\u00f3n<\/b><\/span><\/td>\n<td><span data-path-to-node=\"11,2,1,0\"><span class=\"math-inline\" data-math=\"\\leq 0.3 \\text{ dB}\" data-index-in-node=\"0\">$ \u2264 0,3 dB $<\/span><\/span><\/td>\n<td><span data-path-to-node=\"11,2,2,0\">Pr\u00e1cticamente invisible para su fuente de luz.<\/span><\/td>\n<\/tr>\n<tr>\n<td><span data-path-to-node=\"11,3,0,0\"><b data-path-to-node=\"11,3,0,0\" data-index-in-node=\"0\">P\u00e9rdida de retorno<\/b><\/span><\/td>\n<td><span data-path-to-node=\"11,3,1,0\"><span class=\"math-inline\" data-math=\"\\geq 50 \\text{ dB}\" data-index-in-node=\"0\">$\\geq 50 dB$<\/span><\/span><\/td>\n<td><span data-path-to-node=\"11,3,2,0\">Evita que la reflexi\u00f3n posterior interfiera con tus datos.<\/span><\/td>\n<\/tr>\n<tr>\n<td><span data-path-to-node=\"11,4,0,0\"><b data-path-to-node=\"11,4,0,0\" data-index-in-node=\"0\">Material de la chaqueta<\/b><\/span><\/td>\n<td><span data-path-to-node=\"11,4,1,0\">LSZH (amarillo)<\/span><\/td>\n<td><span data-path-to-node=\"11,4,2,0\">Cumple con el c\u00f3digo de construcci\u00f3n y es seguro para el bastidor.<\/span><\/td>\n<\/tr>\n<tr>\n<td><span data-path-to-node=\"11,5,0,0\"><b data-path-to-node=\"11,5,0,0\" data-index-in-node=\"0\">Durabilidad<\/b><\/span><\/td>\n<td><span data-path-to-node=\"11,5,1,0\"><span class=\"math-inline\" data-math=\"1000+\" data-index-in-node=\"0\">$1000+$<\/span> Apareamientos<\/span><\/td>\n<td><span data-path-to-node=\"11,5,2,0\">Est\u00e1 dise\u00f1ado para enchufarse, desenchufarse y volver a enchufarse.<\/span><\/td>\n<\/tr>\n<\/tbody>\n<\/table>\n<hr data-path-to-node=\"12\" \/>\n<h2 data-path-to-node=\"13\">Consejos profesionales para el campo<\/h2>\n<h3 data-path-to-node=\"14\">1. La limpieza es lo m\u00e1s importante despu\u00e9s del tiempo de actividad.<\/h3>\n<p data-path-to-node=\"15\">Dado que hay dos tama\u00f1os diferentes de f\u00e9rula (2,5 mm para el FC y 1,25 mm para el LC), no intente utilizar la misma herramienta de limpieza para ambos. Utilice un limpiador \u201cOne-Click\u201d espec\u00edfico para cada extremo para evitar la contaminaci\u00f3n cruzada.<\/p>\n<h3 data-path-to-node=\"16\">2. No apriete demasiado el FC.<\/h3>\n<p data-path-to-node=\"17\">Es tentador apretar al m\u00e1ximo el conector de tornillo FC. No lo haga. Basta con apretarlo con los dedos para fijar el casquillo cer\u00e1mico. Apretarlo en exceso puede ejercer una tensi\u00f3n innecesaria sobre el mecanismo de resorte interno.<\/p>\n<h3 data-path-to-node=\"18\">3. Cuidado con el azul<\/h3>\n<p data-path-to-node=\"19\">Recuerda, esto es un <b data-path-to-node=\"19\" data-index-in-node=\"20\">UPC (Azul)<\/b> cable. Si intenta conectar ese extremo LC\/UPC a un transceptor LC\/APC verde, observar\u00e1 una p\u00e9rdida de se\u00f1al considerable. Mantenga los colores coincidentes.<\/p>\n<hr data-path-to-node=\"20\" \/>\n<h2 data-path-to-node=\"21\">Preguntas y respuestas r\u00e1pidas<\/h2>\n<p data-path-to-node=\"22\"><b data-path-to-node=\"22\" data-index-in-node=\"0\">P: \u00bfPor qu\u00e9 utilizar FC en 2026?<\/b><\/p>\n<p data-path-to-node=\"22\"><b data-path-to-node=\"22\" data-index-in-node=\"30\">A:<\/b> Vibraci\u00f3n. En entornos industriales, aplicaciones mar\u00edtimas o laboratorios donde los equipos se mueven con frecuencia, el conector FC atornillable es mucho m\u00e1s confiable que un cierre de pl\u00e1stico a presi\u00f3n.<\/p>\n<p data-path-to-node=\"23\"><b data-path-to-node=\"23\" data-index-in-node=\"0\">P: \u00bfPuedo utilizarlo para 10G o 40G?<\/b><\/p>\n<p data-path-to-node=\"23\"><b data-path-to-node=\"23\" data-index-in-node=\"34\">A:<\/b> Por supuesto. La fibra OS2 monomodo es efectivamente \u201cinsensible a la velocidad\u201d. Siempre que sus transceptores coincidan con las longitudes de onda de 1310\/1550 nm, el cable no ser\u00e1 un obst\u00e1culo.<\/p>\n<p data-path-to-node=\"24\"><b data-path-to-node=\"24\" data-index-in-node=\"0\">P: \u00bfEst\u00e1 obsoleto \u201cSimplex\u201d (SX)?<\/b><\/p>\n<p data-path-to-node=\"24\"><b data-path-to-node=\"24\" data-index-in-node=\"31\">A:<\/b> En absoluto. Con el auge de los transceptores BiDi (bidireccionales), a menudo basta con un solo hilo de fibra (Simplex) para gestionar la comunicaci\u00f3n full-duplex, lo que duplica eficazmente la capacidad de la fibra.<\/p>","protected":false},"excerpt":{"rendered":"<p data-path-to-node=\"3\">En un mundo obsesionado con las \u00faltimas configuraciones LC-a-LC de alta densidad, el <b data-path-to-node=\"3\" data-index-in-node=\"70\">FC\/UPC-LC\/UPC-SM-SX<\/b> sigue siendo el \u201carma secreta\u201d de los ingenieros de redes que trabajan con entornos de hardware diversos. No se trata solo de un cable, sino del traductor esencial entre los robustos puertos FC de grado industrial y las elegantes y modernas interfaces LC que se encuentran en los m\u00f3dulos SFP actuales.<\/p>\n<p data-path-to-node=\"4\">","protected":false},"featured_media":756,"comment_status":"open","ping_status":"closed","template":"","meta":[],"product_brand":[],"product_cat":[45],"product_tag":[],"class_list":{"0":"post-755","1":"product","2":"type-product","3":"status-publish","4":"has-post-thumbnail","6":"product_cat-single-mode-fiber-optic-patch-cord","8":"first","9":"instock","10":"shipping-taxable","11":"product-type-simple"},"_links":{"self":[{"href":"https:\/\/www.fenxifiber.com\/es\/wp-json\/wp\/v2\/product\/755","targetHints":{"allow":["GET"]}}],"collection":[{"href":"https:\/\/www.fenxifiber.com\/es\/wp-json\/wp\/v2\/product"}],"about":[{"href":"https:\/\/www.fenxifiber.com\/es\/wp-json\/wp\/v2\/types\/product"}],"replies":[{"embeddable":true,"href":"https:\/\/www.fenxifiber.com\/es\/wp-json\/wp\/v2\/comments?post=755"}],"wp:featuredmedia":[{"embeddable":true,"href":"https:\/\/www.fenxifiber.com\/es\/wp-json\/wp\/v2\/media\/756"}],"wp:attachment":[{"href":"https:\/\/www.fenxifiber.com\/es\/wp-json\/wp\/v2\/media?parent=755"}],"wp:term":[{"taxonomy":"product_brand","embeddable":true,"href":"https:\/\/www.fenxifiber.com\/es\/wp-json\/wp\/v2\/product_brand?post=755"},{"taxonomy":"product_cat","embeddable":true,"href":"https:\/\/www.fenxifiber.com\/es\/wp-json\/wp\/v2\/product_cat?post=755"},{"taxonomy":"product_tag","embeddable":true,"href":"https:\/\/www.fenxifiber.com\/es\/wp-json\/wp\/v2\/product_tag?post=755"}],"curies":[{"name":"wp","href":"https:\/\/api.w.org\/{rel}","templated":true}]}}