{"id":757,"date":"2026-02-04T01:06:36","date_gmt":"2026-02-04T01:06:36","guid":{"rendered":"https:\/\/www.fenxifiber.com\/?post_type=product&#038;p=757"},"modified":"2026-02-04T02:10:42","modified_gmt":"2026-02-04T02:10:42","slug":"lc-upc-lc-upc-sm-sx","status":"publish","type":"product","link":"https:\/\/www.fenxifiber.com\/es\/product\/lc-upc-lc-upc-sm-sx\/","title":{"rendered":"Cable de conexi\u00f3n LC\/UPC a LC\/UPC monomodo simplex (SM SX)"},"content":{"rendered":"<h2 data-path-to-node=\"6\">Especificaciones t\u00e9cnicas para la transferencia de datos<\/h2>\n<p data-path-to-node=\"7\">Para el arquitecto de redes, las cifras lo dicen todo. A continuaci\u00f3n se muestra el perfil de rendimiento para 2026 de un cable de conexi\u00f3n simplex LC\/UPC de alta calidad:<\/p>\n<table data-path-to-node=\"8\">\n<thead>\n<tr>\n<td><strong>M\u00e9trico<\/strong><\/td>\n<td><strong>Especificaci\u00f3n<\/strong><\/td>\n<td><strong>Valor de ingenier\u00eda<\/strong><\/td>\n<\/tr>\n<\/thead>\n<tbody>\n<tr>\n<td><span data-path-to-node=\"8,1,0,0\"><b data-path-to-node=\"8,1,0,0\" data-index-in-node=\"0\">Tipo de conector<\/b><\/span><\/td>\n<td><span data-path-to-node=\"8,1,1,0\">LC\/UPC a LC\/UPC<\/span><\/td>\n<td><span data-path-to-node=\"8,1,2,0\">Cierre a presi\u00f3n de alta densidad<\/span><\/td>\n<\/tr>\n<tr>\n<td><span data-path-to-node=\"8,2,0,0\"><b data-path-to-node=\"8,2,0,0\" data-index-in-node=\"0\">N\u00facleo de fibra<\/b><\/span><\/td>\n<td><span data-path-to-node=\"8,2,1,0\">Modo \u00fanico (OS2) 9\/125 \u03bcm<\/span><\/td>\n<td><span data-path-to-node=\"8,2,2,0\">Optimizado para 1310 nm y 1550 nm<\/span><\/td>\n<\/tr>\n<tr>\n<td><span data-path-to-node=\"8,3,0,0\"><b data-path-to-node=\"8,3,0,0\" data-index-in-node=\"0\">P\u00e9rdida de inserci\u00f3n<\/b><\/span><\/td>\n<td><span data-path-to-node=\"8,3,1,0\"><span class=\"math-inline\" data-math=\"\\leq 0.2 \\text{ dB}\" data-index-in-node=\"0\">$ \u2264 0,2 dB $<\/span><\/span><\/td>\n<td><span data-path-to-node=\"8,3,2,0\">P\u00e9rdida de potencia m\u00ednima, l\u00edder en el sector<\/span><\/td>\n<\/tr>\n<tr>\n<td><span data-path-to-node=\"8,4,0,0\"><b data-path-to-node=\"8,4,0,0\" data-index-in-node=\"0\">P\u00e9rdida de retorno<\/b><\/span><\/td>\n<td><span data-path-to-node=\"8,4,1,0\"><span class=\"math-inline\" data-math=\"\\geq 50 \\text{ dB}\" data-index-in-node=\"0\">$\\geq 50 dB$<\/span><\/span><\/td>\n<td><span data-path-to-node=\"8,4,2,0\">Se\u00f1al digital de gran nitidez<\/span><\/td>\n<\/tr>\n<tr>\n<td><span data-path-to-node=\"8,5,0,0\"><b data-path-to-node=\"8,5,0,0\" data-index-in-node=\"0\">Material de la chaqueta<\/b><\/span><\/td>\n<td><span data-path-to-node=\"8,5,1,0\">LSZH (amarillo)<\/span><\/td>\n<td><span data-path-to-node=\"8,5,2,0\">Resistente al fuego, baja emisi\u00f3n de humo, sin hal\u00f3genos<\/span><\/td>\n<\/tr>\n<tr>\n<td><span data-path-to-node=\"8,6,0,0\"><b data-path-to-node=\"8,6,0,0\" data-index-in-node=\"0\">Radio de curvatura<\/b><\/span><\/td>\n<td><span data-path-to-node=\"8,6,1,0\">10 mm \u2013 30 mm<\/span><\/td>\n<td><span data-path-to-node=\"8,6,2,0\">Flexible para una organizaci\u00f3n \u00f3ptima de los cables<\/span><\/td>\n<\/tr>\n<\/tbody>\n<\/table>\n<hr data-path-to-node=\"9\" \/>\n<h2 data-path-to-node=\"10\">Por qu\u00e9 este cable es imprescindible para la red<\/h2>\n<h3 data-path-to-node=\"11\">1. Preparado para alta densidad<\/h3>\n<p data-path-to-node=\"12\">El dise\u00f1o de \u201cformato compacto\u201d (SFF) es su principal atractivo. Estos dispositivos se pueden apilar uno al lado del otro en ODF (armarios de distribuci\u00f3n \u00f3ptica) de alta densidad sin el \u201cenredo de cables\u201d que suelen provocar los conectores de mayor tama\u00f1o.<\/p>\n<h3 data-path-to-node=\"13\">2. El \u201cclic\u201d de la confianza<\/h3>\n<p data-path-to-node=\"14\">El conector LC utiliza un mecanismo de enclavamiento similar al del RJ45. No hace falta que te preguntes si la conexi\u00f3n est\u00e1 bien fijada; ese \u201cclic\u201d audible te indica que la trayectoria de la luz est\u00e1 bien asegurada.<\/p>\n<h3 data-path-to-node=\"15\">3. Fibra OS2 preparada para el futuro<\/h3>\n<p data-path-to-node=\"16\">Aunque hoy en d\u00eda quiz\u00e1 tengas una conexi\u00f3n de 1 Gbps, el <b data-path-to-node=\"16\" data-index-in-node=\"44\">Modo \u00fanico OS2<\/b> El n\u00facleo de este cable est\u00e1 dise\u00f1ado para velocidades de 10G, 40G e incluso 100G+ en largas distancias. Se trata de una inversi\u00f3n en infraestructura del tipo \u201ccompra una vez, nunca m\u00e1s actualices\u201d.<\/p>\n<h3 data-path-to-node=\"17\">4. Eficiencia simple<\/h3>\n<p data-path-to-node=\"18\">Los cables Simplex (SX) son la opci\u00f3n m\u00e1s econ\u00f3mica para <b data-path-to-node=\"18\" data-index-in-node=\"44\">BiDi (bidireccional)<\/b> configuraciones. Al utilizar un solo cable tanto para la transmisi\u00f3n (TX) como para la recepci\u00f3n (RX), se reduce a la mitad el espacio necesario para el cableado y se simplifica el inventario.<\/p>\n<hr data-path-to-node=\"19\" \/>\n<h2 data-path-to-node=\"20\">Gu\u00eda pr\u00e1ctica: Preguntas frecuentes<\/h2>\n<p data-path-to-node=\"21\"><b data-path-to-node=\"21\" data-index-in-node=\"0\">P: \u00bfPuedo usar este cable azul (UPC) en un puerto verde (APC)?<\/b><\/p>\n<p data-path-to-node=\"21\"><b data-path-to-node=\"21\" data-index-in-node=\"58\">A:<\/b> Por supuesto que no. Un conector UPC tiene una cara frontal plana, mientras que un puerto APC tiene un \u00e1ngulo de 8 grados. Si los conectas a la fuerza, se crear\u00e1 un espacio de aire que provocar\u00e1 una p\u00e9rdida de se\u00f1al considerable y podr\u00eda da\u00f1ar f\u00edsicamente tu equipo. <b data-path-to-node=\"21\" data-index-in-node=\"291\">Los azules se quedan con los azules.<\/b><\/p>\n<p data-path-to-node=\"22\"><b data-path-to-node=\"22\" data-index-in-node=\"0\">P: \u00bfHay alguna diferencia entre el cable amarillo y el de color aguamarina?<\/b><\/p>\n<p data-path-to-node=\"22\"><b data-path-to-node=\"22\" data-index-in-node=\"61\">A:<\/b> \u00a1S\u00ed! El amarillo es el c\u00f3digo universal para <b data-path-to-node=\"22\" data-index-in-node=\"102\">Modo \u00fanico (SM)<\/b>, que es el que utiliza este cable LC\/UPC-SM-SX. El tipo Aqua se utiliza normalmente para fibra multimodo (OM3\/OM4). No se pueden mezclar los dos tipos de fibra.<\/p>\n<p data-path-to-node=\"23\"><b data-path-to-node=\"23\" data-index-in-node=\"0\">P: \u00bfEl dise\u00f1o \u201cSimplex\u201d limita mi velocidad?<\/b><\/p>\n<p data-path-to-node=\"23\"><b data-path-to-node=\"23\" data-index-in-node=\"45\">A:<\/b> Para nada. La velocidad la determinan tus transceptores (SFP). Un solo hilo de fibra puede transportar enormes cantidades de datos; \u201cSimplex\u201d solo significa que solo tienes un canal f\u00edsico de fibra.<\/p>\n<p data-path-to-node=\"24\"><b data-path-to-node=\"24\" data-index-in-node=\"0\">P: \u00bfCon qu\u00e9 frecuencia debo limpiar las puntas del LC?<\/b><\/p>\n<p data-path-to-node=\"24\"><b data-path-to-node=\"24\" data-index-in-node=\"41\">A:<\/b> Cada vez que lo conectes. Dado que el conector LC es tan peque\u00f1o (1,25 mm), incluso una part\u00edcula de polvo microsc\u00f3pica puede obstruir por completo el n\u00facleo de la fibra, de 9 micras. Usa un limpiador \u201cOne-Click\u201d para obtener los mejores resultados.<\/p>","protected":false},"excerpt":{"rendered":"<h2 data-path-to-node=\"2\">La ventaja de LC\/UPC: tama\u00f1o reducido, gran rendimiento<\/h2>\n<p data-path-to-node=\"3\">El conector \u201cLC\u201d supuso un gran avance al utilizar un <b data-path-to-node=\"3\" data-index-in-node=\"51\">Casquillo cer\u00e1mico de 1,25 mm<\/b>\u2014exactamente la mitad del tama\u00f1o de los conectores SC o FC m\u00e1s antiguos. Esto permite a los ingenieros alojar 144 fibras en un solo espacio de rack de 1U.<\/p>\n<p data-path-to-node=\"4\">Pero no se trata solo del tama\u00f1o. El <b data-path-to-node=\"4\" data-index-in-node=\"34\">UPC (Contacto f\u00edsico ultra)<\/b> polaco, reconocido por su <b data-path-to-node=\"4\" data-index-in-node=\"89\">Azul<\/b> ... garantiza que las caras de los extremos de la fibra encajen con la precisi\u00f3n suficiente para reducir al m\u00ednimo la reflexi\u00f3n trasera, lo que la convierte en la opci\u00f3n ideal para la transmisi\u00f3n digital de datos a alta velocidad.<\/p>","protected":false},"featured_media":758,"comment_status":"open","ping_status":"closed","template":"","meta":[],"product_brand":[],"product_cat":[45],"product_tag":[],"class_list":{"0":"post-757","1":"product","2":"type-product","3":"status-publish","4":"has-post-thumbnail","6":"product_cat-single-mode-fiber-optic-patch-cord","8":"first","9":"instock","10":"shipping-taxable","11":"product-type-simple"},"_links":{"self":[{"href":"https:\/\/www.fenxifiber.com\/es\/wp-json\/wp\/v2\/product\/757","targetHints":{"allow":["GET"]}}],"collection":[{"href":"https:\/\/www.fenxifiber.com\/es\/wp-json\/wp\/v2\/product"}],"about":[{"href":"https:\/\/www.fenxifiber.com\/es\/wp-json\/wp\/v2\/types\/product"}],"replies":[{"embeddable":true,"href":"https:\/\/www.fenxifiber.com\/es\/wp-json\/wp\/v2\/comments?post=757"}],"wp:featuredmedia":[{"embeddable":true,"href":"https:\/\/www.fenxifiber.com\/es\/wp-json\/wp\/v2\/media\/758"}],"wp:attachment":[{"href":"https:\/\/www.fenxifiber.com\/es\/wp-json\/wp\/v2\/media?parent=757"}],"wp:term":[{"taxonomy":"product_brand","embeddable":true,"href":"https:\/\/www.fenxifiber.com\/es\/wp-json\/wp\/v2\/product_brand?post=757"},{"taxonomy":"product_cat","embeddable":true,"href":"https:\/\/www.fenxifiber.com\/es\/wp-json\/wp\/v2\/product_cat?post=757"},{"taxonomy":"product_tag","embeddable":true,"href":"https:\/\/www.fenxifiber.com\/es\/wp-json\/wp\/v2\/product_tag?post=757"}],"curies":[{"name":"wp","href":"https:\/\/api.w.org\/{rel}","templated":true}]}}