{"id":759,"date":"2026-02-04T01:08:06","date_gmt":"2026-02-04T01:08:06","guid":{"rendered":"https:\/\/www.fenxifiber.com\/?post_type=product&#038;p=759"},"modified":"2026-02-04T02:11:09","modified_gmt":"2026-02-04T02:11:09","slug":"fc-upc-st-upc-sm-sx","status":"publish","type":"product","link":"https:\/\/www.fenxifiber.com\/es\/product\/fc-upc-st-upc-sm-sx\/","title":{"rendered":"Fiabilidad garantizada: cable de conexi\u00f3n monomodo FC\/UPC a ST\/UPC"},"content":{"rendered":"<h2 data-path-to-node=\"6\">El hardware: \u00bfpor qu\u00e9 FC y ST?<\/h2>\n<ul data-path-to-node=\"7\">\n<li>\n<p data-path-to-node=\"7,0,0\"><b data-path-to-node=\"7,0,0\" data-index-in-node=\"0\">FC\/UPC (atornillable):<\/b> Dise\u00f1ado originalmente para telecomunicaciones, el conector FC utiliza una carcasa met\u00e1lica roscada. Una vez atornillado, no se mueve. Es la opci\u00f3n preferida para equipos de prueba sensibles y redes a bordo de barcos.<\/p>\n<\/li>\n<li>\n<p data-path-to-node=\"7,1,0\"><b data-path-to-node=\"7,1,0\" data-index-in-node=\"0\">ST\/UPC (La Bayoneta):<\/b> El conector \u201cStraight Tip\u201d utiliza un mecanismo de bloqueo giratorio tipo BNC. Es famoso por su facilidad de uso en plantas industriales y redes troncales de campus, donde se necesita una conexi\u00f3n resistente con resorte.<\/p>\n<\/li>\n<li>\n<p data-path-to-node=\"7,2,0\"><b data-path-to-node=\"7,2,0\" data-index-in-node=\"0\">UPC (Ultra Physical Contact):<\/b> Ambos extremos presentan el cl\u00e1sico <b data-path-to-node=\"7,2,0\" data-index-in-node=\"60\">Azul<\/b> Pulido UPC, que garantiza un acabado de alta calidad entre vidrios para la transmisi\u00f3n de datos digitales.<\/p>\n<\/li>\n<\/ul>\n<hr data-path-to-node=\"8\" \/>\n<h2 data-path-to-node=\"9\">Perfil de desempe\u00f1o t\u00e9cnico<\/h2>\n<p data-path-to-node=\"10\">A pesar de su exterior resistente, su rendimiento interno es de alta precisi\u00f3n gracias al vidrio monomodo OS2.<\/p>\n<table data-path-to-node=\"11\">\n<thead>\n<tr>\n<td><strong>M\u00e9trico<\/strong><\/td>\n<td><strong>Especificaci\u00f3n<\/strong><\/td>\n<td><strong>Valor de ingenier\u00eda<\/strong><\/td>\n<\/tr>\n<\/thead>\n<tbody>\n<tr>\n<td><span data-path-to-node=\"11,1,0,0\"><b data-path-to-node=\"11,1,0,0\" data-index-in-node=\"0\">Tipo de fibra<\/b><\/span><\/td>\n<td><span data-path-to-node=\"11,1,1,0\">Modo \u00fanico (OS2) 9\/125 \u03bcm<\/span><\/td>\n<td><span data-path-to-node=\"11,1,2,0\">Capacidad para largas distancias<\/span><\/td>\n<\/tr>\n<tr>\n<td><span data-path-to-node=\"11,2,0,0\"><b data-path-to-node=\"11,2,0,0\" data-index-in-node=\"0\">P\u00e9rdida de inserci\u00f3n<\/b><\/span><\/td>\n<td><span data-path-to-node=\"11,2,1,0\"><span class=\"math-inline\" data-math=\"\\leq 0.3 \\text{ dB}\" data-index-in-node=\"0\">$ \u2264 0,3 dB $<\/span><\/span><\/td>\n<td><span data-path-to-node=\"11,2,2,0\">M\u00ednima atenuaci\u00f3n de la se\u00f1al<\/span><\/td>\n<\/tr>\n<tr>\n<td><span data-path-to-node=\"11,3,0,0\"><b data-path-to-node=\"11,3,0,0\" data-index-in-node=\"0\">P\u00e9rdida de retorno<\/b><\/span><\/td>\n<td><span data-path-to-node=\"11,3,1,0\"><span class=\"math-inline\" data-math=\"\\geq 50 \\text{ dB}\" data-index-in-node=\"0\">$\\geq 50 dB$<\/span><\/span><\/td>\n<td><span data-path-to-node=\"11,3,2,0\">Optimizado para la pureza de la se\u00f1al digital<\/span><\/td>\n<\/tr>\n<tr>\n<td><span data-path-to-node=\"11,4,0,0\"><b data-path-to-node=\"11,4,0,0\" data-index-in-node=\"0\">Material del conector<\/b><\/span><\/td>\n<td><span data-path-to-node=\"11,4,1,0\">Metal niquelado<\/span><\/td>\n<td><span data-path-to-node=\"11,4,2,0\">M\u00e1xima resistencia a la corrosi\u00f3n<\/span><\/td>\n<\/tr>\n<tr>\n<td><span data-path-to-node=\"11,5,0,0\"><b data-path-to-node=\"11,5,0,0\" data-index-in-node=\"0\">Tipo de chaqueta<\/b><\/span><\/td>\n<td><span data-path-to-node=\"11,5,1,0\">2,0 mm \/ 3,0 mm LSZH<\/span><\/td>\n<td><span data-path-to-node=\"11,5,2,0\">Clasificado como seguro para uso en interiores.<\/span><\/td>\n<\/tr>\n<tr>\n<td><span data-path-to-node=\"11,6,0,0\"><b data-path-to-node=\"11,6,0,0\" data-index-in-node=\"0\">Durabilidad del acoplamiento<\/b><\/span><\/td>\n<td><span data-path-to-node=\"11,6,1,0\"><span class=\"math-inline\" data-math=\"&gt; 1000\" data-index-in-node=\"0\">$&gt; 1000$<\/span> Ciclos<\/span><\/td>\n<td><span data-path-to-node=\"11,6,2,0\">Dise\u00f1ado para un uso repetido \u201cplug-and-play\u201d<\/span><\/td>\n<\/tr>\n<\/tbody>\n<\/table>\n<hr data-path-to-node=\"12\" \/>\n<h2 data-path-to-node=\"13\">Por qu\u00e9 este cable supera a las alternativas de pl\u00e1stico<\/h2>\n<h3 data-path-to-node=\"14\">1. Inmunidad a las vibraciones<\/h3>\n<p data-path-to-node=\"15\">En entornos como plantas de fabricaci\u00f3n o centros de datos ubicados cerca de maquinaria pesada, los clips de pl\u00e1stico pueden desgastarse o aflojarse debido a las vibraciones. La naturaleza met\u00e1lica y de bloqueo de los conectores FC y ST garantiza que el n\u00facleo de fibra permanezca perfectamente centrado.<\/p>\n<h3 data-path-to-node=\"16\">2. Casquillos de alta precisi\u00f3n de 2,5 mm<\/h3>\n<p data-path-to-node=\"17\">Tanto los extremos FC como ST utilizan una f\u00e9rula cer\u00e1mica m\u00e1s grande de 2,5 mm. Esto a\u00f1ade superficie f\u00edsica a la conexi\u00f3n, haci\u00e9ndola m\u00e1s robusta que las peque\u00f1as f\u00e9rulas de 1,25 mm que se encuentran en los conectores LC.<\/p>\n<h3 data-path-to-node=\"18\">3. La \u201cnorma\u201d para los equipos de prueba<\/h3>\n<p data-path-to-node=\"19\">La mayor\u00eda de los OTDR (reflect\u00f3metros \u00f3pticos en el dominio del tiempo) y fuentes de luz de alta gama utilizan una interfaz FC debido a su repetibilidad. Este cable es el \u201ccable de lanzamiento\u201d perfecto para conectar ese equipo a un panel de distribuci\u00f3n basado en ST.<\/p>\n<hr data-path-to-node=\"20\" \/>\n<h2 data-path-to-node=\"21\">Preguntas y respuestas de expertos: consejos profesionales<\/h2>\n<p data-path-to-node=\"22\"><b data-path-to-node=\"22\" data-index-in-node=\"0\">P: \u00bfEl conector ST quedar\u00e1 \u201cobsoleto\u201d en 2026?<\/b><\/p>\n<p data-path-to-node=\"22\"><b data-path-to-node=\"22\" data-index-in-node=\"43\">A:<\/b> En absoluto. Aunque LC se utiliza para <i data-path-to-node=\"22\" data-index-in-node=\"79\">densidad<\/i>, ST se utiliza para <i data-path-to-node=\"22\" data-index-in-node=\"103\">durabilidad<\/i>. Todav\u00eda encontrar\u00e1s conectores ST como est\u00e1ndar en sistemas de seguridad, centrales el\u00e9ctricas y aplicaciones militares, ya que el cierre giratorio no se rompe como los pestillos de pl\u00e1stico.<\/p>\n<p data-path-to-node=\"23\"><b data-path-to-node=\"23\" data-index-in-node=\"0\">P: \u00bfPuedo utilizar este cable monomodo (amarillo) con mi sistema multimodo (naranja\/aguamarina)?<\/b><\/p>\n<p data-path-to-node=\"23\"><b data-path-to-node=\"23\" data-index-in-node=\"85\">A:<\/b> <b data-path-to-node=\"23\" data-index-in-node=\"88\">No.<\/b> Nunca se deben mezclar tipos de fibra. Un n\u00facleo monomodo (9 \u03bcm) es mucho m\u00e1s peque\u00f1o que un n\u00facleo multimodo (50 \u03bcm o 62,5 \u03bcm). El uso de este cable en un sistema multimodo provocar\u00e1 una p\u00e9rdida de se\u00f1al extrema (hasta 90%).<\/p>\n<p data-path-to-node=\"24\"><b data-path-to-node=\"24\" data-index-in-node=\"0\">P: \u00bfCu\u00e1l es la ventaja del dise\u00f1o \u201cSimplex\u201d en este caso?<\/b><\/p>\n<p data-path-to-node=\"24\"><b data-path-to-node=\"24\" data-index-in-node=\"53\">A:<\/b> Simplex (SX) es el est\u00e1ndar para datos de sensores unidireccionales o comunicaci\u00f3n bidireccional (BiDi). Hace que el cable sea m\u00e1s ligero y f\u00e1cil de pasar por conductos estrechos en comparaci\u00f3n con un cable d\u00faplex voluminoso.<\/p>\n<p data-path-to-node=\"25\"><b data-path-to-node=\"25\" data-index-in-node=\"0\">P: \u00bfEl pulimento \u201cUPC\u201d funciona con los puertos \u201cAPC\u201d?<\/b><\/p>\n<p data-path-to-node=\"25\"><b data-path-to-node=\"25\" data-index-in-node=\"48\">A:<\/b> <b data-path-to-node=\"25\" data-index-in-node=\"51\">Nunca.<\/b> Si conecta un conector azul (UPC) a un puerto verde (APC), se producir\u00e1 un espacio de aire que reflejar\u00e1 la luz hacia el l\u00e1ser, lo que podr\u00eda da\u00f1ar el equipo. Conecte siempre el azul con el azul.<\/p>","protected":false},"excerpt":{"rendered":"<p data-path-to-node=\"4\">En el campo de la fibra \u00f3ptica, algunas conexiones requieren algo m\u00e1s que un simple \u201cclic\u201d: necesitan un bloqueo mec\u00e1nico. El <b data-path-to-node=\"4\" data-index-in-node=\"116\">FC\/UPC a ST\/UPC-SM-SX<\/b> es una soluci\u00f3n h\u00edbrida dise\u00f1ada para unir dos de los tipos de conectores m\u00e1s seguros f\u00edsicamente que se hayan fabricado jam\u00e1s.<\/p>\n<p data-path-to-node=\"5\">Al combinar el <b data-path-to-node=\"5\" data-index-in-node=\"17\">FC roscado atornillable<\/b> con el <b data-path-to-node=\"5\" data-index-in-node=\"47\">cerrojo giratorio tipo bayoneta ST<\/b>, Este cable proporciona una ruta de luz ultraestable para redes monomodo que est\u00e1n sujetas a movimientos, vibraciones o manipulaciones frecuentes.<\/p>","protected":false},"featured_media":761,"comment_status":"open","ping_status":"closed","template":"","meta":[],"product_brand":[],"product_cat":[45],"product_tag":[],"class_list":{"0":"post-759","1":"product","2":"type-product","3":"status-publish","4":"has-post-thumbnail","6":"product_cat-single-mode-fiber-optic-patch-cord","8":"first","9":"instock","10":"shipping-taxable","11":"product-type-simple"},"_links":{"self":[{"href":"https:\/\/www.fenxifiber.com\/es\/wp-json\/wp\/v2\/product\/759","targetHints":{"allow":["GET"]}}],"collection":[{"href":"https:\/\/www.fenxifiber.com\/es\/wp-json\/wp\/v2\/product"}],"about":[{"href":"https:\/\/www.fenxifiber.com\/es\/wp-json\/wp\/v2\/types\/product"}],"replies":[{"embeddable":true,"href":"https:\/\/www.fenxifiber.com\/es\/wp-json\/wp\/v2\/comments?post=759"}],"wp:featuredmedia":[{"embeddable":true,"href":"https:\/\/www.fenxifiber.com\/es\/wp-json\/wp\/v2\/media\/761"}],"wp:attachment":[{"href":"https:\/\/www.fenxifiber.com\/es\/wp-json\/wp\/v2\/media?parent=759"}],"wp:term":[{"taxonomy":"product_brand","embeddable":true,"href":"https:\/\/www.fenxifiber.com\/es\/wp-json\/wp\/v2\/product_brand?post=759"},{"taxonomy":"product_cat","embeddable":true,"href":"https:\/\/www.fenxifiber.com\/es\/wp-json\/wp\/v2\/product_cat?post=759"},{"taxonomy":"product_tag","embeddable":true,"href":"https:\/\/www.fenxifiber.com\/es\/wp-json\/wp\/v2\/product_tag?post=759"}],"curies":[{"name":"wp","href":"https:\/\/api.w.org\/{rel}","templated":true}]}}