{"id":764,"date":"2026-02-04T01:18:42","date_gmt":"2026-02-04T01:18:42","guid":{"rendered":"https:\/\/www.fenxifiber.com\/?post_type=product&#038;p=764"},"modified":"2026-02-04T02:11:45","modified_gmt":"2026-02-04T02:11:45","slug":"lc-apc-lc-upc-sm-sx","status":"publish","type":"product","link":"https:\/\/www.fenxifiber.com\/es\/product\/lc-apc-lc-upc-sm-sx\/","title":{"rendered":"The Diplomat: Cable de conexi\u00f3n simplex monomodo LC\/APC a LC\/UPC"},"content":{"rendered":"<h2 data-path-to-node=\"6\">Por qu\u00e9 esta configuraci\u00f3n h\u00edbrida es un salvavidas<\/h2>\n<ul data-path-to-node=\"7\">\n<li>\n<p data-path-to-node=\"7,0,0\"><b data-path-to-node=\"7,0,0\" data-index-in-node=\"0\">Resuelve los desajustes polacos:<\/b> No se puede conectar un conector APC a un puerto UPC sin que se produzca una p\u00e9rdida de se\u00f1al considerable. Este cable realiza la \u201cconversi\u00f3n\u201d internamente, lo que permite una transici\u00f3n perfecta.<\/p>\n<\/li>\n<li>\n<p data-path-to-node=\"7,1,0\"><b data-path-to-node=\"7,1,0\" data-index-in-node=\"0\">Huella LC de alta densidad:<\/b> Ambos extremos utilizan el conector Small Form Factor (SFF) de 1,25 mm, lo que permite ahorrar una gran cantidad de espacio en bastidores abarrotados.<\/p>\n<\/li>\n<li>\n<p data-path-to-node=\"7,2,0\"><b data-path-to-node=\"7,2,0\" data-index-in-node=\"0\">Rendimiento del modo \u00fanico OS2:<\/b> Fabricado con fibra G.652.D o G.657.A1 de primera calidad, lo que garantiza que puede manejar velocidades de datos de 10G, 25G e incluso 100G en largas distancias.<\/p>\n<\/li>\n<\/ul>\n<hr data-path-to-node=\"8\" \/>\n<h2 data-path-to-node=\"9\">Perfil de desempe\u00f1o t\u00e9cnico<\/h2>\n<p data-path-to-node=\"10\">Dado que este cable une dos geometr\u00edas de pulido diferentes, la precisi\u00f3n de f\u00e1brica lo es todo. A continuaci\u00f3n se muestra c\u00f3mo se mide:<\/p>\n<table data-path-to-node=\"11\">\n<thead>\n<tr>\n<td><strong>Par\u00e1metro<\/strong><\/td>\n<td><strong>Conector A (LC\/APC)<\/strong><\/td>\n<td><strong>Conector B (LC\/UPC)<\/strong><\/td>\n<td><strong>La ventaja<\/strong><\/td>\n<\/tr>\n<\/thead>\n<tbody>\n<tr>\n<td><span data-path-to-node=\"11,1,0,0\"><b data-path-to-node=\"11,1,0,0\" data-index-in-node=\"0\">C\u00f3digo de colores<\/b><\/span><\/td>\n<td><span data-path-to-node=\"11,1,1,0\">Verde<\/span><\/td>\n<td><span data-path-to-node=\"11,1,2,0\">Azul<\/span><\/td>\n<td><span data-path-to-node=\"11,1,3,0\">F\u00e1cil identificaci\u00f3n visual<\/span><\/td>\n<\/tr>\n<tr>\n<td><span data-path-to-node=\"11,2,0,0\"><b data-path-to-node=\"11,2,0,0\" data-index-in-node=\"0\">Pulido de la cara final<\/b><\/span><\/td>\n<td><span data-path-to-node=\"11,2,1,0\">8\u00b0 en \u00e1ngulo<\/span><\/td>\n<td><span data-path-to-node=\"11,2,2,0\">Contacto ultra f\u00edsico<\/span><\/td>\n<td><span data-path-to-node=\"11,2,3,0\">Conecta diferentes est\u00e1ndares de equipos.<\/span><\/td>\n<\/tr>\n<tr>\n<td><span data-path-to-node=\"11,3,0,0\"><b data-path-to-node=\"11,3,0,0\" data-index-in-node=\"0\">P\u00e9rdida de retorno<\/b><\/span><\/td>\n<td><span data-path-to-node=\"11,3,1,0\"><span class=\"math-inline\" data-math=\"\\geq 60 \\text{ dB}\" data-index-in-node=\"0\">$\\geq 60 dB$<\/span><\/span><\/td>\n<td><span data-path-to-node=\"11,3,2,0\"><span class=\"math-inline\" data-math=\"\\geq 50 \\text{ dB}\" data-index-in-node=\"0\">$\\geq 50 dB$<\/span><\/span><\/td>\n<td><span data-path-to-node=\"11,3,3,0\">Protecci\u00f3n superior para la fuente l\u00e1ser<\/span><\/td>\n<\/tr>\n<tr>\n<td><span data-path-to-node=\"11,4,0,0\"><b data-path-to-node=\"11,4,0,0\" data-index-in-node=\"0\">P\u00e9rdida de inserci\u00f3n<\/b><\/span><\/td>\n<td><span data-path-to-node=\"11,4,1,0\"><span class=\"math-inline\" data-math=\"\\leq 0.3 \\text{ dB}\" data-index-in-node=\"0\">$ \u2264 0,3 dB $<\/span><\/span><\/td>\n<td><span data-path-to-node=\"11,4,2,0\"><span class=\"math-inline\" data-math=\"\\leq 0.3 \\text{ dB}\" data-index-in-node=\"0\">$ \u2264 0,3 dB $<\/span><\/span><\/td>\n<td><span data-path-to-node=\"11,4,3,0\">Ca\u00edda de potencia insignificante<\/span><\/td>\n<\/tr>\n<tr>\n<td><span data-path-to-node=\"11,5,0,0\"><b data-path-to-node=\"11,5,0,0\" data-index-in-node=\"0\">Tipo de fibra<\/b><\/span><\/td>\n<td><span data-path-to-node=\"11,5,1,0\">Modo \u00fanico (9\/125 \u03bcm)<\/span><\/td>\n<td><span data-path-to-node=\"11,5,2,0\">Modo \u00fanico (9\/125 \u03bcm)<\/span><\/td>\n<td><span data-path-to-node=\"11,5,3,0\">Velocidad de se\u00f1al constante<\/span><\/td>\n<\/tr>\n<tr>\n<td><span data-path-to-node=\"11,6,0,0\"><b data-path-to-node=\"11,6,0,0\" data-index-in-node=\"0\">Chamarra<\/b><\/span><\/td>\n<td><span data-path-to-node=\"11,6,1,0\">2,0 mm LSZH<\/span><\/td>\n<td><span data-path-to-node=\"11,6,2,0\">2,0 mm LSZH<\/span><\/td>\n<td><span data-path-to-node=\"11,6,3,0\">Resistente al fuego y extremadamente flexible<\/span><\/td>\n<\/tr>\n<\/tbody>\n<\/table>\n<hr data-path-to-node=\"12\" \/>\n<h2 data-path-to-node=\"13\">Casos de uso estrat\u00e9gico<\/h2>\n<h3 data-path-to-node=\"14\">1. Conexi\u00f3n de transceptores a ODF<\/h3>\n<p data-path-to-node=\"15\">Muchos transceptores modernos de alta potencia requieren un <b data-path-to-node=\"15\" data-index-in-node=\"47\">APC<\/b> conexi\u00f3n para proteger el l\u00e1ser interno de la reflexi\u00f3n trasera. Sin embargo, muchos paneles de conexi\u00f3n de nivel empresarial siguen siendo <b data-path-to-node=\"15\" data-index-in-node=\"168\">UPC<\/b>. Este cable es el \u201ceslab\u00f3n perdido\u201d para esa conexi\u00f3n.<\/p>\n<h3 data-path-to-node=\"16\">2. Pruebas y mediciones<\/h3>\n<p data-path-to-node=\"17\">Los t\u00e9cnicos suelen utilizar este puente para conectar OTDR (reflect\u00f3metros \u00f3pticos en el dominio del tiempo) basados en APC a redes basadas en UPC para realizar pruebas y solucionar problemas sin necesidad de utilizar adaptadores voluminosos.<\/p>\n<h3 data-path-to-node=\"18\">3. Implementaciones de GPON y XGS-PON<\/h3>\n<p data-path-to-node=\"19\">A medida que evolucionan las redes PON, los entornos mixtos son cada vez m\u00e1s comunes. Contar con un puente LC\/APC-LC\/UPC confiable garantiza que pueda conectar ONT de nueva generaci\u00f3n a marcos de distribuci\u00f3n m\u00e1s antiguos.<\/p>\n<hr data-path-to-node=\"20\" \/>\n<h2 data-path-to-node=\"21\">Preguntas y respuestas de expertos: Preguntas frecuentes sobre el campo<\/h2>\n<p data-path-to-node=\"22\"><b data-path-to-node=\"22\" data-index-in-node=\"0\">P: \u00bfPuedo darle la vuelta al cable y utilizarlo en cualquier direcci\u00f3n?<\/b><\/p>\n<p data-path-to-node=\"22\"><b data-path-to-node=\"22\" data-index-in-node=\"56\">A:<\/b> T\u00e9cnicamente, s\u00ed: a la fibra no le importa en qu\u00e9 direcci\u00f3n va la luz. Sin embargo, t\u00fa <b data-path-to-node=\"22\" data-index-in-node=\"138\">deber<\/b> Aseg\u00farese de que el extremo verde siempre se conecte a un puerto verde y el extremo azul a un puerto azul. La coincidencia de colores es la regla de oro de la fibra \u00f3ptica.<\/p>\n<p data-path-to-node=\"23\"><b data-path-to-node=\"23\" data-index-in-node=\"0\">P: \u00bfPor qu\u00e9 el extremo LC\/APC tiene una mayor p\u00e9rdida de retorno?<\/b><\/p>\n<p data-path-to-node=\"23\"><b data-path-to-node=\"23\" data-index-in-node=\"54\">A:<\/b> El \u00e1ngulo de 8 grados de la f\u00e9rula APC refleja la luz hacia el revestimiento de la fibra en lugar de hacia la fuente. Por eso incide <span class=\"math-inline\" data-math=\"\\geq 60\\text{dB}\" data-index-in-node=\"190\">$\\geq 60\\text{dB}$<\/span>, en comparaci\u00f3n con el <span class=\"math-inline\" data-math=\"\\geq 50\\text{dB}\" data-index-in-node=\"224\">$\\geq 50\\text{dB}$<\/span> del extremo plano del UPC.<\/p>\n<p data-path-to-node=\"24\"><b data-path-to-node=\"24\" data-index-in-node=\"0\">P: \u00bfEs suficiente \u201cSimplex\u201d (SX) para mi enlace 10G?<\/b><\/p>\n<p data-path-to-node=\"24\"><b data-path-to-node=\"24\" data-index-in-node=\"45\">A:<\/b> Por supuesto. Si utiliza SFP BiDi (bidireccionales), solo necesita un hilo de fibra para enviar y recibir. Este cable \u201csimplex\u201d es la forma m\u00e1s sencilla de realizar el trabajo.<\/p>\n<p data-path-to-node=\"25\"><b data-path-to-node=\"25\" data-index-in-node=\"0\">P: \u00bfQu\u00e9 sucede si accidentalmente utilizo un cable APC-APC en lugar de este h\u00edbrido?<\/b><\/p>\n<p data-path-to-node=\"25\"><b data-path-to-node=\"25\" data-index-in-node=\"83\">A:<\/b> Si conecta un conector APC (verde) a un puerto UPC (azul), se producir\u00e1 un \u201cespacio de aire\u201d. Esto provocar\u00e1 una alta p\u00e9rdida de inserci\u00f3n (a menudo <span class=\"math-inline\" data-math=\"&gt;4\\text{dB}\" data-index-in-node=\"224\">$&gt;4\\text{dB}$<\/span>) y puede provocar que su enlace de red falle o pierda paquetes constantemente.<\/p>","protected":false},"excerpt":{"rendered":"<p data-path-to-node=\"4\"><span class=\"\">Si alguna vez ha visto un transceptor moderno y ha notado un puerto verde,<\/span><span class=\"\"> pero su panel de conexiones actual es estrictamente azul,<\/span><span class=\"\"> Te has topado con el muro de la compatibilidad.<\/span><span class=\"\"> En <\/span><b class=\"\" data-path-to-node=\"4\" data-index-in-node=\"159\">LC\/APC-LC\/UPC-SM-SX<\/b><span class=\"\"> es la soluci\u00f3n.<\/span><span class=\"\"> Es un saltador h\u00edbrido especializado que lleva un <\/span><b class=\"\" data-path-to-node=\"4\" data-index-in-node=\"245\">Verde LC\/APC<\/b><span class=\"\"> conector en un extremo y un <\/span><b class=\"\" data-path-to-node=\"4\" data-index-in-node=\"285\">Azul LC\/UPC<\/b><span class=\"\"> conector en el otro.<\/span><\/p>\n<p data-path-to-node=\"5\"><span class=\"\">Este cable se utiliza con frecuencia en <\/span><b class=\"\" data-path-to-node=\"5\" data-index-in-node=\"33\">FTTH (fibra hasta el hogar)<\/b><span class=\"\"> y <\/span><b class=\"\" data-path-to-node=\"5\" data-index-in-node=\"62\">GPON<\/b><span class=\"\"> entornos en los que el l\u00e1ser fuente requiere la alta p\u00e9rdida de retorno de un pulido APC,<\/span><span class=\"\"> pero el hardware de distribuci\u00f3n utiliza puertos UPC est\u00e1ndar.<\/span><\/p>","protected":false},"featured_media":765,"comment_status":"open","ping_status":"closed","template":"","meta":[],"product_brand":[],"product_cat":[45],"product_tag":[],"class_list":{"0":"post-764","1":"product","2":"type-product","3":"status-publish","4":"has-post-thumbnail","6":"product_cat-single-mode-fiber-optic-patch-cord","8":"first","9":"instock","10":"shipping-taxable","11":"product-type-simple"},"_links":{"self":[{"href":"https:\/\/www.fenxifiber.com\/es\/wp-json\/wp\/v2\/product\/764","targetHints":{"allow":["GET"]}}],"collection":[{"href":"https:\/\/www.fenxifiber.com\/es\/wp-json\/wp\/v2\/product"}],"about":[{"href":"https:\/\/www.fenxifiber.com\/es\/wp-json\/wp\/v2\/types\/product"}],"replies":[{"embeddable":true,"href":"https:\/\/www.fenxifiber.com\/es\/wp-json\/wp\/v2\/comments?post=764"}],"wp:featuredmedia":[{"embeddable":true,"href":"https:\/\/www.fenxifiber.com\/es\/wp-json\/wp\/v2\/media\/765"}],"wp:attachment":[{"href":"https:\/\/www.fenxifiber.com\/es\/wp-json\/wp\/v2\/media?parent=764"}],"wp:term":[{"taxonomy":"product_brand","embeddable":true,"href":"https:\/\/www.fenxifiber.com\/es\/wp-json\/wp\/v2\/product_brand?post=764"},{"taxonomy":"product_cat","embeddable":true,"href":"https:\/\/www.fenxifiber.com\/es\/wp-json\/wp\/v2\/product_cat?post=764"},{"taxonomy":"product_tag","embeddable":true,"href":"https:\/\/www.fenxifiber.com\/es\/wp-json\/wp\/v2\/product_tag?post=764"}],"curies":[{"name":"wp","href":"https:\/\/api.w.org\/{rel}","templated":true}]}}