{"id":767,"date":"2026-02-04T01:20:47","date_gmt":"2026-02-04T01:20:47","guid":{"rendered":"https:\/\/www.fenxifiber.com\/?post_type=product&#038;p=767"},"modified":"2026-02-04T02:12:09","modified_gmt":"2026-02-04T02:12:09","slug":"fc-upc-fc-apc-sm-sx","status":"publish","type":"product","link":"https:\/\/www.fenxifiber.com\/es\/product\/fc-upc-fc-apc-sm-sx\/","title":{"rendered":"FC\/UPC a FC\/APC Cable de conexi\u00f3n de fibra \u00f3ptica monomodo simplex"},"content":{"rendered":"<h2 data-path-to-node=\"5\">\u00bfPor qu\u00e9 el h\u00edbrido FC-FC?<\/h2>\n<p data-path-to-node=\"6\">Si bien la industria ha experimentado un aumento en el uso de conectores de pl\u00e1stico, el <b data-path-to-node=\"6\" data-index-in-node=\"62\">FC (conector de f\u00e9rula)<\/b> sigue siendo el rey de la estabilidad. Su acoplamiento met\u00e1lico de tipo tornillo garantiza que la conexi\u00f3n sea pr\u00e1cticamente inmune a las vibraciones, lo que lo convierte en el est\u00e1ndar para:<\/p>\n<ul data-path-to-node=\"7\">\n<li>\n<p data-path-to-node=\"7,0,0\"><b data-path-to-node=\"7,0,0\" data-index-in-node=\"0\">Prueba y medici\u00f3n:<\/b> Conexi\u00f3n de OTDR a redes basadas en APC.<\/p>\n<\/li>\n<li>\n<p data-path-to-node=\"7,1,0\"><b data-path-to-node=\"7,1,0\" data-index-in-node=\"0\">Automatizaci\u00f3n industrial:<\/b> Entornos con altas vibraciones en los que los clips podr\u00edan fallar.<\/p>\n<\/li>\n<li>\n<p data-path-to-node=\"7,2,0\"><b data-path-to-node=\"7,2,0\" data-index-in-node=\"0\">Marina y aeroespacial:<\/b> Cuando el bloqueo mec\u00e1nico es un requisito de seguridad.<\/p>\n<\/li>\n<\/ul>\n<hr data-path-to-node=\"8\" \/>\n<h2 data-path-to-node=\"9\">Especificaciones t\u00e9cnicas de rendimiento<\/h2>\n<p data-path-to-node=\"10\">Este puente monomodo OS2, que cumple con los est\u00e1ndares de la industria para 2026, est\u00e1 dise\u00f1ado para ofrecer precisi\u00f3n.<\/p>\n<table data-path-to-node=\"11\">\n<thead>\n<tr>\n<td><strong>Par\u00e1metro<\/strong><\/td>\n<td><strong>Lado FC\/UPC (azul)<\/strong><\/td>\n<td><strong>Lado FC\/APC (verde)<\/strong><\/td>\n<td><strong>Beneficio t\u00e9cnico<\/strong><\/td>\n<\/tr>\n<\/thead>\n<tbody>\n<tr>\n<td><span data-path-to-node=\"11,1,0,0\"><b data-path-to-node=\"11,1,0,0\" data-index-in-node=\"0\">Tipo de polaco<\/b><\/span><\/td>\n<td><span data-path-to-node=\"11,1,1,0\">Contacto f\u00edsico extremo<\/span><\/td>\n<td><span data-path-to-node=\"11,1,2,0\">8\u00b0 Contacto f\u00edsico en \u00e1ngulo<\/span><\/td>\n<td><span data-path-to-node=\"11,1,3,0\">Puentes est\u00e1ndar y puertos de alta p\u00e9rdida de retorno<\/span><\/td>\n<\/tr>\n<tr>\n<td><span data-path-to-node=\"11,2,0,0\"><b data-path-to-node=\"11,2,0,0\" data-index-in-node=\"0\">P\u00e9rdida de retorno<\/b><\/span><\/td>\n<td><span data-path-to-node=\"11,2,1,0\"><span class=\"math-inline\" data-math=\"\\geq 50 \\text{ dB}\" data-index-in-node=\"0\">$\\geq 50 dB$<\/span><\/span><\/td>\n<td><span data-path-to-node=\"11,2,2,0\"><span class=\"math-inline\" data-math=\"\\geq 60 \\text{ dB}\" data-index-in-node=\"0\">$\\geq 60 dB$<\/span><\/span><\/td>\n<td><span data-path-to-node=\"11,2,3,0\">Protege los l\u00e1seres sensibles contra la reflexi\u00f3n trasera.<\/span><\/td>\n<\/tr>\n<tr>\n<td><span data-path-to-node=\"11,3,0,0\"><b data-path-to-node=\"11,3,0,0\" data-index-in-node=\"0\">P\u00e9rdida de inserci\u00f3n<\/b><\/span><\/td>\n<td><span data-path-to-node=\"11,3,1,0\"><span class=\"math-inline\" data-math=\"\\leq 0.3 \\text{ dB}\" data-index-in-node=\"0\">$ \u2264 0,3 dB $<\/span><\/span><\/td>\n<td><span data-path-to-node=\"11,3,2,0\"><span class=\"math-inline\" data-math=\"\\leq 0.3 \\text{ dB}\" data-index-in-node=\"0\">$ \u2264 0,3 dB $<\/span><\/span><\/td>\n<td><span data-path-to-node=\"11,3,3,0\">Garantiza la m\u00e1xima intensidad de se\u00f1al.<\/span><\/td>\n<\/tr>\n<tr>\n<td><span data-path-to-node=\"11,4,0,0\"><b data-path-to-node=\"11,4,0,0\" data-index-in-node=\"0\">N\u00facleo de fibra<\/b><\/span><\/td>\n<td><span data-path-to-node=\"11,4,1,0\">9\/125 \u03bcm (OS2)<\/span><\/td>\n<td><span data-path-to-node=\"11,4,2,0\">9\/125 \u03bcm (OS2)<\/span><\/td>\n<td><span data-path-to-node=\"11,4,3,0\">Rendimiento monomodo constante<\/span><\/td>\n<\/tr>\n<tr>\n<td><span data-path-to-node=\"11,5,0,0\"><b data-path-to-node=\"11,5,0,0\" data-index-in-node=\"0\">Vivienda<\/b><\/span><\/td>\n<td><span data-path-to-node=\"11,5,1,0\">Metal niquelado<\/span><\/td>\n<td><span data-path-to-node=\"11,5,2,0\">Metal niquelado<\/span><\/td>\n<td><span data-path-to-node=\"11,5,3,0\">M\u00e1xima durabilidad mec\u00e1nica<\/span><\/td>\n<\/tr>\n<tr>\n<td><span data-path-to-node=\"11,6,0,0\"><b data-path-to-node=\"11,6,0,0\" data-index-in-node=\"0\">Chamarra<\/b><\/span><\/td>\n<td><span data-path-to-node=\"11,6,1,0\">2,0 mm\/3,0 mm LSZH<\/span><\/td>\n<td><span data-path-to-node=\"11,6,2,0\">2,0 mm\/3,0 mm LSZH<\/span><\/td>\n<td><span data-path-to-node=\"11,6,3,0\">Resistente al fuego y flexible<\/span><\/td>\n<\/tr>\n<\/tbody>\n<\/table>\n<hr data-path-to-node=\"12\" \/>\n<h2 data-path-to-node=\"13\">Ventajas clave del producto<\/h2>\n<h3 data-path-to-node=\"14\">1. Seguridad a prueba de vibraciones<\/h3>\n<p data-path-to-node=\"15\">A diferencia de los conectores push-pull (SC o LC), la tuerca roscada del FC proporciona una presi\u00f3n constante y bloqueada sobre la f\u00e9rula cer\u00e1mica de 2,5 mm. Esto garantiza que el n\u00facleo de fibra de 9 micras permanezca perfectamente alineado incluso en entornos dif\u00edciles.<\/p>\n<h3 data-path-to-node=\"16\">2. El escudo de \u201cretro-reflexi\u00f3n\u201d<\/h3>\n<p data-path-to-node=\"17\">Al proporcionar un <b data-path-to-node=\"17\" data-index-in-node=\"16\">APC (Verde)<\/b> final, este cable le permite conectarse a transmisores de alta potencia que requieren un <span class=\"math-inline\" data-math=\"&gt;60\\text{dB}\" data-index-in-node=\"108\">$&gt;60\\text{dB}$<\/span> P\u00e9rdida de retorno para evitar da\u00f1os por l\u00e1ser, sin dejar de interactuar con el est\u00e1ndar. <b data-path-to-node=\"17\" data-index-in-node=\"196\">UPC (Azul)<\/b> equipo en el otro extremo.<\/p>\n<h3 data-path-to-node=\"18\">3. N\u00facleo de fibra G.652.D \/ G.657.A1<\/h3>\n<p data-path-to-node=\"19\">Utilizamos fibra monomodo de primera calidad que admite todas las longitudes de onda est\u00e1ndar (<span class=\"math-inline\" data-math=\"1310\\text{nm}\" data-index-in-node=\"73\">$1310\\text{nm}$<\/span>, <span class=\"math-inline\" data-math=\"1490\\text{nm}\" data-index-in-node=\"88\">$1490\\text{nm}$<\/span>, <span class=\"math-inline\" data-math=\"1550\\text{nm}\" data-index-in-node=\"103\">$1550\\text{nm}$<\/span>), lo que lo hace apto para el futuro en lo que respecta a la transmisi\u00f3n de datos y v\u00eddeo a alta velocidad.<\/p>\n<hr data-path-to-node=\"20\" \/>\n<h2 data-path-to-node=\"21\">Preguntas y respuestas profesionales: Perspectivas desde el terreno<\/h2>\n<p data-path-to-node=\"22\"><b data-path-to-node=\"22\" data-index-in-node=\"0\">P1: \u00bfPuedo usar este cable para conectar mi panel de conexiones Blue FC a un medidor de potencia Green FC?<\/b><\/p>\n<p data-path-to-node=\"22\"><b data-path-to-node=\"22\" data-index-in-node=\"86\">A:<\/b> S\u00ed, ese es precisamente el prop\u00f3sito para el que se ha dise\u00f1ado este cable. Garantiza que el lado \u201cazul\u201d de su red pueda comunicarse con el lado \u201cverde\u201d de su equipo de prueba o hardware de alta sensibilidad sin provocar una separaci\u00f3n f\u00edsica.<\/p>\n<p data-path-to-node=\"23\"><b data-path-to-node=\"23\" data-index-in-node=\"0\">P2: \u00bfQu\u00e9 sucede si utilizo un cable FC\/UPC-FC\/UPC est\u00e1ndar en su lugar?<\/b><\/p>\n<p data-path-to-node=\"23\"><b data-path-to-node=\"23\" data-index-in-node=\"66\">A:<\/b> Si conecta un conector UPC (azul) a un puerto APC (verde), la cara plana golpear\u00e1 la cara angulada en un solo punto, creando un gran espacio de aire. Esto da como resultado <b data-path-to-node=\"23\" data-index-in-node=\"238\">alta p\u00e9rdida de inserci\u00f3n<\/b> y un enorme reflejo posterior, que puede interrumpir la se\u00f1al o da\u00f1ar el equipo.<\/p>\n<p data-path-to-node=\"24\"><b data-path-to-node=\"24\" data-index-in-node=\"0\">P3: \u00bfLa versi\u00f3n \u201cSimplex\u201d (SX) es lo suficientemente resistente para uso industrial?<\/b><\/p>\n<p data-path-to-node=\"24\"><b data-path-to-node=\"24\" data-index-in-node=\"69\">A:<\/b> Por supuesto. Dado que ambos extremos son conectores FC met\u00e1licos y la cubierta suele ser <b data-path-to-node=\"24\" data-index-in-node=\"155\">3,0 mm LSZH<\/b>, es mucho m\u00e1s resistente que un puente LC d\u00faplex est\u00e1ndar. Est\u00e1 dise\u00f1ado para soportar manipulaciones repetidas y esfuerzos mec\u00e1nicos.<\/p>\n<p data-path-to-node=\"25\"><b data-path-to-node=\"25\" data-index-in-node=\"0\">P4: \u00bfC\u00f3mo se mantienen estos conectores met\u00e1licos?<\/b><\/p>\n<p data-path-to-node=\"25\"><b data-path-to-node=\"25\" data-index-in-node=\"49\">A:<\/b> Como se atornillan, aseg\u00farate de no apretarlos demasiado. Basta con apretarlos a mano. Adem\u00e1s, dado que los casquillos FC quedan expuestos cuando se desconectan, utiliza siempre las tapas antipolvo suministradas para evitar rayaduras en las puntas de cer\u00e1mica.<\/p>","protected":false},"excerpt":{"rendered":"<p data-path-to-node=\"4\">En el mundo de la fibra de alto rendimiento, no todos los puertos \u201cverdes\u201d funcionan bien con los \u201cazules\u201d. El <b data-path-to-node=\"4\" data-index-in-node=\"94\">FC\/UPC-FC\/APC-SM-SX<\/b> es un cable de conversi\u00f3n especializado que resuelve el problema del \u201cdesajuste polaco\u201d. Cuenta con un conector met\u00e1lico roscado. <b data-path-to-node=\"4\" data-index-in-node=\"222\">FC\/UPC (azul)<\/b> conector en un extremo y un <b data-path-to-node=\"4\" data-index-in-node=\"264\">FC\/APC (verde)<\/b> conector en el otro extremo, este puente permite una conexi\u00f3n directa y de baja p\u00e9rdida entre diferentes est\u00e1ndares \u00f3pticos sin necesidad de adaptadores que degradan la se\u00f1al.<\/p>\n<h2 data-path-to-node=\"5\"><\/h2>","protected":false},"featured_media":768,"comment_status":"open","ping_status":"closed","template":"","meta":[],"product_brand":[],"product_cat":[45],"product_tag":[],"class_list":{"0":"post-767","1":"product","2":"type-product","3":"status-publish","4":"has-post-thumbnail","6":"product_cat-single-mode-fiber-optic-patch-cord","8":"first","9":"instock","10":"shipping-taxable","11":"product-type-simple"},"_links":{"self":[{"href":"https:\/\/www.fenxifiber.com\/es\/wp-json\/wp\/v2\/product\/767","targetHints":{"allow":["GET"]}}],"collection":[{"href":"https:\/\/www.fenxifiber.com\/es\/wp-json\/wp\/v2\/product"}],"about":[{"href":"https:\/\/www.fenxifiber.com\/es\/wp-json\/wp\/v2\/types\/product"}],"replies":[{"embeddable":true,"href":"https:\/\/www.fenxifiber.com\/es\/wp-json\/wp\/v2\/comments?post=767"}],"wp:featuredmedia":[{"embeddable":true,"href":"https:\/\/www.fenxifiber.com\/es\/wp-json\/wp\/v2\/media\/768"}],"wp:attachment":[{"href":"https:\/\/www.fenxifiber.com\/es\/wp-json\/wp\/v2\/media?parent=767"}],"wp:term":[{"taxonomy":"product_brand","embeddable":true,"href":"https:\/\/www.fenxifiber.com\/es\/wp-json\/wp\/v2\/product_brand?post=767"},{"taxonomy":"product_cat","embeddable":true,"href":"https:\/\/www.fenxifiber.com\/es\/wp-json\/wp\/v2\/product_cat?post=767"},{"taxonomy":"product_tag","embeddable":true,"href":"https:\/\/www.fenxifiber.com\/es\/wp-json\/wp\/v2\/product_tag?post=767"}],"curies":[{"name":"wp","href":"https:\/\/api.w.org\/{rel}","templated":true}]}}