{"id":769,"date":"2026-02-04T01:24:01","date_gmt":"2026-02-04T01:24:01","guid":{"rendered":"https:\/\/www.fenxifiber.com\/?post_type=product&#038;p=769"},"modified":"2026-02-04T02:12:43","modified_gmt":"2026-02-04T02:12:43","slug":"sc-upc-sc-apc-sm-sx","status":"publish","type":"product","link":"https:\/\/www.fenxifiber.com\/es\/product\/sc-upc-sc-apc-sm-sx\/","title":{"rendered":"Cable de conexi\u00f3n de fibra \u00f3ptica simplex monomodo SC\/UPC a SC\/APC"},"content":{"rendered":"<h2 data-path-to-node=\"6\">La l\u00f3gica h\u00edbrida: el azul se une al verde<\/h2>\n<ul data-path-to-node=\"7\">\n<li>\n<p data-path-to-node=\"7,0,0\"><b data-path-to-node=\"7,0,0\" data-index-in-node=\"0\">SC\/UPC (azul):<\/b> El extremo \u201cUltra Physical Contact\u201d. Es el est\u00e1ndar para la transmisi\u00f3n general de datos digitales y las redes LAN empresariales, donde basta con un pulido plano y de alta precisi\u00f3n.<\/p>\n<\/li>\n<li>\n<p data-path-to-node=\"7,1,0\"><b data-path-to-node=\"7,1,0\" data-index-in-node=\"0\">SC\/APC (verde):<\/b> El extremo \u201cAngled Physical Contact\u201d (contacto f\u00edsico en \u00e1ngulo). Con una inclinaci\u00f3n de 8 grados, es obligatorio para CATV, GPON y sistemas de alta velocidad de bits para eliminar la reflexi\u00f3n trasera.<\/p>\n<\/li>\n<li>\n<p data-path-to-node=\"7,2,0\"><b data-path-to-node=\"7,2,0\" data-index-in-node=\"0\">SM SX (modo simplex \u00fanico):<\/b> Una sola hebra de fibra OS2 de 9\/125 \u03bcm que admite comunicaciones de larga distancia con una capacidad de ancho de banda casi infinita.<\/p>\n<\/li>\n<\/ul>\n<hr data-path-to-node=\"8\" \/>\n<h2 data-path-to-node=\"9\">Desglose del rendimiento t\u00e9cnico<\/h2>\n<p data-path-to-node=\"10\">Para obtener una conexi\u00f3n confiable, la transici\u00f3n entre UPC y APC debe ser perfecta. Nuestros cables cumplen con los siguientes est\u00e1ndares de la industria para 2026:<\/p>\n<table data-path-to-node=\"11\">\n<thead>\n<tr>\n<td><strong>Especificaci\u00f3n<\/strong><\/td>\n<td><strong>Lado SC\/UPC<\/strong><\/td>\n<td><strong>Lado SC\/APC<\/strong><\/td>\n<td><strong>Beneficio profesional<\/strong><\/td>\n<\/tr>\n<\/thead>\n<tbody>\n<tr>\n<td><span data-path-to-node=\"11,1,0,0\"><b data-path-to-node=\"11,1,0,0\" data-index-in-node=\"0\">Color del conector<\/b><\/span><\/td>\n<td><span data-path-to-node=\"11,1,1,0\">Azul<\/span><\/td>\n<td><span data-path-to-node=\"11,1,2,0\">Verde<\/span><\/td>\n<td><span data-path-to-node=\"11,1,3,0\">Emparejamiento visual instant\u00e1neo de puertos<\/span><\/td>\n<\/tr>\n<tr>\n<td><span data-path-to-node=\"11,2,0,0\"><b data-path-to-node=\"11,2,0,0\" data-index-in-node=\"0\">P\u00e9rdida de retorno<\/b><\/span><\/td>\n<td><span data-path-to-node=\"11,2,1,0\"><span class=\"math-inline\" data-math=\"\\geq 50 \\text{ dB}\" data-index-in-node=\"0\">$\\geq 50 dB$<\/span><\/span><\/td>\n<td><span data-path-to-node=\"11,2,2,0\"><span class=\"math-inline\" data-math=\"\\geq 65 \\text{ dB}\" data-index-in-node=\"0\">$\\geq 65 dB$<\/span><\/span><\/td>\n<td><span data-path-to-node=\"11,2,3,0\">Protege los l\u00e1seres fuente del ruido.<\/span><\/td>\n<\/tr>\n<tr>\n<td><span data-path-to-node=\"11,3,0,0\"><b data-path-to-node=\"11,3,0,0\" data-index-in-node=\"0\">P\u00e9rdida de inserci\u00f3n<\/b><\/span><\/td>\n<td><span data-path-to-node=\"11,3,1,0\"><span class=\"math-inline\" data-math=\"\\leq 0.3 \\text{ dB}\" data-index-in-node=\"0\">$ \u2264 0,3 dB $<\/span><\/span><\/td>\n<td><span data-path-to-node=\"11,3,2,0\"><span class=\"math-inline\" data-math=\"\\leq 0.3 \\text{ dB}\" data-index-in-node=\"0\">$ \u2264 0,3 dB $<\/span><\/span><\/td>\n<td><span data-path-to-node=\"11,3,3,0\">M\u00ednima atenuaci\u00f3n de la se\u00f1al luminosa<\/span><\/td>\n<\/tr>\n<tr>\n<td><span data-path-to-node=\"11,4,0,0\"><b data-path-to-node=\"11,4,0,0\" data-index-in-node=\"0\">Grado de fibra<\/b><\/span><\/td>\n<td><span data-path-to-node=\"11,4,1,0\">OS2 (9\/125 \u03bcm)<\/span><\/td>\n<td><span data-path-to-node=\"11,4,2,0\">OS2 (9\/125 \u03bcm)<\/span><\/td>\n<td><span data-path-to-node=\"11,4,3,0\">Cumple con las normas G.652.D\/G.657.A1.<\/span><\/td>\n<\/tr>\n<tr>\n<td><span data-path-to-node=\"11,5,0,0\"><b data-path-to-node=\"11,5,0,0\" data-index-in-node=\"0\">Material de la chaqueta<\/b><\/span><\/td>\n<td><span data-path-to-node=\"11,5,1,0\">LSZH (amarillo)<\/span><\/td>\n<td><span data-path-to-node=\"11,5,2,0\">LSZH (amarillo)<\/span><\/td>\n<td><span data-path-to-node=\"11,5,3,0\">A prueba de incendios y conforme a las normas de construcci\u00f3n<\/span><\/td>\n<\/tr>\n<tr>\n<td><span data-path-to-node=\"11,6,0,0\"><b data-path-to-node=\"11,6,0,0\" data-index-in-node=\"0\">Ciclos de apareamiento<\/b><\/span><\/td>\n<td><span data-path-to-node=\"11,6,1,0\"><span class=\"math-inline\" data-math=\"&gt;1000\" data-index-in-node=\"0\">$&gt;1000$<\/span> veces<\/span><\/td>\n<td><span data-path-to-node=\"11,6,2,0\"><span class=\"math-inline\" data-math=\"&gt;1000\" data-index-in-node=\"0\">$&gt;1000$<\/span> veces<\/span><\/td>\n<td><span data-path-to-node=\"11,6,3,0\">Duradero para reacondicionamientos frecuentes<\/span><\/td>\n<\/tr>\n<\/tbody>\n<\/table>\n<hr data-path-to-node=\"12\" \/>\n<h2 data-path-to-node=\"13\">Por qu\u00e9 este puente es esencial para las redes modernas<\/h2>\n<h3 data-path-to-node=\"14\">1. Interoperabilidad perfecta<\/h3>\n<p data-path-to-node=\"15\">A medida que las redes de los proveedores de servicios de Internet se actualizan a XGS-PON o 50G-PON, la \u201c\u00faltima milla\u201d suele utilizar conectores APC. Sin embargo, es posible que la red troncal existente siga siendo UPC. Este cable proporciona la ruta directa para conectar estos dos mundos sin necesidad de sustituir todos los paneles de conexi\u00f3n.<\/p>\n<h3 data-path-to-node=\"16\">2. Protecci\u00f3n contra reflejos traseros<\/h3>\n<p data-path-to-node=\"17\">Al utilizar el <b data-path-to-node=\"17\" data-index-in-node=\"13\">APC (Verde)<\/b> terminaci\u00f3n en su transmisor sensible (como un l\u00e1ser CATV o un EDFA), se asegura de que la luz reflejada se dirija hacia el revestimiento de la fibra, manteniendo una alta p\u00e9rdida de retorno de <b data-path-to-node=\"17\" data-index-in-node=\"198\"><span class=\"math-inline\" data-math=\"\\geq 65\\text{dB}\" data-index-in-node=\"198\">$\\geq 65\\text{dB}$<\/span><\/b> incluso si el otro extremo es un UPC est\u00e1ndar.<\/p>\n<h3 data-path-to-node=\"18\">3. Dise\u00f1o simplex que aprovecha el espacio<\/h3>\n<p data-path-to-node=\"19\">Para <b data-path-to-node=\"19\" data-index-in-node=\"4\">BiDi (bidireccional)<\/b> Enlaces: \u00bfpor qu\u00e9 utilizar dos fibras cuando basta con una? El dise\u00f1o Simplex (SX) reduce el volumen de los cables en las bandejas y facilita su gesti\u00f3n en armarios ODF (marco de distribuci\u00f3n \u00f3ptica) estrechos.<\/p>\n<hr data-path-to-node=\"20\" \/>\n<h2 data-path-to-node=\"21\">Preguntas y respuestas de expertos: Perspectivas sobre el terreno<\/h2>\n<p data-path-to-node=\"22\"><b data-path-to-node=\"22\" data-index-in-node=\"0\">P: \u00bfPuedo conectar el extremo azul en un puerto verde solo para hacer una prueba r\u00e1pida?<\/b><\/p>\n<p data-path-to-node=\"22\"><b data-path-to-node=\"22\" data-index-in-node=\"68\">A:<\/b> <b data-path-to-node=\"22\" data-index-in-node=\"71\">No.<\/b> Esta es la forma m\u00e1s r\u00e1pida de arruinar una conexi\u00f3n. El extremo UPC es plano y el puerto APC es angular. Al conectarlos se crea un \u201cpunto de contacto\u201d f\u00edsico que puede rayar ambos casquillos cer\u00e1micos y que sin duda provocar\u00e1 un espacio de aire con una p\u00e9rdida de se\u00f1al considerable.<\/p>\n<p data-path-to-node=\"23\"><b data-path-to-node=\"23\" data-index-in-node=\"0\">P: \u00bfPor qu\u00e9 la p\u00e9rdida de retorno es diferente en cada extremo?<\/b><\/p>\n<p data-path-to-node=\"23\"><b data-path-to-node=\"23\" data-index-in-node=\"49\">A:<\/b> La p\u00e9rdida de retorno es una propiedad del pulido del conector. El \u00e1ngulo de 8 grados en el <b data-path-to-node=\"23\" data-index-in-node=\"131\">APC (Verde)<\/b> El extremo est\u00e1 dise\u00f1ado matem\u00e1ticamente para reducir el reflejo de manera m\u00e1s eficaz que el plano. <b data-path-to-node=\"23\" data-index-in-node=\"226\">UPC (Azul)<\/b> final, por lo que tiene una clasificaci\u00f3n m\u00e1s alta (65 dB frente a 50 dB).<\/p>\n<p data-path-to-node=\"24\"><b data-path-to-node=\"24\" data-index-in-node=\"0\">P: \u00bfEste cable es compatible con velocidades de 100G?<\/b><\/p>\n<p data-path-to-node=\"24\"><b data-path-to-node=\"24\" data-index-in-node=\"46\">A:<\/b> Por supuesto. El <b data-path-to-node=\"24\" data-index-in-node=\"65\">OS2<\/b> El n\u00facleo de fibra monomodo es m\u00e1s que capaz de manejar velocidades de datos de 100G, 400G e incluso 800G, siempre que sus transceptores y equipos de red est\u00e9n clasificados para esas velocidades.<\/p>\n<p data-path-to-node=\"25\"><b data-path-to-node=\"25\" data-index-in-node=\"0\">P: \u00bfC\u00f3mo puedo identificar este cable en un rack abarrotado?<\/b><\/p>\n<p data-path-to-node=\"25\"><b data-path-to-node=\"25\" data-index-in-node=\"51\">A:<\/b> Simplemente observe las fundas y carcasas de los conectores. Un extremo ser\u00e1 <b data-path-to-node=\"25\" data-index-in-node=\"119\">Azul<\/b> y el otro ser\u00e1 <b data-path-to-node=\"25\" data-index-in-node=\"146\">Verde<\/b>. Este c\u00f3digo de colores es una norma internacional para evitar que los t\u00e9cnicos realicen conexiones incorrectas.<\/p>","protected":false},"excerpt":{"rendered":"<p data-path-to-node=\"4\">En muchas instalaciones de fibra \u00f3ptica, se encontrar\u00e1 con un \u201cchoque de colores\u201d: su panel de distribuci\u00f3n es <b data-path-to-node=\"4\" data-index-in-node=\"90\">Azul (UPC)<\/b>, pero su nuevo equipo de alta velocidad requiere <b data-path-to-node=\"4\" data-index-in-node=\"145\">Verde (APC)<\/b>. El <b data-path-to-node=\"4\" data-index-in-node=\"162\">SC\/UPC-SC\/APC-SM-SX<\/b> es la soluci\u00f3n dise\u00f1ada para este problema.<\/p>\n<p data-path-to-node=\"5\">Este cable h\u00edbrido cuenta con un conector SC\/UPC est\u00e1ndar en un extremo y un conector SC\/APC con \u00e1ngulo de precisi\u00f3n en el otro. Permite a los ingenieros de redes integrar la infraestructura monomodo heredada con hardware moderno de alta sensibilidad sin la degradaci\u00f3n de la se\u00f1al que causan los adaptadores independientes.<\/p>","protected":false},"featured_media":772,"comment_status":"open","ping_status":"closed","template":"","meta":[],"product_brand":[],"product_cat":[45],"product_tag":[],"class_list":{"0":"post-769","1":"product","2":"type-product","3":"status-publish","4":"has-post-thumbnail","6":"product_cat-single-mode-fiber-optic-patch-cord","8":"first","9":"instock","10":"shipping-taxable","11":"product-type-simple"},"_links":{"self":[{"href":"https:\/\/www.fenxifiber.com\/es\/wp-json\/wp\/v2\/product\/769","targetHints":{"allow":["GET"]}}],"collection":[{"href":"https:\/\/www.fenxifiber.com\/es\/wp-json\/wp\/v2\/product"}],"about":[{"href":"https:\/\/www.fenxifiber.com\/es\/wp-json\/wp\/v2\/types\/product"}],"replies":[{"embeddable":true,"href":"https:\/\/www.fenxifiber.com\/es\/wp-json\/wp\/v2\/comments?post=769"}],"wp:featuredmedia":[{"embeddable":true,"href":"https:\/\/www.fenxifiber.com\/es\/wp-json\/wp\/v2\/media\/772"}],"wp:attachment":[{"href":"https:\/\/www.fenxifiber.com\/es\/wp-json\/wp\/v2\/media?parent=769"}],"wp:term":[{"taxonomy":"product_brand","embeddable":true,"href":"https:\/\/www.fenxifiber.com\/es\/wp-json\/wp\/v2\/product_brand?post=769"},{"taxonomy":"product_cat","embeddable":true,"href":"https:\/\/www.fenxifiber.com\/es\/wp-json\/wp\/v2\/product_cat?post=769"},{"taxonomy":"product_tag","embeddable":true,"href":"https:\/\/www.fenxifiber.com\/es\/wp-json\/wp\/v2\/product_tag?post=769"}],"curies":[{"name":"wp","href":"https:\/\/api.w.org\/{rel}","templated":true}]}}