{"id":776,"date":"2026-02-04T01:27:07","date_gmt":"2026-02-04T01:27:07","guid":{"rendered":"https:\/\/www.fenxifiber.com\/?post_type=product&#038;p=776"},"modified":"2026-02-04T02:15:14","modified_gmt":"2026-02-04T02:15:14","slug":"lc-apc-lc-apc-sm-sx-2","status":"publish","type":"product","link":"https:\/\/www.fenxifiber.com\/es\/product\/lc-apc-lc-apc-sm-sx-2\/","title":{"rendered":"Cable de conexi\u00f3n simplex monomodo LC\/APC a LC\/APC"},"content":{"rendered":"<h2 data-path-to-node=\"6\">Por qu\u00e9 la geometr\u00eda LC\/APC ser\u00e1 esencial en 2026<\/h2>\n<p data-path-to-node=\"7\">La raz\u00f3n del predominio de LC\/APC radica en dos caracter\u00edsticas de dise\u00f1o fundamentales:<\/p>\n<ol start=\"1\" data-path-to-node=\"8\">\n<li>\n<p data-path-to-node=\"8,0,0\"><b data-path-to-node=\"8,0,0\" data-index-in-node=\"0\">Alta densidad de puertos:<\/b> El conector LC tiene aproximadamente la mitad del tama\u00f1o del antiguo conector SC. Esto permite a los arquitectos de redes duplicar la capacidad de fibra en un panel de conexi\u00f3n est\u00e1ndar de 1U, lo que da soporte a la enorme escala que requieren los proveedores de servicios en la nube modernos.<\/p>\n<\/li>\n<li>\n<p data-path-to-node=\"8,1,0\"><b data-path-to-node=\"8,1,0\" data-index-in-node=\"0\">Control de reflexi\u00f3n de tolerancia cero:<\/b> La designaci\u00f3n \u201cAPC\u201d significa que la f\u00e9rula cer\u00e1mica est\u00e1 pulida con una precisi\u00f3n de <b data-path-to-node=\"8,1,0\" data-index-in-node=\"108\">\u00e1ngulo de 8 grados<\/b>. Esto garantiza que la reflexi\u00f3n trasera se acople al revestimiento, logrando una p\u00e9rdida de retorno significativamente mayor que la de los conectores planos est\u00e1ndar.<\/p>\n<\/li>\n<\/ol>\n<hr data-path-to-node=\"9\" \/>\n<h2 data-path-to-node=\"10\">Matriz de rendimiento t\u00e9cnico<\/h2>\n<p data-path-to-node=\"11\">Nuestros puentes LC\/APC est\u00e1n fabricados con materiales de primera calidad. <b data-path-to-node=\"11\" data-index-in-node=\"43\">Fibra \u00f3ptica insensible a la flexi\u00f3n G.657.A1<\/b>, lo que permite un enrutamiento m\u00e1s ajustado en recintos abarrotados sin comprometer la integridad de la se\u00f1al.<\/p>\n<table data-path-to-node=\"12\">\n<thead>\n<tr>\n<td><strong>Par\u00e1metro<\/strong><\/td>\n<td><strong>Norma profesional 2026<\/strong><\/td>\n<td><strong>Por qu\u00e9 es importante<\/strong><\/td>\n<\/tr>\n<\/thead>\n<tbody>\n<tr>\n<td><span data-path-to-node=\"12,1,0,0\"><b data-path-to-node=\"12,1,0,0\" data-index-in-node=\"0\">Tipo de conector<\/b><\/span><\/td>\n<td><span data-path-to-node=\"12,1,1,0\">LC\/APC a LC\/APC<\/span><\/td>\n<td><span data-path-to-node=\"12,1,2,0\">Dise\u00f1o SFF de alta densidad<\/span><\/td>\n<\/tr>\n<tr>\n<td><span data-path-to-node=\"12,2,0,0\"><b data-path-to-node=\"12,2,0,0\" data-index-in-node=\"0\">Categor\u00eda de fibra<\/b><\/span><\/td>\n<td><span data-path-to-node=\"12,2,1,0\">Modo \u00fanico OS2 (9\/125 \u03bcm)<\/span><\/td>\n<td><span data-path-to-node=\"12,2,2,0\">Optimizado para largas distancias y FTTH<\/span><\/td>\n<\/tr>\n<tr>\n<td><span data-path-to-node=\"12,3,0,0\"><b data-path-to-node=\"12,3,0,0\" data-index-in-node=\"0\">P\u00e9rdida de inserci\u00f3n<\/b><\/span><\/td>\n<td><span data-path-to-node=\"12,3,1,0\"><span class=\"math-inline\" data-math=\"\\leq 0.20 \\text{ dB}\" data-index-in-node=\"0\">$ \u2264 0,20 dB $<\/span><\/span><\/td>\n<td><span data-path-to-node=\"12,3,2,0\">Minimiza el consumo del presupuesto de enlace.<\/span><\/td>\n<\/tr>\n<tr>\n<td><span data-path-to-node=\"12,4,0,0\"><b data-path-to-node=\"12,4,0,0\" data-index-in-node=\"0\">P\u00e9rdida de retorno<\/b><\/span><\/td>\n<td><span data-path-to-node=\"12,4,1,0\"><span class=\"math-inline\" data-math=\"\\geq 65 \\text{ dB}\" data-index-in-node=\"0\">$\\geq 65 dB$<\/span><\/span><\/td>\n<td><span data-path-to-node=\"12,4,2,0\">Fundamental para l\u00e1seres de v\u00eddeo y alta potencia<\/span><\/td>\n<\/tr>\n<tr>\n<td><span data-path-to-node=\"12,5,0,0\"><b data-path-to-node=\"12,5,0,0\" data-index-in-node=\"0\">Material de la chaqueta<\/b><\/span><\/td>\n<td><span data-path-to-node=\"12,5,1,0\">LSZH (bajo nivel de humo y sin hal\u00f3genos)<\/span><\/td>\n<td><span data-path-to-node=\"12,5,2,0\">Cumplimiento de las normas de seguridad globales<\/span><\/td>\n<\/tr>\n<tr>\n<td><span data-path-to-node=\"12,6,0,0\"><b data-path-to-node=\"12,6,0,0\" data-index-in-node=\"0\">Repetibilidad<\/b><\/span><\/td>\n<td><span data-path-to-node=\"12,6,1,0\"><span class=\"math-inline\" data-math=\"\\Delta \\text{IL} \\leq 0.1 \\text{ dB}\" data-index-in-node=\"0\">$\\Delta \\text{IL} \\leq 0,1 \\text{ dB}$<\/span><\/span><\/td>\n<td><span data-path-to-node=\"12,6,2,0\">Rendimiento constante en m\u00e1s de 1000 apareamientos.<\/span><\/td>\n<\/tr>\n<\/tbody>\n<\/table>\n<hr data-path-to-node=\"13\" \/>\n<h2 data-path-to-node=\"14\">Ventajas clave para la confiabilidad de la red<\/h2>\n<h3 data-path-to-node=\"15\">1. Pureza de se\u00f1al superior<\/h3>\n<p data-path-to-node=\"16\">En los sistemas \u00f3pticos de alta potencia, la reflexi\u00f3n trasera puede causar \u201cruido\u201d que provoca errores de bits. Con una p\u00e9rdida de retorno de <b data-path-to-node=\"16\" data-index-in-node=\"113\"><span class=\"math-inline\" data-math=\"\\geq 65\\text{dB}\" data-index-in-node=\"113\">$\\geq 65\\text{dB}$<\/span><\/b>, Estos cables LC\/APC proporcionan el entorno m\u00e1s limpio posible para transceptores sensibles y distribuci\u00f3n CATV.<\/p>\n<h3 data-path-to-node=\"17\">2. Dise\u00f1o simplex que ahorra espacio<\/h3>\n<p data-path-to-node=\"18\">En <b data-path-to-node=\"18\" data-index-in-node=\"4\">Simplex (SX)<\/b> La configuraci\u00f3n es la forma m\u00e1s sencilla de gestionar su fibra. En el caso de las redes bidireccionales (BiDi), un solo hilo de vidrio se encarga tanto de la transmisi\u00f3n como de la recepci\u00f3n, lo que reduce a la mitad el volumen y los costos del cableado.<\/p>\n<h3 data-path-to-node=\"19\">3. Seguridad \u201cSnap-and-Click\u201d (encajar y hacer clic)<\/h3>\n<p data-path-to-node=\"20\">El mecanismo de enganche tipo RJ45 del conector LC proporciona un acoplamiento seguro y audible. Incluso en bastidores con altas vibraciones, el enganche garantiza que la f\u00e9rula permanezca en su sitio, evitando las microdesconexiones que pueden afectar a otros tipos de conectores.<\/p>\n<h3 data-path-to-node=\"21\">4. Seguridad LSZH avanzada<\/h3>\n<p data-path-to-node=\"22\">La seguridad no es negociable. Nuestras cubiertas amarillas LSZH est\u00e1n dise\u00f1adas para emitir un m\u00ednimo de humo y cero hal\u00f3genos t\u00f3xicos durante un incendio, protegiendo a su personal y evitando da\u00f1os corrosivos en su costoso equipo.<\/p>\n<hr data-path-to-node=\"23\" \/>\n<h2 data-path-to-node=\"24\">Preguntas y respuestas de expertos: resoluci\u00f3n profesional de problemas<\/h2>\n<p data-path-to-node=\"25\"><b data-path-to-node=\"25\" data-index-in-node=\"0\">P: \u00bfPuedo utilizar este cable LC\/APC (verde) en un m\u00f3dulo SFP azul (LC\/UPC)?<\/b><\/p>\n<p data-path-to-node=\"25\"><b data-path-to-node=\"25\" data-index-in-node=\"70\">R: Por supuesto que no.<\/b> Esta es la causa m\u00e1s com\u00fan de fallos de red \u201csilenciosos\u201d. La punta angulada del APC no encaja perfectamente en un puerto UPC plano, lo que da lugar a un gran espacio de aire. Esto provoca una p\u00e9rdida de inserci\u00f3n extremadamente alta y puede da\u00f1ar el diodo l\u00e1ser. <b data-path-to-node=\"25\" data-index-in-node=\"333\">Combina siempre el verde con el verde.<\/b><\/p>\n<p data-path-to-node=\"26\"><b data-path-to-node=\"26\" data-index-in-node=\"0\">P: \u00bfPor qu\u00e9 el n\u00facleo de fibra es tan delgado (9 \u03bcm)?<\/b><\/p>\n<p data-path-to-node=\"26\"><b data-path-to-node=\"26\" data-index-in-node=\"40\">A:<\/b> La fibra monomodo est\u00e1 dise\u00f1ada para transportar solo un \u00fanico rayo (modo) de luz. Esto elimina la dispersi\u00f3n modal, lo que permite que la se\u00f1al recorra 40 km o m\u00e1s sin necesidad de un repetidor.<\/p>\n<p data-path-to-node=\"27\"><b data-path-to-node=\"27\" data-index-in-node=\"0\">P: \u00bfC\u00f3mo se limpia correctamente un conector LC\/APC?<\/b><\/p>\n<p data-path-to-node=\"27\"><b data-path-to-node=\"27\" data-index-in-node=\"48\">A:<\/b> Debido a que la f\u00e9rula es peque\u00f1a (1,25 mm), el polvo es su peor enemigo. Utilice un limpiador especializado \u201cOne-Click\u201d para conectores LC. Evite utilizar toallitas gen\u00e9ricas que puedan dejar pelusas o rayar la superficie con un \u00e1ngulo de 8 grados.<\/p>\n<p data-path-to-node=\"28\"><b data-path-to-node=\"28\" data-index-in-node=\"0\">P: \u00bfEste cable est\u00e1 preparado para aplicaciones de 400G y 800G?<\/b><\/p>\n<p data-path-to-node=\"28\"><b data-path-to-node=\"28\" data-index-in-node=\"55\">A:<\/b> S\u00ed. Aunque esas velocidades suelen utilizar conectores MPO para \u00f3pticas paralelas, muchos m\u00f3dulos 400G-FR4 y 800G utilizan interfaces LC est\u00e1ndar. El <b data-path-to-node=\"28\" data-index-in-node=\"191\">Fibra OS2<\/b> Este cable tiene una capacidad de ancho de banda pr\u00e1cticamente ilimitada para estas velocidades de \u00faltima generaci\u00f3n.<\/p>","protected":false},"excerpt":{"rendered":"<p data-path-to-node=\"4\">En el af\u00e1n por conseguir un mayor ancho de banda y un espacio m\u00e1s reducido en los racks, el <b data-path-to-node=\"4\" data-index-in-node=\"61\">LC\/APC a LC\/APC monomodo simplex (SM SX)<\/b> El cable de conexi\u00f3n de fibra se ha convertido en el est\u00e1ndar de referencia. Al combinar el peque\u00f1o factor de forma (SFF) del conector LC con la gesti\u00f3n superior de la reflexi\u00f3n del pulido de contacto f\u00edsico en \u00e1ngulo (APC), este puente es la soluci\u00f3n definitiva para los enlaces \u00f3pticos modernos de alta velocidad.<\/p>\n<p data-path-to-node=\"5\">Ya sea que est\u00e9 implementando <b data-path-to-node=\"5\" data-index-in-node=\"26\">XGS-PON<\/b>, <b data-path-to-node=\"5\" data-index-in-node=\"35\">50G-PON<\/b>, o conmutaci\u00f3n empresarial de alta densidad, el puente LC \u201cGreen-to-Green\u201d garantiza que su red siga siendo silenciosa, r\u00e1pida y preparada para el futuro.<\/p>","protected":false},"featured_media":778,"comment_status":"open","ping_status":"closed","template":"","meta":[],"product_brand":[],"product_cat":[45],"product_tag":[],"class_list":{"0":"post-776","1":"product","2":"type-product","3":"status-publish","4":"has-post-thumbnail","6":"product_cat-single-mode-fiber-optic-patch-cord","8":"first","9":"instock","10":"shipping-taxable","11":"product-type-simple"},"_links":{"self":[{"href":"https:\/\/www.fenxifiber.com\/es\/wp-json\/wp\/v2\/product\/776","targetHints":{"allow":["GET"]}}],"collection":[{"href":"https:\/\/www.fenxifiber.com\/es\/wp-json\/wp\/v2\/product"}],"about":[{"href":"https:\/\/www.fenxifiber.com\/es\/wp-json\/wp\/v2\/types\/product"}],"replies":[{"embeddable":true,"href":"https:\/\/www.fenxifiber.com\/es\/wp-json\/wp\/v2\/comments?post=776"}],"wp:featuredmedia":[{"embeddable":true,"href":"https:\/\/www.fenxifiber.com\/es\/wp-json\/wp\/v2\/media\/778"}],"wp:attachment":[{"href":"https:\/\/www.fenxifiber.com\/es\/wp-json\/wp\/v2\/media?parent=776"}],"wp:term":[{"taxonomy":"product_brand","embeddable":true,"href":"https:\/\/www.fenxifiber.com\/es\/wp-json\/wp\/v2\/product_brand?post=776"},{"taxonomy":"product_cat","embeddable":true,"href":"https:\/\/www.fenxifiber.com\/es\/wp-json\/wp\/v2\/product_cat?post=776"},{"taxonomy":"product_tag","embeddable":true,"href":"https:\/\/www.fenxifiber.com\/es\/wp-json\/wp\/v2\/product_tag?post=776"}],"curies":[{"name":"wp","href":"https:\/\/api.w.org\/{rel}","templated":true}]}}