{"id":779,"date":"2026-02-04T01:28:38","date_gmt":"2026-02-04T01:28:38","guid":{"rendered":"https:\/\/www.fenxifiber.com\/?post_type=product&#038;p=779"},"modified":"2026-02-04T02:16:35","modified_gmt":"2026-02-04T02:16:35","slug":"st-upc-st-upc-sm-sx","status":"publish","type":"product","link":"https:\/\/www.fenxifiber.com\/es\/product\/st-upc-st-upc-sm-sx\/","title":{"rendered":"Cable de conexi\u00f3n de fibra simplex monomodo ST\/UPC a ST\/UPC de grado industrial"},"content":{"rendered":"<h2 data-path-to-node=\"6\">Especificaciones t\u00e9cnicas clave para la contrataci\u00f3n p\u00fablica<\/h2>\n<p data-path-to-node=\"7\">Cada cable de conexi\u00f3n se fabrica para cumplir con <b data-path-to-node=\"7\" data-index-in-node=\"41\">Telcordia GR-326-CORE<\/b> y <b data-path-to-node=\"7\" data-index-in-node=\"67\">IEC<\/b> normas internacionales, lo que garantiza una compatibilidad perfecta con el hardware ST existente.<\/p>\n<table data-path-to-node=\"8\">\n<thead>\n<tr>\n<td><strong>Caracter\u00edstica<\/strong><\/td>\n<td><strong>Especificaciones t\u00e9cnicas<\/strong><\/td>\n<td><strong>Propuesta de valor B2B<\/strong><\/td>\n<\/tr>\n<\/thead>\n<tbody>\n<tr>\n<td><span data-path-to-node=\"8,1,0,0\"><b data-path-to-node=\"8,1,0,0\" data-index-in-node=\"0\">Tipo de conector<\/b><\/span><\/td>\n<td><span data-path-to-node=\"8,1,1,0\">ST\/UPC a ST\/UPC<\/span><\/td>\n<td><span data-path-to-node=\"8,1,2,0\">Baioneta met\u00e1lica para un cierre seguro<\/span><\/td>\n<\/tr>\n<tr>\n<td><span data-path-to-node=\"8,2,0,0\"><b data-path-to-node=\"8,2,0,0\" data-index-in-node=\"0\">Categor\u00eda de fibra<\/b><\/span><\/td>\n<td><span data-path-to-node=\"8,2,1,0\">Modo \u00fanico OS2 (9\/125 \u03bcm)<\/span><\/td>\n<td><span data-path-to-node=\"8,2,2,0\">Baja atenuaci\u00f3n para garantizar la estabilidad en largas distancias<\/span><\/td>\n<\/tr>\n<tr>\n<td><span data-path-to-node=\"8,3,0,0\"><b data-path-to-node=\"8,3,0,0\" data-index-in-node=\"0\">P\u00e9rdida de inserci\u00f3n<\/b><\/span><\/td>\n<td><span data-path-to-node=\"8,3,1,0\"><span class=\"math-inline\" data-math=\"\\leq 0.30 \\text{ dB}\" data-index-in-node=\"0\">$ \\leq 0,30 dB$<\/span><\/span><\/td>\n<td><span data-path-to-node=\"8,3,2,0\">Presupuesto de transmisi\u00f3n de alta eficiencia<\/span><\/td>\n<\/tr>\n<tr>\n<td><span data-path-to-node=\"8,4,0,0\"><b data-path-to-node=\"8,4,0,0\" data-index-in-node=\"0\">P\u00e9rdida de retorno<\/b><\/span><\/td>\n<td><span data-path-to-node=\"8,4,1,0\"><span class=\"math-inline\" data-math=\"\\geq 50 \\text{ dB}\" data-index-in-node=\"0\">$\\geq 50 dB$<\/span><\/span><\/td>\n<td><span data-path-to-node=\"8,4,2,0\">Minimiza la reflexi\u00f3n trasera para garantizar la integridad de los datos<\/span><\/td>\n<\/tr>\n<tr>\n<td><span data-path-to-node=\"8,5,0,0\"><b data-path-to-node=\"8,5,0,0\" data-index-in-node=\"0\">Material de la carcasa<\/b><\/span><\/td>\n<td><span data-path-to-node=\"8,5,1,0\">Metal niquelado<\/span><\/td>\n<td><span data-path-to-node=\"8,5,2,0\">Resistente a la corrosi\u00f3n y ultrarresistente<\/span><\/td>\n<\/tr>\n<tr>\n<td><span data-path-to-node=\"8,6,0,0\"><b data-path-to-node=\"8,6,0,0\" data-index-in-node=\"0\">Calificaci\u00f3n de la chamarra<\/b><\/span><\/td>\n<td><span data-path-to-node=\"8,6,1,0\">LSZH (bajo nivel de humo)<\/span><\/td>\n<td><span data-path-to-node=\"8,6,2,0\">Cumple con las normas internacionales de seguridad<\/span><\/td>\n<\/tr>\n<\/tbody>\n<\/table>\n<hr data-path-to-node=\"9\" \/>\n<h2 data-path-to-node=\"10\">Por qu\u00e9 ST\/UPC es la mejor opci\u00f3n para entornos industriales<\/h2>\n<h3 data-path-to-node=\"11\">1. Seguridad a prueba de vibraciones<\/h3>\n<p data-path-to-node=\"12\">A diferencia del cierre de \u201cencaje a presi\u00f3n\u201d de los conectores LC o SC, el conector ST utiliza un <b data-path-to-node=\"12\" data-index-in-node=\"79\">cierre giratorio con resorte<\/b> mecanismo. Esto garantiza una conexi\u00f3n constante y segura que se mantiene estable incluso en entornos con maquinaria pesada o movimiento f\u00edsico constante.<\/p>\n<h3 data-path-to-node=\"13\">2. Alta resistencia mec\u00e1nica<\/h3>\n<p data-path-to-node=\"14\">Con un casquillo cer\u00e1mico de alta precisi\u00f3n de 2,5 mm alojado en un <b data-path-to-node=\"14\" data-index-in-node=\"56\">cuerpo met\u00e1lico niquelado<\/b>, el conector ST ofrece una resistencia superior a los impactos. Esto lo convierte en el est\u00e1ndar para plantas de fabricaci\u00f3n, instalaciones de petr\u00f3leo y gas, y armarios de servicios p\u00fablicos al aire libre.<\/p>\n<h3 data-path-to-node=\"15\">3. N\u00facleo OS2 monomodo fiable<\/h3>\n<p data-path-to-node=\"16\">Nuestros conectores utilizan fibra OS2 de alto rendimiento, compatible con longitudes de onda de <span class=\"math-inline\" data-math=\"1310\\text{nm}\" data-index-in-node=\"74\">$1310\\text{nm}$<\/span> y <span class=\"math-inline\" data-math=\"1550\\text{nm}\" data-index-in-node=\"92\">$1550\\text{nm}$<\/span>. Esto garantiza que el cable est\u00e9 preparado para velocidades de m\u00e1s de 10 Gbps en largas distancias, lo que lo convierte en una inversi\u00f3n preparada para el futuro en el \u00e1mbito de la infraestructura empresarial.<\/p>\n<h3 data-path-to-node=\"17\">4. Cubierta LSZH certificada<\/h3>\n<p data-path-to-node=\"18\">El cumplimiento de las normas de seguridad es una prioridad fundamental en los proyectos B2B. Nuestras chaquetas amarillas est\u00e1n fabricadas con <b data-path-to-node=\"18\" data-index-in-node=\"87\">Bajo nivel de humo y sin hal\u00f3genos (LSZH)<\/b> material que, en caso de incendio, emite humos no t\u00f3xicos, protegiendo tanto al personal como a los equipos electr\u00f3nicos sensibles.<\/p>\n<hr data-path-to-node=\"19\" \/>\n<h2 data-path-to-node=\"20\">Preguntas frecuentes sobre compras B2B<\/h2>\n<p data-path-to-node=\"21\"><b data-path-to-node=\"21\" data-index-in-node=\"0\">P: \u00bfEs este conector ST\/UPC (azul) compatible con los puertos ST\/APC (verdes)?<\/b><\/p>\n<p data-path-to-node=\"21\"><b data-path-to-node=\"21\" data-index-in-node=\"73\">A:<\/b> No. Los conectores UPC (Ultra Physical Contact) y APC (Angled Physical Contact) tienen geometr\u00edas de cara frontal diferentes. Mezclarlos provocar\u00e1 una elevada p\u00e9rdida de inserci\u00f3n y posibles da\u00f1os en el hardware. Aseg\u00farese siempre de que los tipos de pulido coincidan.<\/p>\n<p data-path-to-node=\"22\"><b data-path-to-node=\"22\" data-index-in-node=\"0\">P: \u00bfPodemos solicitar longitudes personalizadas para proyectos industriales espec\u00edficos?<\/b><\/p>\n<p data-path-to-node=\"22\"><b data-path-to-node=\"22\" data-index-in-node=\"65\">A:<\/b> S\u00ed. Como proveedor profesional B2B, ofrecemos una producci\u00f3n flexible con longitudes personalizadas (por ejemplo, de 0,5 m a m\u00e1s de 100 m) y diferentes di\u00e1metros de revestimiento (2,0 mm o 3,0 mm) para satisfacer los requisitos espec\u00edficos de su proyecto.<\/p>\n<p data-path-to-node=\"23\"><b data-path-to-node=\"23\" data-index-in-node=\"0\">P: \u00bfC\u00f3mo garantizan la calidad de los productos en los pedidos al por mayor de gran volumen?<\/b><\/p>\n<p data-path-to-node=\"23\"><b data-path-to-node=\"23\" data-index-in-node=\"65\">A:<\/b> Cada cable se somete a pruebas de f\u00e1brica 100% para determinar la p\u00e9rdida de inserci\u00f3n (IL) y la p\u00e9rdida de retorno (RL). Proporcionamos informes de prueba detallados y verificaciones mediante interferometr\u00eda 3D, previa solicitud, para garantizar el cumplimiento de los est\u00e1ndares de calidad de 2026.<\/p>\n<p data-path-to-node=\"24\"><b data-path-to-node=\"24\" data-index-in-node=\"0\">P: \u00bfEs \u201cSimplex\u201d (SX) adecuado para transceptores BiDi?<\/b><\/p>\n<p data-path-to-node=\"24\"><b data-path-to-node=\"24\" data-index-in-node=\"53\">A:<\/b> Por supuesto. Los cables Simplex son el est\u00e1ndar para la comunicaci\u00f3n bidireccional (BiDi), ya que permiten la transmisi\u00f3n y recepci\u00f3n de datos a alta velocidad a trav\u00e9s de un solo hilo, lo que optimiza el espacio en los conductos y reduce los costos generales del proyecto.<\/p>","protected":false},"excerpt":{"rendered":"<p data-path-to-node=\"4\">En los sectores industrial y de las telecomunicaciones, el <b data-path-to-node=\"4\" data-index-in-node=\"54\">ST\/UPC a ST\/UPC, monomodo simplex (SM SX)<\/b> Este cable de conexi\u00f3n es la mejor opci\u00f3n para enlaces de misi\u00f3n cr\u00edtica. Con el cl\u00e1sico mecanismo de bloqueo por giro tipo bayoneta, este cable de conexi\u00f3n \u201cazul a azul\u201d est\u00e1 dise\u00f1ado para soportar entornos con altas vibraciones en los que los conectores de pl\u00e1stico est\u00e1ndar podr\u00edan fallar.<\/p>\n<p data-path-to-node=\"5\">Para los responsables de compras B2B y los integradores de sistemas, nuestros puentes ST ofrecen una soluci\u00f3n resistente y duradera para redes troncales de campus, automatizaci\u00f3n industrial y hardware de redes especializado.<\/p>","protected":false},"featured_media":780,"comment_status":"open","ping_status":"closed","template":"","meta":[],"product_brand":[],"product_cat":[45],"product_tag":[],"class_list":{"0":"post-779","1":"product","2":"type-product","3":"status-publish","4":"has-post-thumbnail","6":"product_cat-single-mode-fiber-optic-patch-cord","8":"first","9":"instock","10":"shipping-taxable","11":"product-type-simple"},"_links":{"self":[{"href":"https:\/\/www.fenxifiber.com\/es\/wp-json\/wp\/v2\/product\/779","targetHints":{"allow":["GET"]}}],"collection":[{"href":"https:\/\/www.fenxifiber.com\/es\/wp-json\/wp\/v2\/product"}],"about":[{"href":"https:\/\/www.fenxifiber.com\/es\/wp-json\/wp\/v2\/types\/product"}],"replies":[{"embeddable":true,"href":"https:\/\/www.fenxifiber.com\/es\/wp-json\/wp\/v2\/comments?post=779"}],"wp:featuredmedia":[{"embeddable":true,"href":"https:\/\/www.fenxifiber.com\/es\/wp-json\/wp\/v2\/media\/780"}],"wp:attachment":[{"href":"https:\/\/www.fenxifiber.com\/es\/wp-json\/wp\/v2\/media?parent=779"}],"wp:term":[{"taxonomy":"product_brand","embeddable":true,"href":"https:\/\/www.fenxifiber.com\/es\/wp-json\/wp\/v2\/product_brand?post=779"},{"taxonomy":"product_cat","embeddable":true,"href":"https:\/\/www.fenxifiber.com\/es\/wp-json\/wp\/v2\/product_cat?post=779"},{"taxonomy":"product_tag","embeddable":true,"href":"https:\/\/www.fenxifiber.com\/es\/wp-json\/wp\/v2\/product_tag?post=779"}],"curies":[{"name":"wp","href":"https:\/\/api.w.org\/{rel}","templated":true}]}}