{"id":783,"date":"2026-02-04T01:32:13","date_gmt":"2026-02-04T01:32:13","guid":{"rendered":"https:\/\/www.fenxifiber.com\/?post_type=product&#038;p=783"},"modified":"2026-02-04T02:18:05","modified_gmt":"2026-02-04T02:18:05","slug":"st-upc-sc-upc-sm-sx","status":"publish","type":"product","link":"https:\/\/www.fenxifiber.com\/es\/product\/st-upc-sc-upc-sm-sx\/","title":{"rendered":"Cable de conexi\u00f3n de fibra simplex monomodo ST\/UPC a SC\/UPC"},"content":{"rendered":"<h2 data-path-to-node=\"6\">Especificaciones t\u00e9cnicas basadas en datos<\/h2>\n<p data-path-to-node=\"7\">Nuestro proceso de fabricaci\u00f3n garantiza que todos los jumpers cumplan con los siguientes rigurosos est\u00e1ndares de rendimiento:<\/p>\n<table data-path-to-node=\"8\">\n<thead>\n<tr>\n<td><strong>Caracter\u00edstica<\/strong><\/td>\n<td><strong>Especificaciones industriales<\/strong><\/td>\n<td><strong>Ventaja comercial<\/strong><\/td>\n<\/tr>\n<\/thead>\n<tbody>\n<tr>\n<td><span data-path-to-node=\"8,1,0,0\"><b data-path-to-node=\"8,1,0,0\" data-index-in-node=\"0\">Tipo de conector<\/b><\/span><\/td>\n<td><span data-path-to-node=\"8,1,1,0\">ST\/UPC a SC\/UPC<\/span><\/td>\n<td><span data-path-to-node=\"8,1,2,0\">Enlace h\u00edbrido seguro de metal a pl\u00e1stico<\/span><\/td>\n<\/tr>\n<tr>\n<td><span data-path-to-node=\"8,2,0,0\"><b data-path-to-node=\"8,2,0,0\" data-index-in-node=\"0\">Categor\u00eda de fibra<\/b><\/span><\/td>\n<td><span data-path-to-node=\"8,2,1,0\">Modo \u00fanico (SM\/SX)<\/span><\/td>\n<td><span data-path-to-node=\"8,2,2,0\">Optimizado para una estabilidad OS2 en largas distancias.<\/span><\/td>\n<\/tr>\n<tr>\n<td><span data-path-to-node=\"8,3,0,0\"><b data-path-to-node=\"8,3,0,0\" data-index-in-node=\"0\">P\u00e9rdida de inserci\u00f3n<\/b><\/span><\/td>\n<td><span data-path-to-node=\"8,3,1,0\"><span class=\"math-inline\" data-math=\"&lt; 0.3 \\text{ dB}\" data-index-in-node=\"0\">$&lt; 0,3 dB$<\/span><\/span><\/td>\n<td><span data-path-to-node=\"8,3,2,0\">M\u00ednima atenuaci\u00f3n de la se\u00f1al para trayectos largos<\/span><\/td>\n<\/tr>\n<tr>\n<td><span data-path-to-node=\"8,4,0,0\"><b data-path-to-node=\"8,4,0,0\" data-index-in-node=\"0\">P\u00e9rdida de retorno<\/b><\/span><\/td>\n<td><span data-path-to-node=\"8,4,1,0\"><span class=\"math-inline\" data-math=\"\\geq 50 \\text{ dB}\" data-index-in-node=\"0\">$\\geq 50 dB$<\/span> (UPC)<\/span><\/td>\n<td><span data-path-to-node=\"8,4,2,0\">Garantiza una alta integridad de la se\u00f1al digital.<\/span><\/td>\n<\/tr>\n<tr>\n<td><span data-path-to-node=\"8,5,0,0\"><b data-path-to-node=\"8,5,0,0\" data-index-in-node=\"0\">Longitud de onda<\/b><\/span><\/td>\n<td><span data-path-to-node=\"8,5,1,0\">1310 nm \/ 1490 nm \/ 1550 nm<\/span><\/td>\n<td><span data-path-to-node=\"8,5,2,0\">Compatibilidad total con el espectro completo para \u00f3ptica SM<\/span><\/td>\n<\/tr>\n<tr>\n<td><span data-path-to-node=\"8,6,0,0\"><b data-path-to-node=\"8,6,0,0\" data-index-in-node=\"0\">Ancho de banda<\/b><\/span><\/td>\n<td><span data-path-to-node=\"8,6,1,0\"><span class=\"math-inline\" data-math=\"\\pm 40\\text{nm}\" data-index-in-node=\"0\">$\\pm 40\\nm$<\/span><\/span><\/td>\n<td><span data-path-to-node=\"8,6,2,0\">Rendimiento estable en todos los cambios espectrales<\/span><\/td>\n<\/tr>\n<tr>\n<td><span data-path-to-node=\"8,7,0,0\"><b data-path-to-node=\"8,7,0,0\" data-index-in-node=\"0\">Resistencia a la tensi\u00f3n<\/b><\/span><\/td>\n<td><span data-path-to-node=\"8,7,1,0\"><span class=\"math-inline\" data-math=\"\\geq 200 \\text{ N}\" data-index-in-node=\"0\">$\\geq 200 \\text{ N}$<\/span><\/span><\/td>\n<td><span data-path-to-node=\"8,7,2,0\">Durabilidad superior para el enrutamiento vertical<\/span><\/td>\n<\/tr>\n<tr>\n<td><span data-path-to-node=\"8,8,0,0\"><b data-path-to-node=\"8,8,0,0\" data-index-in-node=\"0\">Durabilidad<\/b><\/span><\/td>\n<td><span data-path-to-node=\"8,8,1,0\"><span class=\"math-inline\" data-math=\"\\geq 1000\" data-index-in-node=\"0\">$\\\u2265 1000$<\/span> veces<\/span><\/td>\n<td><span data-path-to-node=\"8,8,2,0\">Dise\u00f1ado para un uso industrial repetido.<\/span><\/td>\n<\/tr>\n<tr>\n<td><span data-path-to-node=\"8,9,0,0\"><b data-path-to-node=\"8,9,0,0\" data-index-in-node=\"0\">Material de la chaqueta<\/b><\/span><\/td>\n<td><span data-path-to-node=\"8,9,1,0\">LSZH (bajo nivel de humo y sin hal\u00f3genos)<\/span><\/td>\n<td><span data-path-to-node=\"8,9,2,0\">Cumple con las normas internacionales de seguridad contra incendios.<\/span><\/td>\n<\/tr>\n<\/tbody>\n<\/table>\n<hr data-path-to-node=\"9\" \/>\n<h2 data-path-to-node=\"10\">Por qu\u00e9 este modelo h\u00edbrido es la opci\u00f3n B2B<\/h2>\n<h3 data-path-to-node=\"11\">1. Conectividad industrial robusta<\/h3>\n<p data-path-to-node=\"12\">En <b data-path-to-node=\"12\" data-index-in-node=\"4\">ST\/UPC<\/b> El extremo cuenta con una carcasa met\u00e1lica niquelada con un cierre giratorio con resorte, que ofrece la m\u00e1xima resistencia a las vibraciones mec\u00e1nicas. Esto se combina con el <b data-path-to-node=\"12\" data-index-in-node=\"167\">SC\/UPC<\/b> Extremo, conocido por su mecanismo push-pull f\u00e1cil de usar, que proporciona una interfaz estable y confiable para el hardware de red est\u00e1ndar.<\/p>\n<h3 data-path-to-node=\"13\">2. Precisi\u00f3n \u00f3ptica verificada<\/h3>\n<p data-path-to-node=\"14\">Con una p\u00e9rdida de inserci\u00f3n probada inferior a <b data-path-to-node=\"14\" data-index-in-node=\"42\">0,3 dB<\/b> y una p\u00e9rdida de retorno superior a <b data-path-to-node=\"14\" data-index-in-node=\"74\">50 dB<\/b>, Este cable mantiene el alto presupuesto energ\u00e9tico necesario para enlaces de datos cr\u00edticos de 10G\/40G. Cada unidad se somete a pruebas de f\u00e1brica 100% para garantizar una entrega sin defectos en proyectos a gran escala.<\/p>\n<h3 data-path-to-node=\"15\">3. Infraestructura que prioriza la seguridad<\/h3>\n<p data-path-to-node=\"16\">La seguridad es una prioridad para las compras B2B. Nuestras chaquetas amarillas est\u00e1n fabricadas con <b data-path-to-node=\"16\" data-index-in-node=\"73\">LSZH<\/b> material que emite poco humo y cero hal\u00f3genos t\u00f3xicos durante un incendio, protegiendo tanto a su personal como a sus equipos electr\u00f3nicos de alta gama contra da\u00f1os corrosivos.<\/p>\n<h3 data-path-to-node=\"17\">4. Durabilidad extrema<\/h3>\n<p data-path-to-node=\"18\">Con una resistencia a la tensi\u00f3n de <b data-path-to-node=\"18\" data-index-in-node=\"27\"><span class=\"math-inline\" data-math=\"\\geq 200\\text{N}\" data-index-in-node=\"27\">$\\geq 200\\text{N}$<\/span><\/b> y una durabilidad de acoplamiento de <b data-path-to-node=\"18\" data-index-in-node=\"71\">M\u00e1s de 1000 ciclos<\/b>, Estos puentes est\u00e1n dise\u00f1ados para soportar el estr\u00e9s f\u00edsico que supone su instalaci\u00f3n en conductos densos y los frecuentes reajustes en entornos industriales.<\/p>\n<hr data-path-to-node=\"19\" \/>\n<h2 data-path-to-node=\"20\">Preguntas frecuentes sobre compras B2B<\/h2>\n<ul data-path-to-node=\"21\">\n<li>\n<p data-path-to-node=\"21,0,0\"><b data-path-to-node=\"21,0,0\" data-index-in-node=\"0\">P: \u00bfEste cable ST\/UPC \u201cazul\u201d es compatible con los puertos APC \u201cverdes\u201d?<\/b><\/p>\n<ul data-path-to-node=\"21,0,1\">\n<li>\n<p data-path-to-node=\"21,0,1,0,0\"><b data-path-to-node=\"21,0,1,0,0\" data-index-in-node=\"0\">A<\/b>No, los extremos UPC y APC tienen geometr\u00edas diferentes. Mezclarlos crea un espacio de aire que provoca una gran p\u00e9rdida de se\u00f1al. Conecte siempre los puertos azules (UPC) con los azules.<\/p>\n<\/li>\n<\/ul>\n<\/li>\n<li>\n<p data-path-to-node=\"21,1,0\"><b data-path-to-node=\"21,1,0\" data-index-in-node=\"0\">P: \u00bfPueden proporcionar informes de interferometr\u00eda 3D para pedidos al por mayor?<\/b><\/p>\n<ul data-path-to-node=\"21,1,1\">\n<li>\n<p data-path-to-node=\"21,1,1,0,0\"><b data-path-to-node=\"21,1,1,0,0\" data-index-in-node=\"0\">A<\/b>S\u00ed, como socio profesional B2B, proporcionamos informes de pruebas exhaustivos, que incluyen IL, RL y verificaci\u00f3n de geometr\u00eda 3D, para garantizar que todos los env\u00edos al por mayor cumplan con los altos est\u00e1ndares de su proyecto.<\/p>\n<\/li>\n<\/ul>\n<\/li>\n<li>\n<p data-path-to-node=\"21,2,0\"><b data-path-to-node=\"21,2,0\" data-index-in-node=\"0\">P: \u00bfCu\u00e1l es la ventaja del material LSZH para uso empresarial?<\/b><\/p>\n<ul data-path-to-node=\"21,2,1\">\n<li>\n<p data-path-to-node=\"21,2,1,0,0\"><b data-path-to-node=\"21,2,1,0,0\" data-index-in-node=\"0\">A<\/b>: El LSZH es obligatorio en muchos c\u00f3digos de construcci\u00f3n modernos. Garantiza que, en caso de incendio, no se liberen humos t\u00f3xicos, lo que lo convierte en la opci\u00f3n est\u00e1ndar para centros de datos, hospitales y edificios de oficinas.<\/p>\n<\/li>\n<\/ul>\n<\/li>\n<\/ul>","protected":false},"excerpt":{"rendered":"<p data-path-to-node=\"4\">En <b data-path-to-node=\"4\" data-index-in-node=\"4\">ST\/UPC a SC\/UPC monomodo simplex (SM SX)<\/b> El cable de conexi\u00f3n es una soluci\u00f3n h\u00edbrida resistente dise\u00f1ada para conectar hardware de grado industrial con puertos de telecomunicaci\u00f3n est\u00e1ndar. Este puente \u201cazul a azul\u201d es esencial para conectar interfaces ST antiguas de tipo bayoneta al moderno est\u00e1ndar SC push-pull, ampliamente utilizado en paneles de conexi\u00f3n y ODF.<\/p>\n<p data-path-to-node=\"5\">Dise\u00f1ado para ofrecer una fiabilidad de nivel 2026, este cable es la mejor opci\u00f3n para los integradores de sistemas en automatizaci\u00f3n industrial, vigilancia de seguridad e infraestructura empresarial.<\/p>","protected":false},"featured_media":784,"comment_status":"open","ping_status":"closed","template":"","meta":[],"product_brand":[],"product_cat":[45],"product_tag":[],"class_list":{"0":"post-783","1":"product","2":"type-product","3":"status-publish","4":"has-post-thumbnail","6":"product_cat-single-mode-fiber-optic-patch-cord","8":"first","9":"instock","10":"shipping-taxable","11":"product-type-simple"},"_links":{"self":[{"href":"https:\/\/www.fenxifiber.com\/es\/wp-json\/wp\/v2\/product\/783","targetHints":{"allow":["GET"]}}],"collection":[{"href":"https:\/\/www.fenxifiber.com\/es\/wp-json\/wp\/v2\/product"}],"about":[{"href":"https:\/\/www.fenxifiber.com\/es\/wp-json\/wp\/v2\/types\/product"}],"replies":[{"embeddable":true,"href":"https:\/\/www.fenxifiber.com\/es\/wp-json\/wp\/v2\/comments?post=783"}],"wp:featuredmedia":[{"embeddable":true,"href":"https:\/\/www.fenxifiber.com\/es\/wp-json\/wp\/v2\/media\/784"}],"wp:attachment":[{"href":"https:\/\/www.fenxifiber.com\/es\/wp-json\/wp\/v2\/media?parent=783"}],"wp:term":[{"taxonomy":"product_brand","embeddable":true,"href":"https:\/\/www.fenxifiber.com\/es\/wp-json\/wp\/v2\/product_brand?post=783"},{"taxonomy":"product_cat","embeddable":true,"href":"https:\/\/www.fenxifiber.com\/es\/wp-json\/wp\/v2\/product_cat?post=783"},{"taxonomy":"product_tag","embeddable":true,"href":"https:\/\/www.fenxifiber.com\/es\/wp-json\/wp\/v2\/product_tag?post=783"}],"curies":[{"name":"wp","href":"https:\/\/api.w.org\/{rel}","templated":true}]}}