{"id":788,"date":"2026-02-04T01:34:58","date_gmt":"2026-02-04T01:34:58","guid":{"rendered":"https:\/\/www.fenxifiber.com\/?post_type=product&#038;p=788"},"modified":"2026-02-04T02:20:17","modified_gmt":"2026-02-04T02:20:17","slug":"sc-apc-fc-apc-sm-sx","status":"publish","type":"product","link":"https:\/\/www.fenxifiber.com\/es\/product\/sc-apc-fc-apc-sm-sx\/","title":{"rendered":"Puente de fibra simplex monomodo SC\/APC a FC\/APC de alta precisi\u00f3n"},"content":{"rendered":"<p data-path-to-node=\"5\">Dise\u00f1ado para cumplir con los est\u00e1ndares de telecomunicaciones y laboratorio del nivel 2026, este cable es un elemento b\u00e1sico para <b data-path-to-node=\"5\" data-index-in-node=\"98\">GPON, XGS-PON, CATV<\/b>, y aplicaciones de detecci\u00f3n de precisi\u00f3n.<\/p>\n<h2 data-path-to-node=\"6\">Especificaciones t\u00e9cnicas (norma de cumplimiento B2B)<\/h2>\n<p data-path-to-node=\"7\">Todos los puentes se fabrican en entornos libres de polvo y se someten a pruebas de interferometr\u00eda 3D 100% para garantizar los siguientes par\u00e1metros:<\/p>\n<table data-path-to-node=\"8\">\n<thead>\n<tr>\n<td><strong>M\u00e9trico<\/strong><\/td>\n<td><strong>Especificaci\u00f3n<\/strong><\/td>\n<td><strong>Valor B2B<\/strong><\/td>\n<\/tr>\n<\/thead>\n<tbody>\n<tr>\n<td><span data-path-to-node=\"8,1,0,0\"><b data-path-to-node=\"8,1,0,0\" data-index-in-node=\"0\">Tipo de conector<\/b><\/span><\/td>\n<td><span data-path-to-node=\"8,1,1,0\">SC\/APC a FC\/APC<\/span><\/td>\n<td><span data-path-to-node=\"8,1,2,0\">Cierre h\u00edbrido push-pull y atornillable<\/span><\/td>\n<\/tr>\n<tr>\n<td><span data-path-to-node=\"8,2,0,0\"><b data-path-to-node=\"8,2,0,0\" data-index-in-node=\"0\">Categor\u00eda de fibra<\/b><\/span><\/td>\n<td><span data-path-to-node=\"8,2,1,0\">Modo \u00fanico (SM\/SX)<\/span><\/td>\n<td><span data-path-to-node=\"8,2,2,0\">Optimizado para enlaces de larga distancia OS2<\/span><\/td>\n<\/tr>\n<tr>\n<td><span data-path-to-node=\"8,3,0,0\"><b data-path-to-node=\"8,3,0,0\" data-index-in-node=\"0\">P\u00e9rdida de inserci\u00f3n<\/b><\/span><\/td>\n<td><span data-path-to-node=\"8,3,1,0\"><b data-path-to-node=\"8,3,1,0\" data-index-in-node=\"0\"><span class=\"math-inline\" data-math=\"&lt; 0.3 \\text{ dB}\" data-index-in-node=\"0\">$&lt; 0,3 dB$<\/span><\/b><\/span><\/td>\n<td><span data-path-to-node=\"8,3,2,0\">M\u00ednima atenuaci\u00f3n de potencia<\/span><\/td>\n<\/tr>\n<tr>\n<td><span data-path-to-node=\"8,4,0,0\"><b data-path-to-node=\"8,4,0,0\" data-index-in-node=\"0\">P\u00e9rdida de retorno<\/b><\/span><\/td>\n<td><span data-path-to-node=\"8,4,1,0\"><b data-path-to-node=\"8,4,1,0\" data-index-in-node=\"0\"><span class=\"math-inline\" data-math=\"\\geq 60 \\text{ dB}\" data-index-in-node=\"0\">$\\geq 60 dB$<\/span> (APC)<\/b><\/span><\/td>\n<td><span data-path-to-node=\"8,4,2,0\">Gesti\u00f3n superior de la reflexi\u00f3n<\/span><\/td>\n<\/tr>\n<tr>\n<td><span data-path-to-node=\"8,5,0,0\"><b data-path-to-node=\"8,5,0,0\" data-index-in-node=\"0\">Longitud de onda de trabajo<\/b><\/span><\/td>\n<td><span data-path-to-node=\"8,5,1,0\">1310 nm \/ 1490 nm \/ 1550 nm<\/span><\/td>\n<td><span data-path-to-node=\"8,5,2,0\">Compatibilidad SM de espectro completo<\/span><\/td>\n<\/tr>\n<tr>\n<td><span data-path-to-node=\"8,6,0,0\"><b data-path-to-node=\"8,6,0,0\" data-index-in-node=\"0\">Resistencia a la tensi\u00f3n<\/b><\/span><\/td>\n<td><span data-path-to-node=\"8,6,1,0\"><b data-path-to-node=\"8,6,1,0\" data-index-in-node=\"0\"><span class=\"math-inline\" data-math=\"\\geq 200 \\text{ N}\" data-index-in-node=\"0\">$\\geq 200 \\text{ N}$<\/span><\/b><\/span><\/td>\n<td><span data-path-to-node=\"8,6,2,0\">Resistente para enrutamiento vertical<\/span><\/td>\n<\/tr>\n<tr>\n<td><span data-path-to-node=\"8,7,0,0\"><b data-path-to-node=\"8,7,0,0\" data-index-in-node=\"0\">Durabilidad<\/b><\/span><\/td>\n<td><span data-path-to-node=\"8,7,1,0\"><span class=\"math-inline\" data-math=\"\\geq 1000\" data-index-in-node=\"0\">$\\\u2265 1000$<\/span> veces<\/span><\/td>\n<td><span data-path-to-node=\"8,7,2,0\">Casquillos cer\u00e1micos de alta precisi\u00f3n<\/span><\/td>\n<\/tr>\n<tr>\n<td><span data-path-to-node=\"8,8,0,0\"><b data-path-to-node=\"8,8,0,0\" data-index-in-node=\"0\">Ancho de banda<\/b><\/span><\/td>\n<td><span data-path-to-node=\"8,8,1,0\"><span class=\"math-inline\" data-math=\"\\pm 40\\text{nm}\" data-index-in-node=\"0\">$\\pm 40\\nm$<\/span><\/span><\/td>\n<td><span data-path-to-node=\"8,8,2,0\">Estable en entornos fluctuantes<\/span><\/td>\n<\/tr>\n<tr>\n<td><span data-path-to-node=\"8,9,0,0\"><b data-path-to-node=\"8,9,0,0\" data-index-in-node=\"0\">Material de la chaqueta<\/b><\/span><\/td>\n<td><span data-path-to-node=\"8,9,1,0\"><b data-path-to-node=\"8,9,1,0\" data-index-in-node=\"0\">LSZH (amarillo)<\/b><\/span><\/td>\n<td><span data-path-to-node=\"8,9,2,0\">Seguridad con bajo nivel de humo y sin hal\u00f3genos<\/span><\/td>\n<\/tr>\n<\/tbody>\n<\/table>\n<hr data-path-to-node=\"9\" \/>\n<h2 data-path-to-node=\"10\">Por qu\u00e9 este puente h\u00edbrido APC es la elecci\u00f3n profesional<\/h2>\n<h3 data-path-to-node=\"11\">1. Gesti\u00f3n de la reflexi\u00f3n de \u00e9lite (<span class=\"math-inline\" data-math=\"\\geq 60\\text{dB}\" data-index-in-node=\"32\">$\\geq 60\\text{dB}$<\/span>)<\/h3>\n<p data-path-to-node=\"12\">Los conectores APC \u201cverdes\u201d presentan un pulido con un \u00e1ngulo de 8 grados. Este dise\u00f1o refleja la luz hacia el revestimiento de la fibra en lugar de hacia el transmisor. Para los clientes B2B en el <b data-path-to-node=\"12\" data-index-in-node=\"177\">Sectores de CATV o datos de alta velocidad<\/b>, Esto es obligatorio para evitar el ruido de la se\u00f1al y da\u00f1os por l\u00e1ser.<\/p>\n<h3 data-path-to-node=\"13\">2. Funciones especializadas de conectividad<\/h3>\n<ul data-path-to-node=\"14\">\n<li>\n<p data-path-to-node=\"14,0,0\"><b data-path-to-node=\"14,0,0\" data-index-in-node=\"0\">Fin de FC\/APC:<\/b> El conector met\u00e1lico niquelado de tipo tornillo proporciona un contacto f\u00edsico constante, lo que lo convierte en la opci\u00f3n preferida para entornos industriales con altas vibraciones y equipos de prueba.<\/p>\n<\/li>\n<li>\n<p data-path-to-node=\"14,1,0\"><b data-path-to-node=\"14,1,0\" data-index-in-node=\"0\">Fin de SC\/APC:<\/b> El dise\u00f1o push-pull cuadrado permite un despliegue r\u00e1pido y de alta densidad en bastidores de distribuci\u00f3n \u00f3ptica (ODF) est\u00e1ndar.<\/p>\n<\/li>\n<\/ul>\n<h3 data-path-to-node=\"15\">3. Resistencia a la tracci\u00f3n de grado de ingenier\u00eda<\/h3>\n<p data-path-to-node=\"16\">Con una clasificaci\u00f3n de tensi\u00f3n de <b data-path-to-node=\"16\" data-index-in-node=\"25\"><span class=\"math-inline\" data-math=\"\\geq 200\\text{N}\" data-index-in-node=\"25\">$\\geq 200\\text{N}$<\/span><\/b>, Estos cables est\u00e1n dise\u00f1ados para soportar el estr\u00e9s f\u00edsico que supone su paso por conductos densos y pozos verticales, lo que garantiza que el n\u00facleo interno de vidrio no sufra da\u00f1os durante la instalaci\u00f3n.<\/p>\n<h3 data-path-to-node=\"17\">4. Cumplimiento de las normas de seguridad globales (LSZH)<\/h3>\n<p data-path-to-node=\"18\">La seguridad es un requisito fundamental para los proyectos empresariales. El <b data-path-to-node=\"18\" data-index-in-node=\"58\">LSZH<\/b> La cubierta garantiza que, en caso de incendio, el cable no emita gases hal\u00f3genos t\u00f3xicos ni humo denso, cumpliendo as\u00ed con las normas internacionales de seguridad contra incendios para edificios comerciales y centros de datos.<\/p>\n<hr data-path-to-node=\"19\" \/>\n<h2 data-path-to-node=\"20\">Preguntas frecuentes sobre compras B2B<\/h2>\n<ul data-path-to-node=\"21\">\n<li>\n<p data-path-to-node=\"21,0,0\"><b data-path-to-node=\"21,0,0\" data-index-in-node=\"0\">P: \u00bfPor qu\u00e9 elegir <span class=\"math-inline\" data-math=\"\\geq 60\\text{dB}\" data-index-in-node=\"14\">$\\geq 60\\text{dB}$<\/span> \u00bfP\u00e9rdida de retorno?<\/b><\/p>\n<ul data-path-to-node=\"21,0,1\">\n<li>\n<p data-path-to-node=\"21,0,1,0,0\"><b data-path-to-node=\"21,0,1,0,0\" data-index-in-node=\"0\">A:<\/b> Los sistemas \u00f3pticos de alta potencia son sensibles a la reflexi\u00f3n trasera. Nuestro pulido APC garantiza la mejor relaci\u00f3n se\u00f1al-ruido, protegiendo as\u00ed sus inversiones en infraestructura.<\/p>\n<\/li>\n<\/ul>\n<\/li>\n<li>\n<p data-path-to-node=\"21,1,0\"><b data-path-to-node=\"21,1,0\" data-index-in-node=\"0\">P: \u00bfOfrecen longitudes y di\u00e1metros personalizados?<\/b><\/p>\n<ul data-path-to-node=\"21,1,1\">\n<li>\n<p data-path-to-node=\"21,1,1,0,0\"><b data-path-to-node=\"21,1,1,0,0\" data-index-in-node=\"0\">A:<\/b> S\u00ed. Como proveedor B2B, ofrecemos longitudes personalizadas (de 0,5 m a m\u00e1s de 100 m) y grosores de revestimiento (2,0 mm o 3,0 mm) que se adaptan al espacio espec\u00edfico de su armario.<\/p>\n<\/li>\n<\/ul>\n<\/li>\n<li>\n<p data-path-to-node=\"21,2,0\"><b data-path-to-node=\"21,2,0\" data-index-in-node=\"0\">P: \u00bfSe incluyen informes de pruebas con los env\u00edos al por mayor?<\/b><\/p>\n<ul data-path-to-node=\"21,2,1\">\n<li>\n<p data-path-to-node=\"21,2,1,0,0\"><b data-path-to-node=\"21,2,1,0,0\" data-index-in-node=\"0\">A:<\/b> Cada lote incluye pruebas detalladas de p\u00e9rdida de inserci\u00f3n (IL) y p\u00e9rdida de retorno (RL). Se pueden solicitar informes de interferometr\u00eda 3D para garantizar la calidad.<\/p>\n<\/li>\n<\/ul>\n<\/li>\n<\/ul>","protected":false},"excerpt":{"rendered":"<p data-path-to-node=\"4\"><span class=\"\">En las redes \u00f3pticas modernas de alta capacidad,<\/span><span class=\"\"> El control de la reflexi\u00f3n trasera es fundamental para proteger las costosas fuentes l\u00e1ser.<\/span><span class=\"\"> En <\/span><b class=\"\" data-path-to-node=\"4\" data-index-in-node=\"123\">SC\/APC a FC\/APC Simplex monomodo (SM SX)<\/b><span class=\"\"> El cable de conexi\u00f3n es una soluci\u00f3n especializada que cuenta con un contacto f\u00edsico en \u00e1ngulo de 8 grados (APC) en ambos extremos.<\/span><span class=\"\"> Este puente h\u00edbrido cierra la brecha entre los puertos SC de f\u00e1cil acceso y la alta estabilidad.,<\/span><span class=\"\"> Interfaces FC con rosca.<\/span><\/p>\n<p data-path-to-node=\"5\">","protected":false},"featured_media":789,"comment_status":"open","ping_status":"closed","template":"","meta":[],"product_brand":[],"product_cat":[45],"product_tag":[],"class_list":{"0":"post-788","1":"product","2":"type-product","3":"status-publish","4":"has-post-thumbnail","6":"product_cat-single-mode-fiber-optic-patch-cord","8":"first","9":"instock","10":"shipping-taxable","11":"product-type-simple"},"_links":{"self":[{"href":"https:\/\/www.fenxifiber.com\/es\/wp-json\/wp\/v2\/product\/788","targetHints":{"allow":["GET"]}}],"collection":[{"href":"https:\/\/www.fenxifiber.com\/es\/wp-json\/wp\/v2\/product"}],"about":[{"href":"https:\/\/www.fenxifiber.com\/es\/wp-json\/wp\/v2\/types\/product"}],"replies":[{"embeddable":true,"href":"https:\/\/www.fenxifiber.com\/es\/wp-json\/wp\/v2\/comments?post=788"}],"wp:featuredmedia":[{"embeddable":true,"href":"https:\/\/www.fenxifiber.com\/es\/wp-json\/wp\/v2\/media\/789"}],"wp:attachment":[{"href":"https:\/\/www.fenxifiber.com\/es\/wp-json\/wp\/v2\/media?parent=788"}],"wp:term":[{"taxonomy":"product_brand","embeddable":true,"href":"https:\/\/www.fenxifiber.com\/es\/wp-json\/wp\/v2\/product_brand?post=788"},{"taxonomy":"product_cat","embeddable":true,"href":"https:\/\/www.fenxifiber.com\/es\/wp-json\/wp\/v2\/product_cat?post=788"},{"taxonomy":"product_tag","embeddable":true,"href":"https:\/\/www.fenxifiber.com\/es\/wp-json\/wp\/v2\/product_tag?post=788"}],"curies":[{"name":"wp","href":"https:\/\/api.w.org\/{rel}","templated":true}]}}