{"id":790,"date":"2026-02-04T01:36:20","date_gmt":"2026-02-04T01:36:20","guid":{"rendered":"https:\/\/www.fenxifiber.com\/?post_type=product&#038;p=790"},"modified":"2026-02-04T02:20:52","modified_gmt":"2026-02-04T02:20:52","slug":"sc-upc-fc-apc-sm-sx","status":"publish","type":"product","link":"https:\/\/www.fenxifiber.com\/es\/product\/sc-upc-fc-apc-sm-sx\/","title":{"rendered":"Cable de conexi\u00f3n SC\/UPC a FC\/APC monomodo simplex (SM SX)"},"content":{"rendered":"<h2 data-path-to-node=\"3\">Matriz de rendimiento t\u00e9cnico<\/h2>\n<p data-path-to-node=\"4\">Nuestro proceso de fabricaci\u00f3n garantiza que todos los saltadores cumplan con los siguientes rigurosos est\u00e1ndares industriales de 2026:<\/p>\n<table data-path-to-node=\"5\">\n<thead>\n<tr>\n<td><strong>Par\u00e1metro<\/strong><\/td>\n<td><strong>Especificaci\u00f3n<\/strong><\/td>\n<td><strong>Propuesta de valor B2B<\/strong><\/td>\n<\/tr>\n<\/thead>\n<tbody>\n<tr>\n<td><span data-path-to-node=\"5,1,0,0\"><b data-path-to-node=\"5,1,0,0\" data-index-in-node=\"0\">Tipo de conector<\/b><\/span><\/td>\n<td><span data-path-to-node=\"5,1,1,0\">SC\/UPC a FC\/APC<\/span><\/td>\n<td><span data-path-to-node=\"5,1,2,0\">H\u00edbrido push-pull a rosca atornillable<\/span><\/td>\n<\/tr>\n<tr>\n<td><span data-path-to-node=\"5,2,0,0\"><b data-path-to-node=\"5,2,0,0\" data-index-in-node=\"0\">Categor\u00eda de fibra<\/b><\/span><\/td>\n<td><span data-path-to-node=\"5,2,1,0\">Modo \u00fanico (SM\/SX)<\/span><\/td>\n<td><span data-path-to-node=\"5,2,2,0\">Optimizado para la estabilidad a larga distancia del OS2.<\/span><\/td>\n<\/tr>\n<tr>\n<td><span data-path-to-node=\"5,3,0,0\"><b data-path-to-node=\"5,3,0,0\" data-index-in-node=\"0\">P\u00e9rdida de inserci\u00f3n<\/b><\/span><\/td>\n<td><span data-path-to-node=\"5,3,1,0\"><b data-path-to-node=\"5,3,1,0\" data-index-in-node=\"0\"><span class=\"math-inline\" data-math=\"&lt; 0.3 \\text{ dB}\" data-index-in-node=\"0\">$&lt; 0,3 dB$<\/span><\/b><\/span><\/td>\n<td><span data-path-to-node=\"5,3,2,0\">M\u00ednima atenuaci\u00f3n de potencia para el enlace.<\/span><\/td>\n<\/tr>\n<tr>\n<td><span data-path-to-node=\"5,4,0,0\"><b data-path-to-node=\"5,4,0,0\" data-index-in-node=\"0\">P\u00e9rdida de retorno (APC)<\/b><\/span><\/td>\n<td><span data-path-to-node=\"5,4,1,0\"><b data-path-to-node=\"5,4,1,0\" data-index-in-node=\"0\"><span class=\"math-inline\" data-math=\"\\geq 60 \\text{ dB}\" data-index-in-node=\"0\">$\\geq 60 dB$<\/span><\/b><\/span><\/td>\n<td><span data-path-to-node=\"5,4,2,0\">M\u00e1xima protecci\u00f3n contra la reflexi\u00f3n trasera<\/span><\/td>\n<\/tr>\n<tr>\n<td><span data-path-to-node=\"5,5,0,0\"><b data-path-to-node=\"5,5,0,0\" data-index-in-node=\"0\">P\u00e9rdida de retorno (UPC)<\/b><\/span><\/td>\n<td><span data-path-to-node=\"5,5,1,0\"><b data-path-to-node=\"5,5,1,0\" data-index-in-node=\"0\"><span class=\"math-inline\" data-math=\"\\geq 50 \\text{ dB}\" data-index-in-node=\"0\">$\\geq 50 dB$<\/span><\/b><\/span><\/td>\n<td><span data-path-to-node=\"5,5,2,0\">Integridad de se\u00f1al digital confiable<\/span><\/td>\n<\/tr>\n<tr>\n<td><span data-path-to-node=\"5,6,0,0\"><b data-path-to-node=\"5,6,0,0\" data-index-in-node=\"0\">Longitud de onda de trabajo<\/b><\/span><\/td>\n<td><span data-path-to-node=\"5,6,1,0\">1310 nm \/ 1490 nm \/ 1550 nm<\/span><\/td>\n<td><span data-path-to-node=\"5,6,2,0\">Compatibilidad universal con longitudes de onda SM<\/span><\/td>\n<\/tr>\n<tr>\n<td><span data-path-to-node=\"5,7,0,0\"><b data-path-to-node=\"5,7,0,0\" data-index-in-node=\"0\">Resistencia a la tensi\u00f3n<\/b><\/span><\/td>\n<td><span data-path-to-node=\"5,7,1,0\"><b data-path-to-node=\"5,7,1,0\" data-index-in-node=\"0\"><span class=\"math-inline\" data-math=\"\\geq 200 \\text{ N}\" data-index-in-node=\"0\">$\\geq 200 \\text{ N}$<\/span><\/b><\/span><\/td>\n<td><span data-path-to-node=\"5,7,2,0\">Resistente para instalaci\u00f3n vertical en bastidor<\/span><\/td>\n<\/tr>\n<tr>\n<td><span data-path-to-node=\"5,8,0,0\"><b data-path-to-node=\"5,8,0,0\" data-index-in-node=\"0\">Durabilidad<\/b><\/span><\/td>\n<td><span data-path-to-node=\"5,8,1,0\"><span class=\"math-inline\" data-math=\"\\geq 1000\" data-index-in-node=\"0\">$\\\u2265 1000$<\/span> veces<\/span><\/td>\n<td><span data-path-to-node=\"5,8,2,0\">Larga vida \u00fatil de la f\u00e9rula cer\u00e1mica de alta precisi\u00f3n<\/span><\/td>\n<\/tr>\n<tr>\n<td><span data-path-to-node=\"5,9,0,0\"><b data-path-to-node=\"5,9,0,0\" data-index-in-node=\"0\">Material de la chaqueta<\/b><\/span><\/td>\n<td><span data-path-to-node=\"5,9,1,0\"><b data-path-to-node=\"5,9,1,0\" data-index-in-node=\"0\">LSZH (amarillo)<\/b><\/span><\/td>\n<td><span data-path-to-node=\"5,9,2,0\">Seguridad contra incendios, bajo nivel de humo y sin hal\u00f3genos.<\/span><\/td>\n<\/tr>\n<\/tbody>\n<\/table>\n<hr data-path-to-node=\"6\" \/>\n<h2 data-path-to-node=\"7\">Ventajas clave para la infraestructura profesional<\/h2>\n<h3 data-path-to-node=\"8\">1. Soluci\u00f3n de conectividad h\u00edbrida<\/h3>\n<p data-path-to-node=\"9\">Este cable permite una transici\u00f3n perfecta entre el <b data-path-to-node=\"9\" data-index-in-node=\"53\">SC\/UPC (azul)<\/b> extremo: est\u00e1ndar para redes generales y paneles de conexi\u00f3n, y el <b data-path-to-node=\"9\" data-index-in-node=\"128\">FC\/APC (verde)<\/b> extremo, que cuenta con una carcasa met\u00e1lica atornillada dise\u00f1ada para entornos con altas vibraciones y transmisores \u00f3pticos sensibles.<\/p>\n<h3 data-path-to-node=\"10\">2. P\u00e9rdida de retorno APC superior (<span class=\"math-inline\" data-math=\"\\geq 60\\text{dB}\" data-index-in-node=\"29\">$\\geq 60\\text{dB}$<\/span>)<\/h3>\n<p data-path-to-node=\"11\">El extremo FC\/APC utiliza un pulido con un \u00e1ngulo de 8 grados para garantizar que la reflexi\u00f3n posterior se redirija lejos de la fuente l\u00e1ser. Esto protege los costosos equipos del ruido de la se\u00f1al y los da\u00f1os en el hardware, un requisito obligatorio para los est\u00e1ndares de datos de alta velocidad de 2026.<\/p>\n<h3 data-path-to-node=\"12\">3. Calidad de fabricaci\u00f3n de grado de ingenier\u00eda<\/h3>\n<p data-path-to-node=\"13\">Con una resistencia a la tensi\u00f3n de <b data-path-to-node=\"13\" data-index-in-node=\"27\"><span class=\"math-inline\" data-math=\"\\geq 200\\text{N}\" data-index-in-node=\"27\">$\\geq 200\\text{N}$<\/span><\/b>, Estos puentes est\u00e1n dise\u00f1ados para soportar las tensiones f\u00edsicas del cableado industrial. El <b data-path-to-node=\"13\" data-index-in-node=\"131\">LSZH<\/b> La cubierta garantiza el cumplimiento de las normas internacionales de seguridad en edificios al emitir humos no t\u00f3xicos en caso de incendio.<\/p>\n<h3 data-path-to-node=\"14\">4. Rendimiento confiable de banda ancha<\/h3>\n<p data-path-to-node=\"15\">Compatible con un ancho de banda de <b data-path-to-node=\"15\" data-index-in-node=\"26\"><span class=\"math-inline\" data-math=\"\\pm 40\\text{nm}\" data-index-in-node=\"26\">$\\pm 40\\nm$<\/span><\/b>, Este puente se mantiene estable incluso en condiciones ambientales fluctuantes o cuando se utiliza con l\u00e1seres que experimentan ligeros cambios en la longitud de onda.<\/p>\n<hr data-path-to-node=\"16\" \/>\n<h2 data-path-to-node=\"17\">Preguntas frecuentes sobre compras B2B<\/h2>\n<ul data-path-to-node=\"18\">\n<li>\n<p data-path-to-node=\"18,0,0\"><b data-path-to-node=\"18,0,0\" data-index-in-node=\"0\">P: \u00bfPor qu\u00e9 un extremo es verde y el otro azul?<\/b><\/p>\n<ul data-path-to-node=\"18,0,1\">\n<li>\n<p data-path-to-node=\"18,0,1,0,0\"><b data-path-to-node=\"18,0,1,0,0\" data-index-in-node=\"0\">A:<\/b> Esta codificaci\u00f3n por colores es una norma internacional. El verde indica un <b data-path-to-node=\"18,0,1,0,0\" data-index-in-node=\"70\">APC (en \u00e1ngulo)<\/b> pulido, mientras que el azul indica un <b data-path-to-node=\"18,0,1,0,0\" data-index-in-node=\"114\">UPC (Contacto f\u00edsico ultra)<\/b> Pule. Combine siempre los colores con sus respectivos puertos de hardware para evitar una gran p\u00e9rdida de se\u00f1al.<\/p>\n<\/li>\n<\/ul>\n<\/li>\n<li>\n<p data-path-to-node=\"18,1,0\"><b data-path-to-node=\"18,1,0\" data-index-in-node=\"0\">P: \u00bfPodemos solicitar los informes de pruebas de f\u00e1brica de 100%?<\/b><\/p>\n<ul data-path-to-node=\"18,1,1\">\n<li>\n<p data-path-to-node=\"18,1,1,0,0\"><b data-path-to-node=\"18,1,1,0,0\" data-index-in-node=\"0\">A:<\/b> Por supuesto. Como socio profesional B2B, proporcionamos datos de pruebas individuales para la p\u00e9rdida de inserci\u00f3n y la p\u00e9rdida de retorno bajo petici\u00f3n, con el fin de garantizar que su lote cumpla con los requisitos. <span class=\"math-inline\" data-math=\"&lt;0.3\\text{dB}\" data-index-in-node=\"157\">$&lt;0.3\\text{dB}$<\/span> est\u00e1ndar.<\/p>\n<\/li>\n<\/ul>\n<\/li>\n<li>\n<p data-path-to-node=\"18,2,0\"><b data-path-to-node=\"18,2,0\" data-index-in-node=\"0\">P: \u00bfEste cable est\u00e1 preparado para un uso industrial con altas vibraciones?<\/b><\/p>\n<ul data-path-to-node=\"18,2,1\">\n<li>\n<p data-path-to-node=\"18,2,1,0,0\"><b data-path-to-node=\"18,2,1,0,0\" data-index-in-node=\"0\">A:<\/b> S\u00ed. El conector FC met\u00e1lico roscado est\u00e1 dise\u00f1ado espec\u00edficamente para permanecer seguro en entornos sujetos a movimientos mec\u00e1nicos, proporcionando m\u00e1s estabilidad que los clips de pl\u00e1stico est\u00e1ndar.<\/p>\n<\/li>\n<\/ul>\n<\/li>\n<\/ul>","protected":false},"excerpt":{"rendered":"<p data-path-to-node=\"0\">Para los gerentes de compras B2B y los ingenieros de telecomunicaciones, el <b data-path-to-node=\"0\" data-index-in-node=\"67\">SC\/UPC a FC\/APC Simplex monomodo (SM SX)<\/b> El cable de conexi\u00f3n es un componente h\u00edbrido fundamental. Este puente act\u00faa como un puente especializado entre los puertos de red digitales est\u00e1ndar (SC\/UPC) y las interfaces l\u00e1ser de alta precisi\u00f3n y baja reflexi\u00f3n (FC\/APC).<\/p>\n<p data-path-to-node=\"1\">Seg\u00fan las especificaciones t\u00e9cnicas proporcionadas, este cable est\u00e1 dise\u00f1ado para entornos de alto rendimiento como <b data-path-to-node=\"1\" data-index-in-node=\"113\">CATV, GPON y sistemas de pruebas de laboratorio<\/b>.<\/p>","protected":false},"featured_media":791,"comment_status":"open","ping_status":"closed","template":"","meta":[],"product_brand":[],"product_cat":[45],"product_tag":[],"class_list":{"0":"post-790","1":"product","2":"type-product","3":"status-publish","4":"has-post-thumbnail","6":"product_cat-single-mode-fiber-optic-patch-cord","8":"first","9":"instock","10":"shipping-taxable","11":"product-type-simple"},"_links":{"self":[{"href":"https:\/\/www.fenxifiber.com\/es\/wp-json\/wp\/v2\/product\/790","targetHints":{"allow":["GET"]}}],"collection":[{"href":"https:\/\/www.fenxifiber.com\/es\/wp-json\/wp\/v2\/product"}],"about":[{"href":"https:\/\/www.fenxifiber.com\/es\/wp-json\/wp\/v2\/types\/product"}],"replies":[{"embeddable":true,"href":"https:\/\/www.fenxifiber.com\/es\/wp-json\/wp\/v2\/comments?post=790"}],"wp:featuredmedia":[{"embeddable":true,"href":"https:\/\/www.fenxifiber.com\/es\/wp-json\/wp\/v2\/media\/791"}],"wp:attachment":[{"href":"https:\/\/www.fenxifiber.com\/es\/wp-json\/wp\/v2\/media?parent=790"}],"wp:term":[{"taxonomy":"product_brand","embeddable":true,"href":"https:\/\/www.fenxifiber.com\/es\/wp-json\/wp\/v2\/product_brand?post=790"},{"taxonomy":"product_cat","embeddable":true,"href":"https:\/\/www.fenxifiber.com\/es\/wp-json\/wp\/v2\/product_cat?post=790"},{"taxonomy":"product_tag","embeddable":true,"href":"https:\/\/www.fenxifiber.com\/es\/wp-json\/wp\/v2\/product_tag?post=790"}],"curies":[{"name":"wp","href":"https:\/\/api.w.org\/{rel}","templated":true}]}}