{"id":792,"date":"2026-02-04T01:39:19","date_gmt":"2026-02-04T01:39:19","guid":{"rendered":"https:\/\/www.fenxifiber.com\/?post_type=product&#038;p=792"},"modified":"2026-02-04T02:21:56","modified_gmt":"2026-02-04T02:21:56","slug":"fc-upc-fc-upc-sm-dx","status":"publish","type":"product","link":"https:\/\/www.fenxifiber.com\/es\/product\/fc-upc-fc-upc-sm-dx\/","title":{"rendered":"Cable de conexi\u00f3n FC\/UPC a FC\/UPC monomodo d\u00faplex (SM DX)"},"content":{"rendered":"<h2 data-path-to-node=\"3\">Matriz de rendimiento t\u00e9cnico<\/h2>\n<p data-path-to-node=\"4\">Nuestro proceso de producci\u00f3n se adhiere estrictamente a los siguientes par\u00e1metros de rendimiento para garantizar la coherencia en todo el proyecto:<\/p>\n<table data-path-to-node=\"5\">\n<thead>\n<tr>\n<td><strong>M\u00e9trico<\/strong><\/td>\n<td><strong>Especificaciones profesionales<\/strong><\/td>\n<td><strong>Ventaja de ingenier\u00eda<\/strong><\/td>\n<\/tr>\n<\/thead>\n<tbody>\n<tr>\n<td><span data-path-to-node=\"5,1,0,0\"><b data-path-to-node=\"5,1,0,0\" data-index-in-node=\"0\">Tipo de conector<\/b><\/span><\/td>\n<td><span data-path-to-node=\"5,1,1,0\">FC\/UPC a FC\/UPC<\/span><\/td>\n<td><span data-path-to-node=\"5,1,2,0\">Acoplamiento roscado met\u00e1lico atornillable<\/span><\/td>\n<\/tr>\n<tr>\n<td><span data-path-to-node=\"5,2,0,0\"><b data-path-to-node=\"5,2,0,0\" data-index-in-node=\"0\">Categor\u00eda de fibra<\/b><\/span><\/td>\n<td><span data-path-to-node=\"5,2,1,0\">Modo \u00fanico d\u00faplex (SM DX)<\/span><\/td>\n<td><span data-path-to-node=\"5,2,2,0\">Optimizado para datos bidireccionales de fibra doble.<\/span><\/td>\n<\/tr>\n<tr>\n<td><span data-path-to-node=\"5,3,0,0\"><b data-path-to-node=\"5,3,0,0\" data-index-in-node=\"0\">P\u00e9rdida de inserci\u00f3n<\/b><\/span><\/td>\n<td><span data-path-to-node=\"5,3,1,0\"><b data-path-to-node=\"5,3,1,0\" data-index-in-node=\"0\"><span class=\"math-inline\" data-math=\"&lt; 0.3 \\text{ dB}\" data-index-in-node=\"0\">$&lt; 0,3 dB$<\/span><\/b><\/span><\/td>\n<td><span data-path-to-node=\"5,3,2,0\">Atenuaci\u00f3n m\u00ednima para enlaces de larga distancia.<\/span><\/td>\n<\/tr>\n<tr>\n<td><span data-path-to-node=\"5,4,0,0\"><b data-path-to-node=\"5,4,0,0\" data-index-in-node=\"0\">P\u00e9rdida de retorno<\/b><\/span><\/td>\n<td><span data-path-to-node=\"5,4,1,0\"><b data-path-to-node=\"5,4,1,0\" data-index-in-node=\"0\"><span class=\"math-inline\" data-math=\"\\geq 50 \\text{ dB}\" data-index-in-node=\"0\">$\\geq 50 dB$<\/span> (UPC)<\/b><\/span><\/td>\n<td><span data-path-to-node=\"5,4,2,0\">Se\u00f1al de alta pureza para protocolos digitales<\/span><\/td>\n<\/tr>\n<tr>\n<td><span data-path-to-node=\"5,5,0,0\"><b data-path-to-node=\"5,5,0,0\" data-index-in-node=\"0\">Longitud de onda<\/b><\/span><\/td>\n<td><span data-path-to-node=\"5,5,1,0\">1310 nm \/ 1490 nm \/ 1550 nm<\/span><\/td>\n<td><span data-path-to-node=\"5,5,2,0\">Compatibilidad universal con longitudes de onda<\/span><\/td>\n<\/tr>\n<tr>\n<td><span data-path-to-node=\"5,6,0,0\"><b data-path-to-node=\"5,6,0,0\" data-index-in-node=\"0\">Resistencia a la tensi\u00f3n<\/b><\/span><\/td>\n<td><span data-path-to-node=\"5,6,1,0\"><b data-path-to-node=\"5,6,1,0\" data-index-in-node=\"0\"><span class=\"math-inline\" data-math=\"\\geq 200 \\text{ N}\" data-index-in-node=\"0\">$\\geq 200 \\text{ N}$<\/span><\/b><\/span><\/td>\n<td><span data-path-to-node=\"5,6,2,0\">Resistente para un tendido intensivo de cables<\/span><\/td>\n<\/tr>\n<tr>\n<td><span data-path-to-node=\"5,7,0,0\"><b data-path-to-node=\"5,7,0,0\" data-index-in-node=\"0\">Durabilidad<\/b><\/span><\/td>\n<td><span data-path-to-node=\"5,7,1,0\"><span class=\"math-inline\" data-math=\"\\geq 1000\" data-index-in-node=\"0\">$\\\u2265 1000$<\/span> veces<\/span><\/td>\n<td><span data-path-to-node=\"5,7,2,0\">Larga vida \u00fatil de la f\u00e9rula cer\u00e1mica de alta precisi\u00f3n<\/span><\/td>\n<\/tr>\n<tr>\n<td><span data-path-to-node=\"5,8,0,0\"><b data-path-to-node=\"5,8,0,0\" data-index-in-node=\"0\">Ancho de banda<\/b><\/span><\/td>\n<td><span data-path-to-node=\"5,8,1,0\"><span class=\"math-inline\" data-math=\"\\pm 40\\text{nm}\" data-index-in-node=\"0\">$\\pm 40\\nm$<\/span><\/span><\/td>\n<td><span data-path-to-node=\"5,8,2,0\">Rendimiento estable en todos los cambios espectrales<\/span><\/td>\n<\/tr>\n<tr>\n<td><span data-path-to-node=\"5,9,0,0\"><b data-path-to-node=\"5,9,0,0\" data-index-in-node=\"0\">Material de la chaqueta<\/b><\/span><\/td>\n<td><span data-path-to-node=\"5,9,1,0\"><b data-path-to-node=\"5,9,1,0\" data-index-in-node=\"0\">LSZH (amarillo)<\/b><\/span><\/td>\n<td><span data-path-to-node=\"5,9,2,0\">Cumple con las normas de seguridad contra incendios, bajo nivel de humo y cero hal\u00f3genos.<\/span><\/td>\n<\/tr>\n<\/tbody>\n<\/table>\n<hr data-path-to-node=\"6\" \/>\n<h2 data-path-to-node=\"7\">Ventajas de rendimiento para implementaciones a gran escala<\/h2>\n<h3 data-path-to-node=\"8\">1. Mecanismo atornillable a prueba de vibraciones<\/h3>\n<p data-path-to-node=\"9\">En <b data-path-to-node=\"9\" data-index-in-node=\"4\">FC (conector de f\u00e9rula)<\/b> utiliza una carcasa met\u00e1lica niquelada con un acoplamiento roscado. A diferencia de los cierres a presi\u00f3n de pl\u00e1stico, el mecanismo FC garantiza que los extremos de la fibra permanezcan en contacto constante y presurizado, lo que lo convierte en la opci\u00f3n ideal para entornos sujetos a tensi\u00f3n mec\u00e1nica o expansi\u00f3n t\u00e9rmica.<\/p>\n<h3 data-path-to-node=\"10\">2. Eficiencia d\u00faplex (DX) para enlaces de alta velocidad<\/h3>\n<p data-path-to-node=\"11\">En <b data-path-to-node=\"11\" data-index-in-node=\"4\">D\u00faplex (DX)<\/b> La configuraci\u00f3n permite la transmisi\u00f3n simult\u00e1nea de datos en ambos sentidos. Este es un requisito fundamental para las arquitecturas Ethernet tradicionales de 1G, 10G y 40G, que dependen de hilos separados para la transmisi\u00f3n y la recepci\u00f3n, lo que simplifica la gesti\u00f3n de los cables en bastidores de alta densidad.<\/p>\n<h3 data-path-to-node=\"12\">3. Fiabilidad de tracci\u00f3n de grado industrial<\/h3>\n<p data-path-to-node=\"13\">Con una resistencia a la tensi\u00f3n de <b data-path-to-node=\"13\" data-index-in-node=\"34\"><span class=\"math-inline\" data-math=\"\\geq 200\\text{N}\" data-index-in-node=\"34\">$\\geq 200\\text{N}$<\/span><\/b>, Estos puentes est\u00e1n dise\u00f1ados para soportar las duras condiciones f\u00edsicas que supone su paso por conductos industriales y pozos verticales. Esta durabilidad reduce el riesgo de rotura del n\u00facleo de vidrio durante la fase de instalaci\u00f3n de proyectos a gran escala.<\/p>\n<h3 data-path-to-node=\"14\">4. Seguridad global y cumplimiento de la normativa LSZH<\/h3>\n<p data-path-to-node=\"15\">Nuestras chaquetas amarillas est\u00e1n fabricadas con <b data-path-to-node=\"15\" data-index-in-node=\"41\">Bajo nivel de humo y sin hal\u00f3genos (LSZH)<\/b> . Esto garantiza que el producto cumpla con las normas internacionales de seguridad contra incendios para edificios comerciales y gubernamentales, ya que no emite gases hal\u00f3genos t\u00f3xicos en caso de calor extremo.<\/p>\n<hr data-path-to-node=\"16\" \/>\n<h2 data-path-to-node=\"17\">Adquisiciones y apoyo a proyectos<\/h2>\n<ul data-path-to-node=\"18\">\n<li>\n<p data-path-to-node=\"18,0,0\"><b data-path-to-node=\"18,0,0\" data-index-in-node=\"0\">Garant\u00eda de calidad:<\/b> Cada cable de conexi\u00f3n se somete a pruebas de f\u00e1brica 100% para determinar la p\u00e9rdida de inserci\u00f3n (IL) y la p\u00e9rdida de retorno (RL). Se pueden proporcionar informes de pruebas individuales y verificaciones de interferometr\u00eda 3D para respaldar su <b data-path-to-node=\"18,0,0\" data-index-in-node=\"203\">documentaci\u00f3n de cumplimiento del proyecto<\/b>.<\/p>\n<\/li>\n<li>\n<p data-path-to-node=\"18,1,0\"><b data-path-to-node=\"18,1,0\" data-index-in-node=\"0\">Escalabilidad al por mayor:<\/b> Mantenemos un inventario constante de longitudes est\u00e1ndar (1 m, 2 m, 3 m, 5 m) para garantizar plazos de entrega r\u00e1pidos para <b data-path-to-node=\"18,1,0\" data-index-in-node=\"126\">compra de gran volumen<\/b> y mantenimiento urgente de la red.<\/p>\n<\/li>\n<li>\n<p data-path-to-node=\"18,2,0\"><b data-path-to-node=\"18,2,0\" data-index-in-node=\"0\">Configuraci\u00f3n personalizada:<\/b> Ofrecemos fabricaci\u00f3n flexible para necesidades espec\u00edficas. <b data-path-to-node=\"18,2,0\" data-index-in-node=\"67\">requisitos de venta al por mayor<\/b>, incluyendo longitudes personalizadas, di\u00e1metros de cubierta de 2,0 mm\/3,0 mm y etiquetado especializado para la marca de la empresa.<\/p>\n<\/li>\n<\/ul>","protected":false},"excerpt":{"rendered":"<p data-path-to-node=\"0\">En <b data-path-to-node=\"0\" data-index-in-node=\"4\">FC\/UPC a FC\/UPC d\u00faplex monomodo (SM DX)<\/b> El cable de conexi\u00f3n es una interconexi\u00f3n de alto rendimiento dise\u00f1ada para la transmisi\u00f3n de doble fibra en entornos que requieren la m\u00e1xima estabilidad mec\u00e1nica. Con el cl\u00e1sico acoplamiento met\u00e1lico roscado, esta configuraci\u00f3n d\u00faplex es el est\u00e1ndar profesional para <b data-path-to-node=\"0\" data-index-in-node=\"296\">sensores de fibra \u00f3ptica, redes troncales de telecomunicaciones y bancos de pruebas de laboratorio<\/b> donde se debe mantener un contacto f\u00edsico constante a pesar de las vibraciones o los movimientos.<\/p>\n<p data-path-to-node=\"1\">Dise\u00f1ado para satisfacer las demandas de infraestructura de 2026, este puente de doble n\u00facleo \u201cBlue-to-Blue\u201d proporciona la confiabilidad necesaria para las rutas de datos full-duplex en sectores cr\u00edticos de la red.<\/p>","protected":false},"featured_media":793,"comment_status":"open","ping_status":"closed","template":"","meta":[],"product_brand":[],"product_cat":[45],"product_tag":[],"class_list":{"0":"post-792","1":"product","2":"type-product","3":"status-publish","4":"has-post-thumbnail","6":"product_cat-single-mode-fiber-optic-patch-cord","8":"first","9":"instock","10":"shipping-taxable","11":"product-type-simple"},"_links":{"self":[{"href":"https:\/\/www.fenxifiber.com\/es\/wp-json\/wp\/v2\/product\/792","targetHints":{"allow":["GET"]}}],"collection":[{"href":"https:\/\/www.fenxifiber.com\/es\/wp-json\/wp\/v2\/product"}],"about":[{"href":"https:\/\/www.fenxifiber.com\/es\/wp-json\/wp\/v2\/types\/product"}],"replies":[{"embeddable":true,"href":"https:\/\/www.fenxifiber.com\/es\/wp-json\/wp\/v2\/comments?post=792"}],"wp:featuredmedia":[{"embeddable":true,"href":"https:\/\/www.fenxifiber.com\/es\/wp-json\/wp\/v2\/media\/793"}],"wp:attachment":[{"href":"https:\/\/www.fenxifiber.com\/es\/wp-json\/wp\/v2\/media?parent=792"}],"wp:term":[{"taxonomy":"product_brand","embeddable":true,"href":"https:\/\/www.fenxifiber.com\/es\/wp-json\/wp\/v2\/product_brand?post=792"},{"taxonomy":"product_cat","embeddable":true,"href":"https:\/\/www.fenxifiber.com\/es\/wp-json\/wp\/v2\/product_cat?post=792"},{"taxonomy":"product_tag","embeddable":true,"href":"https:\/\/www.fenxifiber.com\/es\/wp-json\/wp\/v2\/product_tag?post=792"}],"curies":[{"name":"wp","href":"https:\/\/api.w.org\/{rel}","templated":true}]}}