{"id":794,"date":"2026-02-04T01:40:45","date_gmt":"2026-02-04T01:40:45","guid":{"rendered":"https:\/\/www.fenxifiber.com\/?post_type=product&#038;p=794"},"modified":"2026-02-04T02:23:15","modified_gmt":"2026-02-04T02:23:15","slug":"fc-upc-st-upc-sm-dx","status":"publish","type":"product","link":"https:\/\/www.fenxifiber.com\/es\/product\/fc-upc-st-upc-sm-dx\/","title":{"rendered":"Cable de conexi\u00f3n FC\/UPC a ST\/UPC monomodo d\u00faplex (SM DX)"},"content":{"rendered":"<p data-path-to-node=\"5\">Dise\u00f1ado para ofrecer precisi\u00f3n y durabilidad, este cable d\u00faplex \u201cazul a azul\u201d garantiza una alineaci\u00f3n de alta precisi\u00f3n y una seguridad f\u00edsica robusta para la transmisi\u00f3n bidireccional de datos de misi\u00f3n cr\u00edtica.<\/p>\n<h2 data-path-to-node=\"6\">Matriz de rendimiento t\u00e9cnico<\/h2>\n<p data-path-to-node=\"7\">Nuestra producci\u00f3n cumple con los siguientes rigurosos est\u00e1ndares t\u00e9cnicos para garantizar la coherencia en las implementaciones de proyectos a gran escala:<\/p>\n<table data-path-to-node=\"8\">\n<thead>\n<tr>\n<td><strong>M\u00e9trico<\/strong><\/td>\n<td><strong>Especificaciones profesionales<\/strong><\/td>\n<td><strong>Ventaja de ingenier\u00eda<\/strong><\/td>\n<\/tr>\n<\/thead>\n<tbody>\n<tr>\n<td><span data-path-to-node=\"8,1,0,0\"><b data-path-to-node=\"8,1,0,0\" data-index-in-node=\"0\">Tipo de conector<\/b><\/span><\/td>\n<td><span data-path-to-node=\"8,1,1,0\">FC\/UPC a ST\/UPC<\/span><\/td>\n<td><span data-path-to-node=\"8,1,2,0\">Acoplamiento h\u00edbrido metal-metal<\/span><\/td>\n<\/tr>\n<tr>\n<td><span data-path-to-node=\"8,2,0,0\"><b data-path-to-node=\"8,2,0,0\" data-index-in-node=\"0\">Categor\u00eda de fibra<\/b><\/span><\/td>\n<td><span data-path-to-node=\"8,2,1,0\">D\u00faplex monomodo (SM DX)<\/span><\/td>\n<td><span data-path-to-node=\"8,2,2,0\">Admite datos simult\u00e1neos de doble cadena.<\/span><\/td>\n<\/tr>\n<tr>\n<td><span data-path-to-node=\"8,3,0,0\"><b data-path-to-node=\"8,3,0,0\" data-index-in-node=\"0\">P\u00e9rdida de inserci\u00f3n<\/b><\/span><\/td>\n<td><span data-path-to-node=\"8,3,1,0\"><b data-path-to-node=\"8,3,1,0\" data-index-in-node=\"0\"><span class=\"math-inline\" data-math=\"&lt; 0.3 \\text{ dB}\" data-index-in-node=\"0\">$&lt; 0,3 dB$<\/span><\/b><\/span><\/td>\n<td><span data-path-to-node=\"8,3,2,0\">Optimiza el presupuesto total de energ\u00eda del enlace.<\/span><\/td>\n<\/tr>\n<tr>\n<td><span data-path-to-node=\"8,4,0,0\"><b data-path-to-node=\"8,4,0,0\" data-index-in-node=\"0\">P\u00e9rdida de retorno<\/b><\/span><\/td>\n<td><span data-path-to-node=\"8,4,1,0\"><b data-path-to-node=\"8,4,1,0\" data-index-in-node=\"0\"><span class=\"math-inline\" data-math=\"\\geq 50 \\text{ dB}\" data-index-in-node=\"0\">$\\geq 50 dB$<\/span> (UPC)<\/b><\/span><\/td>\n<td><span data-path-to-node=\"8,4,2,0\">Mantiene una pureza de se\u00f1al digital superior.<\/span><\/td>\n<\/tr>\n<tr>\n<td><span data-path-to-node=\"8,5,0,0\"><b data-path-to-node=\"8,5,0,0\" data-index-in-node=\"0\">Longitud de onda<\/b><\/span><\/td>\n<td><span data-path-to-node=\"8,5,1,0\">1310 nm \/ 1490 nm \/ 1550 nm<\/span><\/td>\n<td><span data-path-to-node=\"8,5,2,0\">Compatibilidad universal con longitudes de onda SM<\/span><\/td>\n<\/tr>\n<tr>\n<td><span data-path-to-node=\"8,6,0,0\"><b data-path-to-node=\"8,6,0,0\" data-index-in-node=\"0\">Ancho de banda<\/b><\/span><\/td>\n<td><span data-path-to-node=\"8,6,1,0\"><span class=\"math-inline\" data-math=\"\\pm 40\\text{nm}\" data-index-in-node=\"0\">$\\pm 40\\nm$<\/span><\/span><\/td>\n<td><span data-path-to-node=\"8,6,2,0\">Rendimiento estable en todos los cambios espectrales<\/span><\/td>\n<\/tr>\n<tr>\n<td><span data-path-to-node=\"8,7,0,0\"><b data-path-to-node=\"8,7,0,0\" data-index-in-node=\"0\">Resistencia a la tensi\u00f3n<\/b><\/span><\/td>\n<td><span data-path-to-node=\"8,7,1,0\"><b data-path-to-node=\"8,7,1,0\" data-index-in-node=\"0\"><span class=\"math-inline\" data-math=\"\\geq 200 \\text{ N}\" data-index-in-node=\"0\">$\\geq 200 \\text{ N}$<\/span><\/b><\/span><\/td>\n<td><span data-path-to-node=\"8,7,2,0\">Reforzado para un tendido intensivo de conductos<\/span><\/td>\n<\/tr>\n<tr>\n<td><span data-path-to-node=\"8,8,0,0\"><b data-path-to-node=\"8,8,0,0\" data-index-in-node=\"0\">Durabilidad<\/b><\/span><\/td>\n<td><span data-path-to-node=\"8,8,1,0\"><span class=\"math-inline\" data-math=\"\\geq 1000\" data-index-in-node=\"0\">$\\\u2265 1000$<\/span> veces<\/span><\/td>\n<td><span data-path-to-node=\"8,8,2,0\">Larga vida \u00fatil de la f\u00e9rula cer\u00e1mica de alta precisi\u00f3n<\/span><\/td>\n<\/tr>\n<tr>\n<td><span data-path-to-node=\"8,9,0,0\"><b data-path-to-node=\"8,9,0,0\" data-index-in-node=\"0\">Material de la chaqueta<\/b><\/span><\/td>\n<td><span data-path-to-node=\"8,9,1,0\"><b data-path-to-node=\"8,9,1,0\" data-index-in-node=\"0\">LSZH (amarillo)<\/b><\/span><\/td>\n<td><span data-path-to-node=\"8,9,2,0\">Seguridad contra incendios, bajo nivel de humo y sin hal\u00f3genos.<\/span><\/td>\n<\/tr>\n<\/tbody>\n<\/table>\n<hr data-path-to-node=\"9\" \/>\n<h2 data-path-to-node=\"10\">Ventajas de rendimiento para proyectos de infraestructura<\/h2>\n<h3 data-path-to-node=\"11\">1. Mecanismo de cierre met\u00e1lico doble<\/h3>\n<ul data-path-to-node=\"12\">\n<li>\n<p data-path-to-node=\"12,0,0\">Tanto el <b data-path-to-node=\"12,0,0\" data-index-in-node=\"9\">FC<\/b> y <b data-path-to-node=\"12,0,0\" data-index-in-node=\"16\">ST<\/b> Los conectores utilizan carcasas met\u00e1licas niqueladas en lugar de cierres de pl\u00e1stico.<\/p>\n<\/li>\n<li>\n<p data-path-to-node=\"12,1,0\">El tornillo roscado FC y la montura de bayoneta con resorte ST proporcionan una conexi\u00f3n a prueba de vibraciones.<\/p>\n<\/li>\n<li>\n<p data-path-to-node=\"12,2,0\">Este dise\u00f1o es ideal para <b data-path-to-node=\"12,2,0\" data-index-in-node=\"25\">entornos industriales y gabinetes de servicios p\u00fablicos al aire libre<\/b> sujeto a tensi\u00f3n mec\u00e1nica.<\/p>\n<\/li>\n<\/ul>\n<h3 data-path-to-node=\"13\">2. Dise\u00f1o d\u00faplex (DX) de alta eficiencia<\/h3>\n<ul data-path-to-node=\"14\">\n<li>\n<p data-path-to-node=\"14,0,0\">En <b data-path-to-node=\"14,0,0\" data-index-in-node=\"4\">D\u00faplex (DX)<\/b> La configuraci\u00f3n permite rutas independientes de transmisi\u00f3n (TX) y recepci\u00f3n (RX) en dos hilos de fibra separados.<\/p>\n<\/li>\n<li>\n<p data-path-to-node=\"14,1,0\">Esto es esencial para las arquitecturas de redes empresariales que requieren comunicaci\u00f3n full-duplex a larga distancia. <b data-path-to-node=\"14,1,0\" data-index-in-node=\"112\">Fibra monomodo OS2<\/b>.<\/p>\n<\/li>\n<\/ul>\n<h3 data-path-to-node=\"15\">3. Fiabilidad de tracci\u00f3n de grado de ingenier\u00eda<\/h3>\n<ul data-path-to-node=\"16\">\n<li>\n<p data-path-to-node=\"16,0,0\">Con una resistencia a la tracci\u00f3n nominal de <b data-path-to-node=\"16,0,0\" data-index-in-node=\"31\"><span class=\"math-inline\" data-math=\"\\geq 200\\text{N}\" data-index-in-node=\"31\">$\\geq 200\\text{N}$<\/span><\/b>, Estos puentes est\u00e1n dise\u00f1ados para soportar las duras condiciones f\u00edsicas de la instalaci\u00f3n.<\/p>\n<\/li>\n<li>\n<p data-path-to-node=\"16,1,0\">Este alto umbral garantiza que el n\u00facleo de vidrio permanezca protegido durante el tracci\u00f3n intensiva a trav\u00e9s de bandejas de cables densas y pozos verticales.<\/p>\n<\/li>\n<\/ul>\n<h3 data-path-to-node=\"17\">4. Cumplimiento normativo y seguridad a nivel mundial<\/h3>\n<ul data-path-to-node=\"18\">\n<li>\n<p data-path-to-node=\"18,0,0\">Nuestras chaquetas amarillas est\u00e1n fabricadas con <b data-path-to-node=\"18,0,0\" data-index-in-node=\"41\">Bajo nivel de humo y sin hal\u00f3genos (LSZH)<\/b> material.<\/p>\n<\/li>\n<li>\n<p data-path-to-node=\"18,1,0\">Esto cumple con los c\u00f3digos internacionales de seguridad en la construcci\u00f3n, lo que garantiza que no se emitan gases hal\u00f3genos t\u00f3xicos en caso de calor extremo.<\/p>\n<\/li>\n<\/ul>\n<hr data-path-to-node=\"19\" \/>\n<h2 data-path-to-node=\"20\">Apoyo en materia de compras y venta al por mayor<\/h2>\n<ul data-path-to-node=\"21\">\n<li>\n<p data-path-to-node=\"21,0,0\"><b data-path-to-node=\"21,0,0\" data-index-in-node=\"0\">Garant\u00eda de calidad<\/b>: Todos los cables de conexi\u00f3n se someten a pruebas de f\u00e1brica 100% para comprobar la p\u00e9rdida de inserci\u00f3n (IL) y la p\u00e9rdida de retorno (RL) con el fin de garantizar la fiabilidad del proyecto.<\/p>\n<\/li>\n<li>\n<p data-path-to-node=\"21,1,0\"><b data-path-to-node=\"21,1,0\" data-index-in-node=\"0\">Documentaci\u00f3n del proyecto<\/b>: Proporcionamos informes de pruebas individuales y verificaci\u00f3n por interferometr\u00eda 3D para cumplir con estrictos requisitos. <b data-path-to-node=\"21,1,0\" data-index-in-node=\"108\">requisitos de cumplimiento<\/b>.<\/p>\n<\/li>\n<li>\n<p data-path-to-node=\"21,2,0\"><b data-path-to-node=\"21,2,0\" data-index-in-node=\"0\">Escalabilidad al por mayor<\/b>: Mantenemos un inventario constante de longitudes est\u00e1ndar para garantizar plazos de entrega r\u00e1pidos para <b data-path-to-node=\"21,2,0\" data-index-in-node=\"107\">compra de gran volumen<\/b>.<\/p>\n<\/li>\n<li>\n<p data-path-to-node=\"21,3,0\"><b data-path-to-node=\"21,3,0\" data-index-in-node=\"0\">Configuraci\u00f3n personalizada<\/b>: Se ofrece fabricaci\u00f3n flexible para longitudes personalizadas, etiquetado especializado y di\u00e1metros de cubierta variables (2,0 mm\/3,0 mm).<\/p>\n<\/li>\n<\/ul>","protected":false},"excerpt":{"rendered":"<p data-path-to-node=\"4\"><span class=\"\">En <\/span><b class=\"\" data-path-to-node=\"4\" data-index-in-node=\"4\">FC\/UPC a ST\/UPC d\u00faplex monomodo (SM DX)<\/b><span class=\"\"> es una interconexi\u00f3n de alto rendimiento dise\u00f1ada para sistemas de doble fibra que requieren la m\u00e1xima estabilidad mec\u00e1nica.<\/span><span class=\"\"> Este puente h\u00edbrido cierra la brecha entre las interfaces FC roscadas y los puertos ST de tipo bayoneta.,<\/span><span class=\"\"> proporcionando una ruta full-duplex confiable para <\/span><b class=\"\" data-path-to-node=\"4\" data-index-in-node=\"291\">automatizaci\u00f3n industrial, redes troncales de campus y actualizaciones de telecomunicaciones heredadas<\/b><span class=\"\">.<\/span><\/p>\n<p data-path-to-node=\"5\">","protected":false},"featured_media":795,"comment_status":"open","ping_status":"closed","template":"","meta":[],"product_brand":[],"product_cat":[45],"product_tag":[],"class_list":{"0":"post-794","1":"product","2":"type-product","3":"status-publish","4":"has-post-thumbnail","6":"product_cat-single-mode-fiber-optic-patch-cord","8":"first","9":"instock","10":"shipping-taxable","11":"product-type-simple"},"_links":{"self":[{"href":"https:\/\/www.fenxifiber.com\/es\/wp-json\/wp\/v2\/product\/794","targetHints":{"allow":["GET"]}}],"collection":[{"href":"https:\/\/www.fenxifiber.com\/es\/wp-json\/wp\/v2\/product"}],"about":[{"href":"https:\/\/www.fenxifiber.com\/es\/wp-json\/wp\/v2\/types\/product"}],"replies":[{"embeddable":true,"href":"https:\/\/www.fenxifiber.com\/es\/wp-json\/wp\/v2\/comments?post=794"}],"wp:featuredmedia":[{"embeddable":true,"href":"https:\/\/www.fenxifiber.com\/es\/wp-json\/wp\/v2\/media\/795"}],"wp:attachment":[{"href":"https:\/\/www.fenxifiber.com\/es\/wp-json\/wp\/v2\/media?parent=794"}],"wp:term":[{"taxonomy":"product_brand","embeddable":true,"href":"https:\/\/www.fenxifiber.com\/es\/wp-json\/wp\/v2\/product_brand?post=794"},{"taxonomy":"product_cat","embeddable":true,"href":"https:\/\/www.fenxifiber.com\/es\/wp-json\/wp\/v2\/product_cat?post=794"},{"taxonomy":"product_tag","embeddable":true,"href":"https:\/\/www.fenxifiber.com\/es\/wp-json\/wp\/v2\/product_tag?post=794"}],"curies":[{"name":"wp","href":"https:\/\/api.w.org\/{rel}","templated":true}]}}