{"id":796,"date":"2026-02-04T01:42:04","date_gmt":"2026-02-04T01:42:04","guid":{"rendered":"https:\/\/www.fenxifiber.com\/?post_type=product&#038;p=796"},"modified":"2026-02-04T02:23:46","modified_gmt":"2026-02-04T02:23:46","slug":"lc-apc-lc-apc-sm-dx","status":"publish","type":"product","link":"https:\/\/www.fenxifiber.com\/es\/product\/lc-apc-lc-apc-sm-dx\/","title":{"rendered":"Cable de conexi\u00f3n LC\/APC a LC\/APC monomodo d\u00faplex (SM DX)"},"content":{"rendered":"<h2 data-path-to-node=\"3\">Matriz de rendimiento t\u00e9cnico<\/h2>\n<p data-path-to-node=\"4\">Nuestra producci\u00f3n cumple con los siguientes est\u00e1ndares t\u00e9cnicos rigurosos para garantizar un rendimiento constante en implementaciones de red a gran escala:<\/p>\n<table data-path-to-node=\"5\">\n<thead>\n<tr>\n<td><strong>M\u00e9trico<\/strong><\/td>\n<td><strong>Especificaciones profesionales<\/strong><\/td>\n<td><strong>Ventaja de ingenier\u00eda<\/strong><\/td>\n<\/tr>\n<\/thead>\n<tbody>\n<tr>\n<td><span data-path-to-node=\"5,1,0,0\"><b data-path-to-node=\"5,1,0,0\" data-index-in-node=\"0\">Tipo de conector<\/b><\/span><\/td>\n<td><span data-path-to-node=\"5,1,1,0\">LC\/APC a LC\/APC<\/span><\/td>\n<td><span data-path-to-node=\"5,1,2,0\">SFF (factor de forma peque\u00f1o) de alta densidad<\/span><\/td>\n<\/tr>\n<tr>\n<td><span data-path-to-node=\"5,2,0,0\"><b data-path-to-node=\"5,2,0,0\" data-index-in-node=\"0\">Categor\u00eda de fibra<\/b><\/span><\/td>\n<td><span data-path-to-node=\"5,2,1,0\">D\u00faplex monomodo (SM\/DX)<\/span><\/td>\n<td><span data-path-to-node=\"5,2,2,0\">Admite datos simult\u00e1neos de doble cadena.<\/span><\/td>\n<\/tr>\n<tr>\n<td><span data-path-to-node=\"5,3,0,0\"><b data-path-to-node=\"5,3,0,0\" data-index-in-node=\"0\">P\u00e9rdida de inserci\u00f3n<\/b><\/span><\/td>\n<td><span data-path-to-node=\"5,3,1,0\"><b data-path-to-node=\"5,3,1,0\" data-index-in-node=\"0\"><span class=\"math-inline\" data-math=\"&lt; 0.3 \\text{ dB}\" data-index-in-node=\"0\">$&lt; 0,3 dB$<\/span><\/b><\/span><\/td>\n<td><span data-path-to-node=\"5,3,2,0\">Optimiza el presupuesto total de energ\u00eda del enlace.<\/span><\/td>\n<\/tr>\n<tr>\n<td><span data-path-to-node=\"5,4,0,0\"><b data-path-to-node=\"5,4,0,0\" data-index-in-node=\"0\">P\u00e9rdida de retorno<\/b><\/span><\/td>\n<td><span data-path-to-node=\"5,4,1,0\"><b data-path-to-node=\"5,4,1,0\" data-index-in-node=\"0\"><span class=\"math-inline\" data-math=\"\\geq 60 \\text{ dB}\" data-index-in-node=\"0\">$\\geq 60 dB$<\/span> (APC)<\/b><\/span><\/td>\n<td><span data-path-to-node=\"5,4,2,0\">Supresi\u00f3n superior de la reflexi\u00f3n trasera<\/span><\/td>\n<\/tr>\n<tr>\n<td><span data-path-to-node=\"5,5,0,0\"><b data-path-to-node=\"5,5,0,0\" data-index-in-node=\"0\">Longitud de onda<\/b><\/span><\/td>\n<td><span data-path-to-node=\"5,5,1,0\">1310 nm \/ 1490 nm \/ 1550 nm<\/span><\/td>\n<td><span data-path-to-node=\"5,5,2,0\">Compatibilidad universal con longitudes de onda SM<\/span><\/td>\n<\/tr>\n<tr>\n<td><span data-path-to-node=\"5,6,0,0\"><b data-path-to-node=\"5,6,0,0\" data-index-in-node=\"0\">Ancho de banda<\/b><\/span><\/td>\n<td><span data-path-to-node=\"5,6,1,0\"><span class=\"math-inline\" data-math=\"\\pm 40\\text{nm}\" data-index-in-node=\"0\">$\\pm 40\\nm$<\/span><\/span><\/td>\n<td><span data-path-to-node=\"5,6,2,0\">Rendimiento estable en todos los cambios espectrales<\/span><\/td>\n<\/tr>\n<tr>\n<td><span data-path-to-node=\"5,7,0,0\"><b data-path-to-node=\"5,7,0,0\" data-index-in-node=\"0\">Resistencia a la tensi\u00f3n<\/b><\/span><\/td>\n<td><span data-path-to-node=\"5,7,1,0\"><b data-path-to-node=\"5,7,1,0\" data-index-in-node=\"0\"><span class=\"math-inline\" data-math=\"\\geq 200 \\text{ N}\" data-index-in-node=\"0\">$\\geq 200 \\text{ N}$<\/span><\/b><\/span><\/td>\n<td><span data-path-to-node=\"5,7,2,0\">Reforzado para un tendido intensivo de conductos<\/span><\/td>\n<\/tr>\n<tr>\n<td><span data-path-to-node=\"5,8,0,0\"><b data-path-to-node=\"5,8,0,0\" data-index-in-node=\"0\">Durabilidad<\/b><\/span><\/td>\n<td><span data-path-to-node=\"5,8,1,0\"><span class=\"math-inline\" data-math=\"\\geq 1000\" data-index-in-node=\"0\">$\\\u2265 1000$<\/span> veces<\/span><\/td>\n<td><span data-path-to-node=\"5,8,2,0\">Larga vida \u00fatil de la f\u00e9rula cer\u00e1mica de alta precisi\u00f3n<\/span><\/td>\n<\/tr>\n<tr>\n<td><span data-path-to-node=\"5,9,0,0\"><b data-path-to-node=\"5,9,0,0\" data-index-in-node=\"0\">Material de la chaqueta<\/b><\/span><\/td>\n<td><span data-path-to-node=\"5,9,1,0\"><b data-path-to-node=\"5,9,1,0\" data-index-in-node=\"0\">LSZH (amarillo)<\/b><\/span><\/td>\n<td><span data-path-to-node=\"5,9,2,0\">Seguridad contra incendios, bajo nivel de humo y sin hal\u00f3genos.<\/span><\/td>\n<\/tr>\n<\/tbody>\n<\/table>\n<hr data-path-to-node=\"6\" \/>\n<h2 data-path-to-node=\"7\">Ventajas de rendimiento para proyectos de infraestructura<\/h2>\n<h3 data-path-to-node=\"8\">1. Dise\u00f1o SFF de alta densidad<\/h3>\n<ul data-path-to-node=\"9\">\n<li>\n<p data-path-to-node=\"9,0,0\">La f\u00e9rula compacta de 1,25 mm del conector LC permite duplicar la densidad de fibra en los paneles de conexi\u00f3n est\u00e1ndar de 1U en comparaci\u00f3n con los conectores SC.<\/p>\n<\/li>\n<li>\n<p data-path-to-node=\"9,1,0\">Este formato peque\u00f1o (SFF) es esencial para maximizar el espacio en los racks de los centros de datos de nivel empresarial.<\/p>\n<\/li>\n<\/ul>\n<h3 data-path-to-node=\"10\">2. Gesti\u00f3n de reflexi\u00f3n de \u00e9lite (pulido APC)<\/h3>\n<ul data-path-to-node=\"11\">\n<li>\n<p data-path-to-node=\"11,0,0\">El contacto f\u00edsico en \u00e1ngulo de 8 grados (APC) garantiza una p\u00e9rdida de retorno de <b data-path-to-node=\"11,0,0\" data-index-in-node=\"68\"><span class=\"math-inline\" data-math=\"\\geq 60\\text{dB}\" data-index-in-node=\"68\">$\\geq 60\\text{dB}$<\/span><\/b>.<\/p>\n<\/li>\n<li>\n<p data-path-to-node=\"11,1,0\">Esto minimiza la reflexi\u00f3n trasera, protegiendo las fuentes l\u00e1ser de alta potencia y manteniendo la integridad de la se\u00f1al en los componentes sensibles. <b data-path-to-node=\"11,1,0\" data-index-in-node=\"114\">CATV y PON<\/b> redes.<\/p>\n<\/li>\n<\/ul>\n<h3 data-path-to-node=\"12\">3. Fiabilidad de tracci\u00f3n de grado de ingenier\u00eda<\/h3>\n<ul data-path-to-node=\"13\">\n<li>\n<p data-path-to-node=\"13,0,0\">Con una resistencia a la tracci\u00f3n nominal de <b data-path-to-node=\"13,0,0\" data-index-in-node=\"31\"><span class=\"math-inline\" data-math=\"\\geq 200\\text{N}\" data-index-in-node=\"31\">$\\geq 200\\text{N}$<\/span><\/b>, Estos puentes est\u00e1n dise\u00f1ados para soportar las duras condiciones f\u00edsicas que conlleva su instalaci\u00f3n en entornos densos.<\/p>\n<\/li>\n<li>\n<p data-path-to-node=\"13,1,0\">Esto garantiza una fiabilidad a largo plazo, incluso cuando los cables se colocan en bandejas abarrotadas o en pozos verticales.<\/p>\n<\/li>\n<\/ul>\n<h3 data-path-to-node=\"14\">4. Cumplimiento normativo y seguridad a nivel mundial<\/h3>\n<ul data-path-to-node=\"15\">\n<li>\n<p data-path-to-node=\"15,0,0\">Nuestras chaquetas amarillas est\u00e1n fabricadas con <b data-path-to-node=\"15,0,0\" data-index-in-node=\"41\">Bajo nivel de humo y sin hal\u00f3genos (LSZH)<\/b> material.<\/p>\n<\/li>\n<li>\n<p data-path-to-node=\"15,1,0\">Esto cumple con los c\u00f3digos internacionales de seguridad en la construcci\u00f3n, garantizando un m\u00ednimo de humo y la ausencia de emisiones hal\u00f3genas t\u00f3xicas en caso de incendio.<\/p>\n<\/li>\n<\/ul>\n<hr data-path-to-node=\"16\" \/>\n<h2 data-path-to-node=\"17\">Apoyo en materia de compras y venta al por mayor<\/h2>\n<ul data-path-to-node=\"18\">\n<li>\n<p data-path-to-node=\"18,0,0\"><b data-path-to-node=\"18,0,0\" data-index-in-node=\"0\">Garant\u00eda de calidad<\/b>: Todos los cables de conexi\u00f3n se someten a pruebas de f\u00e1brica 100% para comprobar la p\u00e9rdida de inserci\u00f3n (IL) y la p\u00e9rdida de retorno (RL) con el fin de garantizar la fiabilidad del proyecto.<\/p>\n<\/li>\n<li>\n<p data-path-to-node=\"18,1,0\"><b data-path-to-node=\"18,1,0\" data-index-in-node=\"0\">Documentaci\u00f3n del proyecto<\/b>: Proporcionamos informes de pruebas individuales y verificaci\u00f3n por interferometr\u00eda 3D para cumplir con estrictos requisitos. <b data-path-to-node=\"18,1,0\" data-index-in-node=\"108\">requisitos de cumplimiento<\/b>.<\/p>\n<\/li>\n<li>\n<p data-path-to-node=\"18,2,0\"><b data-path-to-node=\"18,2,0\" data-index-in-node=\"0\">Escalabilidad al por mayor<\/b>: Mantenemos un inventario constante de longitudes est\u00e1ndar para garantizar plazos de entrega r\u00e1pidos para <b data-path-to-node=\"18,2,0\" data-index-in-node=\"107\">compra de gran volumen<\/b>.<\/p>\n<\/li>\n<li>\n<p data-path-to-node=\"18,3,0\"><b data-path-to-node=\"18,3,0\" data-index-in-node=\"0\">Configuraci\u00f3n personalizada<\/b>: Se ofrece fabricaci\u00f3n flexible para longitudes personalizadas, etiquetado especializado y di\u00e1metros de cubierta variables (2,0 mm\/3,0 mm).<\/p>\n<\/li>\n<\/ul>","protected":false},"excerpt":{"rendered":"<p data-path-to-node=\"0\">En <b data-path-to-node=\"0\" data-index-in-node=\"4\">LC\/APC a LC\/APC d\u00faplex monomodo (SM DX)<\/b> El cable de conexi\u00f3n es una soluci\u00f3n de alta densidad dise\u00f1ada para arquitecturas de red modernas que requieren tanto una alta densidad de puertos como una gesti\u00f3n superior de la reflexi\u00f3n. Con el pulido APC (contacto f\u00edsico en \u00e1ngulo) \u201cGreen-to-Green\u201d, este puente d\u00faplex es un componente fundamental para <b data-path-to-node=\"0\" data-index-in-node=\"315\">FTTH, PON y centro de datos de alta velocidad<\/b> entornos en los que la pureza de la se\u00f1al es primordial.<\/p>\n<p data-path-to-node=\"1\">Dise\u00f1ado para una transmisi\u00f3n de datos bidireccional de alto rendimiento, este cable de doble fibra garantiza la m\u00e1xima eficiencia en entornos de cableado congestionados.<\/p>","protected":false},"featured_media":797,"comment_status":"open","ping_status":"closed","template":"","meta":[],"product_brand":[],"product_cat":[45],"product_tag":[],"class_list":{"0":"post-796","1":"product","2":"type-product","3":"status-publish","4":"has-post-thumbnail","6":"product_cat-single-mode-fiber-optic-patch-cord","8":"first","9":"instock","10":"shipping-taxable","11":"product-type-simple"},"_links":{"self":[{"href":"https:\/\/www.fenxifiber.com\/es\/wp-json\/wp\/v2\/product\/796","targetHints":{"allow":["GET"]}}],"collection":[{"href":"https:\/\/www.fenxifiber.com\/es\/wp-json\/wp\/v2\/product"}],"about":[{"href":"https:\/\/www.fenxifiber.com\/es\/wp-json\/wp\/v2\/types\/product"}],"replies":[{"embeddable":true,"href":"https:\/\/www.fenxifiber.com\/es\/wp-json\/wp\/v2\/comments?post=796"}],"wp:featuredmedia":[{"embeddable":true,"href":"https:\/\/www.fenxifiber.com\/es\/wp-json\/wp\/v2\/media\/797"}],"wp:attachment":[{"href":"https:\/\/www.fenxifiber.com\/es\/wp-json\/wp\/v2\/media?parent=796"}],"wp:term":[{"taxonomy":"product_brand","embeddable":true,"href":"https:\/\/www.fenxifiber.com\/es\/wp-json\/wp\/v2\/product_brand?post=796"},{"taxonomy":"product_cat","embeddable":true,"href":"https:\/\/www.fenxifiber.com\/es\/wp-json\/wp\/v2\/product_cat?post=796"},{"taxonomy":"product_tag","embeddable":true,"href":"https:\/\/www.fenxifiber.com\/es\/wp-json\/wp\/v2\/product_tag?post=796"}],"curies":[{"name":"wp","href":"https:\/\/api.w.org\/{rel}","templated":true}]}}