{"id":798,"date":"2026-02-04T01:43:43","date_gmt":"2026-02-04T01:43:43","guid":{"rendered":"https:\/\/www.fenxifiber.com\/?post_type=product&#038;p=798"},"modified":"2026-02-04T02:24:23","modified_gmt":"2026-02-04T02:24:23","slug":"sc-apc-lc-apc-sm-dx","status":"publish","type":"product","link":"https:\/\/www.fenxifiber.com\/es\/product\/sc-apc-lc-apc-sm-dx\/","title":{"rendered":"Cable de conexi\u00f3n de fibra d\u00faplex monomodo SC\/APC a LC\/APC al por mayor | Puente OS2 de alta densidad"},"content":{"rendered":"<h2 data-path-to-node=\"6\">Matriz de rendimiento t\u00e9cnico (calificaci\u00f3n del proyecto)<\/h2>\n<p data-path-to-node=\"7\">Nuestra producci\u00f3n sigue rigurosas normas de calidad para garantizar que cada unidad cumpla con los siguientes est\u00e1ndares:<\/p>\n<table data-path-to-node=\"8\">\n<thead>\n<tr>\n<td><strong>M\u00e9trico<\/strong><\/td>\n<td><strong>Especificaciones profesionales<\/strong><\/td>\n<td><strong>Ventaja de ingenier\u00eda<\/strong><\/td>\n<\/tr>\n<\/thead>\n<tbody>\n<tr>\n<td><span data-path-to-node=\"8,1,0,0\"><b data-path-to-node=\"8,1,0,0\" data-index-in-node=\"0\">Tipo de conector<\/b><\/span><\/td>\n<td><span data-path-to-node=\"8,1,1,0\">SC\/APC a LC\/APC<\/span><\/td>\n<td><span data-path-to-node=\"8,1,2,0\">Interfaz h\u00edbrida SFF a est\u00e1ndar<\/span><\/td>\n<\/tr>\n<tr>\n<td><span data-path-to-node=\"8,2,0,0\"><b data-path-to-node=\"8,2,0,0\" data-index-in-node=\"0\">Categor\u00eda de fibra<\/b><\/span><\/td>\n<td><span data-path-to-node=\"8,2,1,0\">D\u00faplex monomodo (SM\/DX)<\/span><\/td>\n<td><span data-path-to-node=\"8,2,2,0\">Admite datos simult\u00e1neos de doble cadena.<\/span><\/td>\n<\/tr>\n<tr>\n<td><span data-path-to-node=\"8,3,0,0\"><b data-path-to-node=\"8,3,0,0\" data-index-in-node=\"0\">P\u00e9rdida de inserci\u00f3n<\/b><\/span><\/td>\n<td><span data-path-to-node=\"8,3,1,0\"><b data-path-to-node=\"8,3,1,0\" data-index-in-node=\"0\"><span class=\"math-inline\" data-math=\"&lt; 0.3 \\text{ dB}\" data-index-in-node=\"0\">$&lt; 0,3 dB$<\/span><\/b><\/span><\/td>\n<td><span data-path-to-node=\"8,3,2,0\">Optimiza el presupuesto total de energ\u00eda del enlace.<\/span><\/td>\n<\/tr>\n<tr>\n<td><span data-path-to-node=\"8,4,0,0\"><b data-path-to-node=\"8,4,0,0\" data-index-in-node=\"0\">P\u00e9rdida de retorno<\/b><\/span><\/td>\n<td><span data-path-to-node=\"8,4,1,0\"><b data-path-to-node=\"8,4,1,0\" data-index-in-node=\"0\"><span class=\"math-inline\" data-math=\"\\geq 60 \\text{ dB}\" data-index-in-node=\"0\">$\\geq 60 dB$<\/span> (APC)<\/b><\/span><\/td>\n<td><span data-path-to-node=\"8,4,2,0\">Supresi\u00f3n superior de la reflexi\u00f3n trasera<\/span><\/td>\n<\/tr>\n<tr>\n<td><span data-path-to-node=\"8,5,0,0\"><b data-path-to-node=\"8,5,0,0\" data-index-in-node=\"0\">Longitud de onda<\/b><\/span><\/td>\n<td><span data-path-to-node=\"8,5,1,0\">1310 nm \/ 1490 nm \/ 1550 nm<\/span><\/td>\n<td><span data-path-to-node=\"8,5,2,0\">Compatibilidad universal con longitudes de onda SM<\/span><\/td>\n<\/tr>\n<tr>\n<td><span data-path-to-node=\"8,6,0,0\"><b data-path-to-node=\"8,6,0,0\" data-index-in-node=\"0\">Ancho de banda<\/b><\/span><\/td>\n<td><span data-path-to-node=\"8,6,1,0\"><span class=\"math-inline\" data-math=\"\\pm 40\\text{nm}\" data-index-in-node=\"0\">$\\pm 40\\nm$<\/span><\/span><\/td>\n<td><span data-path-to-node=\"8,6,2,0\">Rendimiento estable en todos los cambios espectrales<\/span><\/td>\n<\/tr>\n<tr>\n<td><span data-path-to-node=\"8,7,0,0\"><b data-path-to-node=\"8,7,0,0\" data-index-in-node=\"0\">Resistencia a la tensi\u00f3n<\/b><\/span><\/td>\n<td><span data-path-to-node=\"8,7,1,0\"><b data-path-to-node=\"8,7,1,0\" data-index-in-node=\"0\"><span class=\"math-inline\" data-math=\"\\geq 200 \\text{ N}\" data-index-in-node=\"0\">$\\geq 200 \\text{ N}$<\/span><\/b><\/span><\/td>\n<td><span data-path-to-node=\"8,7,2,0\">Reforzado para un tendido intensivo de conductos<\/span><\/td>\n<\/tr>\n<tr>\n<td><span data-path-to-node=\"8,8,0,0\"><b data-path-to-node=\"8,8,0,0\" data-index-in-node=\"0\">Durabilidad<\/b><\/span><\/td>\n<td><span data-path-to-node=\"8,8,1,0\"><span class=\"math-inline\" data-math=\"\\geq 1000\" data-index-in-node=\"0\">$\\\u2265 1000$<\/span> veces<\/span><\/td>\n<td><span data-path-to-node=\"8,8,2,0\">Larga vida \u00fatil de la f\u00e9rula cer\u00e1mica de alta precisi\u00f3n<\/span><\/td>\n<\/tr>\n<tr>\n<td><span data-path-to-node=\"8,9,0,0\"><b data-path-to-node=\"8,9,0,0\" data-index-in-node=\"0\">Material de la chaqueta<\/b><\/span><\/td>\n<td><span data-path-to-node=\"8,9,1,0\"><b data-path-to-node=\"8,9,1,0\" data-index-in-node=\"0\">LSZH (amarillo)<\/b><\/span><\/td>\n<td><span data-path-to-node=\"8,9,2,0\">Seguridad contra incendios, bajo nivel de humo y sin hal\u00f3genos.<\/span><\/td>\n<\/tr>\n<\/tbody>\n<\/table>\n<hr data-path-to-node=\"9\" \/>\n<h2 data-path-to-node=\"10\">Ventajas estrat\u00e9gicas para el despliegue de infraestructura<\/h2>\n<h3 data-path-to-node=\"11\">1. Transici\u00f3n a la conectividad h\u00edbrida<\/h3>\n<ul data-path-to-node=\"12\">\n<li>\n<p data-path-to-node=\"12,0,0\">En <b data-path-to-node=\"12,0,0\" data-index-in-node=\"4\">SC\/APC<\/b> end proporciona una interfaz segura y probada para ODF y terminales montados en pared.<\/p>\n<\/li>\n<li>\n<p data-path-to-node=\"12,1,0\">En <b data-path-to-node=\"12,1,0\" data-index-in-node=\"4\">LC\/APC<\/b> El extremo utiliza un dise\u00f1o de factor de forma peque\u00f1o (SFF) para maximizar la densidad de puertos en conmutadores y transceptores de alta velocidad.<\/p>\n<\/li>\n<li>\n<p data-path-to-node=\"12,2,0\">Esta configuraci\u00f3n h\u00edbrida es ideal para proyectos que requieren una transici\u00f3n entre diferentes generaciones de hardware de red.<\/p>\n<\/li>\n<\/ul>\n<h3 data-path-to-node=\"13\">2. Control de reflexi\u00f3n l\u00edder en la industria (APC)<\/h3>\n<ul data-path-to-node=\"14\">\n<li>\n<p data-path-to-node=\"14,0,0\">Ambos conectores cuentan con un pulido en \u00e1ngulo de 8 grados para garantizar una p\u00e9rdida de retorno de <b data-path-to-node=\"14,0,0\" data-index-in-node=\"77\"><span class=\"math-inline\" data-math=\"\\geq 60\\text{dB}\" data-index-in-node=\"77\">$\\geq 60\\text{dB}$<\/span><\/b>.<\/p>\n<\/li>\n<li>\n<p data-path-to-node=\"14,1,0\">Esto evita que la reflexi\u00f3n posterior interfiera con las fuentes l\u00e1ser sensibles, lo cual es fundamental para <b data-path-to-node=\"14,1,0\" data-index-in-node=\"99\">GPON, XGS-PON y CATV<\/b> aplicaciones.<\/p>\n<\/li>\n<\/ul>\n<h3 data-path-to-node=\"15\">3. Fiabilidad mec\u00e1nica de grado de ingenier\u00eda<\/h3>\n<ul data-path-to-node=\"16\">\n<li>\n<p data-path-to-node=\"16,0,0\">Con una resistencia a la tensi\u00f3n de <b data-path-to-node=\"16,0,0\" data-index-in-node=\"34\"><span class=\"math-inline\" data-math=\"\\geq 200\\text{N}\" data-index-in-node=\"34\">$\\geq 200\\text{N}$<\/span><\/b>, Estos puentes est\u00e1n dise\u00f1ados para soportar las duras condiciones f\u00edsicas que implica su instalaci\u00f3n en bandejas de cables congestionadas.<\/p>\n<\/li>\n<li>\n<p data-path-to-node=\"16,1,0\">El dise\u00f1o de doble n\u00facleo (D\u00faplex) garantiza un flujo de datos bidireccional eficiente sin necesidad de cables simplex separados.<\/p>\n<\/li>\n<\/ul>\n<h3 data-path-to-node=\"17\">4. Seguridad y cumplimiento certificados<\/h3>\n<ul data-path-to-node=\"18\">\n<li>\n<p data-path-to-node=\"18,0,0\">En <b data-path-to-node=\"18,0,0\" data-index-in-node=\"4\">LSZH<\/b> La cubierta garantiza que los cables cumplan con las normas internacionales de seguridad contra incendios para entornos interiores y comerciales.<\/p>\n<\/li>\n<li>\n<p data-path-to-node=\"18,1,0\">En caso de incendio, la chaqueta emite un m\u00ednimo de humo y ning\u00fan gas hal\u00f3geno t\u00f3xico, protegiendo as\u00ed la infraestructura cr\u00edtica y al personal.<\/p>\n<\/li>\n<\/ul>\n<hr data-path-to-node=\"19\" \/>\n<h2 data-path-to-node=\"20\">Apoyo en la b\u00fasqueda de proveedores y cotizaci\u00f3n de proyectos<\/h2>\n<ul data-path-to-node=\"21\">\n<li>\n<p data-path-to-node=\"21,0,0\"><b data-path-to-node=\"21,0,0\" data-index-in-node=\"0\">Garant\u00eda de calidad<\/b>: Todos los cables de conexi\u00f3n se someten a pruebas de f\u00e1brica 100% para determinar la p\u00e9rdida de inserci\u00f3n (IL) y la p\u00e9rdida de retorno (RL).<\/p>\n<\/li>\n<li>\n<p data-path-to-node=\"21,1,0\"><b data-path-to-node=\"21,1,0\" data-index-in-node=\"0\">Documentaci\u00f3n de cumplimiento<\/b>: Proporcionamos informes de pruebas individuales y verificaci\u00f3n por interferometr\u00eda 3D para respaldar su <b data-path-to-node=\"21,1,0\" data-index-in-node=\"112\">requisitos de cumplimiento del proyecto<\/b>.<\/p>\n<\/li>\n<li>\n<p data-path-to-node=\"21,2,0\"><b data-path-to-node=\"21,2,0\" data-index-in-node=\"0\">Suministro de gran volumen<\/b>Mantenemos niveles de inventario constantes de longitudes est\u00e1ndar para garantizar plazos de entrega r\u00e1pidos para <b data-path-to-node=\"21,2,0\" data-index-in-node=\"111\">adquisici\u00f3n a gran escala<\/b>.<\/p>\n<\/li>\n<li>\n<p data-path-to-node=\"21,3,0\"><b data-path-to-node=\"21,3,0\" data-index-in-node=\"0\">Servicio OEM personalizado<\/b>: Se ofrece fabricaci\u00f3n flexible para longitudes personalizadas, etiquetado especializado y di\u00e1metros de cubierta variables (2,0 mm\/3,0 mm).<\/p>\n<\/li>\n<\/ul>","protected":false},"excerpt":{"rendered":"<p data-path-to-node=\"4\"><span class=\"\">En <\/span><b class=\"\" data-path-to-node=\"4\" data-index-in-node=\"4\">SC\/APC a LC\/APC Modo \u00fanico d\u00faplex (SM DX)<\/b><span class=\"\"> El cable de conexi\u00f3n es una interconexi\u00f3n h\u00edbrida de alto rendimiento dise\u00f1ada para conectar interfaces de diferentes formatos, manteniendo la m\u00e1xima pureza de la se\u00f1al.<\/span><span class=\"\"> Este puente \u201cGreen-to-Green\u201d utiliza un contacto f\u00edsico en \u00e1ngulo de 8 grados (APC) en ambos extremos.,<\/span><span class=\"\"> lo que lo convierte en la opci\u00f3n profesional para <\/span><b class=\"\" data-path-to-node=\"4\" data-index-in-node=\"326\">Redes FTTH, centrales de telecomunicaciones y centros de datos de alta velocidad.<\/b><span class=\"\"> que requieren transmisi\u00f3n de fibra doble (d\u00faplex).<\/span><\/p>\n<p data-path-to-node=\"5\"><span class=\"\">Al combinar el robusto bloqueo del conector SC con el tama\u00f1o compacto del conector LC,<\/span><span class=\"\"> Este modelo ofrece la versatilidad necesaria para migraciones de red complejas y conexiones de alta capacidad.<\/span><\/p>","protected":false},"featured_media":799,"comment_status":"open","ping_status":"closed","template":"","meta":[],"product_brand":[],"product_cat":[45],"product_tag":[],"class_list":{"0":"post-798","1":"product","2":"type-product","3":"status-publish","4":"has-post-thumbnail","6":"product_cat-single-mode-fiber-optic-patch-cord","8":"first","9":"instock","10":"shipping-taxable","11":"product-type-simple"},"_links":{"self":[{"href":"https:\/\/www.fenxifiber.com\/es\/wp-json\/wp\/v2\/product\/798","targetHints":{"allow":["GET"]}}],"collection":[{"href":"https:\/\/www.fenxifiber.com\/es\/wp-json\/wp\/v2\/product"}],"about":[{"href":"https:\/\/www.fenxifiber.com\/es\/wp-json\/wp\/v2\/types\/product"}],"replies":[{"embeddable":true,"href":"https:\/\/www.fenxifiber.com\/es\/wp-json\/wp\/v2\/comments?post=798"}],"wp:featuredmedia":[{"embeddable":true,"href":"https:\/\/www.fenxifiber.com\/es\/wp-json\/wp\/v2\/media\/799"}],"wp:attachment":[{"href":"https:\/\/www.fenxifiber.com\/es\/wp-json\/wp\/v2\/media?parent=798"}],"wp:term":[{"taxonomy":"product_brand","embeddable":true,"href":"https:\/\/www.fenxifiber.com\/es\/wp-json\/wp\/v2\/product_brand?post=798"},{"taxonomy":"product_cat","embeddable":true,"href":"https:\/\/www.fenxifiber.com\/es\/wp-json\/wp\/v2\/product_cat?post=798"},{"taxonomy":"product_tag","embeddable":true,"href":"https:\/\/www.fenxifiber.com\/es\/wp-json\/wp\/v2\/product_tag?post=798"}],"curies":[{"name":"wp","href":"https:\/\/api.w.org\/{rel}","templated":true}]}}