{"id":802,"date":"2026-02-04T01:47:23","date_gmt":"2026-02-04T01:47:23","guid":{"rendered":"https:\/\/www.fenxifiber.com\/?post_type=product&#038;p=802"},"modified":"2026-02-04T02:38:39","modified_gmt":"2026-02-04T02:38:39","slug":"lc-upc-lc-upc-sm-dx","status":"publish","type":"product","link":"https:\/\/www.fenxifiber.com\/es\/product\/lc-upc-lc-upc-sm-dx\/","title":{"rendered":"Cable de conexi\u00f3n de fibra d\u00faplex monomodo LC\/UPC a LC\/UPC | Fabricante premium directo"},"content":{"rendered":"<h2 data-path-to-node=\"4\">Matriz de desempe\u00f1o t\u00e9cnico (normas internacionales)<\/h2>\n<table style=\"width: 100%; border-collapse: collapse; margin: 20px 0; font-family: Arial, sans-serif; border: 1px solid #ddd; font-size: 14px;\">\n<thead>\n<tr style=\"background-color: #f8f9fa; text-align: left;\">\n<th style=\"padding: 12px; border: 1px solid #ddd; color: #333;\">M\u00e9trica t\u00e9cnica<\/th>\n<th style=\"padding: 12px; border: 1px solid #ddd; color: #333;\">Especificaciones profesionales<\/th>\n<th style=\"padding: 12px; border: 1px solid #ddd; color: #333;\">Cumplimiento normativo y pruebas<\/th>\n<\/tr>\n<\/thead>\n<tbody>\n<tr>\n<td style=\"padding: 12px; border: 1px solid #ddd;\"><strong>Tipo de conector<\/strong><\/td>\n<td style=\"padding: 12px; border: 1px solid #ddd;\">LC\/UPC a LC\/UPC<\/td>\n<td style=\"padding: 12px; border: 1px solid #ddd;\">Norma IEC 61754-20<\/td>\n<\/tr>\n<tr style=\"background-color: #fdfdfd;\">\n<td style=\"padding: 12px; border: 1px solid #ddd;\"><strong>Tipo de fibra<\/strong><\/td>\n<td style=\"padding: 12px; border: 1px solid #ddd;\">Modo \u00fanico d\u00faplex (OS2)<\/td>\n<td style=\"padding: 12px; border: 1px solid #ddd;\">UIT-T G.652.D \/ G.657.A1<\/td>\n<\/tr>\n<tr>\n<td style=\"padding: 12px; border: 1px solid #ddd;\"><strong>P\u00e9rdida de inserci\u00f3n<\/strong><\/td>\n<td style=\"padding: 12px; border: 1px solid #ddd;\">\u2264 0,25 dB (t\u00edpico)<\/td>\n<td style=\"padding: 12px; border: 1px solid #ddd;\">100% F\u00e1brica IL verificada<\/td>\n<\/tr>\n<tr style=\"background-color: #fdfdfd;\">\n<td style=\"padding: 12px; border: 1px solid #ddd;\"><strong>P\u00e9rdida de retorno<\/strong><\/td>\n<td style=\"padding: 12px; border: 1px solid #ddd;\">\u2265 50 dB<\/td>\n<td style=\"padding: 12px; border: 1px solid #ddd;\">Interferometr\u00eda 3D probada<\/td>\n<\/tr>\n<tr>\n<td style=\"padding: 12px; border: 1px solid #ddd;\"><strong>Calificaci\u00f3n de la chamarra<\/strong><\/td>\n<td style=\"padding: 12px; border: 1px solid #ddd;\">LSZH (bajo nivel de humo y sin hal\u00f3genos)<\/td>\n<td style=\"padding: 12px; border: 1px solid #ddd;\">Cumple con las normas RoHS, REACH y CPR.<\/td>\n<\/tr>\n<tr style=\"background-color: #fdfdfd;\">\n<td style=\"padding: 12px; border: 1px solid #ddd;\"><strong>Vida mec\u00e1nica<\/strong><\/td>\n<td style=\"padding: 12px; border: 1px solid #ddd;\">&gt; 1000 apareamientos<\/td>\n<td style=\"padding: 12px; border: 1px solid #ddd;\">Casquillo de circonio de precisi\u00f3n<\/td>\n<\/tr>\n<\/tbody>\n<\/table>\n<h2 data-path-to-node=\"8\">Ventajas de la fabricaci\u00f3n directa<\/h2>\n<h3 data-path-to-node=\"9\">1. Ingenier\u00eda SFF de alta densidad<\/h3>\n<p data-path-to-node=\"10\">El tama\u00f1o compacto de la f\u00e9rula de 1,25 mm del conector LC duplica la densidad de los espacios de rack 1U en comparaci\u00f3n con los conectores SC. Esto es esencial para <b data-path-to-node=\"10\" data-index-in-node=\"139\">Centros de datos de nivel 1<\/b> donde la optimizaci\u00f3n del espacio se traduce directamente en menores costos operativos.<\/p>\n<h3 data-path-to-node=\"11\">2. Control de calidad de f\u00e1brica a cliente<\/h3>\n<p data-path-to-node=\"12\">Al abastecernos directamente del <b data-path-to-node=\"12\" data-index-in-node=\"28\">Fabricante<\/b>, se evita la variabilidad de los distribuidores del mercado intermedio. Cada puente est\u00e1 serializado y se somete a pruebas \u00f3pticas 100% (p\u00e9rdida de inserci\u00f3n y p\u00e9rdida de retorno) utilizando equipos de diagn\u00f3stico de \u00faltima generaci\u00f3n, lo que garantiza una fiabilidad inmediata.<\/p>\n<h3 data-path-to-node=\"13\">3. Construcci\u00f3n LSZH con prioridad en la seguridad<\/h3>\n<p data-path-to-node=\"14\">Nuestras chaquetas exteriores amarillas se fabrican mediante extrusi\u00f3n con materiales de alta calidad. <b data-path-to-node=\"14\" data-index-in-node=\"55\">Bajo nivel de humo y sin hal\u00f3genos<\/b> materiales. En caso de calor extremo o incendio, nuestros cables no liberan gases hal\u00f3genos corrosivos y emiten un m\u00ednimo de humo, lo que protege tanto a su personal como a los equipos electr\u00f3nicos sensibles en salas de servidores cerradas.<\/p>\n<h3 data-path-to-node=\"15\">4. Certificaci\u00f3n de cumplimiento global<\/h3>\n<p data-path-to-node=\"16\">Nos aseguramos de que cada lote cumpla plenamente con <b data-path-to-node=\"16\" data-index-in-node=\"51\">RoHS<\/b> (Restricci\u00f3n de sustancias peligrosas) y <b data-path-to-node=\"16\" data-index-in-node=\"98\">REACH<\/b> normas. Esto garantiza que su <b data-path-to-node=\"16\" data-index-in-node=\"141\">Pedidos al por mayor<\/b> Pasar\u00e1 por la aduana internacional sin inconvenientes, cumpliendo con los requisitos de su cadena de suministro global.<\/p>\n<hr data-path-to-node=\"17\" \/>\n<h2 data-path-to-node=\"18\">Venta al por mayor y apoyo a proyectos<\/h2>\n<ul data-path-to-node=\"19\">\n<li>\n<p data-path-to-node=\"19,0,0\"><b data-path-to-node=\"19,0,0\" data-index-in-node=\"0\">Personalizaci\u00f3n flexible<\/b>Como f\u00e1brica directa, ofrecemos servicios OEM que incluyen longitudes personalizadas (de 0,5 m a m\u00e1s de 100 m), colores de revestimiento especializados y etiquetado privado para grandes cantidades. <b data-path-to-node=\"19,0,0\" data-index-in-node=\"173\">Integradores<\/b>.<\/p>\n<\/li>\n<li>\n<p data-path-to-node=\"19,1,0\"><b data-path-to-node=\"19,1,0\" data-index-in-node=\"0\">Cumplimiento r\u00e1pido<\/b>: Mantenemos un amplio inventario de puentes d\u00faplex LC-LC OS2 est\u00e1ndar para garantizar plazos de entrega que superan a los de la competencia.<\/p>\n<\/li>\n<li>\n<p data-path-to-node=\"19,2,0\"><b data-path-to-node=\"19,2,0\" data-index-in-node=\"0\">Transparencia en las auditor\u00edas<\/b>: Las fichas t\u00e9cnicas completas y los informes de interferometr\u00eda 3D est\u00e1n disponibles bajo petici\u00f3n para cualquier <b data-path-to-node=\"19,2,0\" data-index-in-node=\"112\">Agente<\/b> o <b data-path-to-node=\"19,2,0\" data-index-in-node=\"121\">Abastecimiento<\/b> oficial.<\/p>\n<\/li>\n<\/ul>","protected":false},"excerpt":{"rendered":"<p data-path-to-node=\"1\"><span class=\"\">En <\/span><b class=\"\" data-path-to-node=\"1\" data-index-in-node=\"4\">LC\/UPC a LC\/UPC d\u00faplex monomodo (SM DX)<\/b><span class=\"\"> es la interconexi\u00f3n m\u00e1s importante en las redes modernas de alta densidad.<\/span><span class=\"\"> Utilizando la precisi\u00f3n 1.<\/span><span class=\"\">Casquillo cer\u00e1mico de 25 mm Dise\u00f1o de factor de forma peque\u00f1o (SFF),<\/span><span class=\"\"> Este puente \u201cBlue-to-Blue\u201d es el referente mundial para <\/span><b class=\"\" data-path-to-node=\"1\" data-index-in-node=\"258\">transceptores de alta velocidad (SFP\/SFP+), paneles de conexi\u00f3n ultradensos e infraestructura de fronthaul\/backhaul 5G.<\/b><span class=\"\">.<\/span><\/p>\n<p data-path-to-node=\"2\"><span class=\"\">Como <\/span><b class=\"\" data-path-to-node=\"2\" data-index-in-node=\"5\">Directo del fabricante<\/b><span class=\"\"> producto,<\/span><span class=\"\"> Damos prioridad a la pureza \u00f3ptica del n\u00facleo de vidrio OS2 y a la durabilidad mec\u00e1nica de la carcasa de enclavamiento.,<\/span><span class=\"\"> Garantizando que su red mantenga un rendimiento \u00f3ptimo a lo largo de miles de ciclos de acoplamiento.<\/span><\/p>","protected":false},"featured_media":803,"comment_status":"open","ping_status":"closed","template":"","meta":[],"product_brand":[],"product_cat":[45],"product_tag":[],"class_list":{"0":"post-802","1":"product","2":"type-product","3":"status-publish","4":"has-post-thumbnail","6":"product_cat-single-mode-fiber-optic-patch-cord","8":"first","9":"instock","10":"shipping-taxable","11":"product-type-simple"},"_links":{"self":[{"href":"https:\/\/www.fenxifiber.com\/es\/wp-json\/wp\/v2\/product\/802","targetHints":{"allow":["GET"]}}],"collection":[{"href":"https:\/\/www.fenxifiber.com\/es\/wp-json\/wp\/v2\/product"}],"about":[{"href":"https:\/\/www.fenxifiber.com\/es\/wp-json\/wp\/v2\/types\/product"}],"replies":[{"embeddable":true,"href":"https:\/\/www.fenxifiber.com\/es\/wp-json\/wp\/v2\/comments?post=802"}],"wp:featuredmedia":[{"embeddable":true,"href":"https:\/\/www.fenxifiber.com\/es\/wp-json\/wp\/v2\/media\/803"}],"wp:attachment":[{"href":"https:\/\/www.fenxifiber.com\/es\/wp-json\/wp\/v2\/media?parent=802"}],"wp:term":[{"taxonomy":"product_brand","embeddable":true,"href":"https:\/\/www.fenxifiber.com\/es\/wp-json\/wp\/v2\/product_brand?post=802"},{"taxonomy":"product_cat","embeddable":true,"href":"https:\/\/www.fenxifiber.com\/es\/wp-json\/wp\/v2\/product_cat?post=802"},{"taxonomy":"product_tag","embeddable":true,"href":"https:\/\/www.fenxifiber.com\/es\/wp-json\/wp\/v2\/product_tag?post=802"}],"curies":[{"name":"wp","href":"https:\/\/api.w.org\/{rel}","templated":true}]}}