{"id":804,"date":"2026-02-04T01:48:56","date_gmt":"2026-02-04T01:48:56","guid":{"rendered":"https:\/\/www.fenxifiber.com\/?post_type=product&#038;p=804"},"modified":"2026-02-04T02:26:22","modified_gmt":"2026-02-04T02:26:22","slug":"sc-upc-lc-upc-sm-dx","status":"publish","type":"product","link":"https:\/\/www.fenxifiber.com\/es\/product\/sc-upc-lc-upc-sm-dx\/","title":{"rendered":"Cable de conexi\u00f3n de fibra d\u00faplex monomodo SC\/UPC a LC\/UPC | Soluciones OEM\/ODM"},"content":{"rendered":"<h2 class=\"\" data-path-to-node=\"4\">Matriz de rendimiento t\u00e9cnico<\/h2>\n<p data-path-to-node=\"5\"><span class=\"\">Todas las unidades se fabrican siguiendo un riguroso proceso de control de calidad para garantizar el cumplimiento de los siguientes par\u00e1metros t\u00e9cnicos:<\/span><\/p>\n<table data-path-to-node=\"6\">\n<thead>\n<tr>\n<td><strong>Par\u00e1metro<\/strong><\/td>\n<td><strong>Especificaciones profesionales<\/strong><\/td>\n<td><strong>Ventaja de ingenier\u00eda<\/strong><\/td>\n<\/tr>\n<\/thead>\n<tbody>\n<tr>\n<td><span data-path-to-node=\"6,1,0,0\"><b data-path-to-node=\"6,1,0,0\" data-index-in-node=\"0\">Tipo de conector<\/b><\/span><\/td>\n<td><span data-path-to-node=\"6,1,1,0\">SC\/UPC a LC\/UPC<\/span><\/td>\n<td><span data-path-to-node=\"6,1,2,0\">Interfaz h\u00edbrida SFF a est\u00e1ndar<\/span><\/td>\n<\/tr>\n<tr>\n<td><span data-path-to-node=\"6,2,0,0\"><b data-path-to-node=\"6,2,0,0\" data-index-in-node=\"0\">Categor\u00eda de fibra<\/b><\/span><\/td>\n<td><span data-path-to-node=\"6,2,1,0\">D\u00faplex monomodo (SM\/DX)<\/span><\/td>\n<td><span data-path-to-node=\"6,2,2,0\">Ruta de datos bidireccional de doble fibra<\/span><\/td>\n<\/tr>\n<tr>\n<td><span data-path-to-node=\"6,3,0,0\"><b data-path-to-node=\"6,3,0,0\" data-index-in-node=\"0\">P\u00e9rdida de inserci\u00f3n<\/b><\/span><\/td>\n<td><span data-path-to-node=\"6,3,1,0\"><b data-path-to-node=\"6,3,1,0\" data-index-in-node=\"0\"><span class=\"math-inline\" data-math=\"&lt; 0.3 \\text{ dB}\" data-index-in-node=\"0\">$&lt; 0,3 dB$<\/span><\/b><\/span><\/td>\n<td><span data-path-to-node=\"6,3,2,0\">Optimiza el presupuesto total de energ\u00eda del enlace.<\/span><\/td>\n<\/tr>\n<tr>\n<td><span data-path-to-node=\"6,4,0,0\"><b data-path-to-node=\"6,4,0,0\" data-index-in-node=\"0\">P\u00e9rdida de retorno<\/b><\/span><\/td>\n<td><span data-path-to-node=\"6,4,1,0\"><b data-path-to-node=\"6,4,1,0\" data-index-in-node=\"0\"><span class=\"math-inline\" data-math=\"\\geq 50 \\text{ dB}\" data-index-in-node=\"0\">$\\geq 50 dB$<\/span> (UPC)<\/b><\/span><\/td>\n<td><span data-path-to-node=\"6,4,2,0\">Mantiene una pureza de se\u00f1al digital superior.<\/span><\/td>\n<\/tr>\n<tr>\n<td><span data-path-to-node=\"6,5,0,0\"><b data-path-to-node=\"6,5,0,0\" data-index-in-node=\"0\">Longitud de onda<\/b><\/span><\/td>\n<td><span data-path-to-node=\"6,5,1,0\">1310 nm \/ 1490 nm \/ 1550 nm<\/span><\/td>\n<td><span data-path-to-node=\"6,5,2,0\">Compatibilidad universal con OS2 monomodo<\/span><\/td>\n<\/tr>\n<tr>\n<td><span data-path-to-node=\"6,6,0,0\"><b data-path-to-node=\"6,6,0,0\" data-index-in-node=\"0\">Ancho de banda<\/b><\/span><\/td>\n<td><span data-path-to-node=\"6,6,1,0\"><span class=\"math-inline\" data-math=\"\\pm 40\\text{nm}\" data-index-in-node=\"0\">$\\pm 40\\nm$<\/span><\/span><\/td>\n<td><span data-path-to-node=\"6,6,2,0\">Rendimiento estable en todos los cambios espectrales<\/span><\/td>\n<\/tr>\n<tr>\n<td><span data-path-to-node=\"6,7,0,0\"><b data-path-to-node=\"6,7,0,0\" data-index-in-node=\"0\">Resistencia a la tensi\u00f3n<\/b><\/span><\/td>\n<td><span data-path-to-node=\"6,7,1,0\"><b data-path-to-node=\"6,7,1,0\" data-index-in-node=\"0\"><span class=\"math-inline\" data-math=\"\\geq 200 \\text{ N}\" data-index-in-node=\"0\">$\\geq 200 \\text{ N}$<\/span><\/b><\/span><\/td>\n<td><span data-path-to-node=\"6,7,2,0\">Resistente para instalaciones sometidas a grandes esfuerzos<\/span><\/td>\n<\/tr>\n<tr>\n<td><span data-path-to-node=\"6,8,0,0\"><b data-path-to-node=\"6,8,0,0\" data-index-in-node=\"0\">Durabilidad<\/b><\/span><\/td>\n<td><span data-path-to-node=\"6,8,1,0\"><span class=\"math-inline\" data-math=\"\\geq 1000\" data-index-in-node=\"0\">$\\\u2265 1000$<\/span> veces<\/span><\/td>\n<td><span data-path-to-node=\"6,8,2,0\">Larga vida \u00fatil de la f\u00e9rula cer\u00e1mica de alta precisi\u00f3n<\/span><\/td>\n<\/tr>\n<tr>\n<td><span data-path-to-node=\"6,9,0,0\"><b data-path-to-node=\"6,9,0,0\" data-index-in-node=\"0\">Material de la chaqueta<\/b><\/span><\/td>\n<td><span data-path-to-node=\"6,9,1,0\"><b data-path-to-node=\"6,9,1,0\" data-index-in-node=\"0\">LSZH (amarillo)<\/b><\/span><\/td>\n<td><span data-path-to-node=\"6,9,2,0\">Resistente al fuego, bajo nivel de humo y sin hal\u00f3genos<\/span><\/td>\n<\/tr>\n<\/tbody>\n<\/table>\n<hr class=\"\" data-path-to-node=\"7\" \/>\n<h2 class=\"\" data-path-to-node=\"8\">Ventajas estrat\u00e9gicas para la implementaci\u00f3n del sistema<\/h2>\n<h3 class=\"\" data-path-to-node=\"9\">1. Versatilidad de la interfaz h\u00edbrida<\/h3>\n<p data-path-to-node=\"10\"><span class=\"\">Este puente cierra la brecha entre el robusto <\/span><b class=\"\" data-path-to-node=\"10\" data-index-in-node=\"47\">SC<\/b><span class=\"\"> conector, preferido por su mecanismo push-pull estable en equipos terminales, y el <\/span><b class=\"\" data-path-to-node=\"10\" data-index-in-node=\"133\">LC de factor de forma peque\u00f1o (SFF)<\/b><span class=\"\"> conector,<\/span><span class=\"\"> lo cual es esencial para maximizar la densidad de puertos en los conmutadores y enrutadores modernos de alta velocidad.<\/span><\/p>\n<h3 class=\"\" data-path-to-node=\"11\">2. Conectividad full-duplex<\/h3>\n<p data-path-to-node=\"12\"><span class=\"\">En <\/span><b class=\"\" data-path-to-node=\"12\" data-index-in-node=\"4\">D\u00faplex (DX)<\/b><span class=\"\"> La arquitectura proporciona dos hilos de fibra dedicados,<\/span><span class=\"\"> permitiendo la comunicaci\u00f3n bidireccional simult\u00e1nea.<\/span><span class=\"\"> Esto es fundamental para las redes Ethernet empresariales que requieren rutas de transmisi\u00f3n (TX) y recepci\u00f3n (RX) sincronizadas para un rendimiento de 10G y 40G.<\/span><\/p>\n<h3 class=\"\" data-path-to-node=\"13\">3. Fiabilidad de tracci\u00f3n de grado industrial<\/h3>\n<p data-path-to-node=\"14\"><span class=\"\">Con una resistencia a la tracci\u00f3n nominal de <\/span><b class=\"\" data-path-to-node=\"14\" data-index-in-node=\"31\"><span class=\"math-inline\" data-math=\"\\geq 200\\text{N}\" data-index-in-node=\"31\">$\\geq 200\\text{N}$<\/span><\/b><span class=\"\">,<\/span><span class=\"\"> Estos cables est\u00e1n dise\u00f1ados para soportar el estr\u00e9s f\u00edsico que supone su tendido a trav\u00e9s de conductos congestionados y pozos verticales.<\/span><span class=\"\"> Esta durabilidad reduce el riesgo de rotura de la fibra durante los despliegues de redes a gran escala.<\/span><\/p>\n<h3 class=\"\" data-path-to-node=\"15\">4. Cumplimiento certificado de las normas de seguridad<\/h3>\n<p data-path-to-node=\"16\"><span class=\"\">En <\/span><b class=\"\" data-path-to-node=\"16\" data-index-in-node=\"4\">LSZH (bajo nivel de humo y sin hal\u00f3genos)<\/b><span class=\"\"> La chaqueta es el est\u00e1ndar profesional para instalaciones en interiores.<\/span><span class=\"\"> En caso de incendio,<\/span><span class=\"\"> garantiza una densidad de humo m\u00ednima y cero emisiones de hal\u00f3genos t\u00f3xicos,<\/span><span class=\"\"> Protecci\u00f3n del hardware y el personal cr\u00edticos en entornos de centros de datos.<\/span><\/p>\n<hr class=\"\" data-path-to-node=\"17\" \/>\n<h2 class=\"\" data-path-to-node=\"18\">Cumplimiento de pedidos y asistencia t\u00e9cnica<\/h2>\n<ul data-path-to-node=\"19\">\n<li>\n<p data-path-to-node=\"19,0,0\"><b class=\"\" data-path-to-node=\"19,0,0\" data-index-in-node=\"0\">Verificaci\u00f3n de f\u00e1brica 100%<\/b><span class=\"\">:<\/span><span class=\"\"> Cada cable de conexi\u00f3n se prueba individualmente para determinar la p\u00e9rdida de inserci\u00f3n (IL) y la p\u00e9rdida de retorno (RL) antes de su env\u00edo, con el fin de garantizar una entrega sin defectos.<\/span><\/p>\n<\/li>\n<li>\n<p data-path-to-node=\"19,1,0\"><b class=\"\" data-path-to-node=\"19,1,0\" data-index-in-node=\"0\">Disponibilidad al por mayor<\/b>: Mantenemos un amplio inventario de longitudes est\u00e1ndar (1 m, 2 m, 3 m, 5 m, 10 m) para <b data-path-to-node=\"19,1,0\" data-index-in-node=\"101\">Pedidos al por mayor<\/b> y r\u00e1pida ejecuci\u00f3n de proyectos.<\/p>\n<\/li>\n<li>\n<p data-path-to-node=\"19,2,0\"><b data-path-to-node=\"19,2,0\" data-index-in-node=\"0\">Personalizaci\u00f3n flexible<\/b>: A trav\u00e9s de nuestro <b data-path-to-node=\"19,2,0\" data-index-in-node=\"36\">Fabricante de equipos originales (OEM) y dise\u00f1ador de equipos originales (ODM)<\/b> servicios, ofrecemos longitudes de cable personalizadas, etiquetado especializado y diferentes di\u00e1metros de revestimiento (2,0 mm\/3,0 mm) para cumplir con las especificaciones concretas de cada proyecto.<\/p>\n<\/li>\n<li>\n<p data-path-to-node=\"19,3,0\"><b data-path-to-node=\"19,3,0\" data-index-in-node=\"0\">Documentaci\u00f3n de cumplimiento<\/b>: Se encuentran disponibles informes de pruebas detallados y verificaciones de interferometr\u00eda 3D para respaldar su <b data-path-to-node=\"19,3,0\" data-index-in-node=\"113\">Abastecimiento<\/b> y requisitos de auditor\u00eda.<\/p>\n<\/li>\n<\/ul>","protected":false},"excerpt":{"rendered":"<p data-path-to-node=\"1\"><span class=\"\">En <\/span><b class=\"\" data-path-to-node=\"1\" data-index-in-node=\"4\">SC\/UPC a LC\/UPC d\u00faplex monomodo (SM DX)<\/b><span class=\"\"> es un puente h\u00edbrido de alto rendimiento dise\u00f1ado para facilitar transiciones fluidas entre la infraestructura est\u00e1ndar basada en SC y los equipos de red LC de alta densidad.<\/span><span class=\"\"> Este cable de doble n\u00facleo \u201cBlue-to-Blue\u201d es la soluci\u00f3n est\u00e1ndar del sector para conectar <\/span><b class=\"\" data-path-to-node=\"1\" data-index-in-node=\"296\">Transceptores SFP\/SFP+<\/b><span class=\"\"> a <\/span><b class=\"\" data-path-to-node=\"1\" data-index-in-node=\"321\">Cuadros de distribuci\u00f3n \u00f3ptica (ODF)<\/b><span class=\"\"> y conmutadores centrales.<\/span><\/p>\n<p data-path-to-node=\"2\"><span class=\"\">Optimizado para un rendimiento monomodo OS2.,<\/span><span class=\"\"> Este cable h\u00edbrido garantiza una atenuaci\u00f3n m\u00ednima de la se\u00f1al y una m\u00e1xima fiabilidad mec\u00e1nica para rutas de datos de misi\u00f3n cr\u00edtica.<\/span><\/p>","protected":false},"featured_media":805,"comment_status":"open","ping_status":"closed","template":"","meta":[],"product_brand":[],"product_cat":[45],"product_tag":[],"class_list":{"0":"post-804","1":"product","2":"type-product","3":"status-publish","4":"has-post-thumbnail","6":"product_cat-single-mode-fiber-optic-patch-cord","8":"first","9":"instock","10":"shipping-taxable","11":"product-type-simple"},"_links":{"self":[{"href":"https:\/\/www.fenxifiber.com\/es\/wp-json\/wp\/v2\/product\/804","targetHints":{"allow":["GET"]}}],"collection":[{"href":"https:\/\/www.fenxifiber.com\/es\/wp-json\/wp\/v2\/product"}],"about":[{"href":"https:\/\/www.fenxifiber.com\/es\/wp-json\/wp\/v2\/types\/product"}],"replies":[{"embeddable":true,"href":"https:\/\/www.fenxifiber.com\/es\/wp-json\/wp\/v2\/comments?post=804"}],"wp:featuredmedia":[{"embeddable":true,"href":"https:\/\/www.fenxifiber.com\/es\/wp-json\/wp\/v2\/media\/805"}],"wp:attachment":[{"href":"https:\/\/www.fenxifiber.com\/es\/wp-json\/wp\/v2\/media?parent=804"}],"wp:term":[{"taxonomy":"product_brand","embeddable":true,"href":"https:\/\/www.fenxifiber.com\/es\/wp-json\/wp\/v2\/product_brand?post=804"},{"taxonomy":"product_cat","embeddable":true,"href":"https:\/\/www.fenxifiber.com\/es\/wp-json\/wp\/v2\/product_cat?post=804"},{"taxonomy":"product_tag","embeddable":true,"href":"https:\/\/www.fenxifiber.com\/es\/wp-json\/wp\/v2\/product_tag?post=804"}],"curies":[{"name":"wp","href":"https:\/\/api.w.org\/{rel}","templated":true}]}}