{"id":806,"date":"2026-02-04T01:50:12","date_gmt":"2026-02-04T01:50:12","guid":{"rendered":"https:\/\/www.fenxifiber.com\/?post_type=product&#038;p=806"},"modified":"2026-02-04T02:27:41","modified_gmt":"2026-02-04T02:27:41","slug":"fc-apc-sc-apc-sm-dx","status":"publish","type":"product","link":"https:\/\/www.fenxifiber.com\/es\/product\/fc-apc-sc-apc-sm-dx\/","title":{"rendered":"FC\/APC to SC\/APC Single Mode Duplex Fiber Patch Cord | Suministro directo del fabricante"},"content":{"rendered":"<h2 data-path-to-node=\"4\">Matriz de rendimiento t\u00e9cnico<\/h2>\n<p data-path-to-node=\"5\">Nuestra l\u00ednea de producci\u00f3n opera bajo estrictos protocolos de calidad para garantizar que cada unidad cumpla o supere los siguientes est\u00e1ndares t\u00e9cnicos:<\/p>\n<table data-path-to-node=\"6\">\n<thead>\n<tr>\n<td><strong>M\u00e9trico<\/strong><\/td>\n<td><strong>Especificaciones profesionales<\/strong><\/td>\n<td><strong>Ventaja de ingenier\u00eda<\/strong><\/td>\n<\/tr>\n<\/thead>\n<tbody>\n<tr>\n<td><span data-path-to-node=\"6,1,0,0\"><b data-path-to-node=\"6,1,0,0\" data-index-in-node=\"0\">Tipo de conector<\/b><\/span><\/td>\n<td><span data-path-to-node=\"6,1,1,0\">FC\/APC a SC\/APC<\/span><\/td>\n<td><span data-path-to-node=\"6,1,2,0\">Interfaz h\u00edbrida roscada a Push-Pull<\/span><\/td>\n<\/tr>\n<tr>\n<td><span data-path-to-node=\"6,2,0,0\"><b data-path-to-node=\"6,2,0,0\" data-index-in-node=\"0\">Categor\u00eda de fibra<\/b><\/span><\/td>\n<td><span data-path-to-node=\"6,2,1,0\">D\u00faplex monomodo (SM\/DX)<\/span><\/td>\n<td><span data-path-to-node=\"6,2,2,0\">Ruta de datos simult\u00e1nea de doble cadena<\/span><\/td>\n<\/tr>\n<tr>\n<td><span data-path-to-node=\"6,3,0,0\"><b data-path-to-node=\"6,3,0,0\" data-index-in-node=\"0\">P\u00e9rdida de inserci\u00f3n<\/b><\/span><\/td>\n<td><span data-path-to-node=\"6,3,1,0\"><b data-path-to-node=\"6,3,1,0\" data-index-in-node=\"0\"><span class=\"math-inline\" data-math=\"&lt; 0.3 \\text{ dB}\" data-index-in-node=\"0\">$&lt; 0,3 dB$<\/span><\/b><\/span><\/td>\n<td><span data-path-to-node=\"6,3,2,0\">Optimiza el presupuesto total de energ\u00eda del enlace.<\/span><\/td>\n<\/tr>\n<tr>\n<td><span data-path-to-node=\"6,4,0,0\"><b data-path-to-node=\"6,4,0,0\" data-index-in-node=\"0\">P\u00e9rdida de retorno<\/b><\/span><\/td>\n<td><span data-path-to-node=\"6,4,1,0\"><b data-path-to-node=\"6,4,1,0\" data-index-in-node=\"0\"><span class=\"math-inline\" data-math=\"\\geq 60 \\text{ dB}\" data-index-in-node=\"0\">$\\geq 60 dB$<\/span> (APC)<\/b><\/span><\/td>\n<td><span data-path-to-node=\"6,4,2,0\">Supresi\u00f3n superior de la reflexi\u00f3n trasera<\/span><\/td>\n<\/tr>\n<tr>\n<td><span data-path-to-node=\"6,5,0,0\"><b data-path-to-node=\"6,5,0,0\" data-index-in-node=\"0\">Longitud de onda<\/b><\/span><\/td>\n<td><span data-path-to-node=\"6,5,1,0\">1310 nm \/ 1490 nm \/ 1550 nm<\/span><\/td>\n<td><span data-path-to-node=\"6,5,2,0\">Compatibilidad universal con OS2 monomodo<\/span><\/td>\n<\/tr>\n<tr>\n<td><span data-path-to-node=\"6,6,0,0\"><b data-path-to-node=\"6,6,0,0\" data-index-in-node=\"0\">Ancho de banda<\/b><\/span><\/td>\n<td><span data-path-to-node=\"6,6,1,0\"><span class=\"math-inline\" data-math=\"\\pm 40\\text{nm}\" data-index-in-node=\"0\">$\\pm 40\\nm$<\/span><\/span><\/td>\n<td><span data-path-to-node=\"6,6,2,0\">Rendimiento estable en todos los cambios espectrales<\/span><\/td>\n<\/tr>\n<tr>\n<td><span data-path-to-node=\"6,7,0,0\"><b data-path-to-node=\"6,7,0,0\" data-index-in-node=\"0\">Resistencia a la tensi\u00f3n<\/b><\/span><\/td>\n<td><span data-path-to-node=\"6,7,1,0\"><b data-path-to-node=\"6,7,1,0\" data-index-in-node=\"0\"><span class=\"math-inline\" data-math=\"\\geq 200 \\text{ N}\" data-index-in-node=\"0\">$\\geq 200 \\text{ N}$<\/span><\/b><\/span><\/td>\n<td><span data-path-to-node=\"6,7,2,0\">Reforzado para el tendido de conductos sometidos a grandes esfuerzos<\/span><\/td>\n<\/tr>\n<tr>\n<td><span data-path-to-node=\"6,8,0,0\"><b data-path-to-node=\"6,8,0,0\" data-index-in-node=\"0\">Durabilidad<\/b><\/span><\/td>\n<td><span data-path-to-node=\"6,8,1,0\"><span class=\"math-inline\" data-math=\"\\geq 1000\" data-index-in-node=\"0\">$\\\u2265 1000$<\/span> veces<\/span><\/td>\n<td><span data-path-to-node=\"6,8,2,0\">Larga vida \u00fatil de la f\u00e9rula cer\u00e1mica de alta precisi\u00f3n<\/span><\/td>\n<\/tr>\n<tr>\n<td><span data-path-to-node=\"6,9,0,0\"><b data-path-to-node=\"6,9,0,0\" data-index-in-node=\"0\">Material de la chaqueta<\/b><\/span><\/td>\n<td><span data-path-to-node=\"6,9,1,0\"><b data-path-to-node=\"6,9,1,0\" data-index-in-node=\"0\">LSZH (amarillo)<\/b><\/span><\/td>\n<td><span data-path-to-node=\"6,9,2,0\">Seguridad contra incendios, bajo nivel de humo y sin hal\u00f3genos.<\/span><\/td>\n<\/tr>\n<\/tbody>\n<\/table>\n<hr data-path-to-node=\"7\" \/>\n<h2 data-path-to-node=\"8\">Ventajas estrat\u00e9gicas para la infraestructura de red<\/h2>\n<h3 data-path-to-node=\"9\">1. Flexibilidad de la interfaz h\u00edbrida<\/h3>\n<ul data-path-to-node=\"10\">\n<li>\n<p data-path-to-node=\"10,0,0\"><b data-path-to-node=\"10,0,0\" data-index-in-node=\"0\">Fin de FC\/APC:<\/b> La carcasa met\u00e1lica atornillable niquelada proporciona un cierre a prueba de vibraciones, ideal para entornos industriales y equipos de prueba de laboratorio.<\/p>\n<\/li>\n<li>\n<p data-path-to-node=\"10,1,0\"><b data-path-to-node=\"10,1,0\" data-index-in-node=\"0\">Fin de SC\/APC:<\/b> El mecanismo push-pull est\u00e1ndar permite un despliegue r\u00e1pido y seguro en bastidores de distribuci\u00f3n \u00f3ptica (ODF) y terminales de abonado.<\/p>\n<\/li>\n<\/ul>\n<h3 data-path-to-node=\"11\">2. Gesti\u00f3n de reflexi\u00f3n Elite APC<\/h3>\n<ul data-path-to-node=\"12\">\n<li>\n<p data-path-to-node=\"12,0,0\">Ambos extremos cuentan con un pulido angular de precisi\u00f3n de 8 grados, lo que proporciona una p\u00e9rdida de retorno de <b data-path-to-node=\"12,0,0\" data-index-in-node=\"82\"><span class=\"math-inline\" data-math=\"\\geq 60\\text{dB}\" data-index-in-node=\"82\">$\\geq 60\\text{dB}$<\/span><\/b>.<\/p>\n<\/li>\n<li>\n<p data-path-to-node=\"12,1,0\">Este dise\u00f1o redirige la reflexi\u00f3n hacia atr\u00e1s hacia el revestimiento de la fibra, lo cual es esencial para proteger las costosas fuentes l\u00e1ser en <b data-path-to-node=\"12,1,0\" data-index-in-node=\"124\">XGS-PON y video anal\u00f3gico<\/b> sistemas.<\/p>\n<\/li>\n<\/ul>\n<h3 data-path-to-node=\"13\">3. Fiabilidad de tracci\u00f3n de grado de ingenier\u00eda<\/h3>\n<ul data-path-to-node=\"14\">\n<li>\n<p data-path-to-node=\"14,0,0\">Con una resistencia a la tensi\u00f3n de <b data-path-to-node=\"14,0,0\" data-index-in-node=\"34\"><span class=\"math-inline\" data-math=\"\\geq 200\\text{N}\" data-index-in-node=\"34\">$\\geq 200\\text{N}$<\/span><\/b>, Estos puentes est\u00e1n dise\u00f1ados para soportar el estr\u00e9s f\u00edsico que supone su instalaci\u00f3n en bandejas de cables congestionadas y pozos verticales.<\/p>\n<\/li>\n<li>\n<p data-path-to-node=\"14,1,0\">La configuraci\u00f3n d\u00faplex (DX) integra dos hilos de fibra, lo que optimiza la gesti\u00f3n de cables para enlaces de datos bidireccionales.<\/p>\n<\/li>\n<\/ul>\n<h3 data-path-to-node=\"15\">4. Seguridad global y cumplimiento de la normativa LSZH<\/h3>\n<ul data-path-to-node=\"16\">\n<li>\n<p data-path-to-node=\"16,0,0\">Nuestras chaquetas amarillas est\u00e1n fabricadas con <b data-path-to-node=\"16,0,0\" data-index-in-node=\"41\">Bajo nivel de humo y sin hal\u00f3genos (LSZH)<\/b> material, que cumple con los c\u00f3digos internacionales de seguridad en la construcci\u00f3n.<\/p>\n<\/li>\n<li>\n<p data-path-to-node=\"16,1,0\">En caso de calor extremo, la cubierta emite un m\u00ednimo de humo y ning\u00fan gas hal\u00f3geno t\u00f3xico, lo que garantiza la seguridad del personal y del hardware cr\u00edtico.<\/p>\n<\/li>\n<\/ul>\n<hr data-path-to-node=\"17\" \/>\n<h2 data-path-to-node=\"18\">Adquisiciones y apoyo a proyectos<\/h2>\n<ul data-path-to-node=\"19\">\n<li>\n<p data-path-to-node=\"19,0,0\"><b data-path-to-node=\"19,0,0\" data-index-in-node=\"0\">Verificaci\u00f3n de f\u00e1brica 100%<\/b>: Cada cable de conexi\u00f3n se prueba individualmente para determinar la p\u00e9rdida de inserci\u00f3n (IL) y la p\u00e9rdida de retorno (RL) con el fin de garantizar la confiabilidad del proyecto.<\/p>\n<\/li>\n<li>\n<p data-path-to-node=\"19,1,0\"><b data-path-to-node=\"19,1,0\" data-index-in-node=\"0\">Escalabilidad al por mayor<\/b>: Como <b data-path-to-node=\"19,1,0\" data-index-in-node=\"28\">Fabricante<\/b>, mantenemos un amplio inventario de longitudes est\u00e1ndar para facilitar <b data-path-to-node=\"19,1,0\" data-index-in-node=\"107\">Pedidos al por mayor<\/b> con plazos de entrega r\u00e1pidos.<\/p>\n<\/li>\n<li>\n<p data-path-to-node=\"19,2,0\"><b data-path-to-node=\"19,2,0\" data-index-in-node=\"0\">Servicio OEM personalizado<\/b>Ofrecemos fabricaci\u00f3n flexible para longitudes de cable a medida, etiquetado especializado y diferentes di\u00e1metros de revestimiento (2,0 mm\/3,0 mm).<\/p>\n<\/li>\n<li>\n<p data-path-to-node=\"19,3,0\"><b data-path-to-node=\"19,3,0\" data-index-in-node=\"0\">Documentaci\u00f3n de cumplimiento<\/b>: Se encuentran disponibles informes de pruebas individuales y datos de verificaci\u00f3n de interferometr\u00eda 3D para respaldar su <b data-path-to-node=\"19,3,0\" data-index-in-node=\"120\">Abastecimiento<\/b> y requisitos de auditor\u00eda.<\/p>\n<\/li>\n<\/ul>","protected":false},"excerpt":{"rendered":"<p data-path-to-node=\"1\">En <b data-path-to-node=\"1\" data-index-in-node=\"4\">FC\/APC a SC\/APC d\u00faplex monomodo (SM DX)<\/b> es un puente h\u00edbrido de alta precisi\u00f3n dise\u00f1ado para sistemas de doble fibra que requieren una gesti\u00f3n de reflexi\u00f3n y una estabilidad mec\u00e1nica de \u00e9lite. Con el caracter\u00edstico pulido APC (contacto f\u00edsico en \u00e1ngulo) \u201cGreen-to-Green\u201d, este cable salva la distancia entre las interfaces FC roscadas y los puertos SC push-pull. Es un componente fundamental para <b data-path-to-node=\"1\" data-index-in-node=\"372\">FTTH, XGS-PON y distribuci\u00f3n CATV de alta potencia<\/b> donde se debe minimizar la reflexi\u00f3n trasera para proteger los transmisores sensibles.<\/p>\n<p data-path-to-node=\"2\">Optimizado para la transmisi\u00f3n de datos de doble v\u00eda, este conjunto d\u00faplex garantiza la integridad de la se\u00f1al de alta fidelidad para redes \u00f3pticas de misi\u00f3n cr\u00edtica.<\/p>","protected":false},"featured_media":807,"comment_status":"open","ping_status":"closed","template":"","meta":[],"product_brand":[],"product_cat":[45],"product_tag":[],"class_list":{"0":"post-806","1":"product","2":"type-product","3":"status-publish","4":"has-post-thumbnail","6":"product_cat-single-mode-fiber-optic-patch-cord","8":"first","9":"instock","10":"shipping-taxable","11":"product-type-simple"},"_links":{"self":[{"href":"https:\/\/www.fenxifiber.com\/es\/wp-json\/wp\/v2\/product\/806","targetHints":{"allow":["GET"]}}],"collection":[{"href":"https:\/\/www.fenxifiber.com\/es\/wp-json\/wp\/v2\/product"}],"about":[{"href":"https:\/\/www.fenxifiber.com\/es\/wp-json\/wp\/v2\/types\/product"}],"replies":[{"embeddable":true,"href":"https:\/\/www.fenxifiber.com\/es\/wp-json\/wp\/v2\/comments?post=806"}],"wp:featuredmedia":[{"embeddable":true,"href":"https:\/\/www.fenxifiber.com\/es\/wp-json\/wp\/v2\/media\/807"}],"wp:attachment":[{"href":"https:\/\/www.fenxifiber.com\/es\/wp-json\/wp\/v2\/media?parent=806"}],"wp:term":[{"taxonomy":"product_brand","embeddable":true,"href":"https:\/\/www.fenxifiber.com\/es\/wp-json\/wp\/v2\/product_brand?post=806"},{"taxonomy":"product_cat","embeddable":true,"href":"https:\/\/www.fenxifiber.com\/es\/wp-json\/wp\/v2\/product_cat?post=806"},{"taxonomy":"product_tag","embeddable":true,"href":"https:\/\/www.fenxifiber.com\/es\/wp-json\/wp\/v2\/product_tag?post=806"}],"curies":[{"name":"wp","href":"https:\/\/api.w.org\/{rel}","templated":true}]}}