{"id":811,"date":"2026-02-04T01:54:26","date_gmt":"2026-02-04T01:54:26","guid":{"rendered":"https:\/\/www.fenxifiber.com\/?post_type=product&#038;p=811"},"modified":"2026-02-04T02:29:43","modified_gmt":"2026-02-04T02:29:43","slug":"fc-upc-sc-upc-sm-dx","status":"publish","type":"product","link":"https:\/\/www.fenxifiber.com\/es\/product\/fc-upc-sc-upc-sm-dx\/","title":{"rendered":"Cable de fibra \u00f3ptica FC\/UPC a SC\/UPC monomodo d\u00faplex | Sourcing Solutions"},"content":{"rendered":"<h2 data-path-to-node=\"4\">Matriz de rendimiento t\u00e9cnico<\/h2>\n<table style=\"width: 100%; border-collapse: collapse; margin: 20px 0; font-family: Arial, sans-serif; border: 1px solid #ddd; font-size: 14px;\">\n<thead>\n<tr style=\"background-color: #f8f9fa; text-align: left;\">\n<th style=\"padding: 12px; border: 1px solid #ddd; color: #333;\">M\u00e9trica t\u00e9cnica<\/th>\n<th style=\"padding: 12px; border: 1px solid #ddd; color: #333;\">Especificaciones profesionales<\/th>\n<th style=\"padding: 12px; border: 1px solid #ddd; color: #333;\">Ventaja de red<\/th>\n<\/tr>\n<\/thead>\n<tbody>\n<tr>\n<td style=\"padding: 12px; border: 1px solid #ddd;\"><strong>Tipo de conector<\/strong><\/td>\n<td style=\"padding: 12px; border: 1px solid #ddd;\">FC\/UPC a SC\/UPC<\/td>\n<td style=\"padding: 12px; border: 1px solid #ddd;\">H\u00edbrido roscado a Push-Pull<\/td>\n<\/tr>\n<tr style=\"background-color: #fdfdfd;\">\n<td style=\"padding: 12px; border: 1px solid #ddd;\"><strong>Categor\u00eda de fibra<\/strong><\/td>\n<td style=\"padding: 12px; border: 1px solid #ddd;\">Modo \u00fanico d\u00faplex (SM DX)<\/td>\n<td style=\"padding: 12px; border: 1px solid #ddd;\">Datos bidireccionales simult\u00e1neos<\/td>\n<\/tr>\n<tr>\n<td style=\"padding: 12px; border: 1px solid #ddd;\"><strong>P\u00e9rdida de inserci\u00f3n<\/strong><\/td>\n<td style=\"padding: 12px; border: 1px solid #ddd;\">\u2264 0,3 dB<\/td>\n<td style=\"padding: 12px; border: 1px solid #ddd;\">Eficiencia energ\u00e9tica superior<\/td>\n<\/tr>\n<tr style=\"background-color: #fdfdfd;\">\n<td style=\"padding: 12px; border: 1px solid #ddd;\"><strong>P\u00e9rdida de retorno<\/strong><\/td>\n<td style=\"padding: 12px; border: 1px solid #ddd;\">\u2265 50 dB<\/td>\n<td style=\"padding: 12px; border: 1px solid #ddd;\">Mantiene una alta pureza de se\u00f1al.<\/td>\n<\/tr>\n<tr>\n<td style=\"padding: 12px; border: 1px solid #ddd;\"><strong>Longitud de onda<\/strong><\/td>\n<td style=\"padding: 12px; border: 1px solid #ddd;\">1310 nm \/ 1490 nm \/ 1550 nm<\/td>\n<td style=\"padding: 12px; border: 1px solid #ddd;\">Compatibilidad universal con OS2<\/td>\n<\/tr>\n<tr style=\"background-color: #fdfdfd;\">\n<td style=\"padding: 12px; border: 1px solid #ddd;\"><strong>Resistencia a la tensi\u00f3n<\/strong><\/td>\n<td style=\"padding: 12px; border: 1px solid #ddd;\">\u2265 200 N<\/td>\n<td style=\"padding: 12px; border: 1px solid #ddd;\">Resistente para enrutamiento vertical<\/td>\n<\/tr>\n<tr>\n<td style=\"padding: 12px; border: 1px solid #ddd;\"><strong>Material de la chaqueta<\/strong><\/td>\n<td style=\"padding: 12px; border: 1px solid #ddd;\">LSZH (bajo nivel de humo y sin hal\u00f3genos)<\/td>\n<td style=\"padding: 12px; border: 1px solid #ddd;\">Cumplimiento de las normas internacionales de seguridad contra incendios<\/td>\n<\/tr>\n<\/tbody>\n<\/table>\n<h2 data-path-to-node=\"8\">Ventajas estrat\u00e9gicas para la implementaci\u00f3n del sistema<\/h2>\n<h3 data-path-to-node=\"9\">1. Mecanismo de cierre h\u00edbrido robusto<\/h3>\n<ul data-path-to-node=\"10\">\n<li>\n<p data-path-to-node=\"10,0,0\"><b data-path-to-node=\"10,0,0\" data-index-in-node=\"0\">Fin FC\/UPC:<\/b> La carcasa met\u00e1lica roscada proporciona una conexi\u00f3n a prueba de vibraciones, lo que la hace ideal para entornos en los que la seguridad f\u00edsica es una prioridad.<\/p>\n<\/li>\n<li>\n<p data-path-to-node=\"10,1,0\"><b data-path-to-node=\"10,1,0\" data-index-in-node=\"0\">Fin de SC\/UPC:<\/b> El dise\u00f1o push-pull permite un r\u00e1pido empalme en bastidores de distribuci\u00f3n \u00f3ptica (ODF) y bastidores de equipos est\u00e1ndar.<\/p>\n<\/li>\n<\/ul>\n<h3 data-path-to-node=\"11\">2. Eficiencia full-duplex<\/h3>\n<p data-path-to-node=\"12\">En <b data-path-to-node=\"12\" data-index-in-node=\"4\">D\u00faplex (DX)<\/b> La arquitectura integra dos hilos en una sola cubierta de cable, lo que optimiza la gesti\u00f3n de los sistemas Ethernet 10G\/40G que requieren rutas de transmisi\u00f3n (TX) y recepci\u00f3n (RX) separadas.<\/p>\n<h3 data-path-to-node=\"13\">3. Calidad de fabricaci\u00f3n de grado de ingenier\u00eda<\/h3>\n<p data-path-to-node=\"14\">Con una resistencia a la tracci\u00f3n nominal de <b data-path-to-node=\"14\" data-index-in-node=\"31\">\u2265 200 N<\/b>, Este conector est\u00e1 dise\u00f1ado para soportar el estr\u00e9s f\u00edsico de una instalaci\u00f3n intensiva a trav\u00e9s de bandejas y conductos para cables. Los casquillos cer\u00e1micos de precisi\u00f3n garantizan una p\u00e9rdida de inserci\u00f3n m\u00ednima en todo el espectro OS2.<\/p>\n<hr data-path-to-node=\"15\" \/>\n<h2 data-path-to-node=\"16\">Soporte de suministro e inventario<\/h2>\n<ul data-path-to-node=\"17\">\n<li>\n<p data-path-to-node=\"17,0,0\"><b data-path-to-node=\"17,0,0\" data-index-in-node=\"0\">Calidad verificada 100%<\/b>: Cada unidad se prueba individualmente en f\u00e1brica para determinar la p\u00e9rdida de inserci\u00f3n (IL) y la p\u00e9rdida de retorno (RL).<\/p>\n<\/li>\n<li>\n<p data-path-to-node=\"17,1,0\"><b data-path-to-node=\"17,1,0\" data-index-in-node=\"0\">Documentaci\u00f3n del proyecto<\/b>: Los datos de las pruebas individuales y los informes de interferometr\u00eda 3D est\u00e1n disponibles para los requisitos de auditor\u00eda.<\/p>\n<\/li>\n<li>\n<p data-path-to-node=\"17,2,0\"><b data-path-to-node=\"17,2,0\" data-index-in-node=\"0\">Cumplimiento de pedidos masivos<\/b>: Mantenemos un amplio inventario de longitudes est\u00e1ndar para facilitar plazos de entrega r\u00e1pidos para cualquier <b data-path-to-node=\"17,2,0\" data-index-in-node=\"114\">Distribuidor<\/b> o <b data-path-to-node=\"17,2,0\" data-index-in-node=\"129\">Exportador<\/b>.<\/p>\n<\/li>\n<li>\n<p data-path-to-node=\"17,3,0\"><b data-path-to-node=\"17,3,0\" data-index-in-node=\"0\">Personalizaci\u00f3n OEM<\/b>: Se ofrece fabricaci\u00f3n flexible para longitudes personalizadas, etiquetado especializado y di\u00e1metros de cubierta variables (2,0 mm\/3,0 mm).<\/p>\n<\/li>\n<\/ul>","protected":false},"excerpt":{"rendered":"<p data-path-to-node=\"1\">En <b data-path-to-node=\"1\" data-index-in-node=\"4\">FC\/UPC a SC\/UPC d\u00faplex monomodo (SM DX)<\/b> es un conector h\u00edbrido de alta estabilidad dise\u00f1ado para facilitar transiciones fluidas entre equipos basados en FC roscados y puertos de red SC push-pull est\u00e1ndar. Este cable de fibra doble \u201cazul a azul\u201d es un enlace fundamental para <b data-path-to-node=\"1\" data-index-in-node=\"266\">centrales de telecomunicaciones, sistemas de control industrial y centros de datos empresariales<\/b> que requiere un flujo de datos bidireccional full-duplex.<\/p>\n<p data-path-to-node=\"2\">Fabricado con un enfoque en la durabilidad mec\u00e1nica y la baja atenuaci\u00f3n de la se\u00f1al, este conjunto h\u00edbrido proporciona el rendimiento constante necesario para implementaciones monomodo OS2 de alta capacidad.<\/p>","protected":false},"featured_media":812,"comment_status":"open","ping_status":"closed","template":"","meta":[],"product_brand":[],"product_cat":[45],"product_tag":[],"class_list":{"0":"post-811","1":"product","2":"type-product","3":"status-publish","4":"has-post-thumbnail","6":"product_cat-single-mode-fiber-optic-patch-cord","8":"first","9":"instock","10":"shipping-taxable","11":"product-type-simple"},"_links":{"self":[{"href":"https:\/\/www.fenxifiber.com\/es\/wp-json\/wp\/v2\/product\/811","targetHints":{"allow":["GET"]}}],"collection":[{"href":"https:\/\/www.fenxifiber.com\/es\/wp-json\/wp\/v2\/product"}],"about":[{"href":"https:\/\/www.fenxifiber.com\/es\/wp-json\/wp\/v2\/types\/product"}],"replies":[{"embeddable":true,"href":"https:\/\/www.fenxifiber.com\/es\/wp-json\/wp\/v2\/comments?post=811"}],"wp:featuredmedia":[{"embeddable":true,"href":"https:\/\/www.fenxifiber.com\/es\/wp-json\/wp\/v2\/media\/812"}],"wp:attachment":[{"href":"https:\/\/www.fenxifiber.com\/es\/wp-json\/wp\/v2\/media?parent=811"}],"wp:term":[{"taxonomy":"product_brand","embeddable":true,"href":"https:\/\/www.fenxifiber.com\/es\/wp-json\/wp\/v2\/product_brand?post=811"},{"taxonomy":"product_cat","embeddable":true,"href":"https:\/\/www.fenxifiber.com\/es\/wp-json\/wp\/v2\/product_cat?post=811"},{"taxonomy":"product_tag","embeddable":true,"href":"https:\/\/www.fenxifiber.com\/es\/wp-json\/wp\/v2\/product_tag?post=811"}],"curies":[{"name":"wp","href":"https:\/\/api.w.org\/{rel}","templated":true}]}}