{"id":813,"date":"2026-02-04T01:55:47","date_gmt":"2026-02-04T01:55:47","guid":{"rendered":"https:\/\/www.fenxifiber.com\/?post_type=product&#038;p=813"},"modified":"2026-02-04T02:30:31","modified_gmt":"2026-02-04T02:30:31","slug":"sc-upc-sc-upc-sm-dx","status":"publish","type":"product","link":"https:\/\/www.fenxifiber.com\/es\/product\/sc-upc-sc-upc-sm-dx\/","title":{"rendered":"Cable de conexi\u00f3n de fibra d\u00faplex monomodo SC\/UPC a SC\/UPC | Listo para pedidos al por mayor"},"content":{"rendered":"<h2 data-path-to-node=\"4\">Matriz de rendimiento t\u00e9cnico<\/h2>\n<table style=\"width: 100%; border-collapse: collapse; margin: 20px 0; font-family: Arial, sans-serif; border: 1px solid #ddd; font-size: 14px;\">\n<thead>\n<tr style=\"background-color: #f8f9fa; text-align: left;\">\n<th style=\"padding: 12px; border: 1px solid #ddd; color: #333;\">M\u00e9trica de rendimiento<\/th>\n<th style=\"padding: 12px; border: 1px solid #ddd; color: #333;\">Norma t\u00e9cnica<\/th>\n<th style=\"padding: 12px; border: 1px solid #ddd; color: #333;\">Ventaja de instalaci\u00f3n<\/th>\n<\/tr>\n<\/thead>\n<tbody>\n<tr>\n<td style=\"padding: 12px; border: 1px solid #ddd;\"><strong>Tipo de conector<\/strong><\/td>\n<td style=\"padding: 12px; border: 1px solid #ddd;\">SC\/UPC a SC\/UPC<\/td>\n<td style=\"padding: 12px; border: 1px solid #ddd;\">Bloqueo push-pull estandarizado<\/td>\n<\/tr>\n<tr style=\"background-color: #fdfdfd;\">\n<td style=\"padding: 12px; border: 1px solid #ddd;\"><strong>Modo Fibra<\/strong><\/td>\n<td style=\"padding: 12px; border: 1px solid #ddd;\">Modo \u00fanico d\u00faplex (SM DX)<\/td>\n<td style=\"padding: 12px; border: 1px solid #ddd;\">Ruta de datos TX\/RX simult\u00e1nea<\/td>\n<\/tr>\n<tr>\n<td style=\"padding: 12px; border: 1px solid #ddd;\"><strong>P\u00e9rdida de inserci\u00f3n<\/strong><\/td>\n<td style=\"padding: 12px; border: 1px solid #ddd;\">\u2264 0,3 dB<\/td>\n<td style=\"padding: 12px; border: 1px solid #ddd;\">Optimizado para enlaces de larga distancia<\/td>\n<\/tr>\n<tr style=\"background-color: #fdfdfd;\">\n<td style=\"padding: 12px; border: 1px solid #ddd;\"><strong>P\u00e9rdida de retorno<\/strong><\/td>\n<td style=\"padding: 12px; border: 1px solid #ddd;\">\u2265 50 dB<\/td>\n<td style=\"padding: 12px; border: 1px solid #ddd;\">Mantiene una alta integridad de la se\u00f1al.<\/td>\n<\/tr>\n<tr>\n<td style=\"padding: 12px; border: 1px solid #ddd;\"><strong>Longitud de onda operativa<\/strong><\/td>\n<td style=\"padding: 12px; border: 1px solid #ddd;\">1310 nm \/ 1490 nm \/ 1550 nm<\/td>\n<td style=\"padding: 12px; border: 1px solid #ddd;\">Compatibilidad total con el espectro OS2<\/td>\n<\/tr>\n<tr style=\"background-color: #fdfdfd;\">\n<td style=\"padding: 12px; border: 1px solid #ddd;\"><strong>Resistencia a la tracci\u00f3n<\/strong><\/td>\n<td style=\"padding: 12px; border: 1px solid #ddd;\">\u2265 200 N<\/td>\n<td style=\"padding: 12px; border: 1px solid #ddd;\">Reforzado para instalaci\u00f3n en conductos<\/td>\n<\/tr>\n<tr>\n<td style=\"padding: 12px; border: 1px solid #ddd;\"><strong>Calificaci\u00f3n de la chamarra<\/strong><\/td>\n<td style=\"padding: 12px; border: 1px solid #ddd;\">LSZH (bajo nivel de humo y sin hal\u00f3genos)<\/td>\n<td style=\"padding: 12px; border: 1px solid #ddd;\">Cableado interior conforme a las normas de seguridad<\/td>\n<\/tr>\n<\/tbody>\n<\/table>\n<h2 data-path-to-node=\"8\">Ventajas estrat\u00e9gicas para el despliegue de redes<\/h2>\n<h3 data-path-to-node=\"9\">1. Mecanismo Push-Pull confiable<\/h3>\n<p data-path-to-node=\"10\">El conector SC es el preferido por su facilidad de uso y su conexi\u00f3n f\u00edsica estable. El mecanismo \u201cpush-pull\u201d garantiza que los casquillos cer\u00e1micos est\u00e9n perfectamente alineados y bien fijados, lo que proporciona una soluci\u00f3n de bajo mantenimiento para centros de distribuci\u00f3n de alto tr\u00e1fico y terminales ISP.<\/p>\n<h3 data-path-to-node=\"11\">2. Configuraci\u00f3n d\u00faplex de alta eficiencia<\/h3>\n<p data-path-to-node=\"12\">En <b data-path-to-node=\"12\" data-index-in-node=\"4\">D\u00faplex (DX)<\/b> La arquitectura integra dos hilos de fibra en un solo conjunto, lo que permite rutas de transmisi\u00f3n y recepci\u00f3n dedicadas. Esto es esencial para las arquitecturas Ethernet est\u00e1ndar, ya que simplifica la gesti\u00f3n de los cables en comparaci\u00f3n con el uso de cables simplex separados.<\/p>\n<h3 data-path-to-node=\"13\">3. Calidad de fabricaci\u00f3n de grado de ingenier\u00eda<\/h3>\n<p data-path-to-node=\"14\">Clasificado para una fuerza de tracci\u00f3n de <b data-path-to-node=\"14\" data-index-in-node=\"29\">\u2265 200 N<\/b>, Estos puentes est\u00e1n dise\u00f1ados para soportar las duras condiciones que se dan al pasar por conductos verticales y bandejas a\u00e9reas abarrotadas. El pulido de precisi\u00f3n garantiza una p\u00e9rdida de inserci\u00f3n ultrabaja, lo que preserva la intensidad de la se\u00f1al en toda la red.<\/p>\n<h3 data-path-to-node=\"15\">4. Seguridad y cumplimiento normativo a nivel mundial<\/h3>\n<p data-path-to-node=\"16\">Nuestros cables tienen un color amarillo. <b data-path-to-node=\"16\" data-index-in-node=\"28\">LSZH<\/b> , que es obligatorio para instalaciones interiores y gubernamentales. Este material garantiza que no se liberen gases hal\u00f3genos t\u00f3xicos y que el humo se mantenga al m\u00ednimo en caso de calor extremo.<\/p>\n<hr data-path-to-node=\"17\" \/>\n<h2 data-path-to-node=\"18\">Apoyo en el abastecimiento y la adquisici\u00f3n<\/h2>\n<ul data-path-to-node=\"19\">\n<li>\n<p data-path-to-node=\"19,0,0\"><b data-path-to-node=\"19,0,0\" data-index-in-node=\"0\">100% Calidad inspeccionada<\/b>Cada cable de conexi\u00f3n se somete a pruebas individuales en f\u00e1brica para determinar la p\u00e9rdida de inserci\u00f3n (IL) y la p\u00e9rdida de retorno (RL).<\/p>\n<\/li>\n<li>\n<p data-path-to-node=\"19,1,0\"><b data-path-to-node=\"19,1,0\" data-index-in-node=\"0\">Documentaci\u00f3n del proyecto<\/b>: Proporcionamos informes de pruebas y verificaci\u00f3n por interferometr\u00eda 3D para respaldar su <b data-path-to-node=\"19,1,0\" data-index-in-node=\"98\">Abastecimiento<\/b> y auditor\u00edas de cumplimiento.<\/p>\n<\/li>\n<li>\n<p data-path-to-node=\"19,2,0\"><b data-path-to-node=\"19,2,0\" data-index-in-node=\"0\">Cumplimiento r\u00e1pido<\/b>: Disponemos de un amplio stock de longitudes est\u00e1ndar (1 m, 2 m, 3 m, 5 m, 10 m) para cualquier <b data-path-to-node=\"19,2,0\" data-index-in-node=\"94\">Exportador<\/b> o <b data-path-to-node=\"19,2,0\" data-index-in-node=\"106\">Distribuidor<\/b> que requiere un env\u00edo r\u00e1pido.<\/p>\n<\/li>\n<li>\n<p data-path-to-node=\"19,3,0\"><b data-path-to-node=\"19,3,0\" data-index-in-node=\"0\">Servicio OEM personalizado<\/b>La fabricaci\u00f3n flexible permite longitudes personalizadas, etiquetado especializado y di\u00e1metros de cubierta variables (2,0 mm o 3,0 mm).<\/p>\n<\/li>\n<\/ul>","protected":false},"excerpt":{"rendered":"<p data-path-to-node=\"1\"><span class=\"\">En <\/span><b class=\"\" data-path-to-node=\"1\" data-index-in-node=\"4\">SC\/UPC a SC\/UPC monomodo d\u00faplex (SM DX)<\/b><span class=\"\"> es una piedra angular de la infraestructura global de fibra \u00f3ptica,<\/span><span class=\"\"> proporcionar una conexi\u00f3n confiable y estandarizada para redes de datos de alta capacidad.<\/span><span class=\"\"> Con los cl\u00e1sicos conectores push-pull azules,<\/span><span class=\"\"> Este cable d\u00faplex es la opci\u00f3n principal para <\/span><b class=\"\" data-path-to-node=\"1\" data-index-in-node=\"278\">Cuadros de distribuci\u00f3n \u00f3ptica (ODF), terminales de abonado y entornos de conmutaci\u00f3n empresarial.<\/b><span class=\"\"> que requiere una transmisi\u00f3n de datos bidireccional sincronizada.<\/span><\/p>\n<p data-path-to-node=\"2\"><span class=\"\">Dise\u00f1ado con casquillos cer\u00e1micos de alta precisi\u00f3n,<\/span><span class=\"\"> Este puente monomodo OS2 garantiza una atenuaci\u00f3n m\u00ednima de la se\u00f1al y una estabilidad mec\u00e1nica a largo plazo para enlaces de telecomunicaci\u00f3n de misi\u00f3n cr\u00edtica.<\/span><\/p>","protected":false},"featured_media":814,"comment_status":"open","ping_status":"closed","template":"","meta":[],"product_brand":[],"product_cat":[45],"product_tag":[],"class_list":{"0":"post-813","1":"product","2":"type-product","3":"status-publish","4":"has-post-thumbnail","6":"product_cat-single-mode-fiber-optic-patch-cord","8":"first","9":"instock","10":"shipping-taxable","11":"product-type-simple"},"_links":{"self":[{"href":"https:\/\/www.fenxifiber.com\/es\/wp-json\/wp\/v2\/product\/813","targetHints":{"allow":["GET"]}}],"collection":[{"href":"https:\/\/www.fenxifiber.com\/es\/wp-json\/wp\/v2\/product"}],"about":[{"href":"https:\/\/www.fenxifiber.com\/es\/wp-json\/wp\/v2\/types\/product"}],"replies":[{"embeddable":true,"href":"https:\/\/www.fenxifiber.com\/es\/wp-json\/wp\/v2\/comments?post=813"}],"wp:featuredmedia":[{"embeddable":true,"href":"https:\/\/www.fenxifiber.com\/es\/wp-json\/wp\/v2\/media\/814"}],"wp:attachment":[{"href":"https:\/\/www.fenxifiber.com\/es\/wp-json\/wp\/v2\/media?parent=813"}],"wp:term":[{"taxonomy":"product_brand","embeddable":true,"href":"https:\/\/www.fenxifiber.com\/es\/wp-json\/wp\/v2\/product_brand?post=813"},{"taxonomy":"product_cat","embeddable":true,"href":"https:\/\/www.fenxifiber.com\/es\/wp-json\/wp\/v2\/product_cat?post=813"},{"taxonomy":"product_tag","embeddable":true,"href":"https:\/\/www.fenxifiber.com\/es\/wp-json\/wp\/v2\/product_tag?post=813"}],"curies":[{"name":"wp","href":"https:\/\/api.w.org\/{rel}","templated":true}]}}