{"id":833,"date":"2026-02-04T02:20:38","date_gmt":"2026-02-04T02:20:38","guid":{"rendered":"https:\/\/www.fenxifiber.com\/?post_type=product&#038;p=833"},"modified":"2026-02-04T02:56:52","modified_gmt":"2026-02-04T02:56:52","slug":"sc-upc-a-apc-2-0-3-0-mm-totalmente-de-plastico-tipo-crimpado","status":"publish","type":"product","link":"https:\/\/www.fenxifiber.com\/es\/product\/sc-upc-to-apc-2-0-3-0mm-all-plastic-crimp-style\/","title":{"rendered":"SC UPC a APC H\u00edbrido 2.0\/3.0mm Estilo Crimpado Todo Pl\u00e1stico"},"content":{"rendered":"<h3 data-path-to-node=\"4\">\ud83e\uddea Ingenier\u00eda h\u00edbrida: la interfaz UPC-APC<\/h3>\n<p data-path-to-node=\"5\">En las redes de fibra modernas, la transici\u00f3n del contacto f\u00edsico ultra (UPC) al contacto f\u00edsico en \u00e1ngulo (APC) es un punto cr\u00edtico de posible degradaci\u00f3n de la se\u00f1al. Nuestros componentes h\u00edbridos est\u00e1n dise\u00f1ados para gestionar esta interfaz con precisi\u00f3n quir\u00fargica.<\/p>\n<ul data-path-to-node=\"6\">\n<li>\n<p data-path-to-node=\"6,0,0\"><b data-path-to-node=\"6,0,0\" data-index-in-node=\"0\">La ventaja de APC (\u00e1ngulo de 8\u00b0):<\/b> El lado APC presenta un extremo con un \u00e1ngulo de 8 grados rectificado con precisi\u00f3n. Esto garantiza que cualquier luz reflejada se acople al revestimiento de la fibra en lugar de volver a la fuente l\u00e1ser, logrando una p\u00e9rdida de retorno de <b data-path-to-node=\"6,0,0\" data-index-in-node=\"237\">\u226560 dB<\/b>.<\/p>\n<\/li>\n<li>\n<p data-path-to-node=\"6,1,0\"><b data-path-to-node=\"6,1,0\" data-index-in-node=\"0\">La estabilidad de la UPC:<\/b> El lado UPC proporciona un pulido esf\u00e9rico de alta calidad, lo que garantiza una p\u00e9rdida de retorno de <b data-path-to-node=\"6,1,0\" data-index-in-node=\"100\">\u226550 dB<\/b>, ideal para la transmisi\u00f3n de se\u00f1ales digitales en la que la supresi\u00f3n extrema de la reflexi\u00f3n no es la principal preocupaci\u00f3n, pero es imprescindible una baja p\u00e9rdida de inserci\u00f3n.<\/p>\n<\/li>\n<li>\n<p data-path-to-node=\"6,2,0\"><b data-path-to-node=\"6,2,0\" data-index-in-node=\"0\">Compatibilidad cruzada:<\/b> Esta configuraci\u00f3n h\u00edbrida es la est\u00e1ndar para conectar enrutadores de consumo (a menudo UPC) a l\u00edneas de alimentaci\u00f3n de grado carrier (estandarizadas en APC).<\/p>\n<\/li>\n<\/ul>\n<hr data-path-to-node=\"7\" \/>\n<h3 data-path-to-node=\"8\">\ud83d\udee0 Tecnolog\u00eda de engarzado totalmente pl\u00e1stica<\/h3>\n<p data-path-to-node=\"9\">La denominaci\u00f3n \u201cAll-Plastic\u201d (totalmente de pl\u00e1stico) hace referencia al mecanismo de retenci\u00f3n interno, que utiliza pol\u00edmeros de ingenier\u00eda de alto rendimiento en lugar de topes met\u00e1licos. Esta elecci\u00f3n de dise\u00f1o ofrece varias ventajas \u00fanicas para escenarios de implementaci\u00f3n espec\u00edficos:<\/p>\n<p data-path-to-node=\"10\"><b data-path-to-node=\"10\" data-index-in-node=\"0\">1. Integridad estructural ligera<\/b> Al utilizar pl\u00e1sticos ultrarr\u00edgidos e ign\u00edfugos para el cuerpo interno del engarzado, el conector mantiene un perfil de peso m\u00e1s bajo. Esto reduce la carga mec\u00e1nica sobre los delicados puertos de fibra en los ODF (marcos de distribuci\u00f3n \u00f3ptica) de alta densidad.<\/p>\n<p data-path-to-node=\"11\"><b data-path-to-node=\"11\" data-index-in-node=\"0\">2. Arquitectura no corrosiva<\/b> En entornos con alta humedad o exposici\u00f3n a productos qu\u00edmicos, donde los componentes met\u00e1licos pueden oxidarse con el tiempo, el engarzado totalmente pl\u00e1stico permanece inerte. Esto lo convierte en una opci\u00f3n superior para instalaciones costeras y entornos de plantas industriales.<\/p>\n<p data-path-to-node=\"12\"><b data-path-to-node=\"12\" data-index-in-node=\"0\">3. Cierre preciso y prevenci\u00f3n del \u201cefecto pist\u00f3n\u201d<\/b> A pesar de ser totalmente de pl\u00e1stico, el sistema de clip interno est\u00e1 moldeado con tolerancias de nivel microm\u00e9trico. Bloquea la f\u00e9rula de circonio en una posici\u00f3n axial fija, evitando el efecto \u201cpist\u00f3n\u201d (movimiento hacia adelante y hacia atr\u00e1s de la f\u00e9rula) durante los ciclos de temperatura de -40 \u00b0C a +75 \u00b0C.<\/p>\n<p data-path-to-node=\"13\"><b data-path-to-node=\"13\" data-index-in-node=\"0\">4. Sistema de funda de doble di\u00e1metro<\/b> Las botas incluidas est\u00e1n dise\u00f1adas con una geometr\u00eda interna c\u00f3nica. Esto permite que un solo kit proporcione un alivio de tensi\u00f3n profesional tanto para <b data-path-to-node=\"13\" data-index-in-node=\"169\">2,0 mm<\/b> cables de conexi\u00f3n y <b data-path-to-node=\"13\" data-index-in-node=\"191\">3,0 mm<\/b> Cables con revestimiento resistente, lo que simplifica la gesti\u00f3n del inventario para implementaciones a gran escala.<\/p>\n<hr data-path-to-node=\"14\" \/>\n<h3 data-path-to-node=\"15\">\ud83d\udcc8 An\u00e1lisis detallado de los par\u00e1metros t\u00e9cnicos<\/h3>\n<ul data-path-to-node=\"16\">\n<li>\n<p data-path-to-node=\"16,0,0\"><b data-path-to-node=\"16,0,0\" data-index-in-node=\"0\">Precisi\u00f3n \u00f3ptica:<\/b> Cuenta con un casquillo cer\u00e1mico de circonio de alta calidad con un error de concentricidad de <b data-path-to-node=\"16,0,0\" data-index-in-node=\"96\">\u22640,5 \u03bcm<\/b>, asegurando que el n\u00facleo luminoso permanezca perfectamente centrado durante el acoplamiento.<\/p>\n<\/li>\n<li>\n<p data-path-to-node=\"16,1,0\"><b data-path-to-node=\"16,1,0\" data-index-in-node=\"0\">Perfil de p\u00e9rdida de inserci\u00f3n:<\/b> Optimizado para una p\u00e9rdida promedio de <b data-path-to-node=\"16,1,0\" data-index-in-node=\"57\">\u22640,20 dB<\/b>, superando significativamente los requisitos est\u00e1ndar de la norma TIA\/EIA-568.<\/p>\n<\/li>\n<li>\n<p data-path-to-node=\"16,2,0\"><b data-path-to-node=\"16,2,0\" data-index-in-node=\"0\">Fiabilidad a la tracci\u00f3n:<\/b> El mecanismo de engarzado tiene una resistencia nominal a la tracci\u00f3n de <b data-path-to-node=\"16,2,0\" data-index-in-node=\"73\">\u2265100 N<\/b>, lo que garantiza que la fibra permanezca conectada incluso si el cable sufre tirones accidentales o una gran tensi\u00f3n durante su tendido.<\/p>\n<\/li>\n<li>\n<p data-path-to-node=\"16,3,0\"><b data-path-to-node=\"16,3,0\" data-index-in-node=\"0\">Seguridad de los materiales:<\/b> Todo el conjunto de la carcasa y la tapa est\u00e1 fabricado en <b data-path-to-node=\"16,3,0\" data-index-in-node=\"76\">Clasificaci\u00f3n UL 94V-0<\/b> Materiales ign\u00edfugos, que cumplen con las normas medioambientales internacionales RoHS y REACH.<\/p>\n<\/li>\n<\/ul>\n<hr data-path-to-node=\"17\" \/>\n<h3 data-path-to-node=\"18\">\ud83d\udca1 Preguntas frecuentes: Comprensi\u00f3n de la serie h\u00edbrida totalmente pl\u00e1stica<\/h3>\n<p data-path-to-node=\"19\"><b data-path-to-node=\"19\" data-index-in-node=\"0\">P: \u00bfCu\u00e1ndo debo elegir la versi\u00f3n \u201cAll-Plastic Crimp\u201d (engarzado totalmente de pl\u00e1stico) en lugar de la versi\u00f3n \u201cMetal Stop\u201d (tope met\u00e1lico)?<\/b> <b data-path-to-node=\"19\" data-index-in-node=\"75\">A:<\/b> La versi\u00f3n totalmente pl\u00e1stica es ideal para instalaciones interiores est\u00e1ndar y proyectos con restricciones presupuestarias en los que el peso y la resistencia a la corrosi\u00f3n son m\u00e1s importantes que la resistencia extrema a la compresi\u00f3n de grado industrial. Ofrece el mismo rendimiento \u00f3ptico que las versiones con topes met\u00e1licos, pero a un precio m\u00e1s competitivo.<\/p>\n<p data-path-to-node=\"20\"><b data-path-to-node=\"20\" data-index-in-node=\"0\">P: \u00bfPor qu\u00e9 es necesaria la configuraci\u00f3n h\u00edbrida UPC\/APC?<\/b> <b data-path-to-node=\"20\" data-index-in-node=\"46\">A:<\/b> Muchas redes modernas utilizan APC para la planta externa (para manejar se\u00f1ales de alta potencia y evitar reflexiones), pero utilizan hardware UPC para la conmutaci\u00f3n interna. Estos componentes le permiten crear cables de conexi\u00f3n h\u00edbridos o pigtails de longitud personalizada para unir estos dos est\u00e1ndares diferentes sin necesidad de utilizar adaptadores voluminosos.<\/p>\n<p data-path-to-node=\"21\"><b data-path-to-node=\"21\" data-index-in-node=\"0\">P: \u00bfSe necesita una herramienta de engarzado especial para el modelo totalmente pl\u00e1stico?<\/b> <b data-path-to-node=\"21\" data-index-in-node=\"66\">A:<\/b> Estos componentes son compatibles con las herramientas de engarzado hexagonales est\u00e1ndar que se utilizan para los conectores SC. El cuerpo interno de pl\u00e1stico est\u00e1 dise\u00f1ado para deformarse ligeramente bajo la presi\u00f3n del manguito de engarzado met\u00e1lico y crear un bloqueo permanente de alta fricci\u00f3n en los elementos de refuerzo de Kevlar.<\/p>\n<p data-path-to-node=\"22\"><b data-path-to-node=\"22\" data-index-in-node=\"0\">P: \u00bfSe pueden utilizar para fibra multimodo?<\/b> <b data-path-to-node=\"22\" data-index-in-node=\"42\">A:<\/b> Aunque el cuerpo mec\u00e1nico encaja, el APC (verde) se utiliza casi exclusivamente para fibra monomodo. El uso de un conector APC en una fibra multimodo provocar\u00eda una p\u00e9rdida de inserci\u00f3n extremadamente alta debido a la diferencia de \u00e1ngulo de 8 grados. Para multimodo, recomendamos nuestra serie est\u00e1ndar SC UPC (beige\/aguamarina) totalmente de pl\u00e1stico.<\/p>","protected":false},"excerpt":{"rendered":"<p data-path-to-node=\"1\">En <b data-path-to-node=\"1\" data-index-in-node=\"4\">SC UPC a APC h\u00edbrido totalmente de pl\u00e1stico, estilo crimpado<\/b> El sistema es una soluci\u00f3n especializada dise\u00f1ada para transiciones de se\u00f1al sin interrupciones dentro de redes \u00f3pticas de alta densidad. A diferencia de los pigtails est\u00e1ndar, este <b data-path-to-node=\"1\" data-index-in-node=\"192\">Engarzado totalmente de pl\u00e1stico<\/b> La arquitectura ofrece un m\u00e9todo de terminaci\u00f3n ligero pero de alta tenacidad que optimiza el costo sin sacrificar la estabilidad mec\u00e1nica. Est\u00e1 espec\u00edficamente dise\u00f1ado para salvar la brecha entre las interfaces azul (UPC) y verde (APC), lo que lo convierte en un componente esencial para <b data-path-to-node=\"1\" data-index-in-node=\"475\">Fabricaci\u00f3n de cables de conexi\u00f3n h\u00edbridos, infraestructura GPON\/EPON y entornos de pruebas de laboratorio.<\/b>.<\/p>\n<p data-path-to-node=\"2\">Esta serie incluye un kit de montaje espec\u00edfico tipo pigtail que permite a los t\u00e9cnicos terminar fibra con revestimiento de 2,0 mm o 3,0 mm directamente en una configuraci\u00f3n h\u00edbrida, lo que garantiza que las reflexiones traseras se gestionen con precisi\u00f3n all\u00ed donde la arquitectura de la red cambia los tipos de pulido.<\/p>","protected":false},"featured_media":835,"comment_status":"open","ping_status":"closed","template":"","meta":[],"product_brand":[],"product_cat":[46],"product_tag":[],"class_list":{"0":"post-833","1":"product","2":"type-product","3":"status-publish","4":"has-post-thumbnail","6":"product_cat-field-assembled-pigtail-crimp-type","8":"first","9":"instock","10":"shipping-taxable","11":"product-type-simple"},"_links":{"self":[{"href":"https:\/\/www.fenxifiber.com\/es\/wp-json\/wp\/v2\/product\/833","targetHints":{"allow":["GET"]}}],"collection":[{"href":"https:\/\/www.fenxifiber.com\/es\/wp-json\/wp\/v2\/product"}],"about":[{"href":"https:\/\/www.fenxifiber.com\/es\/wp-json\/wp\/v2\/types\/product"}],"replies":[{"embeddable":true,"href":"https:\/\/www.fenxifiber.com\/es\/wp-json\/wp\/v2\/comments?post=833"}],"wp:featuredmedia":[{"embeddable":true,"href":"https:\/\/www.fenxifiber.com\/es\/wp-json\/wp\/v2\/media\/835"}],"wp:attachment":[{"href":"https:\/\/www.fenxifiber.com\/es\/wp-json\/wp\/v2\/media?parent=833"}],"wp:term":[{"taxonomy":"product_brand","embeddable":true,"href":"https:\/\/www.fenxifiber.com\/es\/wp-json\/wp\/v2\/product_brand?post=833"},{"taxonomy":"product_cat","embeddable":true,"href":"https:\/\/www.fenxifiber.com\/es\/wp-json\/wp\/v2\/product_cat?post=833"},{"taxonomy":"product_tag","embeddable":true,"href":"https:\/\/www.fenxifiber.com\/es\/wp-json\/wp\/v2\/product_tag?post=833"}],"curies":[{"name":"wp","href":"https:\/\/api.w.org\/{rel}","templated":true}]}}